{"id":30,"date":"2023-05-26T14:01:10","date_gmt":"2023-05-26T12:01:10","guid":{"rendered":"https:\/\/devversion1.doskar4equi.at\/widerrufsbelehrung\/"},"modified":"2024-06-24T17:58:10","modified_gmt":"2024-06-24T17:58:10","slug":"widerrufsbelehrung","status":"publish","type":"page","link":"https:\/\/www.doskar4equi.at\/en\/widerrufsbelehrung\/","title":{"rendered":"Right of Withdrawal"},"content":{"rendered":"<div class=\"container section-title-container\" ><h1 class=\"section-title section-title-center\"><b aria-hidden=\"true\"><\/b><span class=\"section-title-main\" style=\"color:#c06f8b;\">Widerrufsrecht<\/span><b aria-hidden=\"true\"><\/b><\/h1><\/div>\n\n<div class=\"et_pb_module et_pb_text et_pb_text_0  et_pb_text_align_left et_pb_bg_layout_light\">\n<div class=\"et_pb_text_inner\">\n<p>R\u00fccktritts- bzw. Widerrufsrecht (nachfolgend einheitlich \u201eWiderrufsrecht\u201c genannt)<br \/>Sie haben das Recht, Ihre Vertragserkl\u00e4rung oder einen bereits zustande gekommenen Vertrag binnen vierzehn Tagen ohne Angabe von Gr\u00fcnden zu widerrufen. Die Widerrufsfrist betr\u00e4gt vierzehn Tage ab dem Tag, an dem Sie oder ein von Ihnen benannter Dritter, der nicht der Bef\u00f6rderer ist, die Waren in Besitz genommen haben bzw. hat. Falls Sie die Waren im Rahmen einer einheitlichen Bestellung bestellt haben und diese Waren getrennt geliefert werden, beginnt die Widerrufsfrist an dem Tag, an dem Sie oder ein von Ihnen benannter Dritter, der nicht der Bef\u00f6rderer ist, die letzte Ware in Besitz genommen haben bzw. hat. Sofern wir unserer Informationspflicht \u00fcber das Bestehen des Widerrufsrechts (Bedingungen, Fristen und Vorgangsweise f\u00fcr die Aus\u00fcbung dieses Rechts) Ihnen gegen\u00fcber nicht nachgekommen sind, verl\u00e4ngert sich die Widerrufsfrist um zw\u00f6lf Monate. Holen wir die Informationserteilung innerhalb von zw\u00f6lf Monaten ab Inbesitznahme der Ware, oder bei getrennter Lieferung der letzten Ware, nach, so endet die Widerrufsfrist 14 Tage nach dem Zeitpunkt, zu dem Sie diese Information erhalten.<\/p>\n<p>Um Ihr Widerrufsrecht auszu\u00fcben, m\u00fcssen Sie uns:<br \/><strong>D4E GmbH<\/strong><br \/>Schwahappelgasse 16<br \/>A-3400 Weidling, \u00d6STERREICH<br \/>Email:\u00a0<a href=\"mailto:office@doskar4equi.at\">office@doskar4equi.at<\/a><\/p>\n<p>mittels einer eindeutigen Erkl\u00e4rung (z.B. ein mit der Post versandter Brief, Telefax oder E-Mail) \u00fcber Ihren Entschluss, diesen Vertrag zu widerrufen, informieren. Sie k\u00f6nnen daf\u00fcr das hier abrufbare Muster-Widerrufsformular verwenden, das jedoch nicht vorgeschrieben ist. Sie k\u00f6nnen den Widerruf auch (fern-)m\u00fcndlich vornehmen, wir empfehlen aus Beweisgr\u00fcnden die Vornahme mittels Email oder dergleichen. Zur Wahrung der Widerrufsfrist reicht es aus, dass Sie die Mitteilung \u00fcber die Aus\u00fcbung des Widerrufsrechts vor Ablauf der Widerrufsfrist absenden.<\/p>\n<\/div>\n<\/div>\n<div class=\"et_pb_module et_pb_text et_pb_text_1  et_pb_text_align_left et_pb_bg_layout_light\">\n<div class=\"et_pb_text_inner\">\n<h2><span style=\"color: #bd6d8d;\">Folgen des Widerrufs<\/span><\/h2>\n<p>Wenn Sie Ihre Vertragserkl\u00e4rung oder einen bereits zustande gekommenen Vertrag widerrufen, haben wir Ihnen alle Zahlungen, die wir von Ihnen erhalten haben, einschlie\u00dflich der Lieferkosten (mit Ausnahme der zus\u00e4tzlichen Kosten, die sich daraus ergeben, dass Sie eine andere Art der Lieferung als die von uns angebotene, g\u00fcnstigste Standardlieferung gew\u00e4hlt haben), unverz\u00fcglich und sp\u00e4testens binnen vierzehn Tagen ab dem Tag zur\u00fcckzuzahlen, an dem die Mitteilung \u00fcber Ihren Widerruf dieses Vertrags bei uns eingegangen ist.<br \/>F\u00fcr diese R\u00fcckzahlung verwenden wir dasselbe Zahlungsmittel, das Sie bei der urspr\u00fcnglichen Transaktion eingesetzt haben, es sei denn, mit Ihnen wurde ausdr\u00fccklich etwas Anderes vereinbart; in keinem Fall werden Ihnen wegen dieser R\u00fcckzahlung Entgelte berechnet. Wir k\u00f6nnen die R\u00fcckzahlung verweigern, bis wir die Waren wieder zur\u00fcckerhalten haben oder bis Sie den Nachweis erbracht haben, dass Sie die Waren zur\u00fcckgesandt haben, je nachdem, welches der fr\u00fchere Zeitpunkt ist.<br \/>Sie haben die Waren unverz\u00fcglich und in jedem Fall sp\u00e4testens binnen vierzehn Tagen ab dem Tag, an dem Sie uns \u00fcber den Widerruf dieses Vertrags unterrichten, an uns,<\/p>\n<p><strong>D4E GmbH<\/strong><br \/>An die Adresse\u00a0<strong>3400 Klosterneuburg, Strandbadstra\u00dfe 4-6, \u00d6sterreich<\/strong><br \/>zur\u00fcckzusenden oder zu \u00fcbergeben.<\/p>\n<p>Die Frist ist gewahrt, wenn Sie die Waren vor Ablauf der Frist von vierzehn Tagen absenden.\u00a0<strong>Sie tragen die unmittelbaren Kosten der R\u00fccksendung der Waren.<\/strong><\/p>\n<p><br \/>Sie m\u00fcssen f\u00fcr einen etwaigen Wertverlust der Waren nur aufkommen, wenn dieser Wertverlust auf einen zur Pr\u00fcfung der Beschaffenheit, Eigenschaften und Funktionsweise der Waren nicht notwendigen Umgang mit ihnen zur\u00fcckzuf\u00fchren ist.<\/p>\n<p><span style=\"font-size: 14.4px;\">Das Widerrufsrecht besteht, soweit die Parteien nichts anderes vereinbart haben, nicht bei folgenden Vertra\u0308gen:<\/span><\/p>\n<p>Vertra\u0308ge zur Lieferung von Waren, die nicht vorgefertigt sind und fu\u0308r deren Herstellung eine individuelle Auswahl oder Bestimmung durch den Verbraucher ma\u00dfgeblich ist oder die eindeutig auf die perso\u0308nlichen Bedu\u0308rfnisse des Verbrauchers zugeschnitten sind,<br \/>Vertra\u0308ge zur Lieferung von Waren, die schnell verderben ko\u0308nnen oder deren Verfallsdatum schnell u\u0308berschritten wu\u0308rde,<br \/>Vertra\u0308ge zur Lieferung versiegelter Waren, die aus Gru\u0308nden des Gesundheitsschutzes oder der Hygiene nicht zur Ru\u0308ckgabe geeignet sind, wenn ihre Versiegelung nach der Lieferung entfernt wurde.<\/p>\n<\/div>\n<\/div>","protected":false},"excerpt":{"rendered":"","protected":false},"author":1,"featured_media":0,"parent":0,"menu_order":0,"comment_status":"closed","ping_status":"closed","template":"","meta":{"footnotes":""},"class_list":["post-30","page","type-page","status-publish","hentry"],"yoast_head":"<!-- This site is optimized with the Yoast SEO plugin v27.4 - https:\/\/yoast.com\/product\/yoast-seo-wordpress\/ -->\n<title>Widerrufsbelehrung | DOSKAR 4 EQUI<\/title>\n<meta name=\"description\" content=\"Erfahren Sie alles \u00fcber Ihr Widerrufsrecht f\u00fcr hochwertiges Zusatzfutter und effektive Pflegeprodukte bei DOSKAR 4 EQUI. Jetzt informieren und kaufen!\" \/>\n<meta name=\"robots\" content=\"index, follow, max-snippet:-1, max-image-preview:large, max-video-preview:-1\" \/>\n<link rel=\"canonical\" href=\"https:\/\/www.doskar4equi.at\/en\/widerrufsbelehrung\/\" \/>\n<meta property=\"og:locale\" content=\"en_GB\" \/>\n<meta property=\"og:type\" content=\"article\" \/>\n<meta property=\"og:title\" content=\"Widerrufsbelehrung | DOSKAR 4 EQUI\" \/>\n<meta property=\"og:description\" content=\"Erfahren Sie alles \u00fcber Ihr Widerrufsrecht f\u00fcr hochwertiges Zusatzfutter und effektive Pflegeprodukte bei DOSKAR 4 EQUI. Jetzt informieren und kaufen!\" \/>\n<meta property=\"og:url\" content=\"https:\/\/www.doskar4equi.at\/en\/widerrufsbelehrung\/\" \/>\n<meta property=\"og:site_name\" content=\"Doskar 4 Equi\" \/>\n<meta property=\"article:modified_time\" content=\"2024-06-24T17:58:10+00:00\" \/>\n<meta name=\"twitter:card\" content=\"summary_large_image\" \/>\n<meta name=\"twitter:label1\" content=\"Estimated reading time\" \/>\n\t<meta name=\"twitter:data1\" content=\"4 minutes\" \/>\n<script type=\"application\/ld+json\" class=\"yoast-schema-graph\">{\"@context\":\"https:\\\/\\\/schema.org\",\"@graph\":[{\"@type\":\"WebPage\",\"@id\":\"https:\\\/\\\/www.doskar4equi.at\\\/widerrufsbelehrung\\\/\",\"url\":\"https:\\\/\\\/www.doskar4equi.at\\\/widerrufsbelehrung\\\/\",\"name\":\"Widerrufsbelehrung | DOSKAR 4 EQUI\",\"isPartOf\":{\"@id\":\"https:\\\/\\\/www.doskar4equi.at\\\/#website\"},\"datePublished\":\"2023-05-26T12:01:10+00:00\",\"dateModified\":\"2024-06-24T17:58:10+00:00\",\"description\":\"Erfahren Sie alles \u00fcber Ihr Widerrufsrecht f\u00fcr hochwertiges Zusatzfutter und effektive Pflegeprodukte bei DOSKAR 4 EQUI. Jetzt informieren und kaufen!\",\"breadcrumb\":{\"@id\":\"https:\\\/\\\/www.doskar4equi.at\\\/widerrufsbelehrung\\\/#breadcrumb\"},\"inLanguage\":\"en-GB\",\"potentialAction\":[{\"@type\":\"ReadAction\",\"target\":[\"https:\\\/\\\/www.doskar4equi.at\\\/widerrufsbelehrung\\\/\"]}]},{\"@type\":\"BreadcrumbList\",\"@id\":\"https:\\\/\\\/www.doskar4equi.at\\\/widerrufsbelehrung\\\/#breadcrumb\",\"itemListElement\":[{\"@type\":\"ListItem\",\"position\":1,\"name\":\"Startseite\",\"item\":\"https:\\\/\\\/www.doskar4equi.at\\\/\"},{\"@type\":\"ListItem\",\"position\":2,\"name\":\"Widerrufsbelehrung\"}]},{\"@type\":\"WebSite\",\"@id\":\"https:\\\/\\\/www.doskar4equi.at\\\/#website\",\"url\":\"https:\\\/\\\/www.doskar4equi.at\\\/\",\"name\":\"Doskar 4 Equi\",\"description\":\"Pharmazeutisches Fachwissen\",\"potentialAction\":[{\"@type\":\"SearchAction\",\"target\":{\"@type\":\"EntryPoint\",\"urlTemplate\":\"https:\\\/\\\/www.doskar4equi.at\\\/?s={search_term_string}\"},\"query-input\":{\"@type\":\"PropertyValueSpecification\",\"valueRequired\":true,\"valueName\":\"search_term_string\"}}],\"inLanguage\":\"en-GB\"}]}<\/script>\n<!-- \/ Yoast SEO plugin. -->","yoast_head_json":{"title":"Widerrufsbelehrung | DOSKAR 4 EQUI","description":"Erfahren Sie alles \u00fcber Ihr Widerrufsrecht f\u00fcr hochwertiges Zusatzfutter und effektive Pflegeprodukte bei DOSKAR 4 EQUI. Jetzt informieren und kaufen!","robots":{"index":"index","follow":"follow","max-snippet":"max-snippet:-1","max-image-preview":"max-image-preview:large","max-video-preview":"max-video-preview:-1"},"canonical":"https:\/\/www.doskar4equi.at\/en\/widerrufsbelehrung\/","og_locale":"en_GB","og_type":"article","og_title":"Widerrufsbelehrung | DOSKAR 4 EQUI","og_description":"Erfahren Sie alles \u00fcber Ihr Widerrufsrecht f\u00fcr hochwertiges Zusatzfutter und effektive Pflegeprodukte bei DOSKAR 4 EQUI. Jetzt informieren und kaufen!","og_url":"https:\/\/www.doskar4equi.at\/en\/widerrufsbelehrung\/","og_site_name":"Doskar 4 Equi","article_modified_time":"2024-06-24T17:58:10+00:00","twitter_card":"summary_large_image","twitter_misc":{"Estimated reading time":"4 minutes"},"schema":{"@context":"https:\/\/schema.org","@graph":[{"@type":"WebPage","@id":"https:\/\/www.doskar4equi.at\/widerrufsbelehrung\/","url":"https:\/\/www.doskar4equi.at\/widerrufsbelehrung\/","name":"Widerrufsbelehrung | DOSKAR 4 EQUI","isPartOf":{"@id":"https:\/\/www.doskar4equi.at\/#website"},"datePublished":"2023-05-26T12:01:10+00:00","dateModified":"2024-06-24T17:58:10+00:00","description":"Erfahren Sie alles \u00fcber Ihr Widerrufsrecht f\u00fcr hochwertiges Zusatzfutter und effektive Pflegeprodukte bei DOSKAR 4 EQUI. Jetzt informieren und kaufen!","breadcrumb":{"@id":"https:\/\/www.doskar4equi.at\/widerrufsbelehrung\/#breadcrumb"},"inLanguage":"en-GB","potentialAction":[{"@type":"ReadAction","target":["https:\/\/www.doskar4equi.at\/widerrufsbelehrung\/"]}]},{"@type":"BreadcrumbList","@id":"https:\/\/www.doskar4equi.at\/widerrufsbelehrung\/#breadcrumb","itemListElement":[{"@type":"ListItem","position":1,"name":"Startseite","item":"https:\/\/www.doskar4equi.at\/"},{"@type":"ListItem","position":2,"name":"Widerrufsbelehrung"}]},{"@type":"WebSite","@id":"https:\/\/www.doskar4equi.at\/#website","url":"https:\/\/www.doskar4equi.at\/","name":"Doskar 4 Equi","description":"Pharmazeutisches Fachwissen","potentialAction":[{"@type":"SearchAction","target":{"@type":"EntryPoint","urlTemplate":"https:\/\/www.doskar4equi.at\/?s={search_term_string}"},"query-input":{"@type":"PropertyValueSpecification","valueRequired":true,"valueName":"search_term_string"}}],"inLanguage":"en-GB"}]}},"_links":{"self":[{"href":"https:\/\/www.doskar4equi.at\/en\/wp-json\/wp\/v2\/pages\/30","targetHints":{"allow":["GET"]}}],"collection":[{"href":"https:\/\/www.doskar4equi.at\/en\/wp-json\/wp\/v2\/pages"}],"about":[{"href":"https:\/\/www.doskar4equi.at\/en\/wp-json\/wp\/v2\/types\/page"}],"author":[{"embeddable":true,"href":"https:\/\/www.doskar4equi.at\/en\/wp-json\/wp\/v2\/users\/1"}],"replies":[{"embeddable":true,"href":"https:\/\/www.doskar4equi.at\/en\/wp-json\/wp\/v2\/comments?post=30"}],"version-history":[{"count":0,"href":"https:\/\/www.doskar4equi.at\/en\/wp-json\/wp\/v2\/pages\/30\/revisions"}],"wp:attachment":[{"href":"https:\/\/www.doskar4equi.at\/en\/wp-json\/wp\/v2\/media?parent=30"}],"curies":[{"name":"wp","href":"https:\/\/api.w.org\/{rel}","templated":true}]}}