{"id":31,"date":"2023-05-26T14:01:10","date_gmt":"2023-05-26T12:01:10","guid":{"rendered":"https:\/\/devversion1.doskar4equi.at\/versandarten\/"},"modified":"2026-02-19T00:37:11","modified_gmt":"2026-02-19T00:37:11","slug":"versandkosten-lieferbedingungen-zahlungsmethoden","status":"publish","type":"page","link":"https:\/\/www.doskar4equi.at\/en\/versandkosten-lieferbedingungen-zahlungsmethoden\/","title":{"rendered":"Versandkosten \/ Lieferbedingungen \/ ZahlungsmethodenVersandarten"},"content":{"rendered":"<div class=\"container section-title-container\" ><h1 class=\"section-title section-title-center\"><b aria-hidden=\"true\"><\/b><span class=\"section-title-main\" style=\"color:#c06f8b;\">Versandkosten \/ Lieferbedingungen \/ Zahlungsmethoden<\/span><b aria-hidden=\"true\"><\/b><\/h1><\/div>\n\n<div class=\"et_pb_module et_pb_text et_pb_text_1  et_pb_text_align_left et_pb_bg_layout_light\">\n<div class=\"et_pb_text_inner\">\n<h2><span style=\"color: #bd6d8d;\">1. Lieferbedingungen<\/span><\/h2>\n<p>Wir versenden innerhalb der EU, mit Ausnahme von Ungarn, f\u00fcr Bestellungen aus Ungarn besuchen Sie bitte folgende Website: <a href=\"https:\/\/nyereg.com\/collections\/taplalekkiegeszitok\">https:\/\/nyereg.com\/collections\/taplalekkiegeszitok<\/a><\/p>\n<p>Unser Logistikpartner ist GLS. Lieferungen nach \u00d6sterreich erfolgen im Normalfall innerhalb von 2-4 Werktagen. Aufgrund des hohen Paketaufkommens und der beschr\u00e4nkten Kapazit\u00e4ten in den Verteilzentren der Zusteller kann es bei Sendungen derzeit jedoch zu gewissen Verz\u00f6gerungen kommen. Die Lieferung erfolgt an die vom Kunden angegebene Adresse. Bei unrichtigen, unvollst\u00e4ndigen oder unklaren Angaben durch den Kunden tr\u00e4gt dieser alle daraus entstehenden Kosten. Postf\u00e4cher k\u00f6nnen nicht beliefert werden. Wenn Ihre Sendung nicht auffindbar ist, bitten wir Sie uns zu informieren und wir leiten f\u00fcr Sie eine Nachforschung ein. Sobald die Nachforschung von uns eingeleitet wurde, ist der Zusteller angehalten, die Sendung zu suchen und gegebenenfalls zuzustellen.<\/p>\n<\/div>\n<\/div>\n<div class=\"et_pb_module et_pb_text et_pb_text_2  et_pb_text_align_left et_pb_bg_layout_light\">\n<div class=\"et_pb_text_inner\">\n<h2><span style=\"color: #bd6d8d;\">2. Versandkosten<\/span><\/h2>\n<p>Die Lieferung von Paketen nach \u00d6sterreich und Deutschland ist ab einem Mindestbestellwert von EUR 49,00 kostenlos (EU-weit ab EUR 69,00). Allf\u00e4llig eingel\u00f6ste Gutscheine werden bei der Berechnung dieses Betrages vom Mindestbestellwert in Abzug gebracht und daher nicht ber\u00fccksichtigt. Unter diesen Werten betragen die Versandkosten in \u00d6sterreich EUR 7,00 pro Lieferung. Alle Versandkosten inklusive 20% Umsatzsteuer.<\/p>\n<\/div>\n<\/div>\n<div class=\"et_pb_module et_pb_text et_pb_text_3  et_pb_text_align_left et_pb_bg_layout_light\">\n<div class=\"et_pb_text_inner\">\n<h2><span style=\"color: #bd6d8d;\">3. Zahlungsmethoden<\/span><\/h2>\n<p>Sie k\u00f6nnen bei uns mit den Kreditkarten Mastercard und Visa sowie Maestro oder Sofort\u00fcberweisung bezahlen. Zudem bieten wir auch die Zahlung mittels PayPal an. Wir behalten uns jedoch bei jeder Bestellung das Recht vor, die Auswahl der zur Verf\u00fcgung stehenden Zahlarten einzuschr\u00e4nken und auf von uns vorgegebene Zahlarten zu verweisen.<\/p>\n<\/div>\n<\/div>","protected":false},"excerpt":{"rendered":"","protected":false},"author":1,"featured_media":223,"parent":0,"menu_order":0,"comment_status":"closed","ping_status":"closed","template":"","meta":{"footnotes":""},"class_list":["post-31","page","type-page","status-publish","has-post-thumbnail","hentry"],"yoast_head":"<!-- This site is optimized with the Yoast SEO plugin v27.4 - https:\/\/yoast.com\/product\/yoast-seo-wordpress\/ -->\n<title>Versandkosten &amp; Lieferbedingungen | DOSKAR 4 EQUI<\/title>\n<meta name=\"description\" content=\"Erfahren Sie alles \u00fcber Versandkosten, Lieferbedingungen und Zahlungsmethoden f\u00fcr hochwertiges Zusatzfutter und effektive Pflegeprodukte bei DOSKAR 4 EQUI. Jetzt informieren!\" \/>\n<meta name=\"robots\" content=\"index, follow, max-snippet:-1, max-image-preview:large, max-video-preview:-1\" \/>\n<link rel=\"canonical\" href=\"https:\/\/www.doskar4equi.at\/en\/versandkosten-lieferbedingungen-zahlungsmethoden\/\" \/>\n<meta property=\"og:locale\" content=\"en_GB\" \/>\n<meta property=\"og:type\" content=\"article\" \/>\n<meta property=\"og:title\" content=\"Versandkosten &amp; Lieferbedingungen | DOSKAR 4 EQUI\" \/>\n<meta property=\"og:description\" content=\"Erfahren Sie alles \u00fcber Versandkosten, Lieferbedingungen und Zahlungsmethoden f\u00fcr hochwertiges Zusatzfutter und effektive Pflegeprodukte bei DOSKAR 4 EQUI. Jetzt informieren!\" \/>\n<meta property=\"og:url\" content=\"https:\/\/www.doskar4equi.at\/en\/versandkosten-lieferbedingungen-zahlungsmethoden\/\" \/>\n<meta property=\"og:site_name\" content=\"Doskar 4 Equi\" \/>\n<meta property=\"article:modified_time\" content=\"2026-02-19T00:37:11+00:00\" \/>\n<meta name=\"twitter:card\" content=\"summary_large_image\" \/>\n<meta name=\"twitter:label1\" content=\"Estimated reading time\" \/>\n\t<meta name=\"twitter:data1\" content=\"2 minutes\" \/>\n<script type=\"application\/ld+json\" class=\"yoast-schema-graph\">{\"@context\":\"https:\\\/\\\/schema.org\",\"@graph\":[{\"@type\":\"WebPage\",\"@id\":\"https:\\\/\\\/www.doskar4equi.at\\\/versandkosten-lieferbedingungen-zahlungsmethoden\\\/\",\"url\":\"https:\\\/\\\/www.doskar4equi.at\\\/versandkosten-lieferbedingungen-zahlungsmethoden\\\/\",\"name\":\"Versandkosten & Lieferbedingungen | DOSKAR 4 EQUI\",\"isPartOf\":{\"@id\":\"https:\\\/\\\/www.doskar4equi.at\\\/#website\"},\"primaryImageOfPage\":{\"@id\":\"https:\\\/\\\/www.doskar4equi.at\\\/versandkosten-lieferbedingungen-zahlungsmethoden\\\/#primaryimage\"},\"image\":{\"@id\":\"https:\\\/\\\/www.doskar4equi.at\\\/versandkosten-lieferbedingungen-zahlungsmethoden\\\/#primaryimage\"},\"thumbnailUrl\":\"\",\"datePublished\":\"2023-05-26T12:01:10+00:00\",\"dateModified\":\"2026-02-19T00:37:11+00:00\",\"description\":\"Erfahren Sie alles \u00fcber Versandkosten, Lieferbedingungen und Zahlungsmethoden f\u00fcr hochwertiges Zusatzfutter und effektive Pflegeprodukte bei DOSKAR 4 EQUI. Jetzt informieren!\",\"breadcrumb\":{\"@id\":\"https:\\\/\\\/www.doskar4equi.at\\\/versandkosten-lieferbedingungen-zahlungsmethoden\\\/#breadcrumb\"},\"inLanguage\":\"en-GB\",\"potentialAction\":[{\"@type\":\"ReadAction\",\"target\":[\"https:\\\/\\\/www.doskar4equi.at\\\/versandkosten-lieferbedingungen-zahlungsmethoden\\\/\"]}]},{\"@type\":\"ImageObject\",\"inLanguage\":\"en-GB\",\"@id\":\"https:\\\/\\\/www.doskar4equi.at\\\/versandkosten-lieferbedingungen-zahlungsmethoden\\\/#primaryimage\",\"url\":\"\",\"contentUrl\":\"\"},{\"@type\":\"BreadcrumbList\",\"@id\":\"https:\\\/\\\/www.doskar4equi.at\\\/versandkosten-lieferbedingungen-zahlungsmethoden\\\/#breadcrumb\",\"itemListElement\":[{\"@type\":\"ListItem\",\"position\":1,\"name\":\"Startseite\",\"item\":\"https:\\\/\\\/www.doskar4equi.at\\\/\"},{\"@type\":\"ListItem\",\"position\":2,\"name\":\"Versandkosten \\\/ Lieferbedingungen \\\/ ZahlungsmethodenVersandarten\"}]},{\"@type\":\"WebSite\",\"@id\":\"https:\\\/\\\/www.doskar4equi.at\\\/#website\",\"url\":\"https:\\\/\\\/www.doskar4equi.at\\\/\",\"name\":\"Doskar 4 Equi\",\"description\":\"Pharmazeutisches Fachwissen\",\"potentialAction\":[{\"@type\":\"SearchAction\",\"target\":{\"@type\":\"EntryPoint\",\"urlTemplate\":\"https:\\\/\\\/www.doskar4equi.at\\\/?s={search_term_string}\"},\"query-input\":{\"@type\":\"PropertyValueSpecification\",\"valueRequired\":true,\"valueName\":\"search_term_string\"}}],\"inLanguage\":\"en-GB\"}]}<\/script>\n<!-- \/ Yoast SEO plugin. -->","yoast_head_json":{"title":"Versandkosten & Lieferbedingungen | DOSKAR 4 EQUI","description":"Erfahren Sie alles \u00fcber Versandkosten, Lieferbedingungen und Zahlungsmethoden f\u00fcr hochwertiges Zusatzfutter und effektive Pflegeprodukte bei DOSKAR 4 EQUI. Jetzt informieren!","robots":{"index":"index","follow":"follow","max-snippet":"max-snippet:-1","max-image-preview":"max-image-preview:large","max-video-preview":"max-video-preview:-1"},"canonical":"https:\/\/www.doskar4equi.at\/en\/versandkosten-lieferbedingungen-zahlungsmethoden\/","og_locale":"en_GB","og_type":"article","og_title":"Versandkosten & Lieferbedingungen | DOSKAR 4 EQUI","og_description":"Erfahren Sie alles \u00fcber Versandkosten, Lieferbedingungen und Zahlungsmethoden f\u00fcr hochwertiges Zusatzfutter und effektive Pflegeprodukte bei DOSKAR 4 EQUI. Jetzt informieren!","og_url":"https:\/\/www.doskar4equi.at\/en\/versandkosten-lieferbedingungen-zahlungsmethoden\/","og_site_name":"Doskar 4 Equi","article_modified_time":"2026-02-19T00:37:11+00:00","twitter_card":"summary_large_image","twitter_misc":{"Estimated reading time":"2 minutes"},"schema":{"@context":"https:\/\/schema.org","@graph":[{"@type":"WebPage","@id":"https:\/\/www.doskar4equi.at\/versandkosten-lieferbedingungen-zahlungsmethoden\/","url":"https:\/\/www.doskar4equi.at\/versandkosten-lieferbedingungen-zahlungsmethoden\/","name":"Versandkosten & Lieferbedingungen | DOSKAR 4 EQUI","isPartOf":{"@id":"https:\/\/www.doskar4equi.at\/#website"},"primaryImageOfPage":{"@id":"https:\/\/www.doskar4equi.at\/versandkosten-lieferbedingungen-zahlungsmethoden\/#primaryimage"},"image":{"@id":"https:\/\/www.doskar4equi.at\/versandkosten-lieferbedingungen-zahlungsmethoden\/#primaryimage"},"thumbnailUrl":"","datePublished":"2023-05-26T12:01:10+00:00","dateModified":"2026-02-19T00:37:11+00:00","description":"Erfahren Sie alles \u00fcber Versandkosten, Lieferbedingungen und Zahlungsmethoden f\u00fcr hochwertiges Zusatzfutter und effektive Pflegeprodukte bei DOSKAR 4 EQUI. Jetzt informieren!","breadcrumb":{"@id":"https:\/\/www.doskar4equi.at\/versandkosten-lieferbedingungen-zahlungsmethoden\/#breadcrumb"},"inLanguage":"en-GB","potentialAction":[{"@type":"ReadAction","target":["https:\/\/www.doskar4equi.at\/versandkosten-lieferbedingungen-zahlungsmethoden\/"]}]},{"@type":"ImageObject","inLanguage":"en-GB","@id":"https:\/\/www.doskar4equi.at\/versandkosten-lieferbedingungen-zahlungsmethoden\/#primaryimage","url":"","contentUrl":""},{"@type":"BreadcrumbList","@id":"https:\/\/www.doskar4equi.at\/versandkosten-lieferbedingungen-zahlungsmethoden\/#breadcrumb","itemListElement":[{"@type":"ListItem","position":1,"name":"Startseite","item":"https:\/\/www.doskar4equi.at\/"},{"@type":"ListItem","position":2,"name":"Versandkosten \/ Lieferbedingungen \/ ZahlungsmethodenVersandarten"}]},{"@type":"WebSite","@id":"https:\/\/www.doskar4equi.at\/#website","url":"https:\/\/www.doskar4equi.at\/","name":"Doskar 4 Equi","description":"Pharmazeutisches Fachwissen","potentialAction":[{"@type":"SearchAction","target":{"@type":"EntryPoint","urlTemplate":"https:\/\/www.doskar4equi.at\/?s={search_term_string}"},"query-input":{"@type":"PropertyValueSpecification","valueRequired":true,"valueName":"search_term_string"}}],"inLanguage":"en-GB"}]}},"_links":{"self":[{"href":"https:\/\/www.doskar4equi.at\/en\/wp-json\/wp\/v2\/pages\/31","targetHints":{"allow":["GET"]}}],"collection":[{"href":"https:\/\/www.doskar4equi.at\/en\/wp-json\/wp\/v2\/pages"}],"about":[{"href":"https:\/\/www.doskar4equi.at\/en\/wp-json\/wp\/v2\/types\/page"}],"author":[{"embeddable":true,"href":"https:\/\/www.doskar4equi.at\/en\/wp-json\/wp\/v2\/users\/1"}],"replies":[{"embeddable":true,"href":"https:\/\/www.doskar4equi.at\/en\/wp-json\/wp\/v2\/comments?post=31"}],"version-history":[{"count":4,"href":"https:\/\/www.doskar4equi.at\/en\/wp-json\/wp\/v2\/pages\/31\/revisions"}],"predecessor-version":[{"id":4333,"href":"https:\/\/www.doskar4equi.at\/en\/wp-json\/wp\/v2\/pages\/31\/revisions\/4333"}],"wp:featuredmedia":[{"embeddable":true,"href":"https:\/\/www.doskar4equi.at\/en\/wp-json\/"}],"wp:attachment":[{"href":"https:\/\/www.doskar4equi.at\/en\/wp-json\/wp\/v2\/media?parent=31"}],"curies":[{"name":"wp","href":"https:\/\/api.w.org\/{rel}","templated":true}]}}