{"id":4032,"date":"2025-12-03T17:26:46","date_gmt":"2025-12-03T17:26:46","guid":{"rendered":"https:\/\/www.doskar4equi.at\/?page_id=4032"},"modified":"2026-03-19T12:28:10","modified_gmt":"2026-03-19T12:28:10","slug":"ueber-uns","status":"publish","type":"page","link":"https:\/\/www.doskar4equi.at\/en\/ueber-uns\/","title":{"rendered":"About us"},"content":{"rendered":"<section class=\"section\" id=\"section_1087328423\">\n\t\t<div class=\"section-bg fill\" >\n\t\t\t\t\t\t\t\t\t\n\t\t\t\n\n\t\t<\/div>\n\n\t\t\n\n\t\t<div class=\"section-content relative\">\n\t\t\t\n\n<div class=\"row\"  id=\"row-704415842\">\n\n\n\t<div id=\"col-886173274\" class=\"col small-12 large-12\"  >\n\t\t\t\t<div class=\"col-inner box-shadow-2\"  >\n\t\t\t\n\t\t\t\n\n<div class=\"container section-title-container\" ><h1 class=\"section-title section-title-center\"><b aria-hidden=\"true\"><\/b><span class=\"section-title-main\" style=\"color:#7b90b8;\">About us<\/span><b aria-hidden=\"true\"><\/b><\/h1><\/div>\n\n<div class=\"row\"  id=\"row-97523023\">\n\n\n\t<div id=\"col-1509975894\" class=\"col medium-6 small-12 large-6\"  >\n\t\t\t\t<div class=\"col-inner\"  >\n\t\t\t\n\t\t\t\n\n\t<div class=\"img has-hover x md-x lg-x y md-y lg-y\" id=\"image_376246645\">\n\t\t\t\t\t\t\t\t<div class=\"img-inner dark\" >\n\t\t\t<img loading=\"lazy\" decoding=\"async\" width=\"800\" height=\"800\" src=\"https:\/\/www.doskar4equi.at\/wp-content\/uploads\/2025\/12\/DSC01096-2.jpg\" class=\"attachment-original size-original\" alt=\"\" srcset=\"https:\/\/www.doskar4equi.at\/wp-content\/uploads\/2025\/12\/DSC01096-2.jpg 800w, https:\/\/www.doskar4equi.at\/wp-content\/uploads\/2025\/12\/DSC01096-2-500x500.jpg 500w, https:\/\/www.doskar4equi.at\/wp-content\/uploads\/2025\/12\/DSC01096-2-100x100.jpg 100w, https:\/\/www.doskar4equi.at\/wp-content\/uploads\/2025\/12\/DSC01096-2-510x510.jpg 510w, https:\/\/www.doskar4equi.at\/wp-content\/uploads\/2025\/12\/DSC01096-2-300x300.jpg 300w, https:\/\/www.doskar4equi.at\/wp-content\/uploads\/2025\/12\/DSC01096-2-150x150.jpg 150w, https:\/\/www.doskar4equi.at\/wp-content\/uploads\/2025\/12\/DSC01096-2-768x768.jpg 768w, https:\/\/www.doskar4equi.at\/wp-content\/uploads\/2025\/12\/DSC01096-2-12x12.jpg 12w\" sizes=\"auto, (max-width: 800px) 100vw, 800px\" \/>\t\t\t\t\t\t\n\t\t\t\t\t<\/div>\n\t\t\t\t\t\t\t\t\n<style>\n#image_376246645 {\n  width: 100%;\n}\n<\/style>\n\t<\/div>\n\t\n\n\n\t\t<\/div>\n\t\t\t\t\t<\/div>\n\n\t\n\n\t<div id=\"col-407087808\" class=\"col medium-6 small-12 large-6\"  >\n\t\t\t\t<div class=\"col-inner\"  >\n\t\t\t\n\t\t\t\n\n<div dir=\"ltr\">\n<h4>Hochwertige Zusatzfuttermittel und Pflege f\u00fcr die Vitalit\u00e4t und das Wohlbefinden deines Pferdes.<\/h4>\n<p>Unsere Produkte stehen f\u00fcr Qualit\u00e4t und Sorgfalt \u2013 entwickelt mit dem Ziel, die Gesundheit und Vitalit\u00e4t deines Pferdes optimal zu unterst\u00fctzen. Bew\u00e4hrte Rezepturen mit \u00fcber 30 Jahren Markengeschichte bilden dabei die Grundlage unserer Arbeit.<\/p>\n<p>Ob Erg\u00e4nzungsfutter zur Mineralstoffversorgung, Unterst\u00fctzung des Bewegungsapparats oder Pflegeprodukte f\u00fcr Hufe, Haut und Fell: Jedes unserer Produkte erf\u00fcllt h\u00f6chste Standards und basiert auf pharmazeutischem Fachwissen.<\/p>\n<p>Aufbauend auf der Expertise von Mag. Martin Doskar, Pharmazeut und Gr\u00fcndungsvater der Marke, entwickeln wir unsere Rezepturen kontinuierlich weiter. Neueste wissenschaftliche Erkenntnisse, moderne Produktionsstandards und sorgf\u00e4ltig ausgew\u00e4hlte, hochwertige Inhaltsstoffe flie\u00dfen dabei in jedes Produkt ein \u2013 stets mit dem Ziel, die individuellen Bed\u00fcrfnisse jedes Pferdes bestm\u00f6glich zu erf\u00fcllen.<\/p>\n<p>Our products are manufactured exclusively by trusted partners in Austria and Germany.<br \/>All facilities hold recognized certifications such as GMP, HACCP, and QS, ensuring the highest levels of quality and safety \u2013 from raw material selection to final production.<\/p>\n<\/div>\n\n\t\t<\/div>\n\t\t\t\t\t<\/div>\n\n\t\n\n<\/div>\n\n\t\t<\/div>\n\t\t\t\t\n<style>\n#col-886173274 > .col-inner {\n  padding: 25px 25px 25px 25px;\n  border-radius: 25px;\n}\n<\/style>\n\t<\/div>\n\n\t\n\n<\/div>\n\n\t\t<\/div>\n\n\t\t\n<style>\n#section_1087328423 {\n  padding-top: 30px;\n  padding-bottom: 30px;\n}\n<\/style>\n\t<\/section>","protected":false},"excerpt":{"rendered":"","protected":false},"author":1,"featured_media":0,"parent":0,"menu_order":0,"comment_status":"closed","ping_status":"closed","template":"","meta":{"footnotes":""},"class_list":["post-4032","page","type-page","status-publish","hentry"],"yoast_head":"<!-- This site is optimized with the Yoast SEO plugin v27.4 - https:\/\/yoast.com\/product\/yoast-seo-wordpress\/ -->\n<title>\u00dcber uns \u2013 Doskar 4 Equi | Nahrungserg\u00e4nzung und Pflege<\/title>\n<meta name=\"description\" content=\"Erfahren Sie mehr \u00fcber Doskar 4 Equi \u2013 Ihren Experten f\u00fcr Pferdepflege, Hufschuhe und individuelle Beratung. Das Team stellt sich vor.\" \/>\n<meta name=\"robots\" content=\"index, follow, max-snippet:-1, max-image-preview:large, max-video-preview:-1\" \/>\n<link rel=\"canonical\" href=\"https:\/\/www.doskar4equi.at\/en\/ueber-uns\/\" \/>\n<meta property=\"og:locale\" content=\"en_GB\" \/>\n<meta property=\"og:type\" content=\"article\" \/>\n<meta property=\"og:title\" content=\"\u00dcber uns \u2013 Doskar 4 Equi | Nahrungserg\u00e4nzung und Pflege\" \/>\n<meta property=\"og:description\" content=\"Erfahren Sie mehr \u00fcber Doskar 4 Equi \u2013 Ihren Experten f\u00fcr Pferdepflege, Hufschuhe und individuelle Beratung. Das Team stellt sich vor.\" \/>\n<meta property=\"og:url\" content=\"https:\/\/www.doskar4equi.at\/en\/ueber-uns\/\" \/>\n<meta property=\"og:site_name\" content=\"Doskar 4 Equi\" \/>\n<meta property=\"article:modified_time\" content=\"2026-03-19T12:28:10+00:00\" \/>\n<meta name=\"twitter:card\" content=\"summary_large_image\" \/>\n<meta name=\"twitter:label1\" content=\"Estimated reading time\" \/>\n\t<meta name=\"twitter:data1\" content=\"1 minute\" \/>\n<script type=\"application\/ld+json\" class=\"yoast-schema-graph\">{\"@context\":\"https:\\\/\\\/schema.org\",\"@graph\":[{\"@type\":\"WebPage\",\"@id\":\"https:\\\/\\\/www.doskar4equi.at\\\/ueber-uns\\\/\",\"url\":\"https:\\\/\\\/www.doskar4equi.at\\\/ueber-uns\\\/\",\"name\":\"\u00dcber uns \u2013 Doskar 4 Equi | Nahrungserg\u00e4nzung und Pflege\",\"isPartOf\":{\"@id\":\"https:\\\/\\\/www.doskar4equi.at\\\/#website\"},\"datePublished\":\"2025-12-03T17:26:46+00:00\",\"dateModified\":\"2026-03-19T12:28:10+00:00\",\"description\":\"Erfahren Sie mehr \u00fcber Doskar 4 Equi \u2013 Ihren Experten f\u00fcr Pferdepflege, Hufschuhe und individuelle Beratung. Das Team stellt sich vor.\",\"breadcrumb\":{\"@id\":\"https:\\\/\\\/www.doskar4equi.at\\\/ueber-uns\\\/#breadcrumb\"},\"inLanguage\":\"en-GB\",\"potentialAction\":[{\"@type\":\"ReadAction\",\"target\":[\"https:\\\/\\\/www.doskar4equi.at\\\/ueber-uns\\\/\"]}]},{\"@type\":\"BreadcrumbList\",\"@id\":\"https:\\\/\\\/www.doskar4equi.at\\\/ueber-uns\\\/#breadcrumb\",\"itemListElement\":[{\"@type\":\"ListItem\",\"position\":1,\"name\":\"Startseite\",\"item\":\"https:\\\/\\\/www.doskar4equi.at\\\/\"},{\"@type\":\"ListItem\",\"position\":2,\"name\":\"\u00dcber uns\"}]},{\"@type\":\"WebSite\",\"@id\":\"https:\\\/\\\/www.doskar4equi.at\\\/#website\",\"url\":\"https:\\\/\\\/www.doskar4equi.at\\\/\",\"name\":\"Doskar 4 Equi\",\"description\":\"Pharmazeutisches Fachwissen\",\"potentialAction\":[{\"@type\":\"SearchAction\",\"target\":{\"@type\":\"EntryPoint\",\"urlTemplate\":\"https:\\\/\\\/www.doskar4equi.at\\\/?s={search_term_string}\"},\"query-input\":{\"@type\":\"PropertyValueSpecification\",\"valueRequired\":true,\"valueName\":\"search_term_string\"}}],\"inLanguage\":\"en-GB\"}]}<\/script>\n<!-- \/ Yoast SEO plugin. -->","yoast_head_json":{"title":"\u00dcber uns \u2013 Doskar 4 Equi | Nahrungserg\u00e4nzung und Pflege","description":"Erfahren Sie mehr \u00fcber Doskar 4 Equi \u2013 Ihren Experten f\u00fcr Pferdepflege, Hufschuhe und individuelle Beratung. Das Team stellt sich vor.","robots":{"index":"index","follow":"follow","max-snippet":"max-snippet:-1","max-image-preview":"max-image-preview:large","max-video-preview":"max-video-preview:-1"},"canonical":"https:\/\/www.doskar4equi.at\/en\/ueber-uns\/","og_locale":"en_GB","og_type":"article","og_title":"\u00dcber uns \u2013 Doskar 4 Equi | Nahrungserg\u00e4nzung und Pflege","og_description":"Erfahren Sie mehr \u00fcber Doskar 4 Equi \u2013 Ihren Experten f\u00fcr Pferdepflege, Hufschuhe und individuelle Beratung. Das Team stellt sich vor.","og_url":"https:\/\/www.doskar4equi.at\/en\/ueber-uns\/","og_site_name":"Doskar 4 Equi","article_modified_time":"2026-03-19T12:28:10+00:00","twitter_card":"summary_large_image","twitter_misc":{"Estimated reading time":"1 minute"},"schema":{"@context":"https:\/\/schema.org","@graph":[{"@type":"WebPage","@id":"https:\/\/www.doskar4equi.at\/ueber-uns\/","url":"https:\/\/www.doskar4equi.at\/ueber-uns\/","name":"\u00dcber uns \u2013 Doskar 4 Equi | Nahrungserg\u00e4nzung und Pflege","isPartOf":{"@id":"https:\/\/www.doskar4equi.at\/#website"},"datePublished":"2025-12-03T17:26:46+00:00","dateModified":"2026-03-19T12:28:10+00:00","description":"Erfahren Sie mehr \u00fcber Doskar 4 Equi \u2013 Ihren Experten f\u00fcr Pferdepflege, Hufschuhe und individuelle Beratung. Das Team stellt sich vor.","breadcrumb":{"@id":"https:\/\/www.doskar4equi.at\/ueber-uns\/#breadcrumb"},"inLanguage":"en-GB","potentialAction":[{"@type":"ReadAction","target":["https:\/\/www.doskar4equi.at\/ueber-uns\/"]}]},{"@type":"BreadcrumbList","@id":"https:\/\/www.doskar4equi.at\/ueber-uns\/#breadcrumb","itemListElement":[{"@type":"ListItem","position":1,"name":"Startseite","item":"https:\/\/www.doskar4equi.at\/"},{"@type":"ListItem","position":2,"name":"\u00dcber uns"}]},{"@type":"WebSite","@id":"https:\/\/www.doskar4equi.at\/#website","url":"https:\/\/www.doskar4equi.at\/","name":"Doskar 4 Equi","description":"Pharmazeutisches Fachwissen","potentialAction":[{"@type":"SearchAction","target":{"@type":"EntryPoint","urlTemplate":"https:\/\/www.doskar4equi.at\/?s={search_term_string}"},"query-input":{"@type":"PropertyValueSpecification","valueRequired":true,"valueName":"search_term_string"}}],"inLanguage":"en-GB"}]}},"_links":{"self":[{"href":"https:\/\/www.doskar4equi.at\/en\/wp-json\/wp\/v2\/pages\/4032","targetHints":{"allow":["GET"]}}],"collection":[{"href":"https:\/\/www.doskar4equi.at\/en\/wp-json\/wp\/v2\/pages"}],"about":[{"href":"https:\/\/www.doskar4equi.at\/en\/wp-json\/wp\/v2\/types\/page"}],"author":[{"embeddable":true,"href":"https:\/\/www.doskar4equi.at\/en\/wp-json\/wp\/v2\/users\/1"}],"replies":[{"embeddable":true,"href":"https:\/\/www.doskar4equi.at\/en\/wp-json\/wp\/v2\/comments?post=4032"}],"version-history":[{"count":13,"href":"https:\/\/www.doskar4equi.at\/en\/wp-json\/wp\/v2\/pages\/4032\/revisions"}],"predecessor-version":[{"id":4735,"href":"https:\/\/www.doskar4equi.at\/en\/wp-json\/wp\/v2\/pages\/4032\/revisions\/4735"}],"wp:attachment":[{"href":"https:\/\/www.doskar4equi.at\/en\/wp-json\/wp\/v2\/media?parent=4032"}],"curies":[{"name":"wp","href":"https:\/\/api.w.org\/{rel}","templated":true}]}}