{"id":1343,"date":"2024-03-03T21:02:57","date_gmt":"2024-03-03T21:02:57","guid":{"rendered":"https:\/\/doskar4equi.at\/?post_type=product&#038;p=1343"},"modified":"2026-02-22T22:33:48","modified_gmt":"2026-02-22T22:33:48","slug":"biohanfsamen","status":"publish","type":"product","link":"https:\/\/www.doskar4equi.at\/en\/product\/biohanfsamen\/","title":{"rendered":"Hanfsamen 1.000 g"},"content":{"rendered":"<div class=\"tabbed-content\">\n\t\t\t\n\t\t\t<ul class=\"nav nav-tabs nav-uppercase nav-size-normal nav-left\" role=\"tablist\"><li id=\"tab-beschreibung\" class=\"tab active has-icon\" role=\"presentation\"><a href=\"#tab_beschreibung\" role=\"tab\" aria-selected=\"true\" aria-controls=\"tab_beschreibung\"><span>Product Description<\/span><\/a><\/li>\n<li id=\"tab-anwendung\" class=\"tab has-icon\" role=\"presentation\"><a href=\"#tab_anwendung\" tabindex=\"-1\" role=\"tab\" aria-selected=\"false\" aria-controls=\"tab_anwendung\"><span>Usage<\/span><\/a><\/li>\n<li id=\"tab-inhalt\" class=\"tab has-icon\" role=\"presentation\"><a href=\"#tab_inhalt\" tabindex=\"-1\" role=\"tab\" aria-selected=\"false\" aria-controls=\"tab_inhalt\"><span>Ingredients<\/span><\/a><\/li><\/ul><div class=\"tab-panels\"><div id=\"tab_beschreibung\" class=\"panel active entry-content\" role=\"tabpanel\" aria-labelledby=\"tab-beschreibung\">\n<p><strong><span class=\"OYPEnA text-decoration-none text-strikethrough-none\">Zur Unterst\u00fctzung von Haut, Fell, Muskelaufbau und Gelenken<\/span><\/strong><\/p>\n<ul>\n<li>Hanfsamen versorgen den K\u00f6rper mit essentiellen Fetts\u00e4uren<\/li>\n<li>st\u00e4rken das Immunsystem<\/li>\n<li>unterst\u00fctzen die Funktion des Stoffwechsels<\/li>\n<\/ul>\n<p><span class=\"OYPEnA text-decoration-none text-strikethrough-none\">Hanfsamen enthalten sowohl Omega-3- als auch Omega-6-Fetts\u00e4uren, die f\u00fcr die Gesundheit von Haut, Fell, Gelenken und dem Immunsystem wichtig sind. Sie sind au\u00dferdem eine gute Quelle f\u00fcr pflanzliche Proteine, die eine wichtige Rolle beim Muskelaufbau und bei der Reparatur von Gewebe spielen.<\/span><\/p>\n<\/div>\n<div id=\"tab_anwendung\" class=\"panel entry-content\" role=\"tabpanel\" aria-labelledby=\"tab-anwendung\">\n<p><strong><span class=\"OYPEnA text-decoration-none text-strikethrough-none\">Recommended daily feeding amount per animal:<\/span><\/strong><span class=\"OYPEnA text-decoration-none text-strikethrough-none\">\u00a0Gro\u00dfpferde: 20-50 g<br \/>\nPonys: 10-25 g<br \/>\n<\/span><\/p>\n<p><span class=\"OYPEnA text-decoration-none text-strikethrough-none\"><strong>Wir empfehlen die Hanfsamen eine Woche lang mit der halben Dosierung anzuf\u00fcttern.<br \/>\n<\/strong><\/span>Anwendungszeitraum als Kur:<br \/>\n10-12 Wochen<\/p>\n<\/div>\n<div id=\"tab_inhalt\" class=\"panel entry-content\" role=\"tabpanel\" aria-labelledby=\"tab-inhalt\">\n<p><strong><span class=\"OYPEnA text-decoration-none text-strikethrough-none\">Contents:<\/span><\/strong><span class=\"OYPEnA text-decoration-none text-strikethrough-none\"><br \/>\n100 % Hanfsamen, ungesch\u00e4lt<\/span><\/p>\n<p><strong>1.000 g<\/strong><\/p>\n<\/div><\/div><\/div>","protected":false},"excerpt":{"rendered":"<h3><span style=\"color: #a9657e;\"><strong><span class=\"OYPEnA text-decoration-none text-strikethrough-none\"><br \/>\nZur Unterst\u00fctzung von Haut, Fell, Muskelaufbau und Gelenken<\/span><\/strong><\/span><\/h3>\n<p><span class=\"OYPEnA text-decoration-none text-strikethrough-none\">Hanfsamen enthalten sowohl Omega-3- als auch Omega-6-Fetts\u00e4uren, die f\u00fcr die Gesundheit von Haut, Fell, Gelenken und dem Immunsystem wichtig sind. Sie sind au\u00dferdem eine gute Quelle f\u00fcr pflanzliche Proteine, die eine wichtige Rolle beim Muskelaufbau und bei der Reparatur von Gewebe spielen.<\/span><\/p>","protected":false},"featured_media":1747,"comment_status":"open","ping_status":"closed","template":"","meta":[],"product_brand":[],"product_cat":[34,36],"product_tag":[],"class_list":{"0":"post-1343","1":"product","2":"type-product","3":"status-publish","4":"has-post-thumbnail","6":"product_cat-vitamine-mineralstoffe","7":"product_cat-immunsystem","9":"first","10":"outofstock","11":"taxable","12":"shipping-taxable","13":"purchasable","14":"product-type-simple"},"yoast_head":"<!-- This site is optimized with the Yoast SEO plugin v27.4 - https:\/\/yoast.com\/product\/yoast-seo-wordpress\/ -->\n<title>Hanfsamen 1.000 g - Doskar 4 Equi<\/title>\n<meta name=\"description\" content=\"Hanfsamen enthalten sowohl Omega-3- als auch Omega-6-Fetts\u00e4uren, die f\u00fcr die Gesundheit von Haut, Fell, Gelenken und dem Immunsystem wichtig sind. Sie sind au\u00dferdem eine gute Quelle f\u00fcr pflanzliche Proteine, die eine wichtige Rolle beim Muskelaufbau und bei der Reparatur von Gewebe spielen.\" \/>\n<meta name=\"robots\" content=\"index, follow, max-snippet:-1, max-image-preview:large, max-video-preview:-1\" \/>\n<link rel=\"canonical\" href=\"https:\/\/www.doskar4equi.at\/en\/product\/biohanfsamen\/\" \/>\n<meta property=\"og:locale\" content=\"en_GB\" \/>\n<meta property=\"og:type\" content=\"article\" \/>\n<meta property=\"og:title\" content=\"Hanfsamen 1.000 g - Doskar 4 Equi\" \/>\n<meta property=\"og:description\" content=\"Hanfsamen enthalten sowohl Omega-3- als auch Omega-6-Fetts\u00e4uren, die f\u00fcr die Gesundheit von Haut, Fell, Gelenken und dem Immunsystem wichtig sind. Sie sind au\u00dferdem eine gute Quelle f\u00fcr pflanzliche Proteine, die eine wichtige Rolle beim Muskelaufbau und bei der Reparatur von Gewebe spielen.\" \/>\n<meta property=\"og:url\" content=\"https:\/\/www.doskar4equi.at\/en\/product\/biohanfsamen\/\" \/>\n<meta property=\"og:site_name\" content=\"Doskar 4 Equi\" \/>\n<meta property=\"article:modified_time\" content=\"2026-02-22T22:33:48+00:00\" \/>\n<meta property=\"og:image\" content=\"https:\/\/www.doskar4equi.at\/wp-content\/uploads\/2024\/06\/Hanfsamen.jpg\" \/>\n\t<meta property=\"og:image:width\" content=\"1500\" \/>\n\t<meta property=\"og:image:height\" content=\"1500\" \/>\n\t<meta property=\"og:image:type\" content=\"image\/jpeg\" \/>\n<meta name=\"twitter:card\" content=\"summary_large_image\" \/>\n<meta name=\"twitter:label1\" content=\"Estimated reading time\" \/>\n\t<meta name=\"twitter:data1\" content=\"1 minute\" \/>\n<script type=\"application\/ld+json\" class=\"yoast-schema-graph\">{\"@context\":\"https:\\\/\\\/schema.org\",\"@graph\":[{\"@type\":\"WebPage\",\"@id\":\"https:\\\/\\\/www.doskar4equi.at\\\/produkt\\\/biohanfsamen\\\/\",\"url\":\"https:\\\/\\\/www.doskar4equi.at\\\/produkt\\\/biohanfsamen\\\/\",\"name\":\"Hanfsamen 1.000 g - Doskar 4 Equi\",\"isPartOf\":{\"@id\":\"https:\\\/\\\/www.doskar4equi.at\\\/#website\"},\"primaryImageOfPage\":{\"@id\":\"https:\\\/\\\/www.doskar4equi.at\\\/produkt\\\/biohanfsamen\\\/#primaryimage\"},\"image\":{\"@id\":\"https:\\\/\\\/www.doskar4equi.at\\\/produkt\\\/biohanfsamen\\\/#primaryimage\"},\"thumbnailUrl\":\"https:\\\/\\\/www.doskar4equi.at\\\/wp-content\\\/uploads\\\/2024\\\/06\\\/Hanfsamen.jpg\",\"datePublished\":\"2024-03-03T21:02:57+00:00\",\"dateModified\":\"2026-02-22T22:33:48+00:00\",\"description\":\"Hanfsamen enthalten sowohl Omega-3- als auch Omega-6-Fetts\u00e4uren, die f\u00fcr die Gesundheit von Haut, Fell, Gelenken und dem Immunsystem wichtig sind. Sie sind au\u00dferdem eine gute Quelle f\u00fcr pflanzliche Proteine, die eine wichtige Rolle beim Muskelaufbau und bei der Reparatur von Gewebe spielen.\",\"breadcrumb\":{\"@id\":\"https:\\\/\\\/www.doskar4equi.at\\\/produkt\\\/biohanfsamen\\\/#breadcrumb\"},\"inLanguage\":\"en-GB\",\"potentialAction\":[{\"@type\":\"ReadAction\",\"target\":[\"https:\\\/\\\/www.doskar4equi.at\\\/produkt\\\/biohanfsamen\\\/\"]}]},{\"@type\":\"ImageObject\",\"inLanguage\":\"en-GB\",\"@id\":\"https:\\\/\\\/www.doskar4equi.at\\\/produkt\\\/biohanfsamen\\\/#primaryimage\",\"url\":\"https:\\\/\\\/www.doskar4equi.at\\\/wp-content\\\/uploads\\\/2024\\\/06\\\/Hanfsamen.jpg\",\"contentUrl\":\"https:\\\/\\\/www.doskar4equi.at\\\/wp-content\\\/uploads\\\/2024\\\/06\\\/Hanfsamen.jpg\",\"width\":1500,\"height\":1500,\"caption\":\"Bio Hanfsamen 1.000 g\"},{\"@type\":\"BreadcrumbList\",\"@id\":\"https:\\\/\\\/www.doskar4equi.at\\\/produkt\\\/biohanfsamen\\\/#breadcrumb\",\"itemListElement\":[{\"@type\":\"ListItem\",\"position\":1,\"name\":\"Startseite\",\"item\":\"https:\\\/\\\/www.doskar4equi.at\\\/\"},{\"@type\":\"ListItem\",\"position\":2,\"name\":\"Shop\",\"item\":\"https:\\\/\\\/www.doskar4equi.at\\\/shop\\\/\"},{\"@type\":\"ListItem\",\"position\":3,\"name\":\"Hanfsamen 1.000 g\"}]},{\"@type\":\"WebSite\",\"@id\":\"https:\\\/\\\/www.doskar4equi.at\\\/#website\",\"url\":\"https:\\\/\\\/www.doskar4equi.at\\\/\",\"name\":\"Doskar 4 Equi\",\"description\":\"Pharmazeutisches Fachwissen\",\"potentialAction\":[{\"@type\":\"SearchAction\",\"target\":{\"@type\":\"EntryPoint\",\"urlTemplate\":\"https:\\\/\\\/www.doskar4equi.at\\\/?s={search_term_string}\"},\"query-input\":{\"@type\":\"PropertyValueSpecification\",\"valueRequired\":true,\"valueName\":\"search_term_string\"}}],\"inLanguage\":\"en-GB\"}]}<\/script>\n<!-- \/ Yoast SEO plugin. -->","yoast_head_json":{"title":"Hanfsamen 1.000 g - Doskar 4 Equi","description":"Hanfsamen enthalten sowohl Omega-3- als auch Omega-6-Fetts\u00e4uren, die f\u00fcr die Gesundheit von Haut, Fell, Gelenken und dem Immunsystem wichtig sind. Sie sind au\u00dferdem eine gute Quelle f\u00fcr pflanzliche Proteine, die eine wichtige Rolle beim Muskelaufbau und bei der Reparatur von Gewebe spielen.","robots":{"index":"index","follow":"follow","max-snippet":"max-snippet:-1","max-image-preview":"max-image-preview:large","max-video-preview":"max-video-preview:-1"},"canonical":"https:\/\/www.doskar4equi.at\/en\/product\/biohanfsamen\/","og_locale":"en_GB","og_type":"article","og_title":"Hanfsamen 1.000 g - Doskar 4 Equi","og_description":"Hanfsamen enthalten sowohl Omega-3- als auch Omega-6-Fetts\u00e4uren, die f\u00fcr die Gesundheit von Haut, Fell, Gelenken und dem Immunsystem wichtig sind. Sie sind au\u00dferdem eine gute Quelle f\u00fcr pflanzliche Proteine, die eine wichtige Rolle beim Muskelaufbau und bei der Reparatur von Gewebe spielen.","og_url":"https:\/\/www.doskar4equi.at\/en\/product\/biohanfsamen\/","og_site_name":"Doskar 4 Equi","article_modified_time":"2026-02-22T22:33:48+00:00","og_image":[{"width":1500,"height":1500,"url":"https:\/\/www.doskar4equi.at\/wp-content\/uploads\/2024\/06\/Hanfsamen.jpg","type":"image\/jpeg"}],"twitter_card":"summary_large_image","twitter_misc":{"Estimated reading time":"1 minute"},"schema":{"@context":"https:\/\/schema.org","@graph":[{"@type":"WebPage","@id":"https:\/\/www.doskar4equi.at\/produkt\/biohanfsamen\/","url":"https:\/\/www.doskar4equi.at\/produkt\/biohanfsamen\/","name":"Hanfsamen 1.000 g - Doskar 4 Equi","isPartOf":{"@id":"https:\/\/www.doskar4equi.at\/#website"},"primaryImageOfPage":{"@id":"https:\/\/www.doskar4equi.at\/produkt\/biohanfsamen\/#primaryimage"},"image":{"@id":"https:\/\/www.doskar4equi.at\/produkt\/biohanfsamen\/#primaryimage"},"thumbnailUrl":"https:\/\/www.doskar4equi.at\/wp-content\/uploads\/2024\/06\/Hanfsamen.jpg","datePublished":"2024-03-03T21:02:57+00:00","dateModified":"2026-02-22T22:33:48+00:00","description":"Hanfsamen enthalten sowohl Omega-3- als auch Omega-6-Fetts\u00e4uren, die f\u00fcr die Gesundheit von Haut, Fell, Gelenken und dem Immunsystem wichtig sind. Sie sind au\u00dferdem eine gute Quelle f\u00fcr pflanzliche Proteine, die eine wichtige Rolle beim Muskelaufbau und bei der Reparatur von Gewebe spielen.","breadcrumb":{"@id":"https:\/\/www.doskar4equi.at\/produkt\/biohanfsamen\/#breadcrumb"},"inLanguage":"en-GB","potentialAction":[{"@type":"ReadAction","target":["https:\/\/www.doskar4equi.at\/produkt\/biohanfsamen\/"]}]},{"@type":"ImageObject","inLanguage":"en-GB","@id":"https:\/\/www.doskar4equi.at\/produkt\/biohanfsamen\/#primaryimage","url":"https:\/\/www.doskar4equi.at\/wp-content\/uploads\/2024\/06\/Hanfsamen.jpg","contentUrl":"https:\/\/www.doskar4equi.at\/wp-content\/uploads\/2024\/06\/Hanfsamen.jpg","width":1500,"height":1500,"caption":"Bio Hanfsamen 1.000 g"},{"@type":"BreadcrumbList","@id":"https:\/\/www.doskar4equi.at\/produkt\/biohanfsamen\/#breadcrumb","itemListElement":[{"@type":"ListItem","position":1,"name":"Startseite","item":"https:\/\/www.doskar4equi.at\/"},{"@type":"ListItem","position":2,"name":"Shop","item":"https:\/\/www.doskar4equi.at\/shop\/"},{"@type":"ListItem","position":3,"name":"Hanfsamen 1.000 g"}]},{"@type":"WebSite","@id":"https:\/\/www.doskar4equi.at\/#website","url":"https:\/\/www.doskar4equi.at\/","name":"Doskar 4 Equi","description":"Pharmazeutisches Fachwissen","potentialAction":[{"@type":"SearchAction","target":{"@type":"EntryPoint","urlTemplate":"https:\/\/www.doskar4equi.at\/?s={search_term_string}"},"query-input":{"@type":"PropertyValueSpecification","valueRequired":true,"valueName":"search_term_string"}}],"inLanguage":"en-GB"}]}},"_links":{"self":[{"href":"https:\/\/www.doskar4equi.at\/en\/wp-json\/wp\/v2\/product\/1343","targetHints":{"allow":["GET"]}}],"collection":[{"href":"https:\/\/www.doskar4equi.at\/en\/wp-json\/wp\/v2\/product"}],"about":[{"href":"https:\/\/www.doskar4equi.at\/en\/wp-json\/wp\/v2\/types\/product"}],"replies":[{"embeddable":true,"href":"https:\/\/www.doskar4equi.at\/en\/wp-json\/wp\/v2\/comments?post=1343"}],"wp:featuredmedia":[{"embeddable":true,"href":"https:\/\/www.doskar4equi.at\/en\/wp-json\/wp\/v2\/media\/1747"}],"wp:attachment":[{"href":"https:\/\/www.doskar4equi.at\/en\/wp-json\/wp\/v2\/media?parent=1343"}],"wp:term":[{"taxonomy":"product_brand","embeddable":true,"href":"https:\/\/www.doskar4equi.at\/en\/wp-json\/wp\/v2\/product_brand?post=1343"},{"taxonomy":"product_cat","embeddable":true,"href":"https:\/\/www.doskar4equi.at\/en\/wp-json\/wp\/v2\/product_cat?post=1343"},{"taxonomy":"product_tag","embeddable":true,"href":"https:\/\/www.doskar4equi.at\/en\/wp-json\/wp\/v2\/product_tag?post=1343"}],"curies":[{"name":"wp","href":"https:\/\/api.w.org\/{rel}","templated":true}]}}