{"id":2297,"date":"2024-06-19T04:15:59","date_gmt":"2024-06-19T04:15:59","guid":{"rendered":"https:\/\/host-134416.webhosting.magentabusiness.at\/doskar4equi.at\/?post_type=product&#038;p=2297"},"modified":"2026-04-13T20:45:56","modified_gmt":"2026-04-13T20:45:56","slug":"insect-protect-2000-ml","status":"publish","type":"product","link":"https:\/\/www.doskar4equi.at\/en\/product\/insect-protect-2000-ml\/","title":{"rendered":"Insect Protect 2.000 ml"},"content":{"rendered":"<div class=\"tabbed-content\">\n\t\t\t\n\t\t\t<ul class=\"nav nav-tabs nav-uppercase nav-size-normal nav-left\" role=\"tablist\"><li id=\"tab-beschreibung\" class=\"tab active has-icon\" role=\"presentation\"><a href=\"#tab_beschreibung\" role=\"tab\" aria-selected=\"true\" aria-controls=\"tab_beschreibung\"><span>Product Description<\/span><\/a><\/li>\n<li id=\"tab-anwendung\" class=\"tab has-icon\" role=\"presentation\"><a href=\"#tab_anwendung\" tabindex=\"-1\" role=\"tab\" aria-selected=\"false\" aria-controls=\"tab_anwendung\"><span>Usage<\/span><\/a><\/li>\n<li id=\"tab-inhalt\" class=\"tab has-icon\" role=\"presentation\"><a href=\"#tab_inhalt\" tabindex=\"-1\" role=\"tab\" aria-selected=\"false\" aria-controls=\"tab_inhalt\"><span>Ingredients<\/span><\/a><\/li><\/ul><div class=\"tab-panels\"><div id=\"tab_beschreibung\" class=\"panel active entry-content\" role=\"tabpanel\" aria-labelledby=\"tab-beschreibung\">\n<p><strong>Insect Protect<\/strong> contains a blend of essential oils such as geranium, tea tree, lavender, clove, lemon, and patchouli. The gentle formula can be applied to the skin and coat as part of regular care routines. Designed for daily use, it provides a natural approach to stable management without chemical additives.<\/p>\n<\/div>\n<div id=\"tab_anwendung\" class=\"panel entry-content\" role=\"tabpanel\" aria-labelledby=\"tab-anwendung\">\n<p><strong>Application: <\/strong>Apply directly with the pump bottle or a small sponge.<\/p>\n<\/div>\n<div id=\"tab_inhalt\" class=\"panel entry-content\" role=\"tabpanel\" aria-labelledby=\"tab-inhalt\">\n<p><strong>Ingredients: <\/strong><span class=\"OYPEnA font-feature-liga-off font-feature-clig-off font-feature-calt-off text-decoration-none text-strikethrough-none\">Aqua, Acetum, Cocamidoproyl Betaine, Eugenia Caryophyllus Flower Oil,<\/span><span class=\"OYPEnA font-feature-liga-off font-feature-clig-off font-feature-calt-off text-decoration-none text-strikethrough-none\">Pogostemon Cablin Leaf Oil, Pelargonium Graveolens Flower Oil, Citrus Limonum (Lemon) Oil, Melaleuca Alternifolia Oil<\/span><\/p>\n<p><strong>FEI Clean Sport: approved \/ ADMR: approved<\/strong><\/p>\n<p><strong>Contents: <\/strong>2.000 ml<\/p>\n<\/div><\/div><\/div>","protected":false},"excerpt":{"rendered":"<h3><span style=\"color: #a9657e;\"><strong><br \/>\nNatural, effective protection with essential oils<\/strong><\/span><\/h3>\n<p>Highly effective protective spray for horses, made entirely from natural essential oils of the highest pharmaceutical quality. Helps keep flies, mosquitoes, horseflies, and midges away. Leaves no stains on coat or skin.<\/p>\n<p><strong>FEI Clean Sport: approved \/ ADMR: approved<\/strong><\/p>","protected":false},"featured_media":3448,"comment_status":"open","ping_status":"closed","template":"","meta":[],"product_brand":[],"product_cat":[38],"product_tag":[],"class_list":{"0":"post-2297","1":"product","2":"type-product","3":"status-publish","4":"has-post-thumbnail","6":"product_cat-pflege","8":"first","9":"instock","10":"taxable","11":"shipping-taxable","12":"purchasable","13":"product-type-simple"},"yoast_head":"<!-- This site is optimized with the Yoast SEO plugin v27.4 - https:\/\/yoast.com\/product\/yoast-seo-wordpress\/ -->\n<title>Insect Protect 2.000 ml - Doskar 4 Equi<\/title>\n<meta name=\"description\" content=\"DOSKAR 4 EQUI Insect Protect ist ein hochwirksamer Schutzspray f\u00fcr Pferde, rein nat\u00fcrlich mit \u00e4therischen \u00d6len in h\u00f6chster Apothekenqualit\u00e4t. H\u00e4lt Fliegen, Gelsen, Bremsen und Kriebelm\u00fccken fern. Hinterl\u00e4sst keine Flecken auf Fell und Haut.\u00a0\" \/>\n<meta name=\"robots\" content=\"index, follow, max-snippet:-1, max-image-preview:large, max-video-preview:-1\" \/>\n<link rel=\"canonical\" href=\"https:\/\/www.doskar4equi.at\/en\/product\/insect-protect-2000-ml\/\" \/>\n<meta property=\"og:locale\" content=\"en_GB\" \/>\n<meta property=\"og:type\" content=\"article\" \/>\n<meta property=\"og:title\" content=\"Insect Protect 2.000 ml - Doskar 4 Equi\" \/>\n<meta property=\"og:description\" content=\"DOSKAR 4 EQUI Insect Protect ist ein hochwirksamer Schutzspray f\u00fcr Pferde, rein nat\u00fcrlich mit \u00e4therischen \u00d6len in h\u00f6chster Apothekenqualit\u00e4t. H\u00e4lt Fliegen, Gelsen, Bremsen und Kriebelm\u00fccken fern. Hinterl\u00e4sst keine Flecken auf Fell und Haut.\u00a0\" \/>\n<meta property=\"og:url\" content=\"https:\/\/www.doskar4equi.at\/en\/product\/insect-protect-2000-ml\/\" \/>\n<meta property=\"og:site_name\" content=\"Doskar 4 Equi\" \/>\n<meta property=\"article:modified_time\" content=\"2026-04-13T20:45:56+00:00\" \/>\n<meta property=\"og:image\" content=\"https:\/\/www.doskar4equi.at\/wp-content\/uploads\/2024\/06\/Insect-Protect_2000.jpg\" \/>\n\t<meta property=\"og:image:width\" content=\"1500\" \/>\n\t<meta property=\"og:image:height\" content=\"1500\" \/>\n\t<meta property=\"og:image:type\" content=\"image\/jpeg\" \/>\n<meta name=\"twitter:card\" content=\"summary_large_image\" \/>\n<meta name=\"twitter:label1\" content=\"Estimated reading time\" \/>\n\t<meta name=\"twitter:data1\" content=\"1 minute\" \/>\n<script type=\"application\/ld+json\" class=\"yoast-schema-graph\">{\"@context\":\"https:\\\/\\\/schema.org\",\"@graph\":[{\"@type\":\"WebPage\",\"@id\":\"https:\\\/\\\/www.doskar4equi.at\\\/produkt\\\/insect-protect-2000-ml\\\/\",\"url\":\"https:\\\/\\\/www.doskar4equi.at\\\/produkt\\\/insect-protect-2000-ml\\\/\",\"name\":\"Insect Protect 2.000 ml - Doskar 4 Equi\",\"isPartOf\":{\"@id\":\"https:\\\/\\\/www.doskar4equi.at\\\/#website\"},\"primaryImageOfPage\":{\"@id\":\"https:\\\/\\\/www.doskar4equi.at\\\/produkt\\\/insect-protect-2000-ml\\\/#primaryimage\"},\"image\":{\"@id\":\"https:\\\/\\\/www.doskar4equi.at\\\/produkt\\\/insect-protect-2000-ml\\\/#primaryimage\"},\"thumbnailUrl\":\"https:\\\/\\\/www.doskar4equi.at\\\/wp-content\\\/uploads\\\/2024\\\/06\\\/Insect-Protect_2000.jpg\",\"datePublished\":\"2024-06-19T04:15:59+00:00\",\"dateModified\":\"2026-04-13T20:45:56+00:00\",\"description\":\"DOSKAR 4 EQUI Insect Protect ist ein hochwirksamer Schutzspray f\u00fcr Pferde, rein nat\u00fcrlich mit \u00e4therischen \u00d6len in h\u00f6chster Apothekenqualit\u00e4t. H\u00e4lt Fliegen, Gelsen, Bremsen und Kriebelm\u00fccken fern. Hinterl\u00e4sst keine Flecken auf Fell und Haut.\u00a0\",\"breadcrumb\":{\"@id\":\"https:\\\/\\\/www.doskar4equi.at\\\/produkt\\\/insect-protect-2000-ml\\\/#breadcrumb\"},\"inLanguage\":\"en-GB\",\"potentialAction\":[{\"@type\":\"ReadAction\",\"target\":[\"https:\\\/\\\/www.doskar4equi.at\\\/produkt\\\/insect-protect-2000-ml\\\/\"]}]},{\"@type\":\"ImageObject\",\"inLanguage\":\"en-GB\",\"@id\":\"https:\\\/\\\/www.doskar4equi.at\\\/produkt\\\/insect-protect-2000-ml\\\/#primaryimage\",\"url\":\"https:\\\/\\\/www.doskar4equi.at\\\/wp-content\\\/uploads\\\/2024\\\/06\\\/Insect-Protect_2000.jpg\",\"contentUrl\":\"https:\\\/\\\/www.doskar4equi.at\\\/wp-content\\\/uploads\\\/2024\\\/06\\\/Insect-Protect_2000.jpg\",\"width\":1500,\"height\":1500,\"caption\":\"Insect Protect\"},{\"@type\":\"BreadcrumbList\",\"@id\":\"https:\\\/\\\/www.doskar4equi.at\\\/produkt\\\/insect-protect-2000-ml\\\/#breadcrumb\",\"itemListElement\":[{\"@type\":\"ListItem\",\"position\":1,\"name\":\"Startseite\",\"item\":\"https:\\\/\\\/www.doskar4equi.at\\\/\"},{\"@type\":\"ListItem\",\"position\":2,\"name\":\"Shop\",\"item\":\"https:\\\/\\\/www.doskar4equi.at\\\/shop\\\/\"},{\"@type\":\"ListItem\",\"position\":3,\"name\":\"Insect Protect 2.000 ml\"}]},{\"@type\":\"WebSite\",\"@id\":\"https:\\\/\\\/www.doskar4equi.at\\\/#website\",\"url\":\"https:\\\/\\\/www.doskar4equi.at\\\/\",\"name\":\"Doskar 4 Equi\",\"description\":\"Pharmazeutisches Fachwissen\",\"potentialAction\":[{\"@type\":\"SearchAction\",\"target\":{\"@type\":\"EntryPoint\",\"urlTemplate\":\"https:\\\/\\\/www.doskar4equi.at\\\/?s={search_term_string}\"},\"query-input\":{\"@type\":\"PropertyValueSpecification\",\"valueRequired\":true,\"valueName\":\"search_term_string\"}}],\"inLanguage\":\"en-GB\"}]}<\/script>\n<!-- \/ Yoast SEO plugin. -->","yoast_head_json":{"title":"Insect Protect 2.000 ml - Doskar 4 Equi","description":"DOSKAR 4 EQUI Insect Protect ist ein hochwirksamer Schutzspray f\u00fcr Pferde, rein nat\u00fcrlich mit \u00e4therischen \u00d6len in h\u00f6chster Apothekenqualit\u00e4t. H\u00e4lt Fliegen, Gelsen, Bremsen und Kriebelm\u00fccken fern. Hinterl\u00e4sst keine Flecken auf Fell und Haut.\u00a0","robots":{"index":"index","follow":"follow","max-snippet":"max-snippet:-1","max-image-preview":"max-image-preview:large","max-video-preview":"max-video-preview:-1"},"canonical":"https:\/\/www.doskar4equi.at\/en\/product\/insect-protect-2000-ml\/","og_locale":"en_GB","og_type":"article","og_title":"Insect Protect 2.000 ml - Doskar 4 Equi","og_description":"DOSKAR 4 EQUI Insect Protect ist ein hochwirksamer Schutzspray f\u00fcr Pferde, rein nat\u00fcrlich mit \u00e4therischen \u00d6len in h\u00f6chster Apothekenqualit\u00e4t. H\u00e4lt Fliegen, Gelsen, Bremsen und Kriebelm\u00fccken fern. Hinterl\u00e4sst keine Flecken auf Fell und Haut.\u00a0","og_url":"https:\/\/www.doskar4equi.at\/en\/product\/insect-protect-2000-ml\/","og_site_name":"Doskar 4 Equi","article_modified_time":"2026-04-13T20:45:56+00:00","og_image":[{"width":1500,"height":1500,"url":"https:\/\/www.doskar4equi.at\/wp-content\/uploads\/2024\/06\/Insect-Protect_2000.jpg","type":"image\/jpeg"}],"twitter_card":"summary_large_image","twitter_misc":{"Estimated reading time":"1 minute"},"schema":{"@context":"https:\/\/schema.org","@graph":[{"@type":"WebPage","@id":"https:\/\/www.doskar4equi.at\/produkt\/insect-protect-2000-ml\/","url":"https:\/\/www.doskar4equi.at\/produkt\/insect-protect-2000-ml\/","name":"Insect Protect 2.000 ml - Doskar 4 Equi","isPartOf":{"@id":"https:\/\/www.doskar4equi.at\/#website"},"primaryImageOfPage":{"@id":"https:\/\/www.doskar4equi.at\/produkt\/insect-protect-2000-ml\/#primaryimage"},"image":{"@id":"https:\/\/www.doskar4equi.at\/produkt\/insect-protect-2000-ml\/#primaryimage"},"thumbnailUrl":"https:\/\/www.doskar4equi.at\/wp-content\/uploads\/2024\/06\/Insect-Protect_2000.jpg","datePublished":"2024-06-19T04:15:59+00:00","dateModified":"2026-04-13T20:45:56+00:00","description":"DOSKAR 4 EQUI Insect Protect ist ein hochwirksamer Schutzspray f\u00fcr Pferde, rein nat\u00fcrlich mit \u00e4therischen \u00d6len in h\u00f6chster Apothekenqualit\u00e4t. H\u00e4lt Fliegen, Gelsen, Bremsen und Kriebelm\u00fccken fern. Hinterl\u00e4sst keine Flecken auf Fell und Haut.\u00a0","breadcrumb":{"@id":"https:\/\/www.doskar4equi.at\/produkt\/insect-protect-2000-ml\/#breadcrumb"},"inLanguage":"en-GB","potentialAction":[{"@type":"ReadAction","target":["https:\/\/www.doskar4equi.at\/produkt\/insect-protect-2000-ml\/"]}]},{"@type":"ImageObject","inLanguage":"en-GB","@id":"https:\/\/www.doskar4equi.at\/produkt\/insect-protect-2000-ml\/#primaryimage","url":"https:\/\/www.doskar4equi.at\/wp-content\/uploads\/2024\/06\/Insect-Protect_2000.jpg","contentUrl":"https:\/\/www.doskar4equi.at\/wp-content\/uploads\/2024\/06\/Insect-Protect_2000.jpg","width":1500,"height":1500,"caption":"Insect Protect"},{"@type":"BreadcrumbList","@id":"https:\/\/www.doskar4equi.at\/produkt\/insect-protect-2000-ml\/#breadcrumb","itemListElement":[{"@type":"ListItem","position":1,"name":"Startseite","item":"https:\/\/www.doskar4equi.at\/"},{"@type":"ListItem","position":2,"name":"Shop","item":"https:\/\/www.doskar4equi.at\/shop\/"},{"@type":"ListItem","position":3,"name":"Insect Protect 2.000 ml"}]},{"@type":"WebSite","@id":"https:\/\/www.doskar4equi.at\/#website","url":"https:\/\/www.doskar4equi.at\/","name":"Doskar 4 Equi","description":"Pharmazeutisches Fachwissen","potentialAction":[{"@type":"SearchAction","target":{"@type":"EntryPoint","urlTemplate":"https:\/\/www.doskar4equi.at\/?s={search_term_string}"},"query-input":{"@type":"PropertyValueSpecification","valueRequired":true,"valueName":"search_term_string"}}],"inLanguage":"en-GB"}]}},"_links":{"self":[{"href":"https:\/\/www.doskar4equi.at\/en\/wp-json\/wp\/v2\/product\/2297","targetHints":{"allow":["GET"]}}],"collection":[{"href":"https:\/\/www.doskar4equi.at\/en\/wp-json\/wp\/v2\/product"}],"about":[{"href":"https:\/\/www.doskar4equi.at\/en\/wp-json\/wp\/v2\/types\/product"}],"replies":[{"embeddable":true,"href":"https:\/\/www.doskar4equi.at\/en\/wp-json\/wp\/v2\/comments?post=2297"}],"wp:featuredmedia":[{"embeddable":true,"href":"https:\/\/www.doskar4equi.at\/en\/wp-json\/wp\/v2\/media\/3448"}],"wp:attachment":[{"href":"https:\/\/www.doskar4equi.at\/en\/wp-json\/wp\/v2\/media?parent=2297"}],"wp:term":[{"taxonomy":"product_brand","embeddable":true,"href":"https:\/\/www.doskar4equi.at\/en\/wp-json\/wp\/v2\/product_brand?post=2297"},{"taxonomy":"product_cat","embeddable":true,"href":"https:\/\/www.doskar4equi.at\/en\/wp-json\/wp\/v2\/product_cat?post=2297"},{"taxonomy":"product_tag","embeddable":true,"href":"https:\/\/www.doskar4equi.at\/en\/wp-json\/wp\/v2\/product_tag?post=2297"}],"curies":[{"name":"wp","href":"https:\/\/api.w.org\/{rel}","templated":true}]}}