{"id":284,"date":"2023-07-31T21:08:36","date_gmt":"2023-07-31T19:08:36","guid":{"rendered":"https:\/\/devversion1.doskar4equi.at\/produkt\/ammoniak-ex-1000-g\/"},"modified":"2026-04-13T21:07:13","modified_gmt":"2026-04-13T21:07:13","slug":"ammoniak-ex-1000-g","status":"publish","type":"product","link":"https:\/\/www.doskar4equi.at\/en\/product\/ammoniak-ex-1000-g\/","title":{"rendered":"Ammoniak Ex 1.000 g"},"content":{"rendered":"<div class=\"tabbed-content\">\n\t\t\t\n\t\t\t<ul class=\"nav nav-tabs nav-uppercase nav-size-normal nav-left\" role=\"tablist\"><li id=\"tab-beschreibung\" class=\"tab active has-icon\" role=\"presentation\"><a href=\"#tab_beschreibung\" role=\"tab\" aria-selected=\"true\" aria-controls=\"tab_beschreibung\"><span>Product Description<\/span><\/a><\/li>\n<li id=\"tab-anwendung\" class=\"tab has-icon\" role=\"presentation\"><a href=\"#tab_anwendung\" tabindex=\"-1\" role=\"tab\" aria-selected=\"false\" aria-controls=\"tab_anwendung\"><span>Usage<\/span><\/a><\/li>\n<li id=\"tab-inhalt\" class=\"tab has-icon\" role=\"presentation\"><a href=\"#tab_inhalt\" tabindex=\"-1\" role=\"tab\" aria-selected=\"false\" aria-controls=\"tab_inhalt\"><span>Ingredients<\/span><\/a><\/li><\/ul><div class=\"tab-panels\"><div id=\"tab_beschreibung\" class=\"panel active entry-content\" role=\"tabpanel\" aria-labelledby=\"tab-beschreibung\">\n<h3>Nat\u00fcrlich frische Luft f\u00fcr die Pferdebox<\/h3>\n<p data-start=\"124\" data-end=\"541\">Schlechte Luft und stechender Ammoniakgeruch belasten Pferde und Menschen gleicherma\u00dfen.<br \/>\nDOSKAR 4 EQUI Ammoniak Ex ist der nat\u00fcrliche Einstreu-Zusatz, der genau hier ansetzt: Er nimmt dem Urin die Aggressivit\u00e4t, reduziert unangenehme Ger\u00fcche um ein Vielfaches und bindet Schadgase auf nat\u00fcrliche Weise. Das Ergebnis ist ein deutlich ges\u00fcnderes Stallklima \u2013 sp\u00fcrbar frischer, angenehmer und pferdefreundlicher.<\/p>\n<p data-start=\"543\" data-end=\"793\">Das reine Naturprodukt ist mit sorgf\u00e4ltig ausgew\u00e4hlten Kr\u00e4utern und \u00e4therischen \u00d6len angereichert. Diese sorgen nicht nur f\u00fcr ihre funktionale Wirkung, sondern auch f\u00fcr einen dezenten, angenehmen Duft in der Box \u2013 ganz ohne chemische Zus\u00e4tze.<\/p>\n<\/div>\n<div id=\"tab_anwendung\" class=\"panel entry-content\" role=\"tabpanel\" aria-labelledby=\"tab-anwendung\">\n<div class=\"et_pb_section et_pb_section_7 et_section_regular\">\n<div class=\"et_pb_row et_pb_row_7\">\n<div class=\"et_pb_column et_pb_column_4_4 et_pb_column_9 et_pb_css_mix_blend_mode_passthrough et-last-child\">\n<div class=\"et_pb_module et_pb_tabs et_pb_tabs_1 et_slide_transition_to_1\">\n<div class=\"et_pb_all_tabs\">\n<div class=\"et_pb_tab et_pb_tab_4 clearfix et-pb-active-slide\">\n<div class=\"et_pb_tab_content\">\n<p><strong>Application:\u00a0<\/strong>2x pro Woche 40-50g in die Box streuen<\/p>\n<\/div>\n<\/div>\n<\/div>\n<\/div>\n<\/div>\n<\/div>\n<\/div>\n<div class=\"et_pb_section et_pb_section_9 et_pb_with_background et_section_regular\">\n<div class=\"et_pb_row et_pb_row_8\">\n<div class=\"et_pb_column et_pb_column_4_4 et_pb_column_10 et_pb_css_mix_blend_mode_passthrough et-last-child\">\n<div class=\"et_pb_module et_pb_text et_pb_text_1 et_pb_text_align_center et_pb_bg_layout_dark\">\n<div class=\"et_pb_text_inner\"><\/div>\n<\/div>\n<\/div>\n<\/div>\n<\/div>\n<\/div>\n<div id=\"tab_inhalt\" class=\"panel entry-content\" role=\"tabpanel\" aria-labelledby=\"tab-inhalt\">\n<div class=\"et_pb_section et_pb_section_7 et_section_regular\">\n<div class=\"et_pb_row et_pb_row_7\">\n<div class=\"et_pb_column et_pb_column_4_4 et_pb_column_9 et_pb_css_mix_blend_mode_passthrough et-last-child\">\n<div class=\"et_pb_module et_pb_tabs et_pb_tabs_1 et_slide_transition_to_1 et_slide_transition_to_2\">\n<div class=\"et_pb_all_tabs\">\n<div class=\"et_pb_tab et_pb_tab_5 clearfix et-pb-active-slide\">\n<div class=\"et_pb_tab_content\">\n<p><strong>Ingredients:\u00a0<\/strong>Traubenkerngranulat, roter Sonnenhut, Urgesteinsmehl, \u00e4therische \u00d6le<\/p>\n<p><strong>Contents:\u00a0<\/strong>1.000 g<\/p>\n<\/div>\n<\/div>\n<\/div>\n<\/div>\n<\/div>\n<\/div>\n<\/div>\n<div class=\"et_pb_section et_pb_section_9 et_pb_with_background et_section_regular\">\n<div class=\"et_pb_row et_pb_row_8\">\n<div class=\"et_pb_column et_pb_column_4_4 et_pb_column_10 et_pb_css_mix_blend_mode_passthrough et-last-child\">\n<div class=\"et_pb_module et_pb_text et_pb_text_1 et_pb_text_align_center et_pb_bg_layout_dark\">\n<div class=\"et_pb_text_inner\"><\/div>\n<\/div>\n<\/div>\n<\/div>\n<\/div>\n<\/div><\/div><\/div>","protected":false},"excerpt":{"rendered":"<h3><span style=\"color: #b26182;\"><strong>Nat\u00fcrlicher Einstreu-Zusatz im Kampf gegen Ammoniak\u00a0<\/strong><\/span><\/h3>","protected":false},"featured_media":1585,"comment_status":"open","ping_status":"closed","template":"","meta":[],"product_brand":[],"product_cat":[35],"product_tag":[],"class_list":{"0":"post-284","1":"product","2":"type-product","3":"status-publish","4":"has-post-thumbnail","6":"product_cat-atemwege","8":"first","9":"instock","10":"taxable","11":"shipping-taxable","12":"purchasable","13":"product-type-simple"},"yoast_head":"<!-- This site is optimized with the Yoast SEO plugin v27.4 - https:\/\/yoast.com\/product\/yoast-seo-wordpress\/ -->\n<title>Ammoniak Ex 1.000 g - Doskar 4 Equi<\/title>\n<meta name=\"description\" content=\"Nat\u00fcrlicher Einstreu-Zusatz im Kampf gegen Ammoniak und schlechte Luft in der Pferdebox. DOSKAR 4 EQUI Ammoniak Ex nimmt dem Urin die Aggressivit\u00e4t, reduziert \u00fcble Ger\u00fcche um ein vielfaches, bindet Schadgase auf nat\u00fcrliche Weise und sorgt so f\u00fcr ein ges\u00fcnderes Stallklima. Das reine Naturprodukt ist mit ausgesuchten Kr\u00e4utern und \u00d6len angereichert, die f\u00fcr einen angenehmen Duft sorgen.\" \/>\n<meta name=\"robots\" content=\"index, follow, max-snippet:-1, max-image-preview:large, max-video-preview:-1\" \/>\n<link rel=\"canonical\" href=\"https:\/\/www.doskar4equi.at\/en\/product\/ammoniak-ex-1000-g\/\" \/>\n<meta property=\"og:locale\" content=\"en_GB\" \/>\n<meta property=\"og:type\" content=\"article\" \/>\n<meta property=\"og:title\" content=\"Ammoniak Ex 1.000 g - Doskar 4 Equi\" \/>\n<meta property=\"og:description\" content=\"Nat\u00fcrlicher Einstreu-Zusatz im Kampf gegen Ammoniak und schlechte Luft in der Pferdebox. DOSKAR 4 EQUI Ammoniak Ex nimmt dem Urin die Aggressivit\u00e4t, reduziert \u00fcble Ger\u00fcche um ein vielfaches, bindet Schadgase auf nat\u00fcrliche Weise und sorgt so f\u00fcr ein ges\u00fcnderes Stallklima. Das reine Naturprodukt ist mit ausgesuchten Kr\u00e4utern und \u00d6len angereichert, die f\u00fcr einen angenehmen Duft sorgen.\" \/>\n<meta property=\"og:url\" content=\"https:\/\/www.doskar4equi.at\/en\/product\/ammoniak-ex-1000-g\/\" \/>\n<meta property=\"og:site_name\" content=\"Doskar 4 Equi\" \/>\n<meta property=\"article:modified_time\" content=\"2026-04-13T21:07:13+00:00\" \/>\n<meta property=\"og:image\" content=\"https:\/\/www.doskar4equi.at\/wp-content\/uploads\/2024\/06\/Ammoniak_Ex_1.000.webp\" \/>\n\t<meta property=\"og:image:width\" content=\"1500\" \/>\n\t<meta property=\"og:image:height\" content=\"1500\" \/>\n\t<meta property=\"og:image:type\" content=\"image\/webp\" \/>\n<meta name=\"twitter:card\" content=\"summary_large_image\" \/>\n<meta name=\"twitter:label1\" content=\"Estimated reading time\" \/>\n\t<meta name=\"twitter:data1\" content=\"1 minute\" \/>\n<script type=\"application\/ld+json\" class=\"yoast-schema-graph\">{\"@context\":\"https:\\\/\\\/schema.org\",\"@graph\":[{\"@type\":\"WebPage\",\"@id\":\"https:\\\/\\\/www.doskar4equi.at\\\/produkt\\\/ammoniak-ex-1000-g\\\/\",\"url\":\"https:\\\/\\\/www.doskar4equi.at\\\/produkt\\\/ammoniak-ex-1000-g\\\/\",\"name\":\"Ammoniak Ex 1.000 g - Doskar 4 Equi\",\"isPartOf\":{\"@id\":\"https:\\\/\\\/www.doskar4equi.at\\\/#website\"},\"primaryImageOfPage\":{\"@id\":\"https:\\\/\\\/www.doskar4equi.at\\\/produkt\\\/ammoniak-ex-1000-g\\\/#primaryimage\"},\"image\":{\"@id\":\"https:\\\/\\\/www.doskar4equi.at\\\/produkt\\\/ammoniak-ex-1000-g\\\/#primaryimage\"},\"thumbnailUrl\":\"https:\\\/\\\/www.doskar4equi.at\\\/wp-content\\\/uploads\\\/2024\\\/06\\\/Ammoniak_Ex_1.000.webp\",\"datePublished\":\"2023-07-31T19:08:36+00:00\",\"dateModified\":\"2026-04-13T21:07:13+00:00\",\"description\":\"Nat\u00fcrlicher Einstreu-Zusatz im Kampf gegen Ammoniak und schlechte Luft in der Pferdebox. DOSKAR 4 EQUI Ammoniak Ex nimmt dem Urin die Aggressivit\u00e4t, reduziert \u00fcble Ger\u00fcche um ein vielfaches, bindet Schadgase auf nat\u00fcrliche Weise und sorgt so f\u00fcr ein ges\u00fcnderes Stallklima. Das reine Naturprodukt ist mit ausgesuchten Kr\u00e4utern und \u00d6len angereichert, die f\u00fcr einen angenehmen Duft sorgen.\",\"breadcrumb\":{\"@id\":\"https:\\\/\\\/www.doskar4equi.at\\\/produkt\\\/ammoniak-ex-1000-g\\\/#breadcrumb\"},\"inLanguage\":\"en-GB\",\"potentialAction\":[{\"@type\":\"ReadAction\",\"target\":[\"https:\\\/\\\/www.doskar4equi.at\\\/produkt\\\/ammoniak-ex-1000-g\\\/\"]}]},{\"@type\":\"ImageObject\",\"inLanguage\":\"en-GB\",\"@id\":\"https:\\\/\\\/www.doskar4equi.at\\\/produkt\\\/ammoniak-ex-1000-g\\\/#primaryimage\",\"url\":\"https:\\\/\\\/www.doskar4equi.at\\\/wp-content\\\/uploads\\\/2024\\\/06\\\/Ammoniak_Ex_1.000.webp\",\"contentUrl\":\"https:\\\/\\\/www.doskar4equi.at\\\/wp-content\\\/uploads\\\/2024\\\/06\\\/Ammoniak_Ex_1.000.webp\",\"width\":1500,\"height\":1500,\"caption\":\"Ammoniak Ex 1.000 g\"},{\"@type\":\"BreadcrumbList\",\"@id\":\"https:\\\/\\\/www.doskar4equi.at\\\/produkt\\\/ammoniak-ex-1000-g\\\/#breadcrumb\",\"itemListElement\":[{\"@type\":\"ListItem\",\"position\":1,\"name\":\"Startseite\",\"item\":\"https:\\\/\\\/www.doskar4equi.at\\\/\"},{\"@type\":\"ListItem\",\"position\":2,\"name\":\"Shop\",\"item\":\"https:\\\/\\\/www.doskar4equi.at\\\/shop\\\/\"},{\"@type\":\"ListItem\",\"position\":3,\"name\":\"Ammoniak Ex 1.000 g\"}]},{\"@type\":\"WebSite\",\"@id\":\"https:\\\/\\\/www.doskar4equi.at\\\/#website\",\"url\":\"https:\\\/\\\/www.doskar4equi.at\\\/\",\"name\":\"Doskar 4 Equi\",\"description\":\"Pharmazeutisches Fachwissen\",\"potentialAction\":[{\"@type\":\"SearchAction\",\"target\":{\"@type\":\"EntryPoint\",\"urlTemplate\":\"https:\\\/\\\/www.doskar4equi.at\\\/?s={search_term_string}\"},\"query-input\":{\"@type\":\"PropertyValueSpecification\",\"valueRequired\":true,\"valueName\":\"search_term_string\"}}],\"inLanguage\":\"en-GB\"}]}<\/script>\n<!-- \/ Yoast SEO plugin. -->","yoast_head_json":{"title":"Ammoniak Ex 1.000 g - Doskar 4 Equi","description":"Nat\u00fcrlicher Einstreu-Zusatz im Kampf gegen Ammoniak und schlechte Luft in der Pferdebox. DOSKAR 4 EQUI Ammoniak Ex nimmt dem Urin die Aggressivit\u00e4t, reduziert \u00fcble Ger\u00fcche um ein vielfaches, bindet Schadgase auf nat\u00fcrliche Weise und sorgt so f\u00fcr ein ges\u00fcnderes Stallklima. Das reine Naturprodukt ist mit ausgesuchten Kr\u00e4utern und \u00d6len angereichert, die f\u00fcr einen angenehmen Duft sorgen.","robots":{"index":"index","follow":"follow","max-snippet":"max-snippet:-1","max-image-preview":"max-image-preview:large","max-video-preview":"max-video-preview:-1"},"canonical":"https:\/\/www.doskar4equi.at\/en\/product\/ammoniak-ex-1000-g\/","og_locale":"en_GB","og_type":"article","og_title":"Ammoniak Ex 1.000 g - Doskar 4 Equi","og_description":"Nat\u00fcrlicher Einstreu-Zusatz im Kampf gegen Ammoniak und schlechte Luft in der Pferdebox. DOSKAR 4 EQUI Ammoniak Ex nimmt dem Urin die Aggressivit\u00e4t, reduziert \u00fcble Ger\u00fcche um ein vielfaches, bindet Schadgase auf nat\u00fcrliche Weise und sorgt so f\u00fcr ein ges\u00fcnderes Stallklima. Das reine Naturprodukt ist mit ausgesuchten Kr\u00e4utern und \u00d6len angereichert, die f\u00fcr einen angenehmen Duft sorgen.","og_url":"https:\/\/www.doskar4equi.at\/en\/product\/ammoniak-ex-1000-g\/","og_site_name":"Doskar 4 Equi","article_modified_time":"2026-04-13T21:07:13+00:00","og_image":[{"width":1500,"height":1500,"url":"https:\/\/www.doskar4equi.at\/wp-content\/uploads\/2024\/06\/Ammoniak_Ex_1.000.webp","type":"image\/webp"}],"twitter_card":"summary_large_image","twitter_misc":{"Estimated reading time":"1 minute"},"schema":{"@context":"https:\/\/schema.org","@graph":[{"@type":"WebPage","@id":"https:\/\/www.doskar4equi.at\/produkt\/ammoniak-ex-1000-g\/","url":"https:\/\/www.doskar4equi.at\/produkt\/ammoniak-ex-1000-g\/","name":"Ammoniak Ex 1.000 g - Doskar 4 Equi","isPartOf":{"@id":"https:\/\/www.doskar4equi.at\/#website"},"primaryImageOfPage":{"@id":"https:\/\/www.doskar4equi.at\/produkt\/ammoniak-ex-1000-g\/#primaryimage"},"image":{"@id":"https:\/\/www.doskar4equi.at\/produkt\/ammoniak-ex-1000-g\/#primaryimage"},"thumbnailUrl":"https:\/\/www.doskar4equi.at\/wp-content\/uploads\/2024\/06\/Ammoniak_Ex_1.000.webp","datePublished":"2023-07-31T19:08:36+00:00","dateModified":"2026-04-13T21:07:13+00:00","description":"Nat\u00fcrlicher Einstreu-Zusatz im Kampf gegen Ammoniak und schlechte Luft in der Pferdebox. DOSKAR 4 EQUI Ammoniak Ex nimmt dem Urin die Aggressivit\u00e4t, reduziert \u00fcble Ger\u00fcche um ein vielfaches, bindet Schadgase auf nat\u00fcrliche Weise und sorgt so f\u00fcr ein ges\u00fcnderes Stallklima. Das reine Naturprodukt ist mit ausgesuchten Kr\u00e4utern und \u00d6len angereichert, die f\u00fcr einen angenehmen Duft sorgen.","breadcrumb":{"@id":"https:\/\/www.doskar4equi.at\/produkt\/ammoniak-ex-1000-g\/#breadcrumb"},"inLanguage":"en-GB","potentialAction":[{"@type":"ReadAction","target":["https:\/\/www.doskar4equi.at\/produkt\/ammoniak-ex-1000-g\/"]}]},{"@type":"ImageObject","inLanguage":"en-GB","@id":"https:\/\/www.doskar4equi.at\/produkt\/ammoniak-ex-1000-g\/#primaryimage","url":"https:\/\/www.doskar4equi.at\/wp-content\/uploads\/2024\/06\/Ammoniak_Ex_1.000.webp","contentUrl":"https:\/\/www.doskar4equi.at\/wp-content\/uploads\/2024\/06\/Ammoniak_Ex_1.000.webp","width":1500,"height":1500,"caption":"Ammoniak Ex 1.000 g"},{"@type":"BreadcrumbList","@id":"https:\/\/www.doskar4equi.at\/produkt\/ammoniak-ex-1000-g\/#breadcrumb","itemListElement":[{"@type":"ListItem","position":1,"name":"Startseite","item":"https:\/\/www.doskar4equi.at\/"},{"@type":"ListItem","position":2,"name":"Shop","item":"https:\/\/www.doskar4equi.at\/shop\/"},{"@type":"ListItem","position":3,"name":"Ammoniak Ex 1.000 g"}]},{"@type":"WebSite","@id":"https:\/\/www.doskar4equi.at\/#website","url":"https:\/\/www.doskar4equi.at\/","name":"Doskar 4 Equi","description":"Pharmazeutisches Fachwissen","potentialAction":[{"@type":"SearchAction","target":{"@type":"EntryPoint","urlTemplate":"https:\/\/www.doskar4equi.at\/?s={search_term_string}"},"query-input":{"@type":"PropertyValueSpecification","valueRequired":true,"valueName":"search_term_string"}}],"inLanguage":"en-GB"}]}},"_links":{"self":[{"href":"https:\/\/www.doskar4equi.at\/en\/wp-json\/wp\/v2\/product\/284","targetHints":{"allow":["GET"]}}],"collection":[{"href":"https:\/\/www.doskar4equi.at\/en\/wp-json\/wp\/v2\/product"}],"about":[{"href":"https:\/\/www.doskar4equi.at\/en\/wp-json\/wp\/v2\/types\/product"}],"replies":[{"embeddable":true,"href":"https:\/\/www.doskar4equi.at\/en\/wp-json\/wp\/v2\/comments?post=284"}],"wp:featuredmedia":[{"embeddable":true,"href":"https:\/\/www.doskar4equi.at\/en\/wp-json\/wp\/v2\/media\/1585"}],"wp:attachment":[{"href":"https:\/\/www.doskar4equi.at\/en\/wp-json\/wp\/v2\/media?parent=284"}],"wp:term":[{"taxonomy":"product_brand","embeddable":true,"href":"https:\/\/www.doskar4equi.at\/en\/wp-json\/wp\/v2\/product_brand?post=284"},{"taxonomy":"product_cat","embeddable":true,"href":"https:\/\/www.doskar4equi.at\/en\/wp-json\/wp\/v2\/product_cat?post=284"},{"taxonomy":"product_tag","embeddable":true,"href":"https:\/\/www.doskar4equi.at\/en\/wp-json\/wp\/v2\/product_tag?post=284"}],"curies":[{"name":"wp","href":"https:\/\/api.w.org\/{rel}","templated":true}]}}