{"id":286,"date":"2023-07-31T19:08:38","date_gmt":"2023-07-31T19:08:38","guid":{"rendered":"https:\/\/devversion1.doskar4equi.at\/produkt\/doskar-circulatio-1-kg\/"},"modified":"2026-03-30T16:37:17","modified_gmt":"2026-03-30T16:37:17","slug":"circulatio","status":"publish","type":"product","link":"https:\/\/www.doskar4equi.at\/en\/product\/circulatio\/","title":{"rendered":"Circulatio 1.000 g"},"content":{"rendered":"<div class=\"tabbed-content\">\n\t\t\t\n\t\t\t<ul class=\"nav nav-tabs nav-uppercase nav-size-normal nav-left\" role=\"tablist\"><li id=\"tab-beschreibung\" class=\"tab active has-icon\" role=\"presentation\"><a href=\"#tab_beschreibung\" role=\"tab\" aria-selected=\"true\" aria-controls=\"tab_beschreibung\"><span>Product Description<\/span><\/a><\/li>\n<li id=\"tab-anwendung\" class=\"tab has-icon\" role=\"presentation\"><a href=\"#tab_anwendung\" tabindex=\"-1\" role=\"tab\" aria-selected=\"false\" aria-controls=\"tab_anwendung\"><span>Usage<\/span><\/a><\/li>\n<li id=\"tab-inhalt\" class=\"tab has-icon\" role=\"presentation\"><a href=\"#tab_inhalt\" tabindex=\"-1\" role=\"tab\" aria-selected=\"false\" aria-controls=\"tab_inhalt\"><span>Ingredients<\/span><\/a><\/li><\/ul><div class=\"tab-panels\"><div id=\"tab_beschreibung\" class=\"panel active entry-content\" role=\"tabpanel\" aria-labelledby=\"tab-beschreibung\">\n<p><span class=\"a_GcMg font-feature-liga-off font-feature-clig-off font-feature-calt-off text-decoration-none text-strikethrough-none\">Supplementary feed for horses<\/span><\/p>\n<h4 data-start=\"320\" data-end=\"373\"><strong>To support heart and circulatory function<\/strong><\/h4>\n<p data-start=\"375\" data-end=\"594\">Eine ausgewogene Herz- und Kreislauffunktion ist eine wichtige Grundlage f\u00fcr das allgemeine Wohlbefinden und die Belastbarkeit des Pferdes \u2013 insbesondere bei besonderen Anforderungen oder bei \u00e4lteren Pferden.<\/p>\n<p data-start=\"596\" data-end=\"796\">Diese sorgf\u00e4ltig abgestimmte Kr\u00e4utermischung von wurde auf Basis pharmazeutischen Fachwissens entwickelt und enth\u00e4lt bewusst ausgew\u00e4hlte Pflanzenstoffe in sinnvoller Zusammensetzung.<\/p>\n<p data-start=\"798\" data-end=\"826\">Enthaltene Bestandteile:<\/p>\n<ul data-start=\"827\" data-end=\"907\">\n<li data-start=\"827\" data-end=\"849\">\n<p data-start=\"829\" data-end=\"849\"><strong data-start=\"829\" data-end=\"847\">Hawthorn blossoms<\/strong><\/p>\n<\/li>\n<li data-start=\"850\" data-end=\"865\">\n<p data-start=\"852\" data-end=\"865\"><strong data-start=\"852\" data-end=\"863\">Lemon balm<\/strong><\/p>\n<\/li>\n<li data-start=\"866\" data-end=\"885\">\n<p data-start=\"868\" data-end=\"885\"><strong data-start=\"868\" data-end=\"883\">Motherwort<\/strong><\/p>\n<\/li>\n<li data-start=\"886\" data-end=\"907\">\n<p data-start=\"888\" data-end=\"907\"><strong data-start=\"888\" data-end=\"907\">Grape seed flour<\/strong><\/p>\n<\/li>\n<\/ul>\n<p data-start=\"909\" data-end=\"1188\">Die Rezeptur ist klar, reduziert und frei von unn\u00f6tigen Zus\u00e4tzen. Die enthaltenen Kr\u00e4uter werden traditionell zur ern\u00e4hrungsphysiologischen Unterst\u00fctzung der Herz- und Kreislauffunktion eingesetzt und eignen sich ideal als begleitende Erg\u00e4nzung im t\u00e4glichen F\u00fctterungsmanagement.<\/p>\n<p>This product is also suitable for long-term use.<\/p>\n<p>Suggested withdrawal time prior to competition: 48 hours<\/p>\n<p><img loading=\"lazy\" decoding=\"async\" class=\"alignnone wp-image-4374\" src=\"https:\/\/www.doskar4equi.at\/wp-content\/uploads\/2025\/09\/3-2-300x95.png\" alt=\"\" width=\"150\" height=\"48\" srcset=\"https:\/\/www.doskar4equi.at\/wp-content\/uploads\/2025\/09\/3-2-300x95.png 300w, https:\/\/www.doskar4equi.at\/wp-content\/uploads\/2025\/09\/3-2-scaled-510x162.png 510w, https:\/\/www.doskar4equi.at\/wp-content\/uploads\/2025\/09\/3-2-1024x326.png 1024w, https:\/\/www.doskar4equi.at\/wp-content\/uploads\/2025\/09\/3-2-768x244.png 768w, https:\/\/www.doskar4equi.at\/wp-content\/uploads\/2025\/09\/3-2-1536x489.png 1536w, https:\/\/www.doskar4equi.at\/wp-content\/uploads\/2025\/09\/3-2-2048x652.png 2048w, https:\/\/www.doskar4equi.at\/wp-content\/uploads\/2025\/09\/3-2-18x6.png 18w\" sizes=\"auto, (max-width: 150px) 100vw, 150px\" \/> <img loading=\"lazy\" decoding=\"async\" class=\"alignnone wp-image-4373\" src=\"https:\/\/www.doskar4equi.at\/wp-content\/uploads\/2025\/09\/4-300x95.png\" alt=\"\" width=\"150\" height=\"48\" srcset=\"https:\/\/www.doskar4equi.at\/wp-content\/uploads\/2025\/09\/4-300x95.png 300w, https:\/\/www.doskar4equi.at\/wp-content\/uploads\/2025\/09\/4-510x162.png 510w, https:\/\/www.doskar4equi.at\/wp-content\/uploads\/2025\/09\/4-1024x326.png 1024w, https:\/\/www.doskar4equi.at\/wp-content\/uploads\/2025\/09\/4-768x244.png 768w, https:\/\/www.doskar4equi.at\/wp-content\/uploads\/2025\/09\/4-1536x489.png 1536w, https:\/\/www.doskar4equi.at\/wp-content\/uploads\/2025\/09\/4-2048x652.png 2048w, https:\/\/www.doskar4equi.at\/wp-content\/uploads\/2025\/09\/4-18x6.png 18w\" sizes=\"auto, (max-width: 150px) 100vw, 150px\" \/><\/p>\n<\/div>\n<div id=\"tab_anwendung\" class=\"panel entry-content\" role=\"tabpanel\" aria-labelledby=\"tab-anwendung\">\n<p><strong>F\u00fctterungsempfehlung pro Tag:<\/strong><br \/>\nGro\u00dfpferde: 25 g<br \/>\n(entspricht ca. 3 schwach geh\u00e4uften Messl\u00f6ffeln)<br \/>\nEine Daueranwendung ist m\u00f6glich.<br \/>\nEine 1.000 g Dose reicht f\u00fcr ca. 35 Tage.<\/p>\n<\/div>\n<div id=\"tab_inhalt\" class=\"panel entry-content\" role=\"tabpanel\" aria-labelledby=\"tab-inhalt\">\n<p class=\"cvGsUA direction-ltr align-center para-style-body\"><strong><span class=\"a_GcMg font-feature-liga-off font-feature-clig-off font-feature-calt-off text-decoration-none text-strikethrough-none\">Composition: <\/span><\/strong><span class=\"a_GcMg font-feature-liga-off font-feature-clig-off font-feature-calt-off text-decoration-none text-strikethrough-none\">Grape seed flour, hawthorn petals, lemon balm leaves, motherwort leaves, grape seed oil<br \/>\n<\/span><strong><span class=\"a_GcMg font-feature-liga-off font-feature-clig-off font-feature-calt-off text-decoration-none text-strikethrough-none\">Analytical components and levels:<\/span><\/strong><span class=\"a_GcMg font-feature-liga-off font-feature-clig-off font-feature-calt-off text-decoration-none text-strikethrough-none\"> Rohprotein 10,6 %, Rohfett 11,0 %, Rohfaser 20,6 %, Rohasche 4,67 %, Feuchtigkeit 7,92 %, Omega-3-Fetts\u00e4uren 0,21 %, Natrium 115 mg\/kg, Magnesium 2.525 mg\/kg<br \/>\n<\/span><strong><span class=\"a_GcMg font-feature-liga-off font-feature-clig-off font-feature-calt-off text-decoration-none text-strikethrough-none\">Nutritional additives per kg: <\/span><\/strong><span class=\"a_GcMg font-feature-liga-off font-feature-clig-off font-feature-calt-off text-decoration-none text-strikethrough-none\">Vitamin B6 (pyridoxine hydrochloride) 0.77 mg, <\/span><span class=\"a_GcMg font-feature-liga-off font-feature-clig-off font-feature-calt-off text-decoration-none text-strikethrough-none\">Vitamin B12 (cyanocobalamin) 1.80 mg, vitamin E (all-rac-\u03b1-tocopheryl acetate) 83 mg<\/span><\/p>\n<p class=\"cvGsUA direction-ltr align-center para-style-body\"><span class=\"a_GcMg font-feature-liga-off font-feature-clig-off font-feature-calt-off text-decoration-none text-strikethrough-none\">Due to its higher vitamin content compared to complete feed, <\/span><span class=\"a_GcMg font-feature-liga-off font-feature-clig-off font-feature-calt-off text-decoration-none text-strikethrough-none\">this supplementary feed may only be fed up to 4% of the daily ration.<\/span><\/p>\n<p>Inhalt: 1.000 g<\/p>\n<\/div><\/div><\/div>","protected":false},"excerpt":{"rendered":"<h3><span style=\"color: #a9657e;\"><strong><br \/>\nTo support heart and circulatory function<\/strong><\/span><\/h3>\n<ul class=\"cst-bullet-points\">\n<li>Unterst\u00fctzt Herz- und Kreislauffunktion<\/li>\n<li>Mit Wei\u00dfdorn, Herzgespann und Melisse, erg\u00e4nzt durch Traubenkernmehl<\/li>\n<li>Mit Vitamin B6, B12 und Vitamin E<\/li>\n<\/ul>\n<p>Suggested withdrawal time prior to competition: 48 hours<\/p>\n<p><img loading=\"lazy\" decoding=\"async\" class=\"alignnone wp-image-4329\" src=\"https:\/\/www.doskar4equi.at\/wp-content\/uploads\/2024\/12\/2-300x300.png\" alt=\"\" width=\"120\" height=\"120\" srcset=\"https:\/\/www.doskar4equi.at\/wp-content\/uploads\/2024\/12\/2-300x300.png 300w, https:\/\/www.doskar4equi.at\/wp-content\/uploads\/2024\/12\/2-500x500.png 500w, https:\/\/www.doskar4equi.at\/wp-content\/uploads\/2024\/12\/2-100x100.png 100w, https:\/\/www.doskar4equi.at\/wp-content\/uploads\/2024\/12\/2-510x510.png 510w, https:\/\/www.doskar4equi.at\/wp-content\/uploads\/2024\/12\/2-150x150.png 150w, https:\/\/www.doskar4equi.at\/wp-content\/uploads\/2024\/12\/2-12x12.png 12w, https:\/\/www.doskar4equi.at\/wp-content\/uploads\/2024\/12\/2.png 700w\" sizes=\"auto, (max-width: 120px) 100vw, 120px\" \/> <img loading=\"lazy\" decoding=\"async\" class=\"alignnone wp-image-4328\" src=\"https:\/\/www.doskar4equi.at\/wp-content\/uploads\/2024\/12\/1-300x300.png\" alt=\"\" width=\"120\" height=\"120\" srcset=\"https:\/\/www.doskar4equi.at\/wp-content\/uploads\/2024\/12\/1-300x300.png 300w, https:\/\/www.doskar4equi.at\/wp-content\/uploads\/2024\/12\/1-500x500.png 500w, https:\/\/www.doskar4equi.at\/wp-content\/uploads\/2024\/12\/1-100x100.png 100w, https:\/\/www.doskar4equi.at\/wp-content\/uploads\/2024\/12\/1-510x510.png 510w, https:\/\/www.doskar4equi.at\/wp-content\/uploads\/2024\/12\/1-150x150.png 150w, https:\/\/www.doskar4equi.at\/wp-content\/uploads\/2024\/12\/1-12x12.png 12w, https:\/\/www.doskar4equi.at\/wp-content\/uploads\/2024\/12\/1.png 700w\" sizes=\"auto, (max-width: 120px) 100vw, 120px\" \/> <img loading=\"lazy\" decoding=\"async\" class=\"alignnone wp-image-4340\" src=\"https:\/\/www.doskar4equi.at\/wp-content\/uploads\/2023\/07\/Icons-1080-x-300-px-700-x-900-px-700-x-700-px-300x300.png\" alt=\"\" width=\"120\" height=\"120\" srcset=\"https:\/\/www.doskar4equi.at\/wp-content\/uploads\/2023\/07\/Icons-1080-x-300-px-700-x-900-px-700-x-700-px-300x300.png 300w, https:\/\/www.doskar4equi.at\/wp-content\/uploads\/2023\/07\/Icons-1080-x-300-px-700-x-900-px-700-x-700-px-500x500.png 500w, https:\/\/www.doskar4equi.at\/wp-content\/uploads\/2023\/07\/Icons-1080-x-300-px-700-x-900-px-700-x-700-px-100x100.png 100w, https:\/\/www.doskar4equi.at\/wp-content\/uploads\/2023\/07\/Icons-1080-x-300-px-700-x-900-px-700-x-700-px-510x510.png 510w, https:\/\/www.doskar4equi.at\/wp-content\/uploads\/2023\/07\/Icons-1080-x-300-px-700-x-900-px-700-x-700-px-150x150.png 150w, https:\/\/www.doskar4equi.at\/wp-content\/uploads\/2023\/07\/Icons-1080-x-300-px-700-x-900-px-700-x-700-px-12x12.png 12w, https:\/\/www.doskar4equi.at\/wp-content\/uploads\/2023\/07\/Icons-1080-x-300-px-700-x-900-px-700-x-700-px.png 700w\" sizes=\"auto, (max-width: 120px) 100vw, 120px\" \/><\/p>","protected":false},"featured_media":4026,"comment_status":"open","ping_status":"closed","template":"","meta":[],"product_brand":[],"product_cat":[34],"product_tag":[],"class_list":{"0":"post-286","1":"product","2":"type-product","3":"status-publish","4":"has-post-thumbnail","6":"product_cat-vitamine-mineralstoffe","8":"first","9":"instock","10":"taxable","11":"shipping-taxable","12":"purchasable","13":"product-type-simple"},"yoast_head":"<!-- This site is optimized with the Yoast SEO plugin v27.3 - https:\/\/yoast.com\/product\/yoast-seo-wordpress\/ -->\n<title>Circulatio 1.000 g - Doskar 4 Equi<\/title>\n<meta name=\"description\" content=\"Unser DOSKAR 4 EQUI Circulatio dient zur optimalen Unterst\u00fctzung der Herz- und Kreislauffunktion.\" \/>\n<meta name=\"robots\" content=\"index, follow, max-snippet:-1, max-image-preview:large, max-video-preview:-1\" \/>\n<link rel=\"canonical\" href=\"https:\/\/www.doskar4equi.at\/en\/product\/circulatio\/\" \/>\n<meta property=\"og:locale\" content=\"en_GB\" \/>\n<meta property=\"og:type\" content=\"article\" \/>\n<meta property=\"og:title\" content=\"Circulatio 1.000 g - Doskar 4 Equi\" \/>\n<meta property=\"og:description\" content=\"Unser DOSKAR 4 EQUI Circulatio dient zur optimalen Unterst\u00fctzung der Herz- und Kreislauffunktion.\" \/>\n<meta property=\"og:url\" content=\"https:\/\/www.doskar4equi.at\/en\/product\/circulatio\/\" \/>\n<meta property=\"og:site_name\" content=\"Doskar 4 Equi\" \/>\n<meta property=\"article:modified_time\" content=\"2026-03-30T16:37:17+00:00\" \/>\n<meta property=\"og:image\" content=\"https:\/\/www.doskar4equi.at\/wp-content\/uploads\/2023\/07\/Circulatio.jpg\" \/>\n\t<meta property=\"og:image:width\" content=\"1200\" \/>\n\t<meta property=\"og:image:height\" content=\"1200\" \/>\n\t<meta property=\"og:image:type\" content=\"image\/jpeg\" \/>\n<meta name=\"twitter:card\" content=\"summary_large_image\" \/>\n<meta name=\"twitter:label1\" content=\"Estimated reading time\" \/>\n\t<meta name=\"twitter:data1\" content=\"2 minutes\" \/>\n<script type=\"application\/ld+json\" class=\"yoast-schema-graph\">{\"@context\":\"https:\\\/\\\/schema.org\",\"@graph\":[{\"@type\":\"WebPage\",\"@id\":\"https:\\\/\\\/www.doskar4equi.at\\\/produkt\\\/circulatio\\\/\",\"url\":\"https:\\\/\\\/www.doskar4equi.at\\\/produkt\\\/circulatio\\\/\",\"name\":\"Circulatio 1.000 g - Doskar 4 Equi\",\"isPartOf\":{\"@id\":\"https:\\\/\\\/www.doskar4equi.at\\\/#website\"},\"primaryImageOfPage\":{\"@id\":\"https:\\\/\\\/www.doskar4equi.at\\\/produkt\\\/circulatio\\\/#primaryimage\"},\"image\":{\"@id\":\"https:\\\/\\\/www.doskar4equi.at\\\/produkt\\\/circulatio\\\/#primaryimage\"},\"thumbnailUrl\":\"https:\\\/\\\/www.doskar4equi.at\\\/wp-content\\\/uploads\\\/2023\\\/07\\\/Circulatio.jpg\",\"datePublished\":\"2023-07-31T19:08:38+00:00\",\"dateModified\":\"2026-03-30T16:37:17+00:00\",\"description\":\"Unser DOSKAR 4 EQUI Circulatio dient zur optimalen Unterst\u00fctzung der Herz- und Kreislauffunktion.\",\"breadcrumb\":{\"@id\":\"https:\\\/\\\/www.doskar4equi.at\\\/produkt\\\/circulatio\\\/#breadcrumb\"},\"inLanguage\":\"en-GB\",\"potentialAction\":[{\"@type\":\"ReadAction\",\"target\":[\"https:\\\/\\\/www.doskar4equi.at\\\/produkt\\\/circulatio\\\/\"]}]},{\"@type\":\"ImageObject\",\"inLanguage\":\"en-GB\",\"@id\":\"https:\\\/\\\/www.doskar4equi.at\\\/produkt\\\/circulatio\\\/#primaryimage\",\"url\":\"https:\\\/\\\/www.doskar4equi.at\\\/wp-content\\\/uploads\\\/2023\\\/07\\\/Circulatio.jpg\",\"contentUrl\":\"https:\\\/\\\/www.doskar4equi.at\\\/wp-content\\\/uploads\\\/2023\\\/07\\\/Circulatio.jpg\",\"width\":1200,\"height\":1200},{\"@type\":\"BreadcrumbList\",\"@id\":\"https:\\\/\\\/www.doskar4equi.at\\\/produkt\\\/circulatio\\\/#breadcrumb\",\"itemListElement\":[{\"@type\":\"ListItem\",\"position\":1,\"name\":\"Startseite\",\"item\":\"https:\\\/\\\/www.doskar4equi.at\\\/\"},{\"@type\":\"ListItem\",\"position\":2,\"name\":\"Shop\",\"item\":\"https:\\\/\\\/www.doskar4equi.at\\\/shop\\\/\"},{\"@type\":\"ListItem\",\"position\":3,\"name\":\"Circulatio 1.000 g\"}]},{\"@type\":\"WebSite\",\"@id\":\"https:\\\/\\\/www.doskar4equi.at\\\/#website\",\"url\":\"https:\\\/\\\/www.doskar4equi.at\\\/\",\"name\":\"Doskar 4 Equi\",\"description\":\"Pharmazeutisches Fachwissen\",\"potentialAction\":[{\"@type\":\"SearchAction\",\"target\":{\"@type\":\"EntryPoint\",\"urlTemplate\":\"https:\\\/\\\/www.doskar4equi.at\\\/?s={search_term_string}\"},\"query-input\":{\"@type\":\"PropertyValueSpecification\",\"valueRequired\":true,\"valueName\":\"search_term_string\"}}],\"inLanguage\":\"en-GB\"}]}<\/script>\n<!-- \/ Yoast SEO plugin. -->","yoast_head_json":{"title":"Circulatio 1.000 g - Doskar 4 Equi","description":"Unser DOSKAR 4 EQUI Circulatio dient zur optimalen Unterst\u00fctzung der Herz- und Kreislauffunktion.","robots":{"index":"index","follow":"follow","max-snippet":"max-snippet:-1","max-image-preview":"max-image-preview:large","max-video-preview":"max-video-preview:-1"},"canonical":"https:\/\/www.doskar4equi.at\/en\/product\/circulatio\/","og_locale":"en_GB","og_type":"article","og_title":"Circulatio 1.000 g - Doskar 4 Equi","og_description":"Unser DOSKAR 4 EQUI Circulatio dient zur optimalen Unterst\u00fctzung der Herz- und Kreislauffunktion.","og_url":"https:\/\/www.doskar4equi.at\/en\/product\/circulatio\/","og_site_name":"Doskar 4 Equi","article_modified_time":"2026-03-30T16:37:17+00:00","og_image":[{"width":1200,"height":1200,"url":"https:\/\/www.doskar4equi.at\/wp-content\/uploads\/2023\/07\/Circulatio.jpg","type":"image\/jpeg"}],"twitter_card":"summary_large_image","twitter_misc":{"Estimated reading time":"2 minutes"},"schema":{"@context":"https:\/\/schema.org","@graph":[{"@type":"WebPage","@id":"https:\/\/www.doskar4equi.at\/produkt\/circulatio\/","url":"https:\/\/www.doskar4equi.at\/produkt\/circulatio\/","name":"Circulatio 1.000 g - Doskar 4 Equi","isPartOf":{"@id":"https:\/\/www.doskar4equi.at\/#website"},"primaryImageOfPage":{"@id":"https:\/\/www.doskar4equi.at\/produkt\/circulatio\/#primaryimage"},"image":{"@id":"https:\/\/www.doskar4equi.at\/produkt\/circulatio\/#primaryimage"},"thumbnailUrl":"https:\/\/www.doskar4equi.at\/wp-content\/uploads\/2023\/07\/Circulatio.jpg","datePublished":"2023-07-31T19:08:38+00:00","dateModified":"2026-03-30T16:37:17+00:00","description":"Unser DOSKAR 4 EQUI Circulatio dient zur optimalen Unterst\u00fctzung der Herz- und Kreislauffunktion.","breadcrumb":{"@id":"https:\/\/www.doskar4equi.at\/produkt\/circulatio\/#breadcrumb"},"inLanguage":"en-GB","potentialAction":[{"@type":"ReadAction","target":["https:\/\/www.doskar4equi.at\/produkt\/circulatio\/"]}]},{"@type":"ImageObject","inLanguage":"en-GB","@id":"https:\/\/www.doskar4equi.at\/produkt\/circulatio\/#primaryimage","url":"https:\/\/www.doskar4equi.at\/wp-content\/uploads\/2023\/07\/Circulatio.jpg","contentUrl":"https:\/\/www.doskar4equi.at\/wp-content\/uploads\/2023\/07\/Circulatio.jpg","width":1200,"height":1200},{"@type":"BreadcrumbList","@id":"https:\/\/www.doskar4equi.at\/produkt\/circulatio\/#breadcrumb","itemListElement":[{"@type":"ListItem","position":1,"name":"Startseite","item":"https:\/\/www.doskar4equi.at\/"},{"@type":"ListItem","position":2,"name":"Shop","item":"https:\/\/www.doskar4equi.at\/shop\/"},{"@type":"ListItem","position":3,"name":"Circulatio 1.000 g"}]},{"@type":"WebSite","@id":"https:\/\/www.doskar4equi.at\/#website","url":"https:\/\/www.doskar4equi.at\/","name":"Doskar 4 Equi","description":"Pharmazeutisches Fachwissen","potentialAction":[{"@type":"SearchAction","target":{"@type":"EntryPoint","urlTemplate":"https:\/\/www.doskar4equi.at\/?s={search_term_string}"},"query-input":{"@type":"PropertyValueSpecification","valueRequired":true,"valueName":"search_term_string"}}],"inLanguage":"en-GB"}]}},"_links":{"self":[{"href":"https:\/\/www.doskar4equi.at\/en\/wp-json\/wp\/v2\/product\/286","targetHints":{"allow":["GET"]}}],"collection":[{"href":"https:\/\/www.doskar4equi.at\/en\/wp-json\/wp\/v2\/product"}],"about":[{"href":"https:\/\/www.doskar4equi.at\/en\/wp-json\/wp\/v2\/types\/product"}],"replies":[{"embeddable":true,"href":"https:\/\/www.doskar4equi.at\/en\/wp-json\/wp\/v2\/comments?post=286"}],"wp:featuredmedia":[{"embeddable":true,"href":"https:\/\/www.doskar4equi.at\/en\/wp-json\/wp\/v2\/media\/4026"}],"wp:attachment":[{"href":"https:\/\/www.doskar4equi.at\/en\/wp-json\/wp\/v2\/media?parent=286"}],"wp:term":[{"taxonomy":"product_brand","embeddable":true,"href":"https:\/\/www.doskar4equi.at\/en\/wp-json\/wp\/v2\/product_brand?post=286"},{"taxonomy":"product_cat","embeddable":true,"href":"https:\/\/www.doskar4equi.at\/en\/wp-json\/wp\/v2\/product_cat?post=286"},{"taxonomy":"product_tag","embeddable":true,"href":"https:\/\/www.doskar4equi.at\/en\/wp-json\/wp\/v2\/product_tag?post=286"}],"curies":[{"name":"wp","href":"https:\/\/api.w.org\/{rel}","templated":true}]}}