{"id":2875,"date":"2024-09-04T21:06:04","date_gmt":"2024-09-04T21:06:04","guid":{"rendered":"https:\/\/www.doskar4equi.at\/?post_type=product&#038;p=2875"},"modified":"2026-04-13T21:54:14","modified_gmt":"2026-04-13T21:54:14","slug":"liquid-msm-glucosamin","status":"publish","type":"product","link":"https:\/\/www.doskar4equi.at\/en\/product\/liquid-msm-glucosamin\/","title":{"rendered":"MSM &#038; Glucosamin Liquid"},"content":{"rendered":"<div class=\"tabbed-content\">\n\t\t\t\n\t\t\t<ul class=\"nav nav-tabs nav-uppercase nav-size-normal nav-left\" role=\"tablist\"><li id=\"tab-beschreibung\" class=\"tab active has-icon\" role=\"presentation\"><a href=\"#tab_beschreibung\" role=\"tab\" aria-selected=\"true\" aria-controls=\"tab_beschreibung\"><span>Product Description<\/span><\/a><\/li>\n<li id=\"tab-anwendung\" class=\"tab has-icon\" role=\"presentation\"><a href=\"#tab_anwendung\" tabindex=\"-1\" role=\"tab\" aria-selected=\"false\" aria-controls=\"tab_anwendung\"><span>Usage<\/span><\/a><\/li>\n<li id=\"tab-inhalt\" class=\"tab has-icon\" role=\"presentation\"><a href=\"#tab_inhalt\" tabindex=\"-1\" role=\"tab\" aria-selected=\"false\" aria-controls=\"tab_inhalt\"><span>Ingredients<\/span><\/a><\/li><\/ul><div class=\"tab-panels\"><div id=\"tab_beschreibung\" class=\"panel active entry-content\" role=\"tabpanel\" aria-labelledby=\"tab-beschreibung\">\n<h4 class=\"font-claude-response-body break-words whitespace-normal leading-&#091;1.7&#093;\"><strong>Das Gelenk-Duo: MSM &amp; Glucosamin &#8211; hochdosiert &amp; fl\u00fcssig<\/strong><\/h4>\n<p class=\"font-claude-response-body break-words whitespace-normal leading-&#091;1.7&#093;\"><strong>MSM<\/strong> &#8211; organischer Schwefel f\u00fcr Knorpel, Sehnen &amp; Hufe Schwefel ist ein unverzichtbarer Baustein im K\u00f6rper des Pferdes &#8211; f\u00fcr die Stabilit\u00e4t von Knorpel, Sehnen, B\u00e4ndern, Hufen und Fell. MSM liefert diesen Schwefel in organischer, bestens verwertbarer Form und unterst\u00fctzt gezielt dort, wo Belastung und Verschlei\u00df angreifen.<\/p>\n<p class=\"font-claude-response-body break-words whitespace-normal leading-&#091;1.7&#093;\"><strong>Glucosamin<\/strong> &#8211; der Knorpelbaustein Glucosamin ist der nat\u00fcrliche Grundbaustoff f\u00fcr Knorpel, Sehnen und B\u00e4nder. Es regt die k\u00f6rpereigene Produktion von Knorpelbausteinen an, erh\u00e4lt die Gelenkfl\u00fcssigkeit und sorgt damit f\u00fcr geschmeidige, gut geschmierte Gelenke &#8211; auch unter Belastung.<\/p>\n<p><img loading=\"lazy\" decoding=\"async\" class=\"alignnone wp-image-4374\" src=\"https:\/\/www.doskar4equi.at\/wp-content\/uploads\/2025\/09\/3-2-300x95.png\" alt=\"\" width=\"150\" height=\"48\" srcset=\"https:\/\/www.doskar4equi.at\/wp-content\/uploads\/2025\/09\/3-2-300x95.png 300w, https:\/\/www.doskar4equi.at\/wp-content\/uploads\/2025\/09\/3-2-scaled-510x162.png 510w, https:\/\/www.doskar4equi.at\/wp-content\/uploads\/2025\/09\/3-2-1024x326.png 1024w, https:\/\/www.doskar4equi.at\/wp-content\/uploads\/2025\/09\/3-2-768x244.png 768w, https:\/\/www.doskar4equi.at\/wp-content\/uploads\/2025\/09\/3-2-1536x489.png 1536w, https:\/\/www.doskar4equi.at\/wp-content\/uploads\/2025\/09\/3-2-2048x652.png 2048w, https:\/\/www.doskar4equi.at\/wp-content\/uploads\/2025\/09\/3-2-18x6.png 18w\" sizes=\"auto, (max-width: 150px) 100vw, 150px\" \/> <img loading=\"lazy\" decoding=\"async\" class=\"alignnone wp-image-4373\" src=\"https:\/\/www.doskar4equi.at\/wp-content\/uploads\/2025\/09\/4-300x95.png\" alt=\"\" width=\"150\" height=\"48\" srcset=\"https:\/\/www.doskar4equi.at\/wp-content\/uploads\/2025\/09\/4-300x95.png 300w, https:\/\/www.doskar4equi.at\/wp-content\/uploads\/2025\/09\/4-510x162.png 510w, https:\/\/www.doskar4equi.at\/wp-content\/uploads\/2025\/09\/4-1024x326.png 1024w, https:\/\/www.doskar4equi.at\/wp-content\/uploads\/2025\/09\/4-768x244.png 768w, https:\/\/www.doskar4equi.at\/wp-content\/uploads\/2025\/09\/4-1536x489.png 1536w, https:\/\/www.doskar4equi.at\/wp-content\/uploads\/2025\/09\/4-2048x652.png 2048w, https:\/\/www.doskar4equi.at\/wp-content\/uploads\/2025\/09\/4-18x6.png 18w\" sizes=\"auto, (max-width: 150px) 100vw, 150px\" \/><\/p>\n<\/div>\n<div id=\"tab_anwendung\" class=\"panel entry-content\" role=\"tabpanel\" aria-labelledby=\"tab-anwendung\">\n<p><b>F\u00fctterungsempfehlung pro Tag:\u00a0<\/b>Horses: 30 ml<br \/>\nPonys: 15 ml<\/p>\n<\/div>\n<div id=\"tab_inhalt\" class=\"panel entry-content\" role=\"tabpanel\" aria-labelledby=\"tab-inhalt\">\n<p><strong>Composition:<\/strong><br \/>\n<span class=\"OYPEnA font-feature-liga-off font-feature-clig-off font-feature-calt-off text-decoration-none text-strikethrough-none\">10% methylsulfonylmethane, 10% glucosamine, propylene glycol, magnesium chloride<\/span><\/p>\n<p><b>Additives per litre:<br \/>\n<\/b><span class=\"OYPEnA font-feature-liga-off font-feature-clig-off font-feature-calt-off text-decoration-none text-strikethrough-none\">Technological additives: sodium propionate (1k281), potassium sorbate (1k202)<\/span> <span class=\"OYPEnA font-feature-liga-off font-feature-clig-off font-feature-calt-off text-decoration-none text-strikethrough-none\">2,500 mg, sodium ascorbate (1b301), xanthan gum (E415)<br \/>\n<\/span><span class=\"OYPEnA font-feature-liga-off font-feature-clig-off font-feature-calt-off text-decoration-none text-strikethrough-none\">Sensory additives: Vanillin (2b05018) 3,000 mg<\/span><\/p>\n<p><b>Analytical components and levels:<\/b><br \/>\n<span class=\"OYPEnA font-feature-liga-off font-feature-clig-off font-feature-calt-off text-decoration-none text-strikethrough-none\">Crude protein 9.50%, crude fat 0.00%, crude fibre 0.00%, crude ash 0.85%, sodium 0.10%, moisture 86.30%<\/span><\/p>\n<\/div><\/div><\/div>","protected":false},"excerpt":{"rendered":"<h3><span style=\"color: #a9657e;\"><strong><br \/>\nStrukturelle Versorgung f\u00fcr Gelenke und Bindegewebe<br \/>\n<\/strong><\/span><\/h3>\n<ul class=\"cst-bullet-points\">\n<li class=\"cvGsUA direction-ltr align-center para-style-body\"><span class=\"a_GcMg font-feature-liga-off font-feature-clig-off font-feature-calt-off text-decoration-none text-strikethrough-none\">Zur Unterst\u00fctzung von Gelenken, Knorpelgewebe, Sehnen und Bindegewebe<\/span><\/li>\n<li class=\"cvGsUA direction-ltr align-center para-style-body\"><span class=\"a_GcMg font-feature-liga-off font-feature-clig-off font-feature-calt-off text-decoration-none text-strikethrough-none\">Liefert wertvolle Bausteine f\u00fcr strukturbildende Gewebe und begleitet <\/span><span class=\"a_GcMg font-feature-liga-off font-feature-clig-off font-feature-calt-off text-decoration-none text-strikethrough-none\">die nat\u00fcrliche Gelenkfunktion<\/span><\/li>\n<li>Mit MSM &amp; Glucosamin in hochdosierter Form<\/li>\n<\/ul>\n<p><strong>FEI Clean Sport: approved \/ ADMR: approved<\/strong><\/p>\n<p><img loading=\"lazy\" decoding=\"async\" class=\"alignnone wp-image-4329\" src=\"https:\/\/www.doskar4equi.at\/wp-content\/uploads\/2024\/12\/2-300x300.png\" alt=\"\" width=\"120\" height=\"120\" srcset=\"https:\/\/www.doskar4equi.at\/wp-content\/uploads\/2024\/12\/2-300x300.png 300w, https:\/\/www.doskar4equi.at\/wp-content\/uploads\/2024\/12\/2-500x500.png 500w, https:\/\/www.doskar4equi.at\/wp-content\/uploads\/2024\/12\/2-100x100.png 100w, https:\/\/www.doskar4equi.at\/wp-content\/uploads\/2024\/12\/2-510x510.png 510w, https:\/\/www.doskar4equi.at\/wp-content\/uploads\/2024\/12\/2-150x150.png 150w, https:\/\/www.doskar4equi.at\/wp-content\/uploads\/2024\/12\/2-12x12.png 12w, https:\/\/www.doskar4equi.at\/wp-content\/uploads\/2024\/12\/2.png 700w\" sizes=\"auto, (max-width: 120px) 100vw, 120px\" \/> <img loading=\"lazy\" decoding=\"async\" class=\"alignnone wp-image-4328\" src=\"https:\/\/www.doskar4equi.at\/wp-content\/uploads\/2024\/12\/1-300x300.png\" alt=\"\" width=\"120\" height=\"120\" srcset=\"https:\/\/www.doskar4equi.at\/wp-content\/uploads\/2024\/12\/1-300x300.png 300w, https:\/\/www.doskar4equi.at\/wp-content\/uploads\/2024\/12\/1-500x500.png 500w, https:\/\/www.doskar4equi.at\/wp-content\/uploads\/2024\/12\/1-100x100.png 100w, https:\/\/www.doskar4equi.at\/wp-content\/uploads\/2024\/12\/1-510x510.png 510w, https:\/\/www.doskar4equi.at\/wp-content\/uploads\/2024\/12\/1-150x150.png 150w, https:\/\/www.doskar4equi.at\/wp-content\/uploads\/2024\/12\/1-12x12.png 12w, https:\/\/www.doskar4equi.at\/wp-content\/uploads\/2024\/12\/1.png 700w\" sizes=\"auto, (max-width: 120px) 100vw, 120px\" \/> <img loading=\"lazy\" decoding=\"async\" class=\"alignnone wp-image-4342\" src=\"https:\/\/www.doskar4equi.at\/wp-content\/uploads\/2025\/06\/Icons-1080-x-300-px-700-x-900-px-700-x-700-px-2-300x300.png\" alt=\"\" width=\"120\" height=\"120\" srcset=\"https:\/\/www.doskar4equi.at\/wp-content\/uploads\/2025\/06\/Icons-1080-x-300-px-700-x-900-px-700-x-700-px-2-300x300.png 300w, https:\/\/www.doskar4equi.at\/wp-content\/uploads\/2025\/06\/Icons-1080-x-300-px-700-x-900-px-700-x-700-px-2-500x500.png 500w, https:\/\/www.doskar4equi.at\/wp-content\/uploads\/2025\/06\/Icons-1080-x-300-px-700-x-900-px-700-x-700-px-2-100x100.png 100w, https:\/\/www.doskar4equi.at\/wp-content\/uploads\/2025\/06\/Icons-1080-x-300-px-700-x-900-px-700-x-700-px-2-510x510.png 510w, https:\/\/www.doskar4equi.at\/wp-content\/uploads\/2025\/06\/Icons-1080-x-300-px-700-x-900-px-700-x-700-px-2-150x150.png 150w, https:\/\/www.doskar4equi.at\/wp-content\/uploads\/2025\/06\/Icons-1080-x-300-px-700-x-900-px-700-x-700-px-2-12x12.png 12w, https:\/\/www.doskar4equi.at\/wp-content\/uploads\/2025\/06\/Icons-1080-x-300-px-700-x-900-px-700-x-700-px-2.png 700w\" sizes=\"auto, (max-width: 120px) 100vw, 120px\" \/><\/p>","protected":false},"featured_media":4681,"comment_status":"open","ping_status":"closed","template":"","meta":[],"product_brand":[],"product_cat":[37,39],"product_tag":[],"class_list":{"0":"post-2875","1":"product","2":"type-product","3":"status-publish","4":"has-post-thumbnail","6":"product_cat-bewegungsapparat","7":"product_cat-liquids","9":"first","10":"instock","11":"taxable","12":"shipping-taxable","13":"purchasable","14":"product-type-simple"},"yoast_head":"<!-- This site is optimized with the Yoast SEO plugin v27.4 - https:\/\/yoast.com\/product\/yoast-seo-wordpress\/ -->\n<title>MSM &amp; Glucosamin Liquid - Doskar 4 Equi<\/title>\n<meta name=\"description\" content=\"Unterst\u00fctzt die Gelenkgesundheit und Beweglichkeit. MSM f\u00f6rdert die Regeneration von Knorpelgewebe und Glucosamin hilft, die Gelenkfunktion zu erhalten. Die fl\u00fcssige Formulierung sorgt f\u00fcr eine schnelle und effektive Aufnahme, ideal f\u00fcr Pferde mit Gelenkproblemen oder intensiver k\u00f6rperlicher Belastung.\" \/>\n<meta name=\"robots\" content=\"index, follow, max-snippet:-1, max-image-preview:large, max-video-preview:-1\" \/>\n<link rel=\"canonical\" href=\"https:\/\/www.doskar4equi.at\/en\/product\/liquid-msm-glucosamin\/\" \/>\n<meta property=\"og:locale\" content=\"en_GB\" \/>\n<meta property=\"og:type\" content=\"article\" \/>\n<meta property=\"og:title\" content=\"MSM &amp; Glucosamin Liquid - Doskar 4 Equi\" \/>\n<meta property=\"og:description\" content=\"Unterst\u00fctzt die Gelenkgesundheit und Beweglichkeit. MSM f\u00f6rdert die Regeneration von Knorpelgewebe und Glucosamin hilft, die Gelenkfunktion zu erhalten. Die fl\u00fcssige Formulierung sorgt f\u00fcr eine schnelle und effektive Aufnahme, ideal f\u00fcr Pferde mit Gelenkproblemen oder intensiver k\u00f6rperlicher Belastung.\" \/>\n<meta property=\"og:url\" content=\"https:\/\/www.doskar4equi.at\/en\/product\/liquid-msm-glucosamin\/\" \/>\n<meta property=\"og:site_name\" content=\"Doskar 4 Equi\" \/>\n<meta property=\"article:modified_time\" content=\"2026-04-13T21:54:14+00:00\" \/>\n<meta property=\"og:image\" content=\"https:\/\/www.doskar4equi.at\/wp-content\/uploads\/2026\/03\/21.png\" \/>\n\t<meta property=\"og:image:width\" content=\"1020\" \/>\n\t<meta property=\"og:image:height\" content=\"1000\" \/>\n\t<meta property=\"og:image:type\" content=\"image\/png\" \/>\n<meta name=\"twitter:card\" content=\"summary_large_image\" \/>\n<meta name=\"twitter:label1\" content=\"Estimated reading time\" \/>\n\t<meta name=\"twitter:data1\" content=\"2 minutes\" \/>\n<script type=\"application\/ld+json\" class=\"yoast-schema-graph\">{\"@context\":\"https:\\\/\\\/schema.org\",\"@graph\":[{\"@type\":\"WebPage\",\"@id\":\"https:\\\/\\\/www.doskar4equi.at\\\/produkt\\\/liquid-msm-glucosamin\\\/\",\"url\":\"https:\\\/\\\/www.doskar4equi.at\\\/produkt\\\/liquid-msm-glucosamin\\\/\",\"name\":\"MSM & Glucosamin Liquid - Doskar 4 Equi\",\"isPartOf\":{\"@id\":\"https:\\\/\\\/www.doskar4equi.at\\\/#website\"},\"primaryImageOfPage\":{\"@id\":\"https:\\\/\\\/www.doskar4equi.at\\\/produkt\\\/liquid-msm-glucosamin\\\/#primaryimage\"},\"image\":{\"@id\":\"https:\\\/\\\/www.doskar4equi.at\\\/produkt\\\/liquid-msm-glucosamin\\\/#primaryimage\"},\"thumbnailUrl\":\"https:\\\/\\\/www.doskar4equi.at\\\/wp-content\\\/uploads\\\/2026\\\/03\\\/21.png\",\"datePublished\":\"2024-09-04T21:06:04+00:00\",\"dateModified\":\"2026-04-13T21:54:14+00:00\",\"description\":\"Unterst\u00fctzt die Gelenkgesundheit und Beweglichkeit. MSM f\u00f6rdert die Regeneration von Knorpelgewebe und Glucosamin hilft, die Gelenkfunktion zu erhalten. Die fl\u00fcssige Formulierung sorgt f\u00fcr eine schnelle und effektive Aufnahme, ideal f\u00fcr Pferde mit Gelenkproblemen oder intensiver k\u00f6rperlicher Belastung.\",\"breadcrumb\":{\"@id\":\"https:\\\/\\\/www.doskar4equi.at\\\/produkt\\\/liquid-msm-glucosamin\\\/#breadcrumb\"},\"inLanguage\":\"en-GB\",\"potentialAction\":[{\"@type\":\"ReadAction\",\"target\":[\"https:\\\/\\\/www.doskar4equi.at\\\/produkt\\\/liquid-msm-glucosamin\\\/\"]}]},{\"@type\":\"ImageObject\",\"inLanguage\":\"en-GB\",\"@id\":\"https:\\\/\\\/www.doskar4equi.at\\\/produkt\\\/liquid-msm-glucosamin\\\/#primaryimage\",\"url\":\"https:\\\/\\\/www.doskar4equi.at\\\/wp-content\\\/uploads\\\/2026\\\/03\\\/21.png\",\"contentUrl\":\"https:\\\/\\\/www.doskar4equi.at\\\/wp-content\\\/uploads\\\/2026\\\/03\\\/21.png\",\"width\":1020,\"height\":1000},{\"@type\":\"BreadcrumbList\",\"@id\":\"https:\\\/\\\/www.doskar4equi.at\\\/produkt\\\/liquid-msm-glucosamin\\\/#breadcrumb\",\"itemListElement\":[{\"@type\":\"ListItem\",\"position\":1,\"name\":\"Startseite\",\"item\":\"https:\\\/\\\/www.doskar4equi.at\\\/\"},{\"@type\":\"ListItem\",\"position\":2,\"name\":\"Shop\",\"item\":\"https:\\\/\\\/www.doskar4equi.at\\\/shop\\\/\"},{\"@type\":\"ListItem\",\"position\":3,\"name\":\"MSM &#038; Glucosamin Liquid\"}]},{\"@type\":\"WebSite\",\"@id\":\"https:\\\/\\\/www.doskar4equi.at\\\/#website\",\"url\":\"https:\\\/\\\/www.doskar4equi.at\\\/\",\"name\":\"Doskar 4 Equi\",\"description\":\"Pharmazeutisches Fachwissen\",\"potentialAction\":[{\"@type\":\"SearchAction\",\"target\":{\"@type\":\"EntryPoint\",\"urlTemplate\":\"https:\\\/\\\/www.doskar4equi.at\\\/?s={search_term_string}\"},\"query-input\":{\"@type\":\"PropertyValueSpecification\",\"valueRequired\":true,\"valueName\":\"search_term_string\"}}],\"inLanguage\":\"en-GB\"}]}<\/script>\n<!-- \/ Yoast SEO plugin. -->","yoast_head_json":{"title":"MSM & Glucosamin Liquid - Doskar 4 Equi","description":"Supports joint health and mobility. MSM promotes the regeneration of cartilage tissue and glucosamine helps maintain joint function. The liquid formulation ensures fast and effective absorption, ideal for horses with joint problems or intense physical exertion.","robots":{"index":"index","follow":"follow","max-snippet":"max-snippet:-1","max-image-preview":"max-image-preview:large","max-video-preview":"max-video-preview:-1"},"canonical":"https:\/\/www.doskar4equi.at\/en\/product\/liquid-msm-glucosamin\/","og_locale":"en_GB","og_type":"article","og_title":"MSM & Glucosamin Liquid - Doskar 4 Equi","og_description":"Unterst\u00fctzt die Gelenkgesundheit und Beweglichkeit. MSM f\u00f6rdert die Regeneration von Knorpelgewebe und Glucosamin hilft, die Gelenkfunktion zu erhalten. Die fl\u00fcssige Formulierung sorgt f\u00fcr eine schnelle und effektive Aufnahme, ideal f\u00fcr Pferde mit Gelenkproblemen oder intensiver k\u00f6rperlicher Belastung.","og_url":"https:\/\/www.doskar4equi.at\/en\/product\/liquid-msm-glucosamin\/","og_site_name":"Doskar 4 Equi","article_modified_time":"2026-04-13T21:54:14+00:00","og_image":[{"width":1020,"height":1000,"url":"https:\/\/www.doskar4equi.at\/wp-content\/uploads\/2026\/03\/21.png","type":"image\/png"}],"twitter_card":"summary_large_image","twitter_misc":{"Estimated reading time":"2 minutes"},"schema":{"@context":"https:\/\/schema.org","@graph":[{"@type":"WebPage","@id":"https:\/\/www.doskar4equi.at\/produkt\/liquid-msm-glucosamin\/","url":"https:\/\/www.doskar4equi.at\/produkt\/liquid-msm-glucosamin\/","name":"MSM & Glucosamin Liquid - Doskar 4 Equi","isPartOf":{"@id":"https:\/\/www.doskar4equi.at\/#website"},"primaryImageOfPage":{"@id":"https:\/\/www.doskar4equi.at\/produkt\/liquid-msm-glucosamin\/#primaryimage"},"image":{"@id":"https:\/\/www.doskar4equi.at\/produkt\/liquid-msm-glucosamin\/#primaryimage"},"thumbnailUrl":"https:\/\/www.doskar4equi.at\/wp-content\/uploads\/2026\/03\/21.png","datePublished":"2024-09-04T21:06:04+00:00","dateModified":"2026-04-13T21:54:14+00:00","description":"Supports joint health and mobility. MSM promotes the regeneration of cartilage tissue and glucosamine helps maintain joint function. The liquid formulation ensures fast and effective absorption, ideal for horses with joint problems or intense physical exertion.","breadcrumb":{"@id":"https:\/\/www.doskar4equi.at\/produkt\/liquid-msm-glucosamin\/#breadcrumb"},"inLanguage":"en-GB","potentialAction":[{"@type":"ReadAction","target":["https:\/\/www.doskar4equi.at\/produkt\/liquid-msm-glucosamin\/"]}]},{"@type":"ImageObject","inLanguage":"en-GB","@id":"https:\/\/www.doskar4equi.at\/produkt\/liquid-msm-glucosamin\/#primaryimage","url":"https:\/\/www.doskar4equi.at\/wp-content\/uploads\/2026\/03\/21.png","contentUrl":"https:\/\/www.doskar4equi.at\/wp-content\/uploads\/2026\/03\/21.png","width":1020,"height":1000},{"@type":"BreadcrumbList","@id":"https:\/\/www.doskar4equi.at\/produkt\/liquid-msm-glucosamin\/#breadcrumb","itemListElement":[{"@type":"ListItem","position":1,"name":"Startseite","item":"https:\/\/www.doskar4equi.at\/"},{"@type":"ListItem","position":2,"name":"Shop","item":"https:\/\/www.doskar4equi.at\/shop\/"},{"@type":"ListItem","position":3,"name":"MSM &#038; Glucosamin Liquid"}]},{"@type":"WebSite","@id":"https:\/\/www.doskar4equi.at\/#website","url":"https:\/\/www.doskar4equi.at\/","name":"Doskar 4 Equi","description":"Pharmazeutisches Fachwissen","potentialAction":[{"@type":"SearchAction","target":{"@type":"EntryPoint","urlTemplate":"https:\/\/www.doskar4equi.at\/?s={search_term_string}"},"query-input":{"@type":"PropertyValueSpecification","valueRequired":true,"valueName":"search_term_string"}}],"inLanguage":"en-GB"}]}},"_links":{"self":[{"href":"https:\/\/www.doskar4equi.at\/en\/wp-json\/wp\/v2\/product\/2875","targetHints":{"allow":["GET"]}}],"collection":[{"href":"https:\/\/www.doskar4equi.at\/en\/wp-json\/wp\/v2\/product"}],"about":[{"href":"https:\/\/www.doskar4equi.at\/en\/wp-json\/wp\/v2\/types\/product"}],"replies":[{"embeddable":true,"href":"https:\/\/www.doskar4equi.at\/en\/wp-json\/wp\/v2\/comments?post=2875"}],"wp:featuredmedia":[{"embeddable":true,"href":"https:\/\/www.doskar4equi.at\/en\/wp-json\/wp\/v2\/media\/4681"}],"wp:attachment":[{"href":"https:\/\/www.doskar4equi.at\/en\/wp-json\/wp\/v2\/media?parent=2875"}],"wp:term":[{"taxonomy":"product_brand","embeddable":true,"href":"https:\/\/www.doskar4equi.at\/en\/wp-json\/wp\/v2\/product_brand?post=2875"},{"taxonomy":"product_cat","embeddable":true,"href":"https:\/\/www.doskar4equi.at\/en\/wp-json\/wp\/v2\/product_cat?post=2875"},{"taxonomy":"product_tag","embeddable":true,"href":"https:\/\/www.doskar4equi.at\/en\/wp-json\/wp\/v2\/product_tag?post=2875"}],"curies":[{"name":"wp","href":"https:\/\/api.w.org\/{rel}","templated":true}]}}