{"id":289,"date":"2023-07-31T21:08:41","date_gmt":"2023-07-31T19:08:41","guid":{"rendered":"https:\/\/devversion1.doskar4equi.at\/produkt\/articulus-pulver-1200-g\/"},"modified":"2026-02-22T22:34:46","modified_gmt":"2026-02-22T22:34:46","slug":"articulus-pulver-1200-g","status":"publish","type":"product","link":"https:\/\/www.doskar4equi.at\/en\/product\/articulus-pulver-1200-g\/","title":{"rendered":"Articulus 1.200 g"},"content":{"rendered":"<div class=\"tabbed-content\">\n\t\t\t\n\t\t\t<ul class=\"nav nav-tabs nav-uppercase nav-size-normal nav-left\" role=\"tablist\"><li id=\"tab-beschreibung\" class=\"tab active has-icon\" role=\"presentation\"><a href=\"#tab_beschreibung\" role=\"tab\" aria-selected=\"true\" aria-controls=\"tab_beschreibung\"><span>Product Description<\/span><\/a><\/li>\n<li id=\"tab-anwendung\" class=\"tab has-icon\" role=\"presentation\"><a href=\"#tab_anwendung\" tabindex=\"-1\" role=\"tab\" aria-selected=\"false\" aria-controls=\"tab_anwendung\"><span>Usage<\/span><\/a><\/li>\n<li id=\"tab-inhalt\" class=\"tab has-icon\" role=\"presentation\"><a href=\"#tab_inhalt\" tabindex=\"-1\" role=\"tab\" aria-selected=\"false\" aria-controls=\"tab_inhalt\"><span>Ingredients<\/span><\/a><\/li><\/ul><div class=\"tab-panels\"><div id=\"tab_beschreibung\" class=\"panel active entry-content\" role=\"tabpanel\" aria-labelledby=\"tab-beschreibung\">\n<p><strong>Nahrungserg\u00e4nzung zur Unterst\u00fctzung bei Arthrose und Gelenkproblemen des Pferdes.<br \/>\n<\/strong><br \/>\nGlucosamin ist ein Grundbaustoff f\u00fcr Knorpel, Sehnen und B\u00e4nder und stimuliert die Produktion der k\u00f6rpereigenen Knorpelbausteine, die f\u00fcr die Regeneration und Reparatur der Knorpelsubstanz verantwortlich sind. In ihrem Zusammenwirken unterst\u00fctzen die in DOSKAR 4 EQUI enthaltenen Gelenkn\u00e4hrstoffe Chondroitin und Glucosamin die gesunde Funktion der Gelenksknorpel. Sowohl bei \u00e4lteren Pferden, als auch durch erh\u00f6hte Belastung ist die nat\u00fcrliche Versorgung nicht immer ausreichend gegeben und es kommt oft zu Abn\u00fctzungen. DOSKAR 4 EQUI Articulus unterst\u00fctzt den Bewegungsapparat des Pferdes zus\u00e4tzlich mit MSM, Kollagen, Weidenrinde und Kurkumawurzel.<\/p>\n<p>Suggested withdrawal time prior to competition: 48 hours<\/p>\n<\/div>\n<div id=\"tab_anwendung\" class=\"panel entry-content\" role=\"tabpanel\" aria-labelledby=\"tab-anwendung\">\n<p><b>Recommended daily feeding amount per animal:<\/b><\/p>\n<p>Gro\u00dfpferde: 1 Messl\u00f6ffel<\/p>\n<p>Ponys und Kleinpferde: 1\/2 Messl\u00f6ffel<\/p>\n<\/div>\n<div id=\"tab_inhalt\" class=\"panel entry-content\" role=\"tabpanel\" aria-labelledby=\"tab-inhalt\">\n<p><b>Composition:<br \/>\n<\/b>Hefe ( inaktive Saccharomyces Cerevisae), Glucosamin-Hydrochlorid 20%, Methylsulfonylmethan ( MSM ) 20 %,<b>\u00a0\u00a0<\/b>Weidenrinde gemahlen 5%, Kollagen-Hydrolysat, Curcumawurzel gemahlen 5 %, Chondroitin- Sulfat 4%<b><br \/>\n<\/b><\/p>\n<p><b>Analytische Bestandteile:<br \/>\n<\/b>Rohprotein 34,2%,Rohasche 6,3%, Rohfett 2,1% Rohfaser 1,3%, Natrium 0,28%<\/p>\n<p><b>Zusatzstoffe je kg:<br \/>\n<\/b>Vitamin D3 (3a671) 50.000 I.E, Vitamin E ( 3a700) 10.000mg, Vitamin C (3a300), Mangan als Glycin-Manganchelat Hydrat ( 3b506 ) 3.150mg, Kupfer als Glycin-Kupferchelat Hydrat ( 3b413 ) 1.200mg, Zink als Glycin-Zinkchelat Hydrat ( 3b607 ) 3.900mg, Selen in organischer Form aus Saccharomyces cerevisae, CNCM i-3060 ( inaktive Selenhefe ) (3b8.10 )11.50mg<\/p>\n<p><b>Contents:<\/b>\u00a01.200g<\/p>\n<\/div><\/div><\/div>","protected":false},"excerpt":{"rendered":"<h3><span style=\"color: #a9657e;\"><strong><br \/>\nZur Gesunderhaltung von Gelenken und Knorpeln<\/strong><\/span><\/h3>\n<p><span class=\"OYPEnA text-decoration-none text-strikethrough-none\">DOKSAR 4 EQUI Articulus unterst\u00fctzt den Bewegungsapparat des Pferdes mit MSM, <\/span><span class=\"OYPEnA text-decoration-none text-strikethrough-none\">Kollagen, Weidenrinde, Kurkumawurzel, inaktiver Hefe, Chondroitin und Glucosamin.<\/span><\/p>","protected":false},"featured_media":1709,"comment_status":"open","ping_status":"closed","template":"","meta":[],"product_brand":[],"product_cat":[37],"product_tag":[],"class_list":{"0":"post-289","1":"product","2":"type-product","3":"status-publish","4":"has-post-thumbnail","6":"product_cat-bewegungsapparat","8":"first","9":"outofstock","10":"taxable","11":"shipping-taxable","12":"purchasable","13":"product-type-simple"},"yoast_head":"<!-- This site is optimized with the Yoast SEO plugin v27.4 - https:\/\/yoast.com\/product\/yoast-seo-wordpress\/ -->\n<title>Articulus 1.200 g - Doskar 4 Equi<\/title>\n<meta name=\"description\" content=\"Unterst\u00fctzung bei Arthrose beim Pferd. Erg\u00e4nzungsfutter f\u00fcr Pferde zur Gesunderhaltung und Regeneration von Gelenken, Sehnen und Knorpeln mit Glucosamin, Chondroitin, Kollagen, MSM, Weidenrinde und Kurkuma.\" \/>\n<meta name=\"robots\" content=\"index, follow, max-snippet:-1, max-image-preview:large, max-video-preview:-1\" \/>\n<link rel=\"canonical\" href=\"https:\/\/www.doskar4equi.at\/en\/product\/articulus-pulver-1200-g\/\" \/>\n<meta property=\"og:locale\" content=\"en_GB\" \/>\n<meta property=\"og:type\" content=\"article\" \/>\n<meta property=\"og:title\" content=\"Articulus 1.200 g - Doskar 4 Equi\" \/>\n<meta property=\"og:description\" content=\"Unterst\u00fctzung bei Arthrose beim Pferd. Erg\u00e4nzungsfutter f\u00fcr Pferde zur Gesunderhaltung und Regeneration von Gelenken, Sehnen und Knorpeln mit Glucosamin, Chondroitin, Kollagen, MSM, Weidenrinde und Kurkuma.\" \/>\n<meta property=\"og:url\" content=\"https:\/\/www.doskar4equi.at\/en\/product\/articulus-pulver-1200-g\/\" \/>\n<meta property=\"og:site_name\" content=\"Doskar 4 Equi\" \/>\n<meta property=\"article:modified_time\" content=\"2026-02-22T22:34:46+00:00\" \/>\n<meta property=\"og:image\" content=\"https:\/\/www.doskar4equi.at\/wp-content\/uploads\/2024\/06\/Articulus-1.jpg\" \/>\n\t<meta property=\"og:image:width\" content=\"1500\" \/>\n\t<meta property=\"og:image:height\" content=\"1500\" \/>\n\t<meta property=\"og:image:type\" content=\"image\/jpeg\" \/>\n<meta name=\"twitter:card\" content=\"summary_large_image\" \/>\n<meta name=\"twitter:label1\" content=\"Estimated reading time\" \/>\n\t<meta name=\"twitter:data1\" content=\"2 minutes\" \/>\n<script type=\"application\/ld+json\" class=\"yoast-schema-graph\">{\"@context\":\"https:\\\/\\\/schema.org\",\"@graph\":[{\"@type\":\"WebPage\",\"@id\":\"https:\\\/\\\/www.doskar4equi.at\\\/produkt\\\/articulus-pulver-1200-g\\\/\",\"url\":\"https:\\\/\\\/www.doskar4equi.at\\\/produkt\\\/articulus-pulver-1200-g\\\/\",\"name\":\"Articulus 1.200 g - Doskar 4 Equi\",\"isPartOf\":{\"@id\":\"https:\\\/\\\/www.doskar4equi.at\\\/#website\"},\"primaryImageOfPage\":{\"@id\":\"https:\\\/\\\/www.doskar4equi.at\\\/produkt\\\/articulus-pulver-1200-g\\\/#primaryimage\"},\"image\":{\"@id\":\"https:\\\/\\\/www.doskar4equi.at\\\/produkt\\\/articulus-pulver-1200-g\\\/#primaryimage\"},\"thumbnailUrl\":\"https:\\\/\\\/www.doskar4equi.at\\\/wp-content\\\/uploads\\\/2024\\\/06\\\/Articulus-1.jpg\",\"datePublished\":\"2023-07-31T19:08:41+00:00\",\"dateModified\":\"2026-02-22T22:34:46+00:00\",\"description\":\"Unterst\u00fctzung bei Arthrose beim Pferd. Erg\u00e4nzungsfutter f\u00fcr Pferde zur Gesunderhaltung und Regeneration von Gelenken, Sehnen und Knorpeln mit Glucosamin, Chondroitin, Kollagen, MSM, Weidenrinde und Kurkuma.\",\"breadcrumb\":{\"@id\":\"https:\\\/\\\/www.doskar4equi.at\\\/produkt\\\/articulus-pulver-1200-g\\\/#breadcrumb\"},\"inLanguage\":\"en-GB\",\"potentialAction\":[{\"@type\":\"ReadAction\",\"target\":[\"https:\\\/\\\/www.doskar4equi.at\\\/produkt\\\/articulus-pulver-1200-g\\\/\"]}]},{\"@type\":\"ImageObject\",\"inLanguage\":\"en-GB\",\"@id\":\"https:\\\/\\\/www.doskar4equi.at\\\/produkt\\\/articulus-pulver-1200-g\\\/#primaryimage\",\"url\":\"https:\\\/\\\/www.doskar4equi.at\\\/wp-content\\\/uploads\\\/2024\\\/06\\\/Articulus-1.jpg\",\"contentUrl\":\"https:\\\/\\\/www.doskar4equi.at\\\/wp-content\\\/uploads\\\/2024\\\/06\\\/Articulus-1.jpg\",\"width\":1500,\"height\":1500,\"caption\":\"Articulus\"},{\"@type\":\"BreadcrumbList\",\"@id\":\"https:\\\/\\\/www.doskar4equi.at\\\/produkt\\\/articulus-pulver-1200-g\\\/#breadcrumb\",\"itemListElement\":[{\"@type\":\"ListItem\",\"position\":1,\"name\":\"Startseite\",\"item\":\"https:\\\/\\\/www.doskar4equi.at\\\/\"},{\"@type\":\"ListItem\",\"position\":2,\"name\":\"Shop\",\"item\":\"https:\\\/\\\/www.doskar4equi.at\\\/shop\\\/\"},{\"@type\":\"ListItem\",\"position\":3,\"name\":\"Articulus 1.200 g\"}]},{\"@type\":\"WebSite\",\"@id\":\"https:\\\/\\\/www.doskar4equi.at\\\/#website\",\"url\":\"https:\\\/\\\/www.doskar4equi.at\\\/\",\"name\":\"Doskar 4 Equi\",\"description\":\"Pharmazeutisches Fachwissen\",\"potentialAction\":[{\"@type\":\"SearchAction\",\"target\":{\"@type\":\"EntryPoint\",\"urlTemplate\":\"https:\\\/\\\/www.doskar4equi.at\\\/?s={search_term_string}\"},\"query-input\":{\"@type\":\"PropertyValueSpecification\",\"valueRequired\":true,\"valueName\":\"search_term_string\"}}],\"inLanguage\":\"en-GB\"}]}<\/script>\n<!-- \/ Yoast SEO plugin. -->","yoast_head_json":{"title":"Articulus 1.200 g - Doskar 4 Equi","description":"Unterst\u00fctzung bei Arthrose beim Pferd. Erg\u00e4nzungsfutter f\u00fcr Pferde zur Gesunderhaltung und Regeneration von Gelenken, Sehnen und Knorpeln mit Glucosamin, Chondroitin, Kollagen, MSM, Weidenrinde und Kurkuma.","robots":{"index":"index","follow":"follow","max-snippet":"max-snippet:-1","max-image-preview":"max-image-preview:large","max-video-preview":"max-video-preview:-1"},"canonical":"https:\/\/www.doskar4equi.at\/en\/product\/articulus-pulver-1200-g\/","og_locale":"en_GB","og_type":"article","og_title":"Articulus 1.200 g - Doskar 4 Equi","og_description":"Unterst\u00fctzung bei Arthrose beim Pferd. Erg\u00e4nzungsfutter f\u00fcr Pferde zur Gesunderhaltung und Regeneration von Gelenken, Sehnen und Knorpeln mit Glucosamin, Chondroitin, Kollagen, MSM, Weidenrinde und Kurkuma.","og_url":"https:\/\/www.doskar4equi.at\/en\/product\/articulus-pulver-1200-g\/","og_site_name":"Doskar 4 Equi","article_modified_time":"2026-02-22T22:34:46+00:00","og_image":[{"width":1500,"height":1500,"url":"https:\/\/www.doskar4equi.at\/wp-content\/uploads\/2024\/06\/Articulus-1.jpg","type":"image\/jpeg"}],"twitter_card":"summary_large_image","twitter_misc":{"Estimated reading time":"2 minutes"},"schema":{"@context":"https:\/\/schema.org","@graph":[{"@type":"WebPage","@id":"https:\/\/www.doskar4equi.at\/produkt\/articulus-pulver-1200-g\/","url":"https:\/\/www.doskar4equi.at\/produkt\/articulus-pulver-1200-g\/","name":"Articulus 1.200 g - Doskar 4 Equi","isPartOf":{"@id":"https:\/\/www.doskar4equi.at\/#website"},"primaryImageOfPage":{"@id":"https:\/\/www.doskar4equi.at\/produkt\/articulus-pulver-1200-g\/#primaryimage"},"image":{"@id":"https:\/\/www.doskar4equi.at\/produkt\/articulus-pulver-1200-g\/#primaryimage"},"thumbnailUrl":"https:\/\/www.doskar4equi.at\/wp-content\/uploads\/2024\/06\/Articulus-1.jpg","datePublished":"2023-07-31T19:08:41+00:00","dateModified":"2026-02-22T22:34:46+00:00","description":"Unterst\u00fctzung bei Arthrose beim Pferd. Erg\u00e4nzungsfutter f\u00fcr Pferde zur Gesunderhaltung und Regeneration von Gelenken, Sehnen und Knorpeln mit Glucosamin, Chondroitin, Kollagen, MSM, Weidenrinde und Kurkuma.","breadcrumb":{"@id":"https:\/\/www.doskar4equi.at\/produkt\/articulus-pulver-1200-g\/#breadcrumb"},"inLanguage":"en-GB","potentialAction":[{"@type":"ReadAction","target":["https:\/\/www.doskar4equi.at\/produkt\/articulus-pulver-1200-g\/"]}]},{"@type":"ImageObject","inLanguage":"en-GB","@id":"https:\/\/www.doskar4equi.at\/produkt\/articulus-pulver-1200-g\/#primaryimage","url":"https:\/\/www.doskar4equi.at\/wp-content\/uploads\/2024\/06\/Articulus-1.jpg","contentUrl":"https:\/\/www.doskar4equi.at\/wp-content\/uploads\/2024\/06\/Articulus-1.jpg","width":1500,"height":1500,"caption":"Articulus"},{"@type":"BreadcrumbList","@id":"https:\/\/www.doskar4equi.at\/produkt\/articulus-pulver-1200-g\/#breadcrumb","itemListElement":[{"@type":"ListItem","position":1,"name":"Startseite","item":"https:\/\/www.doskar4equi.at\/"},{"@type":"ListItem","position":2,"name":"Shop","item":"https:\/\/www.doskar4equi.at\/shop\/"},{"@type":"ListItem","position":3,"name":"Articulus 1.200 g"}]},{"@type":"WebSite","@id":"https:\/\/www.doskar4equi.at\/#website","url":"https:\/\/www.doskar4equi.at\/","name":"Doskar 4 Equi","description":"Pharmazeutisches Fachwissen","potentialAction":[{"@type":"SearchAction","target":{"@type":"EntryPoint","urlTemplate":"https:\/\/www.doskar4equi.at\/?s={search_term_string}"},"query-input":{"@type":"PropertyValueSpecification","valueRequired":true,"valueName":"search_term_string"}}],"inLanguage":"en-GB"}]}},"_links":{"self":[{"href":"https:\/\/www.doskar4equi.at\/en\/wp-json\/wp\/v2\/product\/289","targetHints":{"allow":["GET"]}}],"collection":[{"href":"https:\/\/www.doskar4equi.at\/en\/wp-json\/wp\/v2\/product"}],"about":[{"href":"https:\/\/www.doskar4equi.at\/en\/wp-json\/wp\/v2\/types\/product"}],"replies":[{"embeddable":true,"href":"https:\/\/www.doskar4equi.at\/en\/wp-json\/wp\/v2\/comments?post=289"}],"wp:featuredmedia":[{"embeddable":true,"href":"https:\/\/www.doskar4equi.at\/en\/wp-json\/wp\/v2\/media\/1709"}],"wp:attachment":[{"href":"https:\/\/www.doskar4equi.at\/en\/wp-json\/wp\/v2\/media?parent=289"}],"wp:term":[{"taxonomy":"product_brand","embeddable":true,"href":"https:\/\/www.doskar4equi.at\/en\/wp-json\/wp\/v2\/product_brand?post=289"},{"taxonomy":"product_cat","embeddable":true,"href":"https:\/\/www.doskar4equi.at\/en\/wp-json\/wp\/v2\/product_cat?post=289"},{"taxonomy":"product_tag","embeddable":true,"href":"https:\/\/www.doskar4equi.at\/en\/wp-json\/wp\/v2\/product_tag?post=289"}],"curies":[{"name":"wp","href":"https:\/\/api.w.org\/{rel}","templated":true}]}}