{"id":297,"date":"2023-07-31T21:08:49","date_gmt":"2023-07-31T19:08:49","guid":{"rendered":"https:\/\/devversion1.doskar4equi.at\/produkt\/doskar-glanzspray-exklusiv-2500-ml\/"},"modified":"2026-02-22T22:34:45","modified_gmt":"2026-02-22T22:34:45","slug":"glanzspray-exklusiv-2500-ml","status":"publish","type":"product","link":"https:\/\/www.doskar4equi.at\/en\/product\/glanzspray-exklusiv-2500-ml\/","title":{"rendered":"Glanzspray Exklusiv 2.500 ml"},"content":{"rendered":"<div class=\"tabbed-content\">\n\t\t\t\n\t\t\t<ul class=\"nav nav-tabs nav-uppercase nav-size-normal nav-left\" role=\"tablist\"><li id=\"tab-beschreibung\" class=\"tab active has-icon\" role=\"presentation\"><a href=\"#tab_beschreibung\" role=\"tab\" aria-selected=\"true\" aria-controls=\"tab_beschreibung\"><span>Product Description<\/span><\/a><\/li>\n<li id=\"tab-anwendung\" class=\"tab has-icon\" role=\"presentation\"><a href=\"#tab_anwendung\" tabindex=\"-1\" role=\"tab\" aria-selected=\"false\" aria-controls=\"tab_anwendung\"><span>Usage<\/span><\/a><\/li>\n<li id=\"tab-inhalt\" class=\"tab has-icon\" role=\"presentation\"><a href=\"#tab_inhalt\" tabindex=\"-1\" role=\"tab\" aria-selected=\"false\" aria-controls=\"tab_inhalt\"><span>Ingredients<\/span><\/a><\/li><\/ul><div class=\"tab-panels\"><div id=\"tab_beschreibung\" class=\"panel active entry-content\" role=\"tabpanel\" aria-labelledby=\"tab-beschreibung\">\n<p><strong>For the special shine of the horse\u2019s coat, tail, and mane<\/strong><\/p>\n<p>Our Exclusive Shine Spray not only provides long-lasting shine to the coat, tail, and mane, but also conditions the entire hair, supplies moisture, and makes it especially smooth and easy to comb.<\/p>\n<\/div>\n<div id=\"tab_anwendung\" class=\"panel entry-content\" role=\"tabpanel\" aria-labelledby=\"tab-anwendung\">\n<p>&nbsp;<\/p>\n<\/div>\n<div id=\"tab_inhalt\" class=\"panel entry-content\" role=\"tabpanel\" aria-labelledby=\"tab-inhalt\">\n<p><strong>Ingredients:\u00a0<\/strong>Aqua, Polydimethylsiloxane, Sericin, Parfum\u00f6l<\/p>\n<p><strong>Contents:<\/strong>\u00a02.5 Liter<\/p>\n<\/div><\/div><\/div>","protected":false},"excerpt":{"rendered":"<h3><span style=\"color: #a9657e;\"><strong><br \/>\nHelps achieve a shiny, healthy-looking coat<\/strong><\/span><\/h3>\n<p>Gives the tail, mane, and coat a radiant shine while providing conditioning care. The included silk fiber extracts help soften and smooth the coat, enhancing shine and helping to prevent tangling.<\/p>","protected":false},"featured_media":2889,"comment_status":"open","ping_status":"closed","template":"","meta":[],"product_brand":[],"product_cat":[38],"product_tag":[],"class_list":{"0":"post-297","1":"product","2":"type-product","3":"status-publish","4":"has-post-thumbnail","6":"product_cat-pflege","8":"first","9":"outofstock","10":"taxable","11":"shipping-taxable","12":"purchasable","13":"product-type-simple"},"yoast_head":"<!-- This site is optimized with the Yoast SEO plugin v27.4 - https:\/\/yoast.com\/product\/yoast-seo-wordpress\/ -->\n<title>Glanzspray Exklusiv 2.500 ml - Doskar 4 Equi<\/title>\n<meta name=\"description\" content=\"F\u00fcr den besonderen Glanz von Fell, Schweif und M\u00e4hne des Pferdes.Unser Glanzspray Exklusiv sorgt nicht nur f\u00fcr lang anhaltenden Glanz auf Fell, Schweif und M\u00e4hne, sondern pflegt auch das gesamte Haarkleid, versorgt es mit Feuchtigkeit und macht es besonders geschmeidig und leicht k\u00e4mmbar.\" \/>\n<meta name=\"robots\" content=\"index, follow, max-snippet:-1, max-image-preview:large, max-video-preview:-1\" \/>\n<link rel=\"canonical\" href=\"https:\/\/www.doskar4equi.at\/en\/product\/glanzspray-exklusiv-2500-ml\/\" \/>\n<meta property=\"og:locale\" content=\"en_GB\" \/>\n<meta property=\"og:type\" content=\"article\" \/>\n<meta property=\"og:title\" content=\"Glanzspray Exklusiv 2.500 ml - Doskar 4 Equi\" \/>\n<meta property=\"og:description\" content=\"F\u00fcr den besonderen Glanz von Fell, Schweif und M\u00e4hne des Pferdes.Unser Glanzspray Exklusiv sorgt nicht nur f\u00fcr lang anhaltenden Glanz auf Fell, Schweif und M\u00e4hne, sondern pflegt auch das gesamte Haarkleid, versorgt es mit Feuchtigkeit und macht es besonders geschmeidig und leicht k\u00e4mmbar.\" \/>\n<meta property=\"og:url\" content=\"https:\/\/www.doskar4equi.at\/en\/product\/glanzspray-exklusiv-2500-ml\/\" \/>\n<meta property=\"og:site_name\" content=\"Doskar 4 Equi\" \/>\n<meta property=\"article:modified_time\" content=\"2026-02-22T22:34:45+00:00\" \/>\n<meta property=\"og:image\" content=\"https:\/\/www.doskar4equi.at\/wp-content\/uploads\/2023\/07\/Glanzspray_2500.jpg\" \/>\n\t<meta property=\"og:image:width\" content=\"1500\" \/>\n\t<meta property=\"og:image:height\" content=\"1500\" \/>\n\t<meta property=\"og:image:type\" content=\"image\/jpeg\" \/>\n<meta name=\"twitter:card\" content=\"summary_large_image\" \/>\n<meta name=\"twitter:label1\" content=\"Estimated reading time\" \/>\n\t<meta name=\"twitter:data1\" content=\"1 minute\" \/>\n<script type=\"application\/ld+json\" class=\"yoast-schema-graph\">{\"@context\":\"https:\\\/\\\/schema.org\",\"@graph\":[{\"@type\":\"WebPage\",\"@id\":\"https:\\\/\\\/www.doskar4equi.at\\\/produkt\\\/glanzspray-exklusiv-2500-ml\\\/\",\"url\":\"https:\\\/\\\/www.doskar4equi.at\\\/produkt\\\/glanzspray-exklusiv-2500-ml\\\/\",\"name\":\"Glanzspray Exklusiv 2.500 ml - Doskar 4 Equi\",\"isPartOf\":{\"@id\":\"https:\\\/\\\/www.doskar4equi.at\\\/#website\"},\"primaryImageOfPage\":{\"@id\":\"https:\\\/\\\/www.doskar4equi.at\\\/produkt\\\/glanzspray-exklusiv-2500-ml\\\/#primaryimage\"},\"image\":{\"@id\":\"https:\\\/\\\/www.doskar4equi.at\\\/produkt\\\/glanzspray-exklusiv-2500-ml\\\/#primaryimage\"},\"thumbnailUrl\":\"https:\\\/\\\/www.doskar4equi.at\\\/wp-content\\\/uploads\\\/2023\\\/07\\\/Glanzspray_2500.jpg\",\"datePublished\":\"2023-07-31T19:08:49+00:00\",\"dateModified\":\"2026-02-22T22:34:45+00:00\",\"description\":\"F\u00fcr den besonderen Glanz von Fell, Schweif und M\u00e4hne des Pferdes.Unser Glanzspray Exklusiv sorgt nicht nur f\u00fcr lang anhaltenden Glanz auf Fell, Schweif und M\u00e4hne, sondern pflegt auch das gesamte Haarkleid, versorgt es mit Feuchtigkeit und macht es besonders geschmeidig und leicht k\u00e4mmbar.\",\"breadcrumb\":{\"@id\":\"https:\\\/\\\/www.doskar4equi.at\\\/produkt\\\/glanzspray-exklusiv-2500-ml\\\/#breadcrumb\"},\"inLanguage\":\"en-GB\",\"potentialAction\":[{\"@type\":\"ReadAction\",\"target\":[\"https:\\\/\\\/www.doskar4equi.at\\\/produkt\\\/glanzspray-exklusiv-2500-ml\\\/\"]}]},{\"@type\":\"ImageObject\",\"inLanguage\":\"en-GB\",\"@id\":\"https:\\\/\\\/www.doskar4equi.at\\\/produkt\\\/glanzspray-exklusiv-2500-ml\\\/#primaryimage\",\"url\":\"https:\\\/\\\/www.doskar4equi.at\\\/wp-content\\\/uploads\\\/2023\\\/07\\\/Glanzspray_2500.jpg\",\"contentUrl\":\"https:\\\/\\\/www.doskar4equi.at\\\/wp-content\\\/uploads\\\/2023\\\/07\\\/Glanzspray_2500.jpg\",\"width\":1500,\"height\":1500},{\"@type\":\"BreadcrumbList\",\"@id\":\"https:\\\/\\\/www.doskar4equi.at\\\/produkt\\\/glanzspray-exklusiv-2500-ml\\\/#breadcrumb\",\"itemListElement\":[{\"@type\":\"ListItem\",\"position\":1,\"name\":\"Startseite\",\"item\":\"https:\\\/\\\/www.doskar4equi.at\\\/\"},{\"@type\":\"ListItem\",\"position\":2,\"name\":\"Shop\",\"item\":\"https:\\\/\\\/www.doskar4equi.at\\\/shop\\\/\"},{\"@type\":\"ListItem\",\"position\":3,\"name\":\"Glanzspray Exklusiv 2.500 ml\"}]},{\"@type\":\"WebSite\",\"@id\":\"https:\\\/\\\/www.doskar4equi.at\\\/#website\",\"url\":\"https:\\\/\\\/www.doskar4equi.at\\\/\",\"name\":\"Doskar 4 Equi\",\"description\":\"Pharmazeutisches Fachwissen\",\"potentialAction\":[{\"@type\":\"SearchAction\",\"target\":{\"@type\":\"EntryPoint\",\"urlTemplate\":\"https:\\\/\\\/www.doskar4equi.at\\\/?s={search_term_string}\"},\"query-input\":{\"@type\":\"PropertyValueSpecification\",\"valueRequired\":true,\"valueName\":\"search_term_string\"}}],\"inLanguage\":\"en-GB\"}]}<\/script>\n<!-- \/ Yoast SEO plugin. -->","yoast_head_json":{"title":"Glanzspray Exklusiv 2.500 ml - Doskar 4 Equi","description":"F\u00fcr den besonderen Glanz von Fell, Schweif und M\u00e4hne des Pferdes.Unser Glanzspray Exklusiv sorgt nicht nur f\u00fcr lang anhaltenden Glanz auf Fell, Schweif und M\u00e4hne, sondern pflegt auch das gesamte Haarkleid, versorgt es mit Feuchtigkeit und macht es besonders geschmeidig und leicht k\u00e4mmbar.","robots":{"index":"index","follow":"follow","max-snippet":"max-snippet:-1","max-image-preview":"max-image-preview:large","max-video-preview":"max-video-preview:-1"},"canonical":"https:\/\/www.doskar4equi.at\/en\/product\/glanzspray-exklusiv-2500-ml\/","og_locale":"en_GB","og_type":"article","og_title":"Glanzspray Exklusiv 2.500 ml - Doskar 4 Equi","og_description":"F\u00fcr den besonderen Glanz von Fell, Schweif und M\u00e4hne des Pferdes.Unser Glanzspray Exklusiv sorgt nicht nur f\u00fcr lang anhaltenden Glanz auf Fell, Schweif und M\u00e4hne, sondern pflegt auch das gesamte Haarkleid, versorgt es mit Feuchtigkeit und macht es besonders geschmeidig und leicht k\u00e4mmbar.","og_url":"https:\/\/www.doskar4equi.at\/en\/product\/glanzspray-exklusiv-2500-ml\/","og_site_name":"Doskar 4 Equi","article_modified_time":"2026-02-22T22:34:45+00:00","og_image":[{"width":1500,"height":1500,"url":"https:\/\/www.doskar4equi.at\/wp-content\/uploads\/2023\/07\/Glanzspray_2500.jpg","type":"image\/jpeg"}],"twitter_card":"summary_large_image","twitter_misc":{"Estimated reading time":"1 minute"},"schema":{"@context":"https:\/\/schema.org","@graph":[{"@type":"WebPage","@id":"https:\/\/www.doskar4equi.at\/produkt\/glanzspray-exklusiv-2500-ml\/","url":"https:\/\/www.doskar4equi.at\/produkt\/glanzspray-exklusiv-2500-ml\/","name":"Glanzspray Exklusiv 2.500 ml - Doskar 4 Equi","isPartOf":{"@id":"https:\/\/www.doskar4equi.at\/#website"},"primaryImageOfPage":{"@id":"https:\/\/www.doskar4equi.at\/produkt\/glanzspray-exklusiv-2500-ml\/#primaryimage"},"image":{"@id":"https:\/\/www.doskar4equi.at\/produkt\/glanzspray-exklusiv-2500-ml\/#primaryimage"},"thumbnailUrl":"https:\/\/www.doskar4equi.at\/wp-content\/uploads\/2023\/07\/Glanzspray_2500.jpg","datePublished":"2023-07-31T19:08:49+00:00","dateModified":"2026-02-22T22:34:45+00:00","description":"F\u00fcr den besonderen Glanz von Fell, Schweif und M\u00e4hne des Pferdes.Unser Glanzspray Exklusiv sorgt nicht nur f\u00fcr lang anhaltenden Glanz auf Fell, Schweif und M\u00e4hne, sondern pflegt auch das gesamte Haarkleid, versorgt es mit Feuchtigkeit und macht es besonders geschmeidig und leicht k\u00e4mmbar.","breadcrumb":{"@id":"https:\/\/www.doskar4equi.at\/produkt\/glanzspray-exklusiv-2500-ml\/#breadcrumb"},"inLanguage":"en-GB","potentialAction":[{"@type":"ReadAction","target":["https:\/\/www.doskar4equi.at\/produkt\/glanzspray-exklusiv-2500-ml\/"]}]},{"@type":"ImageObject","inLanguage":"en-GB","@id":"https:\/\/www.doskar4equi.at\/produkt\/glanzspray-exklusiv-2500-ml\/#primaryimage","url":"https:\/\/www.doskar4equi.at\/wp-content\/uploads\/2023\/07\/Glanzspray_2500.jpg","contentUrl":"https:\/\/www.doskar4equi.at\/wp-content\/uploads\/2023\/07\/Glanzspray_2500.jpg","width":1500,"height":1500},{"@type":"BreadcrumbList","@id":"https:\/\/www.doskar4equi.at\/produkt\/glanzspray-exklusiv-2500-ml\/#breadcrumb","itemListElement":[{"@type":"ListItem","position":1,"name":"Startseite","item":"https:\/\/www.doskar4equi.at\/"},{"@type":"ListItem","position":2,"name":"Shop","item":"https:\/\/www.doskar4equi.at\/shop\/"},{"@type":"ListItem","position":3,"name":"Glanzspray Exklusiv 2.500 ml"}]},{"@type":"WebSite","@id":"https:\/\/www.doskar4equi.at\/#website","url":"https:\/\/www.doskar4equi.at\/","name":"Doskar 4 Equi","description":"Pharmazeutisches Fachwissen","potentialAction":[{"@type":"SearchAction","target":{"@type":"EntryPoint","urlTemplate":"https:\/\/www.doskar4equi.at\/?s={search_term_string}"},"query-input":{"@type":"PropertyValueSpecification","valueRequired":true,"valueName":"search_term_string"}}],"inLanguage":"en-GB"}]}},"_links":{"self":[{"href":"https:\/\/www.doskar4equi.at\/en\/wp-json\/wp\/v2\/product\/297","targetHints":{"allow":["GET"]}}],"collection":[{"href":"https:\/\/www.doskar4equi.at\/en\/wp-json\/wp\/v2\/product"}],"about":[{"href":"https:\/\/www.doskar4equi.at\/en\/wp-json\/wp\/v2\/types\/product"}],"replies":[{"embeddable":true,"href":"https:\/\/www.doskar4equi.at\/en\/wp-json\/wp\/v2\/comments?post=297"}],"wp:featuredmedia":[{"embeddable":true,"href":"https:\/\/www.doskar4equi.at\/en\/wp-json\/wp\/v2\/media\/2889"}],"wp:attachment":[{"href":"https:\/\/www.doskar4equi.at\/en\/wp-json\/wp\/v2\/media?parent=297"}],"wp:term":[{"taxonomy":"product_brand","embeddable":true,"href":"https:\/\/www.doskar4equi.at\/en\/wp-json\/wp\/v2\/product_brand?post=297"},{"taxonomy":"product_cat","embeddable":true,"href":"https:\/\/www.doskar4equi.at\/en\/wp-json\/wp\/v2\/product_cat?post=297"},{"taxonomy":"product_tag","embeddable":true,"href":"https:\/\/www.doskar4equi.at\/en\/wp-json\/wp\/v2\/product_tag?post=297"}],"curies":[{"name":"wp","href":"https:\/\/api.w.org\/{rel}","templated":true}]}}