{"id":300,"date":"2023-07-31T21:08:52","date_gmt":"2023-07-31T19:08:52","guid":{"rendered":"https:\/\/devversion1.doskar4equi.at\/produkt\/doskar-liquids-biotin-1000-ml\/"},"modified":"2026-03-15T22:51:58","modified_gmt":"2026-03-15T22:51:58","slug":"liquid-biotin","status":"publish","type":"product","link":"https:\/\/www.doskar4equi.at\/en\/product\/liquid-biotin\/","title":{"rendered":"Biotin Liquid"},"content":{"rendered":"<div class=\"tabbed-content\">\n\t\t\t\n\t\t\t<ul class=\"nav nav-tabs nav-uppercase nav-size-normal nav-left\" role=\"tablist\"><li id=\"tab-beschreibung\" class=\"tab active has-icon\" role=\"presentation\"><a href=\"#tab_beschreibung\" role=\"tab\" aria-selected=\"true\" aria-controls=\"tab_beschreibung\"><span>Product Description<\/span><\/a><\/li>\n<li id=\"tab-anwendung\" class=\"tab has-icon\" role=\"presentation\"><a href=\"#tab_anwendung\" tabindex=\"-1\" role=\"tab\" aria-selected=\"false\" aria-controls=\"tab_anwendung\"><span>Usage<\/span><\/a><\/li>\n<li id=\"tab-inhalt\" class=\"tab has-icon\" role=\"presentation\"><a href=\"#tab_inhalt\" tabindex=\"-1\" role=\"tab\" aria-selected=\"false\" aria-controls=\"tab_inhalt\"><span>Ingredients<\/span><\/a><\/li><\/ul><div class=\"tab-panels\"><div id=\"tab_beschreibung\" class=\"panel active entry-content\" role=\"tabpanel\" aria-labelledby=\"tab-beschreibung\">\n<p data-start=\"240\" data-end=\"709\"><strong data-start=\"240\" data-end=\"257\">Biotin Liquid<\/strong> is a high-quality, liquid feed supplement for horses, specifically designed to promote healthy hooves, a strong skin barrier, and a shiny, dense coat. The combination of essential micronutrients, vitamins, and natural carrier oils makes it particularly effective for daily supplementation\u2014especially during periods of increased demand such as coat changes, cracked hooves, or skin irritations.<\/p>\n<p data-start=\"711\" data-end=\"1059\">The liquid formulation ensures optimal bioavailability of the active ingredients and makes daily administration easy. The product is suitable for both short-term use and long-term supplementation of the diet.<\/p>\n<ul>\n<li data-start=\"1087\" data-end=\"1147\">\n<p data-start=\"1089\" data-end=\"1147\">Promotes the formation of strong, elastic hoof structures<\/p>\n<\/li>\n<li data-start=\"1148\" data-end=\"1197\">\n<p data-start=\"1150\" data-end=\"1197\">Helps maintain healthy skin and a shiny coat<\/p>\n<\/li>\n<li data-start=\"1198\" data-end=\"1252\">\n<p data-start=\"1200\" data-end=\"1252\">Supports normal skin metabolic function<\/p>\n<\/li>\n<li data-start=\"1253\" data-end=\"1351\">\n<p data-start=\"1255\" data-end=\"1351\">Highly available formula \u2013 ideal for horses with difficulty ingesting pellets or powder<\/p>\n<\/li>\n<\/ul>\n<\/div>\n<div id=\"tab_anwendung\" class=\"panel entry-content\" role=\"tabpanel\" aria-labelledby=\"tab-anwendung\">\n<p><strong>Feeding instructions per animal per day:<\/strong><br \/>\nHorses: 30 ml<br \/>\nPonys: 15ml<\/p>\n<p class=\"p1\">Due to its higher zinc content compared to complete feed, this supplementary feed may only be fed to horses in quantities of up to 1% of their daily ration. Take into account nutrient intake from other sources.<\/p>\n<p class=\"p1\">Shake before use. Store tightly closed, protected from light and in a cool place.<\/p>\n<\/div>\n<div id=\"tab_inhalt\" class=\"panel entry-content\" role=\"tabpanel\" aria-labelledby=\"tab-inhalt\">\n<p><strong>Composition:<\/strong><br \/>\n<span class=\"OYPEnA font-feature-liga-off font-feature-clig-off font-feature-calt-off text-decoration-none text-strikethrough-none\">Cold-pressed linseed oil, walnut oil<\/span><\/p>\n<p><strong>Analytical components and levels:<\/strong><br \/>\n<span class=\"OYPEnA font-feature-liga-off font-feature-clig-off font-feature-calt-off text-decoration-none text-strikethrough-none\">Crude protein 0.60%; crude fibre 0.40%; crude fat 5.90%; crude ash 0.50%; sodium 0.06%; moisture 87.4%<\/span><\/p>\n<p><strong>Additives per litre:<br \/>\n<\/strong><span class=\"OYPEnA font-feature-liga-off font-feature-clig-off font-feature-calt-off text-decoration-none text-strikethrough-none\">Nutritional additives: Vitamin E (3a700) 1,000 mg, Vitamin C (3a300) 1,000 mg, Biotin (3a880) 1,500,000 \u00b5g, Zinc as zinc chloride, anhydrous (3b602) 1,550 mg, DL-methionine, technically pure (3c301) 8,500 mg;<\/span><\/p>\n<p class=\"cvGsUA direction-ltr align-start para-style-body\"><span class=\"OYPEnA font-feature-liga-off font-feature-clig-off font-feature-calt-off text-decoration-none text-strikethrough-none\">Technological additives: sodium propionate (1k281) 2,000 mg, potassium sorbate (1k202), glycerol polyethylene glycol ricinoleate (E484)<\/span><\/p>\n<\/div><\/div><\/div>","protected":false},"excerpt":{"rendered":"<h3><span style=\"color: #a9657e;\"><strong><br \/>\nSpecialized care for hooves, skin, and coat<br \/>\n<\/strong><\/span><\/h3>\n<p>Supports the health of hooves, hair, and skin. Promotes the growth of strong, resilient hooves and helps achieve a shiny coat by stimulating keratin production. The liquid formulation allows for fast and efficient absorption. Ideal for horses with specific hoof and coat care needs.<\/p>\n<p><strong>FEI Clean Sport: approved \/ ADMR: approved<\/strong><\/p>","protected":false},"featured_media":4685,"comment_status":"open","ping_status":"closed","template":"","meta":[],"product_brand":[],"product_cat":[34,39],"product_tag":[],"class_list":{"0":"post-300","1":"product","2":"type-product","3":"status-publish","4":"has-post-thumbnail","6":"product_cat-vitamine-mineralstoffe","7":"product_cat-liquids","9":"first","10":"instock","11":"taxable","12":"shipping-taxable","13":"purchasable","14":"product-type-simple"},"yoast_head":"<!-- This site is optimized with the Yoast SEO plugin v27.3 - https:\/\/yoast.com\/product\/yoast-seo-wordpress\/ -->\n<title>Biotin Liquid - Doskar 4 Equi<\/title>\n<meta name=\"description\" content=\"Die optimierte Zusammensetzung aus Biotin, Zink und Methionin tr\u00e4gtdazu bei ern\u00e4hrungsbedingte M\u00e4ngel auszugleichen und Ihrem Pferdzu einem gl\u00e4nzenden Fell, guter Hufhornqualit\u00e4t und einem schnellerenHaarwechsel zu verhelfen.\" \/>\n<meta name=\"robots\" content=\"index, follow, max-snippet:-1, max-image-preview:large, max-video-preview:-1\" \/>\n<link rel=\"canonical\" href=\"https:\/\/www.doskar4equi.at\/en\/product\/liquid-biotin\/\" \/>\n<meta property=\"og:locale\" content=\"en_GB\" \/>\n<meta property=\"og:type\" content=\"article\" \/>\n<meta property=\"og:title\" content=\"Biotin Liquid - Doskar 4 Equi\" \/>\n<meta property=\"og:description\" content=\"Die optimierte Zusammensetzung aus Biotin, Zink und Methionin tr\u00e4gtdazu bei ern\u00e4hrungsbedingte M\u00e4ngel auszugleichen und Ihrem Pferdzu einem gl\u00e4nzenden Fell, guter Hufhornqualit\u00e4t und einem schnellerenHaarwechsel zu verhelfen.\" \/>\n<meta property=\"og:url\" content=\"https:\/\/www.doskar4equi.at\/en\/product\/liquid-biotin\/\" \/>\n<meta property=\"og:site_name\" content=\"Doskar 4 Equi\" \/>\n<meta property=\"article:modified_time\" content=\"2026-03-15T22:51:58+00:00\" \/>\n<meta property=\"og:image\" content=\"https:\/\/www.doskar4equi.at\/wp-content\/uploads\/2026\/03\/25.png\" \/>\n\t<meta property=\"og:image:width\" content=\"1020\" \/>\n\t<meta property=\"og:image:height\" content=\"1000\" \/>\n\t<meta property=\"og:image:type\" content=\"image\/png\" \/>\n<meta name=\"twitter:card\" content=\"summary_large_image\" \/>\n<meta name=\"twitter:label1\" content=\"Estimated reading time\" \/>\n\t<meta name=\"twitter:data1\" content=\"2 minutes\" \/>\n<script type=\"application\/ld+json\" class=\"yoast-schema-graph\">{\"@context\":\"https:\\\/\\\/schema.org\",\"@graph\":[{\"@type\":\"WebPage\",\"@id\":\"https:\\\/\\\/www.doskar4equi.at\\\/produkt\\\/liquid-biotin\\\/\",\"url\":\"https:\\\/\\\/www.doskar4equi.at\\\/produkt\\\/liquid-biotin\\\/\",\"name\":\"Biotin Liquid - Doskar 4 Equi\",\"isPartOf\":{\"@id\":\"https:\\\/\\\/www.doskar4equi.at\\\/#website\"},\"primaryImageOfPage\":{\"@id\":\"https:\\\/\\\/www.doskar4equi.at\\\/produkt\\\/liquid-biotin\\\/#primaryimage\"},\"image\":{\"@id\":\"https:\\\/\\\/www.doskar4equi.at\\\/produkt\\\/liquid-biotin\\\/#primaryimage\"},\"thumbnailUrl\":\"https:\\\/\\\/www.doskar4equi.at\\\/wp-content\\\/uploads\\\/2026\\\/03\\\/25.png\",\"datePublished\":\"2023-07-31T19:08:52+00:00\",\"dateModified\":\"2026-03-15T22:51:58+00:00\",\"description\":\"Die optimierte Zusammensetzung aus Biotin, Zink und Methionin tr\u00e4gtdazu bei ern\u00e4hrungsbedingte M\u00e4ngel auszugleichen und Ihrem Pferdzu einem gl\u00e4nzenden Fell, guter Hufhornqualit\u00e4t und einem schnellerenHaarwechsel zu verhelfen.\",\"breadcrumb\":{\"@id\":\"https:\\\/\\\/www.doskar4equi.at\\\/produkt\\\/liquid-biotin\\\/#breadcrumb\"},\"inLanguage\":\"en-GB\",\"potentialAction\":[{\"@type\":\"ReadAction\",\"target\":[\"https:\\\/\\\/www.doskar4equi.at\\\/produkt\\\/liquid-biotin\\\/\"]}]},{\"@type\":\"ImageObject\",\"inLanguage\":\"en-GB\",\"@id\":\"https:\\\/\\\/www.doskar4equi.at\\\/produkt\\\/liquid-biotin\\\/#primaryimage\",\"url\":\"https:\\\/\\\/www.doskar4equi.at\\\/wp-content\\\/uploads\\\/2026\\\/03\\\/25.png\",\"contentUrl\":\"https:\\\/\\\/www.doskar4equi.at\\\/wp-content\\\/uploads\\\/2026\\\/03\\\/25.png\",\"width\":1020,\"height\":1000},{\"@type\":\"BreadcrumbList\",\"@id\":\"https:\\\/\\\/www.doskar4equi.at\\\/produkt\\\/liquid-biotin\\\/#breadcrumb\",\"itemListElement\":[{\"@type\":\"ListItem\",\"position\":1,\"name\":\"Startseite\",\"item\":\"https:\\\/\\\/www.doskar4equi.at\\\/\"},{\"@type\":\"ListItem\",\"position\":2,\"name\":\"Shop\",\"item\":\"https:\\\/\\\/www.doskar4equi.at\\\/shop\\\/\"},{\"@type\":\"ListItem\",\"position\":3,\"name\":\"Biotin Liquid\"}]},{\"@type\":\"WebSite\",\"@id\":\"https:\\\/\\\/www.doskar4equi.at\\\/#website\",\"url\":\"https:\\\/\\\/www.doskar4equi.at\\\/\",\"name\":\"Doskar 4 Equi\",\"description\":\"Pharmazeutisches Fachwissen\",\"potentialAction\":[{\"@type\":\"SearchAction\",\"target\":{\"@type\":\"EntryPoint\",\"urlTemplate\":\"https:\\\/\\\/www.doskar4equi.at\\\/?s={search_term_string}\"},\"query-input\":{\"@type\":\"PropertyValueSpecification\",\"valueRequired\":true,\"valueName\":\"search_term_string\"}}],\"inLanguage\":\"en-GB\"}]}<\/script>\n<!-- \/ Yoast SEO plugin. -->","yoast_head_json":{"title":"Biotin Liquid - Doskar 4 Equi","description":"Die optimierte Zusammensetzung aus Biotin, Zink und Methionin tr\u00e4gtdazu bei ern\u00e4hrungsbedingte M\u00e4ngel auszugleichen und Ihrem Pferdzu einem gl\u00e4nzenden Fell, guter Hufhornqualit\u00e4t und einem schnellerenHaarwechsel zu verhelfen.","robots":{"index":"index","follow":"follow","max-snippet":"max-snippet:-1","max-image-preview":"max-image-preview:large","max-video-preview":"max-video-preview:-1"},"canonical":"https:\/\/www.doskar4equi.at\/en\/product\/liquid-biotin\/","og_locale":"en_GB","og_type":"article","og_title":"Biotin Liquid - Doskar 4 Equi","og_description":"Die optimierte Zusammensetzung aus Biotin, Zink und Methionin tr\u00e4gtdazu bei ern\u00e4hrungsbedingte M\u00e4ngel auszugleichen und Ihrem Pferdzu einem gl\u00e4nzenden Fell, guter Hufhornqualit\u00e4t und einem schnellerenHaarwechsel zu verhelfen.","og_url":"https:\/\/www.doskar4equi.at\/en\/product\/liquid-biotin\/","og_site_name":"Doskar 4 Equi","article_modified_time":"2026-03-15T22:51:58+00:00","og_image":[{"width":1020,"height":1000,"url":"https:\/\/www.doskar4equi.at\/wp-content\/uploads\/2026\/03\/25.png","type":"image\/png"}],"twitter_card":"summary_large_image","twitter_misc":{"Estimated reading time":"2 minutes"},"schema":{"@context":"https:\/\/schema.org","@graph":[{"@type":"WebPage","@id":"https:\/\/www.doskar4equi.at\/produkt\/liquid-biotin\/","url":"https:\/\/www.doskar4equi.at\/produkt\/liquid-biotin\/","name":"Biotin Liquid - Doskar 4 Equi","isPartOf":{"@id":"https:\/\/www.doskar4equi.at\/#website"},"primaryImageOfPage":{"@id":"https:\/\/www.doskar4equi.at\/produkt\/liquid-biotin\/#primaryimage"},"image":{"@id":"https:\/\/www.doskar4equi.at\/produkt\/liquid-biotin\/#primaryimage"},"thumbnailUrl":"https:\/\/www.doskar4equi.at\/wp-content\/uploads\/2026\/03\/25.png","datePublished":"2023-07-31T19:08:52+00:00","dateModified":"2026-03-15T22:51:58+00:00","description":"Die optimierte Zusammensetzung aus Biotin, Zink und Methionin tr\u00e4gtdazu bei ern\u00e4hrungsbedingte M\u00e4ngel auszugleichen und Ihrem Pferdzu einem gl\u00e4nzenden Fell, guter Hufhornqualit\u00e4t und einem schnellerenHaarwechsel zu verhelfen.","breadcrumb":{"@id":"https:\/\/www.doskar4equi.at\/produkt\/liquid-biotin\/#breadcrumb"},"inLanguage":"en-GB","potentialAction":[{"@type":"ReadAction","target":["https:\/\/www.doskar4equi.at\/produkt\/liquid-biotin\/"]}]},{"@type":"ImageObject","inLanguage":"en-GB","@id":"https:\/\/www.doskar4equi.at\/produkt\/liquid-biotin\/#primaryimage","url":"https:\/\/www.doskar4equi.at\/wp-content\/uploads\/2026\/03\/25.png","contentUrl":"https:\/\/www.doskar4equi.at\/wp-content\/uploads\/2026\/03\/25.png","width":1020,"height":1000},{"@type":"BreadcrumbList","@id":"https:\/\/www.doskar4equi.at\/produkt\/liquid-biotin\/#breadcrumb","itemListElement":[{"@type":"ListItem","position":1,"name":"Startseite","item":"https:\/\/www.doskar4equi.at\/"},{"@type":"ListItem","position":2,"name":"Shop","item":"https:\/\/www.doskar4equi.at\/shop\/"},{"@type":"ListItem","position":3,"name":"Biotin Liquid"}]},{"@type":"WebSite","@id":"https:\/\/www.doskar4equi.at\/#website","url":"https:\/\/www.doskar4equi.at\/","name":"Doskar 4 Equi","description":"Pharmazeutisches Fachwissen","potentialAction":[{"@type":"SearchAction","target":{"@type":"EntryPoint","urlTemplate":"https:\/\/www.doskar4equi.at\/?s={search_term_string}"},"query-input":{"@type":"PropertyValueSpecification","valueRequired":true,"valueName":"search_term_string"}}],"inLanguage":"en-GB"}]}},"_links":{"self":[{"href":"https:\/\/www.doskar4equi.at\/en\/wp-json\/wp\/v2\/product\/300","targetHints":{"allow":["GET"]}}],"collection":[{"href":"https:\/\/www.doskar4equi.at\/en\/wp-json\/wp\/v2\/product"}],"about":[{"href":"https:\/\/www.doskar4equi.at\/en\/wp-json\/wp\/v2\/types\/product"}],"replies":[{"embeddable":true,"href":"https:\/\/www.doskar4equi.at\/en\/wp-json\/wp\/v2\/comments?post=300"}],"wp:featuredmedia":[{"embeddable":true,"href":"https:\/\/www.doskar4equi.at\/en\/wp-json\/wp\/v2\/media\/4685"}],"wp:attachment":[{"href":"https:\/\/www.doskar4equi.at\/en\/wp-json\/wp\/v2\/media?parent=300"}],"wp:term":[{"taxonomy":"product_brand","embeddable":true,"href":"https:\/\/www.doskar4equi.at\/en\/wp-json\/wp\/v2\/product_brand?post=300"},{"taxonomy":"product_cat","embeddable":true,"href":"https:\/\/www.doskar4equi.at\/en\/wp-json\/wp\/v2\/product_cat?post=300"},{"taxonomy":"product_tag","embeddable":true,"href":"https:\/\/www.doskar4equi.at\/en\/wp-json\/wp\/v2\/product_tag?post=300"}],"curies":[{"name":"wp","href":"https:\/\/api.w.org\/{rel}","templated":true}]}}