{"id":301,"date":"2023-07-31T21:08:53","date_gmt":"2023-07-31T19:08:53","guid":{"rendered":"https:\/\/devversion1.doskar4equi.at\/produkt\/doskar-liquids-vitamin-e-selen-1000-ml\/"},"modified":"2026-03-17T20:00:46","modified_gmt":"2026-03-17T20:00:46","slug":"liquid-vitamin-e-selen","status":"publish","type":"product","link":"https:\/\/www.doskar4equi.at\/en\/product\/liquid-vitamin-e-selen\/","title":{"rendered":"Vitamin E &#038; Selen Liquid"},"content":{"rendered":"<div class=\"tabbed-content\">\n\t\t\t\n\t\t\t<ul class=\"nav nav-tabs nav-uppercase nav-size-normal nav-left\" role=\"tablist\"><li id=\"tab-beschreibung\" class=\"tab active has-icon\" role=\"presentation\"><a href=\"#tab_beschreibung\" role=\"tab\" aria-selected=\"true\" aria-controls=\"tab_beschreibung\"><span>Product Description<\/span><\/a><\/li>\n<li id=\"tab-anwendung\" class=\"tab has-icon\" role=\"presentation\"><a href=\"#tab_anwendung\" tabindex=\"-1\" role=\"tab\" aria-selected=\"false\" aria-controls=\"tab_anwendung\"><span>Usage<\/span><\/a><\/li>\n<li id=\"tab-inhalt\" class=\"tab has-icon\" role=\"presentation\"><a href=\"#tab_inhalt\" tabindex=\"-1\" role=\"tab\" aria-selected=\"false\" aria-controls=\"tab_inhalt\"><span>Ingredients<\/span><\/a><\/li><\/ul><div class=\"tab-panels\"><div id=\"tab_beschreibung\" class=\"panel active entry-content\" role=\"tabpanel\" aria-labelledby=\"tab-beschreibung\">\n<p><strong>To support muscle growth<\/strong><\/p>\n<p class=\"font-claude-response-body break-words whitespace-normal leading-&#091;1.7&#093;\">Vitamin E &amp; Selen Liquid wurde entwickelt, um Pferde gezielt und hochdosiert mit zwei der wichtigsten Mikron\u00e4hrstoffe f\u00fcr Muskulatur und Zellschutz zu versorgen \u2013 in fl\u00fcssiger Form f\u00fcr eine optimale Aufnahme.<\/p>\n<p class=\"font-claude-response-body break-words whitespace-normal leading-&#091;1.7&#093;\"><strong>Vitamin E \u2013 essenziell und hochdosiert<\/strong> Vitamin E ist ein essentielles Antioxidans das der K\u00f6rper nicht selbst herstellen kann. Es tr\u00e4gt dazu bei, Zellen vor den Auswirkungen freier Radikale zu sch\u00fctzen \u2013 die besonders bei intensiver k\u00f6rperlicher Aktivit\u00e4t vermehrt entstehen. Mit 100.000mg Vitamin E pro Liter liefert Vitamin E &amp; Selen Liquid eine der h\u00f6chsten Dosierungen seiner Klasse.<\/p>\n<p class=\"font-claude-response-body break-words whitespace-normal leading-&#091;1.7&#093;\">Besonders relevant: Heu verliert durch Lagerung einen Gro\u00dfteil seines nat\u00fcrlichen Vitamin E-Gehalts. Eine gezielte Erg\u00e4nzung ist daher besonders sinnvoll \u2013 f\u00fcr Sportpferde, Zuchtstuten, Senioren und Pferde mit geringem Graszugang.<\/p>\n<p class=\"font-claude-response-body break-words whitespace-normal leading-&#091;1.7&#093;\"><strong>Selen \u2013 der perfekte Partner<\/strong> Selen und Vitamin E arbeiten im Stoffwechsel synergistisch zusammen. Die Kombination beider N\u00e4hrstoffe ist fachlich fundiert und gezielt abgestimmt.<\/p>\n<p class=\"font-claude-response-body break-words whitespace-normal leading-&#091;1.7&#093;\"><strong>L-Lysin \u2013 der Muskel-Baustein<\/strong> Mit 21.000mg L-Lysin pro Liter liefert Vitamin E &amp; Selen Liquid zus\u00e4tzlich eine essentielle Aminos\u00e4ure die als wichtiger Baustein f\u00fcr die Muskulatur gilt.<\/p>\n<p><strong>Hinweis:<\/strong> Enth\u00e4lt Dextrose \u2013 f\u00fcr Pferde mit Stoffwechselerkrankungen wie EMS, PSSM oder Insulinresistenz nicht geeignet. F\u00fcr stoffwechselempfindliche Pferde empfehlen wir unser <a href=\"https:\/\/www.doskar4equi.at\/en\/product\/vitamin-e-lysin\/\"><strong>Vitamin E &amp; Lysin<\/strong><\/a>\u00a0in Pulverform \u2013 ohne Zucker, ohne Getreide.<\/p>\n<p><img loading=\"lazy\" decoding=\"async\" class=\"alignnone wp-image-4374\" src=\"https:\/\/www.doskar4equi.at\/wp-content\/uploads\/2025\/09\/3-2-300x95.png\" alt=\"\" width=\"150\" height=\"48\" srcset=\"https:\/\/www.doskar4equi.at\/wp-content\/uploads\/2025\/09\/3-2-300x95.png 300w, https:\/\/www.doskar4equi.at\/wp-content\/uploads\/2025\/09\/3-2-scaled-510x162.png 510w, https:\/\/www.doskar4equi.at\/wp-content\/uploads\/2025\/09\/3-2-1024x326.png 1024w, https:\/\/www.doskar4equi.at\/wp-content\/uploads\/2025\/09\/3-2-768x244.png 768w, https:\/\/www.doskar4equi.at\/wp-content\/uploads\/2025\/09\/3-2-1536x489.png 1536w, https:\/\/www.doskar4equi.at\/wp-content\/uploads\/2025\/09\/3-2-2048x652.png 2048w, https:\/\/www.doskar4equi.at\/wp-content\/uploads\/2025\/09\/3-2-18x6.png 18w\" sizes=\"auto, (max-width: 150px) 100vw, 150px\" \/> <img loading=\"lazy\" decoding=\"async\" class=\"alignnone wp-image-4373\" src=\"https:\/\/www.doskar4equi.at\/wp-content\/uploads\/2025\/09\/4-300x95.png\" alt=\"\" width=\"150\" height=\"48\" srcset=\"https:\/\/www.doskar4equi.at\/wp-content\/uploads\/2025\/09\/4-300x95.png 300w, https:\/\/www.doskar4equi.at\/wp-content\/uploads\/2025\/09\/4-510x162.png 510w, https:\/\/www.doskar4equi.at\/wp-content\/uploads\/2025\/09\/4-1024x326.png 1024w, https:\/\/www.doskar4equi.at\/wp-content\/uploads\/2025\/09\/4-768x244.png 768w, https:\/\/www.doskar4equi.at\/wp-content\/uploads\/2025\/09\/4-1536x489.png 1536w, https:\/\/www.doskar4equi.at\/wp-content\/uploads\/2025\/09\/4-2048x652.png 2048w, https:\/\/www.doskar4equi.at\/wp-content\/uploads\/2025\/09\/4-18x6.png 18w\" sizes=\"auto, (max-width: 150px) 100vw, 150px\" \/><\/p>\n<\/div>\n<div id=\"tab_anwendung\" class=\"panel entry-content\" role=\"tabpanel\" aria-labelledby=\"tab-anwendung\">\n<p><strong>F\u00fctterungsempfehlung pro Tag:<\/strong><br \/>\nHorses: 30 ml<br \/>\nPonys: 15 ml<\/p>\n<\/div>\n<div id=\"tab_inhalt\" class=\"panel entry-content\" role=\"tabpanel\" aria-labelledby=\"tab-inhalt\">\n<p><strong>Composition:<br \/>\n<\/strong>Propylene glycol, dextrose<\/p>\n<p><strong>Analytical components and levels:<br \/>\n<\/strong>Crude protein 2.4%, crude fibre 0.0%, crude fat 15.2%, crude ash 0.20%, sodium 0.06%, lysine 2.1%, moisture 71.8%<\/p>\n<p><strong>Additives per litre Preservatives<br \/>\n<\/strong>Nutritional additives: Vitamin E (3a700) 100,000 mg; selenium as sodium selenite (3b801) 16 mg, L-lysine monohydrochloride, technically pure (3c322) 21,000 mg Technological additives: Sodium propionate (1k281), potassium sorbate (1k202) 500 mg, citric acid (E330) 2,500 mg, glycerol polyethylene glycol ricinoleate (E484)<\/p>\n<\/div><\/div><\/div>","protected":false},"excerpt":{"rendered":"<h3><span style=\"color: #a9657e;\"><strong><br \/>\nSupports muscle function and enhances performance\u00a0<\/strong><\/span><\/h3>\n<ul class=\"cst-bullet-points\">\n<li class=\"whitespace-normal break-words pl-2\">100.000 mg Vitamin E pro Liter \u2013 hochdosiertes essentielles Antioxidans f\u00fcr Zellschutz &amp; Muskulatur<\/li>\n<li class=\"whitespace-normal break-words pl-2\">Vitamin E &amp; Selen \u2013 optimal aufeinander abgestimmt f\u00fcr maximale Wirksamkeit<\/li>\n<li class=\"whitespace-normal break-words pl-2\">Mit L-Lysin \u2013 essentielle Aminos\u00e4ure zur gezielten Unterst\u00fctzung der Muskulatur<\/li>\n<\/ul>\n<p><strong>FEI Clean Sport: approved \/ ADMR: approved<\/strong><\/p>\n<p>&nbsp;<\/p>","protected":false},"featured_media":4713,"comment_status":"open","ping_status":"closed","template":"","meta":[],"product_brand":[],"product_cat":[34,39],"product_tag":[],"class_list":{"0":"post-301","1":"product","2":"type-product","3":"status-publish","4":"has-post-thumbnail","6":"product_cat-vitamine-mineralstoffe","7":"product_cat-liquids","9":"first","10":"instock","11":"taxable","12":"shipping-taxable","13":"purchasable","14":"product-type-simple"},"yoast_head":"<!-- This site is optimized with the Yoast SEO plugin v27.3 - https:\/\/yoast.com\/product\/yoast-seo-wordpress\/ -->\n<title>Vitamin E &amp; Selen Liquid - Doskar 4 Equi<\/title>\n<meta name=\"description\" content=\"DOSKAR 4 EQUI Vitamin E &amp; Selen Liquid wirkt positiv auf die Sauerstoffversorgung der Muskelzellen und sorgt f\u00fcr einen gesunden Aufbau der Muskulatur.\" \/>\n<meta name=\"robots\" content=\"index, follow, max-snippet:-1, max-image-preview:large, max-video-preview:-1\" \/>\n<link rel=\"canonical\" href=\"https:\/\/www.doskar4equi.at\/en\/product\/liquid-vitamin-e-selen\/\" \/>\n<meta property=\"og:locale\" content=\"en_GB\" \/>\n<meta property=\"og:type\" content=\"article\" \/>\n<meta property=\"og:title\" content=\"Vitamin E &amp; Selen Liquid - Doskar 4 Equi\" \/>\n<meta property=\"og:description\" content=\"DOSKAR 4 EQUI Vitamin E &amp; Selen Liquid wirkt positiv auf die Sauerstoffversorgung der Muskelzellen und sorgt f\u00fcr einen gesunden Aufbau der Muskulatur.\" \/>\n<meta property=\"og:url\" content=\"https:\/\/www.doskar4equi.at\/en\/product\/liquid-vitamin-e-selen\/\" \/>\n<meta property=\"og:site_name\" content=\"Doskar 4 Equi\" \/>\n<meta property=\"article:modified_time\" content=\"2026-03-17T20:00:46+00:00\" \/>\n<meta property=\"og:image\" content=\"https:\/\/www.doskar4equi.at\/wp-content\/uploads\/2026\/03\/8-1.png\" \/>\n\t<meta property=\"og:image:width\" content=\"1000\" \/>\n\t<meta property=\"og:image:height\" content=\"1000\" \/>\n\t<meta property=\"og:image:type\" content=\"image\/png\" \/>\n<meta name=\"twitter:card\" content=\"summary_large_image\" \/>\n<meta name=\"twitter:label1\" content=\"Estimated reading time\" \/>\n\t<meta name=\"twitter:data1\" content=\"3 minutes\" \/>\n<script type=\"application\/ld+json\" class=\"yoast-schema-graph\">{\"@context\":\"https:\\\/\\\/schema.org\",\"@graph\":[{\"@type\":\"WebPage\",\"@id\":\"https:\\\/\\\/www.doskar4equi.at\\\/produkt\\\/liquid-vitamin-e-selen\\\/\",\"url\":\"https:\\\/\\\/www.doskar4equi.at\\\/produkt\\\/liquid-vitamin-e-selen\\\/\",\"name\":\"Vitamin E & Selen Liquid - Doskar 4 Equi\",\"isPartOf\":{\"@id\":\"https:\\\/\\\/www.doskar4equi.at\\\/#website\"},\"primaryImageOfPage\":{\"@id\":\"https:\\\/\\\/www.doskar4equi.at\\\/produkt\\\/liquid-vitamin-e-selen\\\/#primaryimage\"},\"image\":{\"@id\":\"https:\\\/\\\/www.doskar4equi.at\\\/produkt\\\/liquid-vitamin-e-selen\\\/#primaryimage\"},\"thumbnailUrl\":\"https:\\\/\\\/www.doskar4equi.at\\\/wp-content\\\/uploads\\\/2026\\\/03\\\/8-1.png\",\"datePublished\":\"2023-07-31T19:08:53+00:00\",\"dateModified\":\"2026-03-17T20:00:46+00:00\",\"description\":\"DOSKAR 4 EQUI Vitamin E & Selen Liquid wirkt positiv auf die Sauerstoffversorgung der Muskelzellen und sorgt f\u00fcr einen gesunden Aufbau der Muskulatur.\",\"breadcrumb\":{\"@id\":\"https:\\\/\\\/www.doskar4equi.at\\\/produkt\\\/liquid-vitamin-e-selen\\\/#breadcrumb\"},\"inLanguage\":\"en-GB\",\"potentialAction\":[{\"@type\":\"ReadAction\",\"target\":[\"https:\\\/\\\/www.doskar4equi.at\\\/produkt\\\/liquid-vitamin-e-selen\\\/\"]}]},{\"@type\":\"ImageObject\",\"inLanguage\":\"en-GB\",\"@id\":\"https:\\\/\\\/www.doskar4equi.at\\\/produkt\\\/liquid-vitamin-e-selen\\\/#primaryimage\",\"url\":\"https:\\\/\\\/www.doskar4equi.at\\\/wp-content\\\/uploads\\\/2026\\\/03\\\/8-1.png\",\"contentUrl\":\"https:\\\/\\\/www.doskar4equi.at\\\/wp-content\\\/uploads\\\/2026\\\/03\\\/8-1.png\",\"width\":1000,\"height\":1000},{\"@type\":\"BreadcrumbList\",\"@id\":\"https:\\\/\\\/www.doskar4equi.at\\\/produkt\\\/liquid-vitamin-e-selen\\\/#breadcrumb\",\"itemListElement\":[{\"@type\":\"ListItem\",\"position\":1,\"name\":\"Startseite\",\"item\":\"https:\\\/\\\/www.doskar4equi.at\\\/\"},{\"@type\":\"ListItem\",\"position\":2,\"name\":\"Shop\",\"item\":\"https:\\\/\\\/www.doskar4equi.at\\\/shop\\\/\"},{\"@type\":\"ListItem\",\"position\":3,\"name\":\"Vitamin E &#038; Selen Liquid\"}]},{\"@type\":\"WebSite\",\"@id\":\"https:\\\/\\\/www.doskar4equi.at\\\/#website\",\"url\":\"https:\\\/\\\/www.doskar4equi.at\\\/\",\"name\":\"Doskar 4 Equi\",\"description\":\"Pharmazeutisches Fachwissen\",\"potentialAction\":[{\"@type\":\"SearchAction\",\"target\":{\"@type\":\"EntryPoint\",\"urlTemplate\":\"https:\\\/\\\/www.doskar4equi.at\\\/?s={search_term_string}\"},\"query-input\":{\"@type\":\"PropertyValueSpecification\",\"valueRequired\":true,\"valueName\":\"search_term_string\"}}],\"inLanguage\":\"en-GB\"}]}<\/script>\n<!-- \/ Yoast SEO plugin. -->","yoast_head_json":{"title":"Vitamin E & Selen Liquid - Doskar 4 Equi","description":"DOSKAR 4 EQUI Vitamin E & Selen Liquid wirkt positiv auf die Sauerstoffversorgung der Muskelzellen und sorgt f\u00fcr einen gesunden Aufbau der Muskulatur.","robots":{"index":"index","follow":"follow","max-snippet":"max-snippet:-1","max-image-preview":"max-image-preview:large","max-video-preview":"max-video-preview:-1"},"canonical":"https:\/\/www.doskar4equi.at\/en\/product\/liquid-vitamin-e-selen\/","og_locale":"en_GB","og_type":"article","og_title":"Vitamin E & Selen Liquid - Doskar 4 Equi","og_description":"DOSKAR 4 EQUI Vitamin E & Selen Liquid wirkt positiv auf die Sauerstoffversorgung der Muskelzellen und sorgt f\u00fcr einen gesunden Aufbau der Muskulatur.","og_url":"https:\/\/www.doskar4equi.at\/en\/product\/liquid-vitamin-e-selen\/","og_site_name":"Doskar 4 Equi","article_modified_time":"2026-03-17T20:00:46+00:00","og_image":[{"width":1000,"height":1000,"url":"https:\/\/www.doskar4equi.at\/wp-content\/uploads\/2026\/03\/8-1.png","type":"image\/png"}],"twitter_card":"summary_large_image","twitter_misc":{"Estimated reading time":"3 minutes"},"schema":{"@context":"https:\/\/schema.org","@graph":[{"@type":"WebPage","@id":"https:\/\/www.doskar4equi.at\/produkt\/liquid-vitamin-e-selen\/","url":"https:\/\/www.doskar4equi.at\/produkt\/liquid-vitamin-e-selen\/","name":"Vitamin E & Selen Liquid - Doskar 4 Equi","isPartOf":{"@id":"https:\/\/www.doskar4equi.at\/#website"},"primaryImageOfPage":{"@id":"https:\/\/www.doskar4equi.at\/produkt\/liquid-vitamin-e-selen\/#primaryimage"},"image":{"@id":"https:\/\/www.doskar4equi.at\/produkt\/liquid-vitamin-e-selen\/#primaryimage"},"thumbnailUrl":"https:\/\/www.doskar4equi.at\/wp-content\/uploads\/2026\/03\/8-1.png","datePublished":"2023-07-31T19:08:53+00:00","dateModified":"2026-03-17T20:00:46+00:00","description":"DOSKAR 4 EQUI Vitamin E & Selen Liquid wirkt positiv auf die Sauerstoffversorgung der Muskelzellen und sorgt f\u00fcr einen gesunden Aufbau der Muskulatur.","breadcrumb":{"@id":"https:\/\/www.doskar4equi.at\/produkt\/liquid-vitamin-e-selen\/#breadcrumb"},"inLanguage":"en-GB","potentialAction":[{"@type":"ReadAction","target":["https:\/\/www.doskar4equi.at\/produkt\/liquid-vitamin-e-selen\/"]}]},{"@type":"ImageObject","inLanguage":"en-GB","@id":"https:\/\/www.doskar4equi.at\/produkt\/liquid-vitamin-e-selen\/#primaryimage","url":"https:\/\/www.doskar4equi.at\/wp-content\/uploads\/2026\/03\/8-1.png","contentUrl":"https:\/\/www.doskar4equi.at\/wp-content\/uploads\/2026\/03\/8-1.png","width":1000,"height":1000},{"@type":"BreadcrumbList","@id":"https:\/\/www.doskar4equi.at\/produkt\/liquid-vitamin-e-selen\/#breadcrumb","itemListElement":[{"@type":"ListItem","position":1,"name":"Startseite","item":"https:\/\/www.doskar4equi.at\/"},{"@type":"ListItem","position":2,"name":"Shop","item":"https:\/\/www.doskar4equi.at\/shop\/"},{"@type":"ListItem","position":3,"name":"Vitamin E &#038; Selen Liquid"}]},{"@type":"WebSite","@id":"https:\/\/www.doskar4equi.at\/#website","url":"https:\/\/www.doskar4equi.at\/","name":"Doskar 4 Equi","description":"Pharmazeutisches Fachwissen","potentialAction":[{"@type":"SearchAction","target":{"@type":"EntryPoint","urlTemplate":"https:\/\/www.doskar4equi.at\/?s={search_term_string}"},"query-input":{"@type":"PropertyValueSpecification","valueRequired":true,"valueName":"search_term_string"}}],"inLanguage":"en-GB"}]}},"_links":{"self":[{"href":"https:\/\/www.doskar4equi.at\/en\/wp-json\/wp\/v2\/product\/301","targetHints":{"allow":["GET"]}}],"collection":[{"href":"https:\/\/www.doskar4equi.at\/en\/wp-json\/wp\/v2\/product"}],"about":[{"href":"https:\/\/www.doskar4equi.at\/en\/wp-json\/wp\/v2\/types\/product"}],"replies":[{"embeddable":true,"href":"https:\/\/www.doskar4equi.at\/en\/wp-json\/wp\/v2\/comments?post=301"}],"wp:featuredmedia":[{"embeddable":true,"href":"https:\/\/www.doskar4equi.at\/en\/wp-json\/wp\/v2\/media\/4713"}],"wp:attachment":[{"href":"https:\/\/www.doskar4equi.at\/en\/wp-json\/wp\/v2\/media?parent=301"}],"wp:term":[{"taxonomy":"product_brand","embeddable":true,"href":"https:\/\/www.doskar4equi.at\/en\/wp-json\/wp\/v2\/product_brand?post=301"},{"taxonomy":"product_cat","embeddable":true,"href":"https:\/\/www.doskar4equi.at\/en\/wp-json\/wp\/v2\/product_cat?post=301"},{"taxonomy":"product_tag","embeddable":true,"href":"https:\/\/www.doskar4equi.at\/en\/wp-json\/wp\/v2\/product_tag?post=301"}],"curies":[{"name":"wp","href":"https:\/\/api.w.org\/{rel}","templated":true}]}}