{"id":307,"date":"2023-07-31T21:08:59","date_gmt":"2023-07-31T19:08:59","guid":{"rendered":"https:\/\/devversion1.doskar4equi.at\/produkt\/doskar-pferde-deo-insekten-clean-1000-ml\/"},"modified":"2026-04-13T21:00:16","modified_gmt":"2026-04-13T21:00:16","slug":"pferde-deo-ic-1000-ml","status":"publish","type":"product","link":"https:\/\/www.doskar4equi.at\/en\/product\/pferde-deo-ic-1000-ml\/","title":{"rendered":"Pferde DEO IC 1.000 ml"},"content":{"rendered":"<div class=\"tabbed-content\">\n\t\t\t\n\t\t\t<ul class=\"nav nav-tabs nav-uppercase nav-size-normal nav-left\" role=\"tablist\"><li id=\"tab-beschreibung\" class=\"tab active has-icon\" role=\"presentation\"><a href=\"#tab_beschreibung\" role=\"tab\" aria-selected=\"true\" aria-controls=\"tab_beschreibung\"><span>Product Description<\/span><\/a><\/li>\n<li id=\"tab-anwendung\" class=\"tab has-icon\" role=\"presentation\"><a href=\"#tab_anwendung\" tabindex=\"-1\" role=\"tab\" aria-selected=\"false\" aria-controls=\"tab_anwendung\"><span>Usage<\/span><\/a><\/li>\n<li id=\"tab-inhalt\" class=\"tab has-icon\" role=\"presentation\"><a href=\"#tab_inhalt\" tabindex=\"-1\" role=\"tab\" aria-selected=\"false\" aria-controls=\"tab_inhalt\"><span>Ingredients<\/span><\/a><\/li><\/ul><div class=\"tab-panels\"><div id=\"tab_beschreibung\" class=\"panel active entry-content\" role=\"tabpanel\" aria-labelledby=\"tab-beschreibung\">\n<p><strong>Nat\u00fcrliches Deodorant und nat\u00fcrliche Hautpflege f\u00fcr Pferde.<\/strong><\/p>\n<p>InsektenClean ist ein nat\u00fcrliches Deodorant und eine nat\u00fcrliche Hautpflege f\u00fcr Pferde die den Eigen- und den Schwei\u00dfgeruch des Pferdes \u00fcberdecken. Durch den Geruch milder, pflegender \u00d6le und Tee-Extrakte wird das eingespr\u00fchte Pferd nicht wahrgenommen. Durch besondere Duftstoffe riecht InsektenClean kr\u00e4ftig, jedoch nicht unangenehm und hinterl\u00e4sst keine Flecken auf Fell und Haut.<\/p>\n<\/div>\n<div id=\"tab_anwendung\" class=\"panel entry-content\" role=\"tabpanel\" aria-labelledby=\"tab-anwendung\">\n<p><strong>Application:<\/strong>\u00a0PferdeDeo InsektenClean wird mit der Pumpflasche oder einem kleinen Schwamm aufgetragen, auch in der N\u00e4he der Augen, der N\u00fcstern, der Flanken, Bauchnaht, Brust und Weichteile oder auf gescheuerten Stellen, die besonders gepflegt werden sollten.<br \/>\nVor Gebrauch kr\u00e4ftig sch\u00fctteln! Der Geruch von PferdeDeo InsektenClean h\u00e4lt\u00a0 auf der Weide oder im Offenstall ca. 35-40 Stunden wenn es nicht regnet, bei der Arbeit ca. 3 Stunden, auch wenn die Pferde schwitzen.<\/p>\n<\/div>\n<div id=\"tab_inhalt\" class=\"panel entry-content\" role=\"tabpanel\" aria-labelledby=\"tab-inhalt\">\n<p><strong><span class=\"OYPEnA text-decoration-none text-strikethrough-none\">Ingredients:<br \/>\n<\/span><\/strong><span class=\"OYPEnA text-decoration-none text-strikethrough-none\">Wasser; Emulgator, Schwarzk\u00fcmmel\u00f6l, Neem\u00f6l, Wacholder\u00f6l, Orangen\u00f6l, Lorbeer\u00f6l, Teebaum\u00f6l, Tee-Extrakt gewonnen aus L\u00f6wenzahnbl\u00e4ttern, Walnussbl\u00e4ttern, Petersilie und Lavendel.<\/span><\/p>\n<p><strong>Contents:\u00a0<\/strong>1\u00a0Liter<\/p>\n<p><strong>Mandatory notice:\u00a0<\/strong><\/p>\n<p><img loading=\"lazy\" decoding=\"async\" class=\"alignnone wp-image-3148\" src=\"https:\/\/www.doskar4equi.at\/wp-content\/uploads\/2023\/07\/Aquatic-pollut-red-300x300.gif\" alt=\"\" width=\"35\" height=\"35\" srcset=\"https:\/\/www.doskar4equi.at\/wp-content\/uploads\/2023\/07\/Aquatic-pollut-red-300x300.gif 300w, https:\/\/www.doskar4equi.at\/wp-content\/uploads\/2023\/07\/Aquatic-pollut-red-500x500.gif 500w, https:\/\/www.doskar4equi.at\/wp-content\/uploads\/2023\/07\/Aquatic-pollut-red-100x100.gif 100w, https:\/\/www.doskar4equi.at\/wp-content\/uploads\/2023\/07\/Aquatic-pollut-red-510x509.gif 510w, https:\/\/www.doskar4equi.at\/wp-content\/uploads\/2023\/07\/Aquatic-pollut-red-150x150.gif 150w\" sizes=\"auto, (max-width: 35px) 100vw, 35px\" \/><\/p>\n<p><strong>Hazard warnings:\u00a0<\/strong><br \/>\n<span style=\"font-size: 95%;\">411 Giftig f\u00fcr Wasserorganismen, mit langfristiger Wirkung.\u00a0<\/span><\/p>\n<p><strong>Safety information:\u00a0<\/strong><br \/>\n<span style=\"font-size: 95%;\">P273 Avoid release to the environment.\u00a0<\/span><br \/>\n<span style=\"font-size: 95%;\">P391 Versch\u00fcttete Menge aufnehmen.\u00a0<\/span><br \/>\n<span style=\"font-size: 95%;\">P501 Dispose of contents\/container in accordance with official regulations.\u00a0<\/span><\/p>\n<\/div><\/div><\/div>","protected":false},"excerpt":{"rendered":"<h3><strong><span style=\"color: #a9657e;\"><br \/>\nMaximaler, lang anhaltender Schutz vor Fliegen und Insekten <\/span><\/strong><\/h3>\n<p>Hocheffizientes Spray, das den Eigen- und Schwei\u00dfgeruch des Pferdes \u00fcberdeckt und gleichzeitig Insekten fernh\u00e4lt. Mit einer Kombination aus pflegenden \u00d6len und Tee-Extrakten sorgt es f\u00fcr zuverl\u00e4ssigen Schutz und hinterl\u00e4sst keine Flecken auf Fell und Haut.<\/p>","protected":false},"featured_media":1622,"comment_status":"open","ping_status":"closed","template":"","meta":[],"product_brand":[],"product_cat":[38],"product_tag":[],"class_list":{"0":"post-307","1":"product","2":"type-product","3":"status-publish","4":"has-post-thumbnail","6":"product_cat-pflege","8":"first","9":"instock","10":"taxable","11":"shipping-taxable","12":"purchasable","13":"product-type-simple"},"yoast_head":"<!-- This site is optimized with the Yoast SEO plugin v27.4 - https:\/\/yoast.com\/product\/yoast-seo-wordpress\/ -->\n<title>Pferde DEO IC 1.000 ml - Doskar 4 Equi<\/title>\n<meta name=\"description\" content=\"DOSKAR 4 EQUI Pferde Deo I.C. \u00fcberdeckt den Eigen- und Schwei\u00dfgeruch des Pferdes. Durch den Geruch milder, pflegender \u00d6le und Tee-Extrakte wird das eingespr\u00fchte Pferd von Insekten nicht wahrgenommen. Hinterl\u00e4sst keine Flecken auf Fell und Haut.\" \/>\n<meta name=\"robots\" content=\"index, follow, max-snippet:-1, max-image-preview:large, max-video-preview:-1\" \/>\n<link rel=\"canonical\" href=\"https:\/\/www.doskar4equi.at\/en\/product\/pferde-deo-ic-1000-ml\/\" \/>\n<meta property=\"og:locale\" content=\"en_GB\" \/>\n<meta property=\"og:type\" content=\"article\" \/>\n<meta property=\"og:title\" content=\"Pferde DEO IC 1.000 ml - Doskar 4 Equi\" \/>\n<meta property=\"og:description\" content=\"DOSKAR 4 EQUI Pferde Deo I.C. \u00fcberdeckt den Eigen- und Schwei\u00dfgeruch des Pferdes. Durch den Geruch milder, pflegender \u00d6le und Tee-Extrakte wird das eingespr\u00fchte Pferd von Insekten nicht wahrgenommen. Hinterl\u00e4sst keine Flecken auf Fell und Haut.\" \/>\n<meta property=\"og:url\" content=\"https:\/\/www.doskar4equi.at\/en\/product\/pferde-deo-ic-1000-ml\/\" \/>\n<meta property=\"og:site_name\" content=\"Doskar 4 Equi\" \/>\n<meta property=\"article:modified_time\" content=\"2026-04-13T21:00:16+00:00\" \/>\n<meta property=\"og:image\" content=\"https:\/\/www.doskar4equi.at\/wp-content\/uploads\/2024\/06\/Pferdedeo_1000ml.webp\" \/>\n\t<meta property=\"og:image:width\" content=\"1500\" \/>\n\t<meta property=\"og:image:height\" content=\"1500\" \/>\n\t<meta property=\"og:image:type\" content=\"image\/webp\" \/>\n<meta name=\"twitter:card\" content=\"summary_large_image\" \/>\n<meta name=\"twitter:label1\" content=\"Estimated reading time\" \/>\n\t<meta name=\"twitter:data1\" content=\"2 minutes\" \/>\n<script type=\"application\/ld+json\" class=\"yoast-schema-graph\">{\"@context\":\"https:\\\/\\\/schema.org\",\"@graph\":[{\"@type\":\"WebPage\",\"@id\":\"https:\\\/\\\/www.doskar4equi.at\\\/produkt\\\/pferde-deo-ic-1000-ml\\\/\",\"url\":\"https:\\\/\\\/www.doskar4equi.at\\\/produkt\\\/pferde-deo-ic-1000-ml\\\/\",\"name\":\"Pferde DEO IC 1.000 ml - Doskar 4 Equi\",\"isPartOf\":{\"@id\":\"https:\\\/\\\/www.doskar4equi.at\\\/#website\"},\"primaryImageOfPage\":{\"@id\":\"https:\\\/\\\/www.doskar4equi.at\\\/produkt\\\/pferde-deo-ic-1000-ml\\\/#primaryimage\"},\"image\":{\"@id\":\"https:\\\/\\\/www.doskar4equi.at\\\/produkt\\\/pferde-deo-ic-1000-ml\\\/#primaryimage\"},\"thumbnailUrl\":\"https:\\\/\\\/www.doskar4equi.at\\\/wp-content\\\/uploads\\\/2024\\\/06\\\/Pferdedeo_1000ml.webp\",\"datePublished\":\"2023-07-31T19:08:59+00:00\",\"dateModified\":\"2026-04-13T21:00:16+00:00\",\"description\":\"DOSKAR 4 EQUI Pferde Deo I.C. \u00fcberdeckt den Eigen- und Schwei\u00dfgeruch des Pferdes. Durch den Geruch milder, pflegender \u00d6le und Tee-Extrakte wird das eingespr\u00fchte Pferd von Insekten nicht wahrgenommen. Hinterl\u00e4sst keine Flecken auf Fell und Haut.\",\"breadcrumb\":{\"@id\":\"https:\\\/\\\/www.doskar4equi.at\\\/produkt\\\/pferde-deo-ic-1000-ml\\\/#breadcrumb\"},\"inLanguage\":\"en-GB\",\"potentialAction\":[{\"@type\":\"ReadAction\",\"target\":[\"https:\\\/\\\/www.doskar4equi.at\\\/produkt\\\/pferde-deo-ic-1000-ml\\\/\"]}]},{\"@type\":\"ImageObject\",\"inLanguage\":\"en-GB\",\"@id\":\"https:\\\/\\\/www.doskar4equi.at\\\/produkt\\\/pferde-deo-ic-1000-ml\\\/#primaryimage\",\"url\":\"https:\\\/\\\/www.doskar4equi.at\\\/wp-content\\\/uploads\\\/2024\\\/06\\\/Pferdedeo_1000ml.webp\",\"contentUrl\":\"https:\\\/\\\/www.doskar4equi.at\\\/wp-content\\\/uploads\\\/2024\\\/06\\\/Pferdedeo_1000ml.webp\",\"width\":1500,\"height\":1500,\"caption\":\"Pferde DEO IC 1.000 ml\"},{\"@type\":\"BreadcrumbList\",\"@id\":\"https:\\\/\\\/www.doskar4equi.at\\\/produkt\\\/pferde-deo-ic-1000-ml\\\/#breadcrumb\",\"itemListElement\":[{\"@type\":\"ListItem\",\"position\":1,\"name\":\"Startseite\",\"item\":\"https:\\\/\\\/www.doskar4equi.at\\\/\"},{\"@type\":\"ListItem\",\"position\":2,\"name\":\"Shop\",\"item\":\"https:\\\/\\\/www.doskar4equi.at\\\/shop\\\/\"},{\"@type\":\"ListItem\",\"position\":3,\"name\":\"Pferde DEO IC 1.000 ml\"}]},{\"@type\":\"WebSite\",\"@id\":\"https:\\\/\\\/www.doskar4equi.at\\\/#website\",\"url\":\"https:\\\/\\\/www.doskar4equi.at\\\/\",\"name\":\"Doskar 4 Equi\",\"description\":\"Pharmazeutisches Fachwissen\",\"potentialAction\":[{\"@type\":\"SearchAction\",\"target\":{\"@type\":\"EntryPoint\",\"urlTemplate\":\"https:\\\/\\\/www.doskar4equi.at\\\/?s={search_term_string}\"},\"query-input\":{\"@type\":\"PropertyValueSpecification\",\"valueRequired\":true,\"valueName\":\"search_term_string\"}}],\"inLanguage\":\"en-GB\"}]}<\/script>\n<!-- \/ Yoast SEO plugin. -->","yoast_head_json":{"title":"Pferde DEO IC 1.000 ml - Doskar 4 Equi","description":"DOSKAR 4 EQUI Pferde Deo I.C. \u00fcberdeckt den Eigen- und Schwei\u00dfgeruch des Pferdes. Durch den Geruch milder, pflegender \u00d6le und Tee-Extrakte wird das eingespr\u00fchte Pferd von Insekten nicht wahrgenommen. Hinterl\u00e4sst keine Flecken auf Fell und Haut.","robots":{"index":"index","follow":"follow","max-snippet":"max-snippet:-1","max-image-preview":"max-image-preview:large","max-video-preview":"max-video-preview:-1"},"canonical":"https:\/\/www.doskar4equi.at\/en\/product\/pferde-deo-ic-1000-ml\/","og_locale":"en_GB","og_type":"article","og_title":"Pferde DEO IC 1.000 ml - Doskar 4 Equi","og_description":"DOSKAR 4 EQUI Pferde Deo I.C. \u00fcberdeckt den Eigen- und Schwei\u00dfgeruch des Pferdes. Durch den Geruch milder, pflegender \u00d6le und Tee-Extrakte wird das eingespr\u00fchte Pferd von Insekten nicht wahrgenommen. Hinterl\u00e4sst keine Flecken auf Fell und Haut.","og_url":"https:\/\/www.doskar4equi.at\/en\/product\/pferde-deo-ic-1000-ml\/","og_site_name":"Doskar 4 Equi","article_modified_time":"2026-04-13T21:00:16+00:00","og_image":[{"width":1500,"height":1500,"url":"https:\/\/www.doskar4equi.at\/wp-content\/uploads\/2024\/06\/Pferdedeo_1000ml.webp","type":"image\/webp"}],"twitter_card":"summary_large_image","twitter_misc":{"Estimated reading time":"2 minutes"},"schema":{"@context":"https:\/\/schema.org","@graph":[{"@type":"WebPage","@id":"https:\/\/www.doskar4equi.at\/produkt\/pferde-deo-ic-1000-ml\/","url":"https:\/\/www.doskar4equi.at\/produkt\/pferde-deo-ic-1000-ml\/","name":"Pferde DEO IC 1.000 ml - Doskar 4 Equi","isPartOf":{"@id":"https:\/\/www.doskar4equi.at\/#website"},"primaryImageOfPage":{"@id":"https:\/\/www.doskar4equi.at\/produkt\/pferde-deo-ic-1000-ml\/#primaryimage"},"image":{"@id":"https:\/\/www.doskar4equi.at\/produkt\/pferde-deo-ic-1000-ml\/#primaryimage"},"thumbnailUrl":"https:\/\/www.doskar4equi.at\/wp-content\/uploads\/2024\/06\/Pferdedeo_1000ml.webp","datePublished":"2023-07-31T19:08:59+00:00","dateModified":"2026-04-13T21:00:16+00:00","description":"DOSKAR 4 EQUI Pferde Deo I.C. \u00fcberdeckt den Eigen- und Schwei\u00dfgeruch des Pferdes. Durch den Geruch milder, pflegender \u00d6le und Tee-Extrakte wird das eingespr\u00fchte Pferd von Insekten nicht wahrgenommen. Hinterl\u00e4sst keine Flecken auf Fell und Haut.","breadcrumb":{"@id":"https:\/\/www.doskar4equi.at\/produkt\/pferde-deo-ic-1000-ml\/#breadcrumb"},"inLanguage":"en-GB","potentialAction":[{"@type":"ReadAction","target":["https:\/\/www.doskar4equi.at\/produkt\/pferde-deo-ic-1000-ml\/"]}]},{"@type":"ImageObject","inLanguage":"en-GB","@id":"https:\/\/www.doskar4equi.at\/produkt\/pferde-deo-ic-1000-ml\/#primaryimage","url":"https:\/\/www.doskar4equi.at\/wp-content\/uploads\/2024\/06\/Pferdedeo_1000ml.webp","contentUrl":"https:\/\/www.doskar4equi.at\/wp-content\/uploads\/2024\/06\/Pferdedeo_1000ml.webp","width":1500,"height":1500,"caption":"Pferde DEO IC 1.000 ml"},{"@type":"BreadcrumbList","@id":"https:\/\/www.doskar4equi.at\/produkt\/pferde-deo-ic-1000-ml\/#breadcrumb","itemListElement":[{"@type":"ListItem","position":1,"name":"Startseite","item":"https:\/\/www.doskar4equi.at\/"},{"@type":"ListItem","position":2,"name":"Shop","item":"https:\/\/www.doskar4equi.at\/shop\/"},{"@type":"ListItem","position":3,"name":"Pferde DEO IC 1.000 ml"}]},{"@type":"WebSite","@id":"https:\/\/www.doskar4equi.at\/#website","url":"https:\/\/www.doskar4equi.at\/","name":"Doskar 4 Equi","description":"Pharmazeutisches Fachwissen","potentialAction":[{"@type":"SearchAction","target":{"@type":"EntryPoint","urlTemplate":"https:\/\/www.doskar4equi.at\/?s={search_term_string}"},"query-input":{"@type":"PropertyValueSpecification","valueRequired":true,"valueName":"search_term_string"}}],"inLanguage":"en-GB"}]}},"_links":{"self":[{"href":"https:\/\/www.doskar4equi.at\/en\/wp-json\/wp\/v2\/product\/307","targetHints":{"allow":["GET"]}}],"collection":[{"href":"https:\/\/www.doskar4equi.at\/en\/wp-json\/wp\/v2\/product"}],"about":[{"href":"https:\/\/www.doskar4equi.at\/en\/wp-json\/wp\/v2\/types\/product"}],"replies":[{"embeddable":true,"href":"https:\/\/www.doskar4equi.at\/en\/wp-json\/wp\/v2\/comments?post=307"}],"wp:featuredmedia":[{"embeddable":true,"href":"https:\/\/www.doskar4equi.at\/en\/wp-json\/wp\/v2\/media\/1622"}],"wp:attachment":[{"href":"https:\/\/www.doskar4equi.at\/en\/wp-json\/wp\/v2\/media?parent=307"}],"wp:term":[{"taxonomy":"product_brand","embeddable":true,"href":"https:\/\/www.doskar4equi.at\/en\/wp-json\/wp\/v2\/product_brand?post=307"},{"taxonomy":"product_cat","embeddable":true,"href":"https:\/\/www.doskar4equi.at\/en\/wp-json\/wp\/v2\/product_cat?post=307"},{"taxonomy":"product_tag","embeddable":true,"href":"https:\/\/www.doskar4equi.at\/en\/wp-json\/wp\/v2\/product_tag?post=307"}],"curies":[{"name":"wp","href":"https:\/\/api.w.org\/{rel}","templated":true}]}}