{"id":317,"date":"2023-07-31T21:09:10","date_gmt":"2023-07-31T19:09:10","guid":{"rendered":"https:\/\/devversion1.doskar4equi.at\/produkt\/doskar-vitamin-e-lysin-1-kg\/"},"modified":"2026-03-15T22:46:36","modified_gmt":"2026-03-15T22:46:36","slug":"vitamin-e-lysin","status":"publish","type":"product","link":"https:\/\/www.doskar4equi.at\/en\/product\/vitamin-e-lysin\/","title":{"rendered":"Vitamin E &#038; Lysin"},"content":{"rendered":"<div class=\"tabbed-content\">\n\t\t\t\n\t\t\t<ul class=\"nav nav-tabs nav-uppercase nav-size-normal nav-left\" role=\"tablist\"><li id=\"tab-beschreibung\" class=\"tab active has-icon\" role=\"presentation\"><a href=\"#tab_beschreibung\" role=\"tab\" aria-selected=\"true\" aria-controls=\"tab_beschreibung\"><span>Product Description<\/span><\/a><\/li>\n<li id=\"tab-anwendung\" class=\"tab has-icon\" role=\"presentation\"><a href=\"#tab_anwendung\" tabindex=\"-1\" role=\"tab\" aria-selected=\"false\" aria-controls=\"tab_anwendung\"><span>Usage<\/span><\/a><\/li>\n<li id=\"tab-inhalt\" class=\"tab has-icon\" role=\"presentation\"><a href=\"#tab_inhalt\" tabindex=\"-1\" role=\"tab\" aria-selected=\"false\" aria-controls=\"tab_inhalt\"><span>Ingredients<\/span><\/a><\/li><\/ul><div class=\"tab-panels\"><div id=\"tab_beschreibung\" class=\"panel active entry-content\" role=\"tabpanel\" aria-labelledby=\"tab-beschreibung\">\n<h4>F\u00fcr Vitalit\u00e4t, Muskulatur und starke Abwehrkr\u00e4fte<\/h4>\n<h4 class=\"text-text-100 mt-2 -mb-1 text-base font-bold\"><strong>Warum Vitamin E und L-Lysin so wichtig sind:<br \/>\n<\/strong><\/h4>\n<p class=\"text-text-100 mt-2 -mb-1 text-base font-bold\">Vitamin E und L-Lysin spielen eine Schl\u00fcsselrolle f\u00fcr die Gesundheit deines Pferdes \u2013 besonders bei sportlicher Belastung, im Wachstum oder bei erh\u00f6htem Bedarf.<\/p>\n<p class=\"font-claude-response-body break-words whitespace-normal leading-&#091;1.7&#093;\"><strong>Vitamin E<\/strong> ist eines der wichtigsten Antioxidantien im K\u00f6rper. Es sch\u00fctzt die Zellen vor oxidativem Stress, unterst\u00fctzt die Muskulatur und st\u00e4rkt das Immunsystem \u2013 besonders wichtig bei intensivem Training oder in Belastungsphasen.<\/p>\n<p class=\"font-claude-response-body break-words whitespace-normal leading-&#091;1.7&#093;\"><strong>L-Lysine<\/strong> ist eine essentielle Aminos\u00e4ure, die der K\u00f6rper nicht selbst bilden kann. Sie ist entscheidend f\u00fcr den Aufbau von Muskelprotein, die Regeneration und die Kollagenbildung \u2013 und damit auch f\u00fcr gesunde Sehnen, B\u00e4nder und Hufe.<\/p>\n<p><strong>Mit Bierhefe<\/strong> \u2013 als nat\u00fcrliche Quelle f\u00fcr B-Vitamine und Spurenelemente<\/p>\n<p>In der F\u00fctterung ist Vitamin E besonders bei Pferden, die wenig frisches Gras erhalten (z.B. im Winter), essentiell. Heu enth\u00e4lt zwar Vitamin E, jedoch sinkt der Gehalt nach der Lagerung stark ab. Daher ist es sinnvoll, Vitamin E \u00fcber Zusatzfutter bereitzustellen, insbesondere bei Sportpferden, Zuchtstuten oder \u00e4lteren Pferden, um Mangelerscheinungen vorzubeugen. Auch L-Lysin ist im Grundfutter h\u00e4ufig unterversorgt, was gezielten Muskelaufbau und optimale Regeneration erschwert.<\/p>\n<p class=\"font-claude-response-body break-words whitespace-normal leading-&#091;1.7&#093;\">Frei von Zuckerzusatz und Getreide.<\/p>\n<p><img loading=\"lazy\" decoding=\"async\" class=\"alignnone wp-image-4374\" src=\"https:\/\/www.doskar4equi.at\/wp-content\/uploads\/2025\/09\/3-2-300x95.png\" alt=\"\" width=\"150\" height=\"48\" srcset=\"https:\/\/www.doskar4equi.at\/wp-content\/uploads\/2025\/09\/3-2-300x95.png 300w, https:\/\/www.doskar4equi.at\/wp-content\/uploads\/2025\/09\/3-2-scaled-510x162.png 510w, https:\/\/www.doskar4equi.at\/wp-content\/uploads\/2025\/09\/3-2-1024x326.png 1024w, https:\/\/www.doskar4equi.at\/wp-content\/uploads\/2025\/09\/3-2-768x244.png 768w, https:\/\/www.doskar4equi.at\/wp-content\/uploads\/2025\/09\/3-2-1536x489.png 1536w, https:\/\/www.doskar4equi.at\/wp-content\/uploads\/2025\/09\/3-2-2048x652.png 2048w, https:\/\/www.doskar4equi.at\/wp-content\/uploads\/2025\/09\/3-2-18x6.png 18w\" sizes=\"auto, (max-width: 150px) 100vw, 150px\" \/> <img loading=\"lazy\" decoding=\"async\" class=\"alignnone wp-image-4373\" src=\"https:\/\/www.doskar4equi.at\/wp-content\/uploads\/2025\/09\/4-300x95.png\" alt=\"\" width=\"150\" height=\"48\" srcset=\"https:\/\/www.doskar4equi.at\/wp-content\/uploads\/2025\/09\/4-300x95.png 300w, https:\/\/www.doskar4equi.at\/wp-content\/uploads\/2025\/09\/4-510x162.png 510w, https:\/\/www.doskar4equi.at\/wp-content\/uploads\/2025\/09\/4-1024x326.png 1024w, https:\/\/www.doskar4equi.at\/wp-content\/uploads\/2025\/09\/4-768x244.png 768w, https:\/\/www.doskar4equi.at\/wp-content\/uploads\/2025\/09\/4-1536x489.png 1536w, https:\/\/www.doskar4equi.at\/wp-content\/uploads\/2025\/09\/4-2048x652.png 2048w, https:\/\/www.doskar4equi.at\/wp-content\/uploads\/2025\/09\/4-18x6.png 18w\" sizes=\"auto, (max-width: 150px) 100vw, 150px\" \/><\/p>\n<\/div>\n<div id=\"tab_anwendung\" class=\"panel entry-content\" role=\"tabpanel\" aria-labelledby=\"tab-anwendung\">\n<p><b>F\u00fctterungsempfehlung pro Tag:<br \/>\n<\/b><span class=\"OYPEnA text-decoration-none text-strikethrough-none\">Gro\u00dfpferde: 30-50 g (1 Messl\u00f6ffel entspricht ca. 25 g)<\/span><\/p>\n<\/div>\n<div id=\"tab_inhalt\" class=\"panel entry-content\" role=\"tabpanel\" aria-labelledby=\"tab-inhalt\">\n<p><b>Composition:<br \/>\n<\/b>Calciumcarbonat, Bierhefe<br \/>\n<b>Analytische Bestandteile und Gehalte i.v.H.:<\/b> Calcium 19,2; Magnesium 0,1; Phosphor 0,5; Natrium 0,1<span class=\"OYPEnA text-decoration-none text-strikethrough-none\"><br \/>\n<\/span><b>Nutritional additives per kg:<\/b><br \/>\nVitamin E in all-rac-alpha-Tocopherylacetat (3a700) 60.000 mg; L-Lysin-Monohydrochlorid (3c322) 6.000 mg<\/p>\n<p><b>Contents:\u00a0<\/b>1.000 g<\/p>\n<\/div><\/div><\/div>","protected":false},"excerpt":{"rendered":"<h3><span style=\"color: #a9657e;\"><strong><br \/>\nTo support muscle health and performance<\/strong><\/span><\/h3>\n<p>Hochdosiertes Vitamin E und L-Lysin \u2013 die perfekte Kombination f\u00fcr Pferde im Training, im Wachstum oder mit erh\u00f6htem Bedarf. Vitamin E sch\u00fctzt die Zellen vor oxidativem Stress, L-Lysin unterst\u00fctzt Muskelaufbau und Regeneration. Ohne Zucker und Getreide \u2013 auch f\u00fcr stoffwechselsensible Pferde geeignet.<\/p>\n<h4><strong>FEI Clean Sport: approved \/ ADMR: approved<\/strong><\/h4>\n<p><img loading=\"lazy\" decoding=\"async\" class=\"alignnone wp-image-4329\" src=\"https:\/\/www.doskar4equi.at\/wp-content\/uploads\/2024\/12\/2-300x300.png\" alt=\"\" width=\"120\" height=\"120\" srcset=\"https:\/\/www.doskar4equi.at\/wp-content\/uploads\/2024\/12\/2-300x300.png 300w, https:\/\/www.doskar4equi.at\/wp-content\/uploads\/2024\/12\/2-500x500.png 500w, https:\/\/www.doskar4equi.at\/wp-content\/uploads\/2024\/12\/2-100x100.png 100w, https:\/\/www.doskar4equi.at\/wp-content\/uploads\/2024\/12\/2-510x510.png 510w, https:\/\/www.doskar4equi.at\/wp-content\/uploads\/2024\/12\/2-150x150.png 150w, https:\/\/www.doskar4equi.at\/wp-content\/uploads\/2024\/12\/2-12x12.png 12w, https:\/\/www.doskar4equi.at\/wp-content\/uploads\/2024\/12\/2.png 700w\" sizes=\"auto, (max-width: 120px) 100vw, 120px\" \/> <img loading=\"lazy\" decoding=\"async\" class=\"alignnone wp-image-4328\" src=\"https:\/\/www.doskar4equi.at\/wp-content\/uploads\/2024\/12\/1-300x300.png\" alt=\"\" width=\"120\" height=\"120\" srcset=\"https:\/\/www.doskar4equi.at\/wp-content\/uploads\/2024\/12\/1-300x300.png 300w, https:\/\/www.doskar4equi.at\/wp-content\/uploads\/2024\/12\/1-500x500.png 500w, https:\/\/www.doskar4equi.at\/wp-content\/uploads\/2024\/12\/1-100x100.png 100w, https:\/\/www.doskar4equi.at\/wp-content\/uploads\/2024\/12\/1-510x510.png 510w, https:\/\/www.doskar4equi.at\/wp-content\/uploads\/2024\/12\/1-150x150.png 150w, https:\/\/www.doskar4equi.at\/wp-content\/uploads\/2024\/12\/1-12x12.png 12w, https:\/\/www.doskar4equi.at\/wp-content\/uploads\/2024\/12\/1.png 700w\" sizes=\"auto, (max-width: 120px) 100vw, 120px\" \/><\/p>","protected":false},"featured_media":4675,"comment_status":"open","ping_status":"closed","template":"","meta":[],"product_brand":[],"product_cat":[34],"product_tag":[],"class_list":{"0":"post-317","1":"product","2":"type-product","3":"status-publish","4":"has-post-thumbnail","6":"product_cat-vitamine-mineralstoffe","8":"first","9":"instock","10":"taxable","11":"shipping-taxable","12":"purchasable","13":"product-type-simple"},"yoast_head":"<!-- This site is optimized with the Yoast SEO plugin v27.3 - https:\/\/yoast.com\/product\/yoast-seo-wordpress\/ -->\n<title>Vitamin E &amp; Lysin - Doskar 4 Equi<\/title>\n<meta name=\"description\" content=\"DOSKAR 4 EQUI Vitamin E + Lysin unterst\u00fctzt dabei, die strukturelle Funktionalit\u00e4t und Leistungsf\u00e4higkeit der Muskulatur zu erhalten, verbessert die Sauerstoffversorgung der Muskelzellen und beugt etwaigen Verspannungen vor.\" \/>\n<meta name=\"robots\" content=\"index, follow, max-snippet:-1, max-image-preview:large, max-video-preview:-1\" \/>\n<link rel=\"canonical\" href=\"https:\/\/www.doskar4equi.at\/en\/product\/vitamin-e-lysin\/\" \/>\n<meta property=\"og:locale\" content=\"en_GB\" \/>\n<meta property=\"og:type\" content=\"article\" \/>\n<meta property=\"og:title\" content=\"Vitamin E &amp; Lysin - Doskar 4 Equi\" \/>\n<meta property=\"og:description\" content=\"DOSKAR 4 EQUI Vitamin E + Lysin unterst\u00fctzt dabei, die strukturelle Funktionalit\u00e4t und Leistungsf\u00e4higkeit der Muskulatur zu erhalten, verbessert die Sauerstoffversorgung der Muskelzellen und beugt etwaigen Verspannungen vor.\" \/>\n<meta property=\"og:url\" content=\"https:\/\/www.doskar4equi.at\/en\/product\/vitamin-e-lysin\/\" \/>\n<meta property=\"og:site_name\" content=\"Doskar 4 Equi\" \/>\n<meta property=\"article:modified_time\" content=\"2026-03-15T22:46:36+00:00\" \/>\n<meta property=\"og:image\" content=\"https:\/\/www.doskar4equi.at\/wp-content\/uploads\/2026\/03\/15.png\" \/>\n\t<meta property=\"og:image:width\" content=\"1020\" \/>\n\t<meta property=\"og:image:height\" content=\"1000\" \/>\n\t<meta property=\"og:image:type\" content=\"image\/png\" \/>\n<meta name=\"twitter:card\" content=\"summary_large_image\" \/>\n<meta name=\"twitter:label1\" content=\"Estimated reading time\" \/>\n\t<meta name=\"twitter:data1\" content=\"2 minutes\" \/>\n<script type=\"application\/ld+json\" class=\"yoast-schema-graph\">{\"@context\":\"https:\\\/\\\/schema.org\",\"@graph\":[{\"@type\":\"WebPage\",\"@id\":\"https:\\\/\\\/www.doskar4equi.at\\\/produkt\\\/vitamin-e-lysin\\\/\",\"url\":\"https:\\\/\\\/www.doskar4equi.at\\\/produkt\\\/vitamin-e-lysin\\\/\",\"name\":\"Vitamin E & Lysin - Doskar 4 Equi\",\"isPartOf\":{\"@id\":\"https:\\\/\\\/www.doskar4equi.at\\\/#website\"},\"primaryImageOfPage\":{\"@id\":\"https:\\\/\\\/www.doskar4equi.at\\\/produkt\\\/vitamin-e-lysin\\\/#primaryimage\"},\"image\":{\"@id\":\"https:\\\/\\\/www.doskar4equi.at\\\/produkt\\\/vitamin-e-lysin\\\/#primaryimage\"},\"thumbnailUrl\":\"https:\\\/\\\/www.doskar4equi.at\\\/wp-content\\\/uploads\\\/2026\\\/03\\\/15.png\",\"datePublished\":\"2023-07-31T19:09:10+00:00\",\"dateModified\":\"2026-03-15T22:46:36+00:00\",\"description\":\"DOSKAR 4 EQUI Vitamin E + Lysin unterst\u00fctzt dabei, die strukturelle Funktionalit\u00e4t und Leistungsf\u00e4higkeit der Muskulatur zu erhalten, verbessert die Sauerstoffversorgung der Muskelzellen und beugt etwaigen Verspannungen vor.\",\"breadcrumb\":{\"@id\":\"https:\\\/\\\/www.doskar4equi.at\\\/produkt\\\/vitamin-e-lysin\\\/#breadcrumb\"},\"inLanguage\":\"en-GB\",\"potentialAction\":[{\"@type\":\"ReadAction\",\"target\":[\"https:\\\/\\\/www.doskar4equi.at\\\/produkt\\\/vitamin-e-lysin\\\/\"]}]},{\"@type\":\"ImageObject\",\"inLanguage\":\"en-GB\",\"@id\":\"https:\\\/\\\/www.doskar4equi.at\\\/produkt\\\/vitamin-e-lysin\\\/#primaryimage\",\"url\":\"https:\\\/\\\/www.doskar4equi.at\\\/wp-content\\\/uploads\\\/2026\\\/03\\\/15.png\",\"contentUrl\":\"https:\\\/\\\/www.doskar4equi.at\\\/wp-content\\\/uploads\\\/2026\\\/03\\\/15.png\",\"width\":1020,\"height\":1000},{\"@type\":\"BreadcrumbList\",\"@id\":\"https:\\\/\\\/www.doskar4equi.at\\\/produkt\\\/vitamin-e-lysin\\\/#breadcrumb\",\"itemListElement\":[{\"@type\":\"ListItem\",\"position\":1,\"name\":\"Startseite\",\"item\":\"https:\\\/\\\/www.doskar4equi.at\\\/\"},{\"@type\":\"ListItem\",\"position\":2,\"name\":\"Shop\",\"item\":\"https:\\\/\\\/www.doskar4equi.at\\\/shop\\\/\"},{\"@type\":\"ListItem\",\"position\":3,\"name\":\"Vitamin E &#038; Lysin\"}]},{\"@type\":\"WebSite\",\"@id\":\"https:\\\/\\\/www.doskar4equi.at\\\/#website\",\"url\":\"https:\\\/\\\/www.doskar4equi.at\\\/\",\"name\":\"Doskar 4 Equi\",\"description\":\"Pharmazeutisches Fachwissen\",\"potentialAction\":[{\"@type\":\"SearchAction\",\"target\":{\"@type\":\"EntryPoint\",\"urlTemplate\":\"https:\\\/\\\/www.doskar4equi.at\\\/?s={search_term_string}\"},\"query-input\":{\"@type\":\"PropertyValueSpecification\",\"valueRequired\":true,\"valueName\":\"search_term_string\"}}],\"inLanguage\":\"en-GB\"}]}<\/script>\n<!-- \/ Yoast SEO plugin. -->","yoast_head_json":{"title":"Vitamin E & Lysin - Doskar 4 Equi","description":"DOSKAR 4 EQUI Vitamin E + Lysin unterst\u00fctzt dabei, die strukturelle Funktionalit\u00e4t und Leistungsf\u00e4higkeit der Muskulatur zu erhalten, verbessert die Sauerstoffversorgung der Muskelzellen und beugt etwaigen Verspannungen vor.","robots":{"index":"index","follow":"follow","max-snippet":"max-snippet:-1","max-image-preview":"max-image-preview:large","max-video-preview":"max-video-preview:-1"},"canonical":"https:\/\/www.doskar4equi.at\/en\/product\/vitamin-e-lysin\/","og_locale":"en_GB","og_type":"article","og_title":"Vitamin E & Lysin - Doskar 4 Equi","og_description":"DOSKAR 4 EQUI Vitamin E + Lysin unterst\u00fctzt dabei, die strukturelle Funktionalit\u00e4t und Leistungsf\u00e4higkeit der Muskulatur zu erhalten, verbessert die Sauerstoffversorgung der Muskelzellen und beugt etwaigen Verspannungen vor.","og_url":"https:\/\/www.doskar4equi.at\/en\/product\/vitamin-e-lysin\/","og_site_name":"Doskar 4 Equi","article_modified_time":"2026-03-15T22:46:36+00:00","og_image":[{"width":1020,"height":1000,"url":"https:\/\/www.doskar4equi.at\/wp-content\/uploads\/2026\/03\/15.png","type":"image\/png"}],"twitter_card":"summary_large_image","twitter_misc":{"Estimated reading time":"2 minutes"},"schema":{"@context":"https:\/\/schema.org","@graph":[{"@type":"WebPage","@id":"https:\/\/www.doskar4equi.at\/produkt\/vitamin-e-lysin\/","url":"https:\/\/www.doskar4equi.at\/produkt\/vitamin-e-lysin\/","name":"Vitamin E & Lysin - Doskar 4 Equi","isPartOf":{"@id":"https:\/\/www.doskar4equi.at\/#website"},"primaryImageOfPage":{"@id":"https:\/\/www.doskar4equi.at\/produkt\/vitamin-e-lysin\/#primaryimage"},"image":{"@id":"https:\/\/www.doskar4equi.at\/produkt\/vitamin-e-lysin\/#primaryimage"},"thumbnailUrl":"https:\/\/www.doskar4equi.at\/wp-content\/uploads\/2026\/03\/15.png","datePublished":"2023-07-31T19:09:10+00:00","dateModified":"2026-03-15T22:46:36+00:00","description":"DOSKAR 4 EQUI Vitamin E + Lysin unterst\u00fctzt dabei, die strukturelle Funktionalit\u00e4t und Leistungsf\u00e4higkeit der Muskulatur zu erhalten, verbessert die Sauerstoffversorgung der Muskelzellen und beugt etwaigen Verspannungen vor.","breadcrumb":{"@id":"https:\/\/www.doskar4equi.at\/produkt\/vitamin-e-lysin\/#breadcrumb"},"inLanguage":"en-GB","potentialAction":[{"@type":"ReadAction","target":["https:\/\/www.doskar4equi.at\/produkt\/vitamin-e-lysin\/"]}]},{"@type":"ImageObject","inLanguage":"en-GB","@id":"https:\/\/www.doskar4equi.at\/produkt\/vitamin-e-lysin\/#primaryimage","url":"https:\/\/www.doskar4equi.at\/wp-content\/uploads\/2026\/03\/15.png","contentUrl":"https:\/\/www.doskar4equi.at\/wp-content\/uploads\/2026\/03\/15.png","width":1020,"height":1000},{"@type":"BreadcrumbList","@id":"https:\/\/www.doskar4equi.at\/produkt\/vitamin-e-lysin\/#breadcrumb","itemListElement":[{"@type":"ListItem","position":1,"name":"Startseite","item":"https:\/\/www.doskar4equi.at\/"},{"@type":"ListItem","position":2,"name":"Shop","item":"https:\/\/www.doskar4equi.at\/shop\/"},{"@type":"ListItem","position":3,"name":"Vitamin E &#038; Lysin"}]},{"@type":"WebSite","@id":"https:\/\/www.doskar4equi.at\/#website","url":"https:\/\/www.doskar4equi.at\/","name":"Doskar 4 Equi","description":"Pharmazeutisches Fachwissen","potentialAction":[{"@type":"SearchAction","target":{"@type":"EntryPoint","urlTemplate":"https:\/\/www.doskar4equi.at\/?s={search_term_string}"},"query-input":{"@type":"PropertyValueSpecification","valueRequired":true,"valueName":"search_term_string"}}],"inLanguage":"en-GB"}]}},"_links":{"self":[{"href":"https:\/\/www.doskar4equi.at\/en\/wp-json\/wp\/v2\/product\/317","targetHints":{"allow":["GET"]}}],"collection":[{"href":"https:\/\/www.doskar4equi.at\/en\/wp-json\/wp\/v2\/product"}],"about":[{"href":"https:\/\/www.doskar4equi.at\/en\/wp-json\/wp\/v2\/types\/product"}],"replies":[{"embeddable":true,"href":"https:\/\/www.doskar4equi.at\/en\/wp-json\/wp\/v2\/comments?post=317"}],"wp:featuredmedia":[{"embeddable":true,"href":"https:\/\/www.doskar4equi.at\/en\/wp-json\/wp\/v2\/media\/4675"}],"wp:attachment":[{"href":"https:\/\/www.doskar4equi.at\/en\/wp-json\/wp\/v2\/media?parent=317"}],"wp:term":[{"taxonomy":"product_brand","embeddable":true,"href":"https:\/\/www.doskar4equi.at\/en\/wp-json\/wp\/v2\/product_brand?post=317"},{"taxonomy":"product_cat","embeddable":true,"href":"https:\/\/www.doskar4equi.at\/en\/wp-json\/wp\/v2\/product_cat?post=317"},{"taxonomy":"product_tag","embeddable":true,"href":"https:\/\/www.doskar4equi.at\/en\/wp-json\/wp\/v2\/product_tag?post=317"}],"curies":[{"name":"wp","href":"https:\/\/api.w.org\/{rel}","templated":true}]}}