{"id":3176,"date":"2024-12-19T18:53:02","date_gmt":"2024-12-19T18:53:02","guid":{"rendered":"https:\/\/www.doskar4equi.at\/?post_type=product&#038;p=3176"},"modified":"2026-04-04T19:40:57","modified_gmt":"2026-04-04T19:40:57","slug":"amino-komplex-2-500-g","status":"publish","type":"product","link":"https:\/\/www.doskar4equi.at\/en\/product\/amino-komplex-2-500-g\/","title":{"rendered":"Amino Komplex 2.500 g"},"content":{"rendered":"<div class=\"tabbed-content\">\n\t\t\t\n\t\t\t<ul class=\"nav nav-tabs nav-uppercase nav-size-normal nav-left\" role=\"tablist\"><li id=\"tab-beschreibung\" class=\"tab active has-icon\" role=\"presentation\"><a href=\"#tab_beschreibung\" role=\"tab\" aria-selected=\"true\" aria-controls=\"tab_beschreibung\"><span>Product Description<\/span><\/a><\/li>\n<li id=\"tab-anwendung\" class=\"tab has-icon\" role=\"presentation\"><a href=\"#tab_anwendung\" tabindex=\"-1\" role=\"tab\" aria-selected=\"false\" aria-controls=\"tab_anwendung\"><span>Usage<\/span><\/a><\/li>\n<li id=\"tab-zusammensetzung\" class=\"tab has-icon\" role=\"presentation\"><a href=\"#tab_zusammensetzung\" tabindex=\"-1\" role=\"tab\" aria-selected=\"false\" aria-controls=\"tab_zusammensetzung\"><span>Zusammensetzung<\/span><\/a><\/li><\/ul><div class=\"tab-panels\"><div id=\"tab_beschreibung\" class=\"panel active entry-content\" role=\"tabpanel\" aria-labelledby=\"tab-beschreibung\">\n<h4>Hochdosierte essentielle Aminos\u00e4uren zur bedarfsgerechten Unterst\u00fctzung von Muskelaufbau, Muskulatur und Stoffwechsel.<\/h4>\n<p>Aminos\u00e4uren sind die Grundbausteine f\u00fcr gesunde Muskeln und einen funktionierenden Proteinstoffwechsel. Amino Komplex liefert die essentiellen Aminos\u00e4uren L-Lysin, Threonin und Methionin in hochdosierter Form \u2013 genau dort, wo die Grundversorgung durch Heu und Kraftfutter h\u00e4ufig nicht ausreicht. Diese drei limitierenden Aminos\u00e4uren weisen bei Pferden regelm\u00e4\u00dfig Versorgungsl\u00fccken auf und sind f\u00fcr Muskelaufbau, Stoffwechsel und Vitalit\u00e4t entscheidend.<\/p>\n<ul class=\"cst-bullet-points\">\n<li><strong>L-Lysine<\/strong> ist die limitierende Aminos\u00e4ure f\u00fcr Muskelaufbau und Proteinsynthese<\/li>\n<li><strong>Methionine <\/strong>as a vital source of sulfur, supporting connective tissue, skin, and hoof health<\/li>\n<li><strong>Threonine <\/strong>zur Unterst\u00fctzung von Immunsystem, Darmgesundheit und Zellfunktion<\/li>\n<\/ul>\n<h4><strong>Hochdosiert. Ohne Zucker. Ohne F\u00fcllstoffe.<\/strong><\/h4>\n<p>Suitable for:<\/p>\n<ul>\n<li data-start=\"2778\" data-end=\"2800\">\n<p data-start=\"2780\" data-end=\"2800\">Pferde im Training<\/p>\n<\/li>\n<li data-start=\"2801\" data-end=\"2840\">\n<p data-start=\"2803\" data-end=\"2840\">Pferde mit nachlassender Muskulatur<\/p>\n<\/li>\n<li data-start=\"2841\" data-end=\"2869\">\n<p data-start=\"2843\" data-end=\"2869\">Senioren &amp; \u00e4ltere Pferde<\/p>\n<\/li>\n<li data-start=\"2870\" data-end=\"2895\">\n<p data-start=\"2872\" data-end=\"2895\">Pferde in Aufbau-Phasen<\/p>\n<\/li>\n<li><span style=\"font-size: 14.4px;\">Broodmares, stallions, or young horses in growth<\/span><\/li>\n<\/ul>\n<p>Frei von Zucker und Getreide, daher auch f\u00fcr Pferde mit Stoffwechselerkrankungen geeignet.<\/p>\n<p><img loading=\"lazy\" decoding=\"async\" class=\"alignnone wp-image-4374\" src=\"https:\/\/www.doskar4equi.at\/wp-content\/uploads\/2025\/09\/3-2-300x95.png\" alt=\"\" width=\"150\" height=\"48\" srcset=\"https:\/\/www.doskar4equi.at\/wp-content\/uploads\/2025\/09\/3-2-300x95.png 300w, https:\/\/www.doskar4equi.at\/wp-content\/uploads\/2025\/09\/3-2-scaled-510x162.png 510w, https:\/\/www.doskar4equi.at\/wp-content\/uploads\/2025\/09\/3-2-1024x326.png 1024w, https:\/\/www.doskar4equi.at\/wp-content\/uploads\/2025\/09\/3-2-768x244.png 768w, https:\/\/www.doskar4equi.at\/wp-content\/uploads\/2025\/09\/3-2-1536x489.png 1536w, https:\/\/www.doskar4equi.at\/wp-content\/uploads\/2025\/09\/3-2-2048x652.png 2048w, https:\/\/www.doskar4equi.at\/wp-content\/uploads\/2025\/09\/3-2-18x6.png 18w\" sizes=\"auto, (max-width: 150px) 100vw, 150px\" \/> <img loading=\"lazy\" decoding=\"async\" class=\"alignnone wp-image-4373\" src=\"https:\/\/www.doskar4equi.at\/wp-content\/uploads\/2025\/09\/4-300x95.png\" alt=\"\" width=\"150\" height=\"48\" srcset=\"https:\/\/www.doskar4equi.at\/wp-content\/uploads\/2025\/09\/4-300x95.png 300w, https:\/\/www.doskar4equi.at\/wp-content\/uploads\/2025\/09\/4-510x162.png 510w, https:\/\/www.doskar4equi.at\/wp-content\/uploads\/2025\/09\/4-1024x326.png 1024w, https:\/\/www.doskar4equi.at\/wp-content\/uploads\/2025\/09\/4-768x244.png 768w, https:\/\/www.doskar4equi.at\/wp-content\/uploads\/2025\/09\/4-1536x489.png 1536w, https:\/\/www.doskar4equi.at\/wp-content\/uploads\/2025\/09\/4-2048x652.png 2048w, https:\/\/www.doskar4equi.at\/wp-content\/uploads\/2025\/09\/4-18x6.png 18w\" sizes=\"auto, (max-width: 150px) 100vw, 150px\" \/><\/p>\n<\/div>\n<div id=\"tab_anwendung\" class=\"panel entry-content\" role=\"tabpanel\" aria-labelledby=\"tab-anwendung\">\n<p><strong>F\u00fctterungsempfehlung pro Tag:<br \/>\n<\/strong>5-10 g pro 100 kg K\u00f6rpergewicht<\/p>\n<\/div>\n<div id=\"tab_zusammensetzung\" class=\"panel entry-content\" role=\"tabpanel\" aria-labelledby=\"tab-zusammensetzung\">\n<p><strong><span class=\"OYPEnA font-feature-liga-off font-feature-clig-off font-feature-calt-off text-decoration-none text-strikethrough-none\">Composition:<\/span><\/strong><span class=\"OYPEnA font-feature-liga-off font-feature-clig-off font-feature-calt-off text-decoration-none text-strikethrough-none\"> Natriumchlorid, Calciumcarbonat<br \/>\n<\/span><strong><span class=\"OYPEnA font-feature-liga-off font-feature-clig-off font-feature-calt-off text-decoration-none text-strikethrough-none\">Analytische Bestandteile i.v.H.:<\/span><\/strong><span class=\"OYPEnA font-feature-liga-off font-feature-clig-off font-feature-calt-off text-decoration-none text-strikethrough-none\"> Rohprotein 0,0; Rohfaser 0,0; Rohfett 0,0; Rohasche 13,8; Natrium 2,7; Calcium 2,7 <\/span><strong><span class=\"OYPEnA font-feature-liga-off font-feature-clig-off font-feature-calt-off text-decoration-none text-strikethrough-none\">Ern\u00e4hrungsphysiologische Zusatzstoffe je kg<\/span><\/strong><span class=\"OYPEnA font-feature-liga-off font-feature-clig-off font-feature-calt-off text-decoration-none text-strikethrough-none\"><strong>:<\/strong> L-Lysin-Monohydrochlorid (3c322) 305.880 mg; Methionin in DL-Methionin (3c301) 223.235 mg; L-Threonin (3c410) 220.980 mg<\/span><\/p>\n<p><strong>Contents:<\/strong> 2.500 g<\/p>\n<\/div><\/div><\/div>","protected":false},"excerpt":{"rendered":"<h3><\/h3>\n<h3><span style=\"font-size: 100%; color: #a9657e;\"><strong>Drei essenzielle Aminos\u00e4uren. Hochdosiert.<\/strong><\/span><\/h3>\n<ul class=\"cst-bullet-points\">\n<li data-start=\"1667\" data-end=\"1718\">\n<p data-start=\"1669\" data-end=\"1718\">L-Lysin, Methionin &amp; L-Threonin &#8211; die drei limitierenden Aminos\u00e4uren f\u00fcr Muskelprotein<\/p>\n<\/li>\n<li data-start=\"1719\" data-end=\"1761\">\n<p data-start=\"1721\" data-end=\"1761\">Gezielt dort wo Heu &amp; Kraftfutter h\u00e4ufig nicht ausreichen<\/p>\n<\/li>\n<li data-start=\"1762\" data-end=\"1819\">\n<p data-start=\"1764\" data-end=\"1819\">Ideal bei erh\u00f6htem Trainingsbedarf, im Alter oder bei nachlassender Muskulatur<\/p>\n<\/li>\n<li data-start=\"1762\" data-end=\"1819\">Frei von Zucker und F\u00fcllstoffen<\/li>\n<\/ul>\n<h4><strong>FEI Clean Sport: approved \/ ADMR: approved<\/strong><\/h4>\n<p><img loading=\"lazy\" decoding=\"async\" class=\"alignnone wp-image-4329\" src=\"https:\/\/www.doskar4equi.at\/wp-content\/uploads\/2024\/12\/2-300x300.png\" alt=\"\" width=\"120\" height=\"120\" srcset=\"https:\/\/www.doskar4equi.at\/wp-content\/uploads\/2024\/12\/2-300x300.png 300w, https:\/\/www.doskar4equi.at\/wp-content\/uploads\/2024\/12\/2-500x500.png 500w, https:\/\/www.doskar4equi.at\/wp-content\/uploads\/2024\/12\/2-100x100.png 100w, https:\/\/www.doskar4equi.at\/wp-content\/uploads\/2024\/12\/2-510x510.png 510w, https:\/\/www.doskar4equi.at\/wp-content\/uploads\/2024\/12\/2-150x150.png 150w, https:\/\/www.doskar4equi.at\/wp-content\/uploads\/2024\/12\/2-12x12.png 12w, https:\/\/www.doskar4equi.at\/wp-content\/uploads\/2024\/12\/2.png 700w\" sizes=\"auto, (max-width: 120px) 100vw, 120px\" \/><img loading=\"lazy\" decoding=\"async\" class=\"alignnone wp-image-4328\" src=\"https:\/\/www.doskar4equi.at\/wp-content\/uploads\/2024\/12\/1-300x300.png\" alt=\"\" width=\"120\" height=\"120\" srcset=\"https:\/\/www.doskar4equi.at\/wp-content\/uploads\/2024\/12\/1-300x300.png 300w, https:\/\/www.doskar4equi.at\/wp-content\/uploads\/2024\/12\/1-500x500.png 500w, https:\/\/www.doskar4equi.at\/wp-content\/uploads\/2024\/12\/1-100x100.png 100w, https:\/\/www.doskar4equi.at\/wp-content\/uploads\/2024\/12\/1-510x510.png 510w, https:\/\/www.doskar4equi.at\/wp-content\/uploads\/2024\/12\/1-150x150.png 150w, https:\/\/www.doskar4equi.at\/wp-content\/uploads\/2024\/12\/1-12x12.png 12w, https:\/\/www.doskar4equi.at\/wp-content\/uploads\/2024\/12\/1.png 700w\" sizes=\"auto, (max-width: 120px) 100vw, 120px\" \/><img loading=\"lazy\" decoding=\"async\" class=\"alignnone wp-image-4330\" src=\"https:\/\/www.doskar4equi.at\/wp-content\/uploads\/2024\/12\/3-300x300.png\" alt=\"\" width=\"120\" height=\"120\" srcset=\"https:\/\/www.doskar4equi.at\/wp-content\/uploads\/2024\/12\/3-300x300.png 300w, https:\/\/www.doskar4equi.at\/wp-content\/uploads\/2024\/12\/3-500x500.png 500w, https:\/\/www.doskar4equi.at\/wp-content\/uploads\/2024\/12\/3-100x100.png 100w, https:\/\/www.doskar4equi.at\/wp-content\/uploads\/2024\/12\/3-510x510.png 510w, https:\/\/www.doskar4equi.at\/wp-content\/uploads\/2024\/12\/3-150x150.png 150w, https:\/\/www.doskar4equi.at\/wp-content\/uploads\/2024\/12\/3-12x12.png 12w, https:\/\/www.doskar4equi.at\/wp-content\/uploads\/2024\/12\/3.png 700w\" sizes=\"auto, (max-width: 120px) 100vw, 120px\" \/><\/p>","protected":false},"featured_media":4024,"comment_status":"open","ping_status":"closed","template":"","meta":[],"product_brand":[],"product_cat":[34,37],"product_tag":[179,180,181,182],"class_list":{"0":"post-3176","1":"product","2":"type-product","3":"status-publish","4":"has-post-thumbnail","6":"product_cat-vitamine-mineralstoffe","7":"product_cat-bewegungsapparat","8":"product_tag-muskelaufbau","9":"product_tag-muskelstoffwechsel","10":"product_tag-pssm","11":"product_tag-aminosaeuren","13":"first","14":"instock","15":"taxable","16":"shipping-taxable","17":"purchasable","18":"product-type-simple"},"yoast_head":"<!-- This site is optimized with the Yoast SEO plugin v27.3 - https:\/\/yoast.com\/product\/yoast-seo-wordpress\/ -->\n<title>Amino Komplex 2.500 g - Doskar 4 Equi<\/title>\n<meta name=\"description\" content=\"Zur F\u00f6rderung von Muskelaufbau und -erhalt und Unterst\u00fctzung eines gesunden Proteinstoffwechsels beim Pferd.\" \/>\n<meta name=\"robots\" content=\"index, follow, max-snippet:-1, max-image-preview:large, max-video-preview:-1\" \/>\n<link rel=\"canonical\" href=\"https:\/\/www.doskar4equi.at\/en\/product\/amino-komplex-2-500-g\/\" \/>\n<meta property=\"og:locale\" content=\"en_GB\" \/>\n<meta property=\"og:type\" content=\"article\" \/>\n<meta property=\"og:title\" content=\"Amino Komplex 2.500 g - Doskar 4 Equi\" \/>\n<meta property=\"og:description\" content=\"Zur F\u00f6rderung von Muskelaufbau und -erhalt und Unterst\u00fctzung eines gesunden Proteinstoffwechsels beim Pferd.\" \/>\n<meta property=\"og:url\" content=\"https:\/\/www.doskar4equi.at\/en\/product\/amino-komplex-2-500-g\/\" \/>\n<meta property=\"og:site_name\" content=\"Doskar 4 Equi\" \/>\n<meta property=\"article:modified_time\" content=\"2026-04-04T19:40:57+00:00\" \/>\n<meta property=\"og:image\" content=\"https:\/\/www.doskar4equi.at\/wp-content\/uploads\/2024\/12\/Amino-2500.jpg\" \/>\n\t<meta property=\"og:image:width\" content=\"1200\" \/>\n\t<meta property=\"og:image:height\" content=\"1200\" \/>\n\t<meta property=\"og:image:type\" content=\"image\/jpeg\" \/>\n<meta name=\"twitter:card\" content=\"summary_large_image\" \/>\n<meta name=\"twitter:label1\" content=\"Estimated reading time\" \/>\n\t<meta name=\"twitter:data1\" content=\"2 minutes\" \/>\n<script type=\"application\/ld+json\" class=\"yoast-schema-graph\">{\"@context\":\"https:\\\/\\\/schema.org\",\"@graph\":[{\"@type\":\"WebPage\",\"@id\":\"https:\\\/\\\/www.doskar4equi.at\\\/produkt\\\/amino-komplex-2-500-g\\\/\",\"url\":\"https:\\\/\\\/www.doskar4equi.at\\\/produkt\\\/amino-komplex-2-500-g\\\/\",\"name\":\"Amino Komplex 2.500 g - Doskar 4 Equi\",\"isPartOf\":{\"@id\":\"https:\\\/\\\/www.doskar4equi.at\\\/#website\"},\"primaryImageOfPage\":{\"@id\":\"https:\\\/\\\/www.doskar4equi.at\\\/produkt\\\/amino-komplex-2-500-g\\\/#primaryimage\"},\"image\":{\"@id\":\"https:\\\/\\\/www.doskar4equi.at\\\/produkt\\\/amino-komplex-2-500-g\\\/#primaryimage\"},\"thumbnailUrl\":\"https:\\\/\\\/www.doskar4equi.at\\\/wp-content\\\/uploads\\\/2024\\\/12\\\/Amino-2500.jpg\",\"datePublished\":\"2024-12-19T18:53:02+00:00\",\"dateModified\":\"2026-04-04T19:40:57+00:00\",\"description\":\"Zur F\u00f6rderung von Muskelaufbau und -erhalt und Unterst\u00fctzung eines gesunden Proteinstoffwechsels beim Pferd.\",\"breadcrumb\":{\"@id\":\"https:\\\/\\\/www.doskar4equi.at\\\/produkt\\\/amino-komplex-2-500-g\\\/#breadcrumb\"},\"inLanguage\":\"en-GB\",\"potentialAction\":[{\"@type\":\"ReadAction\",\"target\":[\"https:\\\/\\\/www.doskar4equi.at\\\/produkt\\\/amino-komplex-2-500-g\\\/\"]}]},{\"@type\":\"ImageObject\",\"inLanguage\":\"en-GB\",\"@id\":\"https:\\\/\\\/www.doskar4equi.at\\\/produkt\\\/amino-komplex-2-500-g\\\/#primaryimage\",\"url\":\"https:\\\/\\\/www.doskar4equi.at\\\/wp-content\\\/uploads\\\/2024\\\/12\\\/Amino-2500.jpg\",\"contentUrl\":\"https:\\\/\\\/www.doskar4equi.at\\\/wp-content\\\/uploads\\\/2024\\\/12\\\/Amino-2500.jpg\",\"width\":1200,\"height\":1200,\"caption\":\"Amino Komplex\"},{\"@type\":\"BreadcrumbList\",\"@id\":\"https:\\\/\\\/www.doskar4equi.at\\\/produkt\\\/amino-komplex-2-500-g\\\/#breadcrumb\",\"itemListElement\":[{\"@type\":\"ListItem\",\"position\":1,\"name\":\"Startseite\",\"item\":\"https:\\\/\\\/www.doskar4equi.at\\\/\"},{\"@type\":\"ListItem\",\"position\":2,\"name\":\"Shop\",\"item\":\"https:\\\/\\\/www.doskar4equi.at\\\/shop\\\/\"},{\"@type\":\"ListItem\",\"position\":3,\"name\":\"Amino Komplex 2.500 g\"}]},{\"@type\":\"WebSite\",\"@id\":\"https:\\\/\\\/www.doskar4equi.at\\\/#website\",\"url\":\"https:\\\/\\\/www.doskar4equi.at\\\/\",\"name\":\"Doskar 4 Equi\",\"description\":\"Pharmazeutisches Fachwissen\",\"potentialAction\":[{\"@type\":\"SearchAction\",\"target\":{\"@type\":\"EntryPoint\",\"urlTemplate\":\"https:\\\/\\\/www.doskar4equi.at\\\/?s={search_term_string}\"},\"query-input\":{\"@type\":\"PropertyValueSpecification\",\"valueRequired\":true,\"valueName\":\"search_term_string\"}}],\"inLanguage\":\"en-GB\"}]}<\/script>\n<!-- \/ Yoast SEO plugin. -->","yoast_head_json":{"title":"Amino Komplex 2.500 g - Doskar 4 Equi","description":"Formulated to support muscle development and maintenance, as well as a healthy protein metabolism in horses, promoting overall strength and vitality.","robots":{"index":"index","follow":"follow","max-snippet":"max-snippet:-1","max-image-preview":"max-image-preview:large","max-video-preview":"max-video-preview:-1"},"canonical":"https:\/\/www.doskar4equi.at\/en\/product\/amino-komplex-2-500-g\/","og_locale":"en_GB","og_type":"article","og_title":"Amino Komplex 2.500 g - Doskar 4 Equi","og_description":"Zur F\u00f6rderung von Muskelaufbau und -erhalt und Unterst\u00fctzung eines gesunden Proteinstoffwechsels beim Pferd.","og_url":"https:\/\/www.doskar4equi.at\/en\/product\/amino-komplex-2-500-g\/","og_site_name":"Doskar 4 Equi","article_modified_time":"2026-04-04T19:40:57+00:00","og_image":[{"width":1200,"height":1200,"url":"https:\/\/www.doskar4equi.at\/wp-content\/uploads\/2024\/12\/Amino-2500.jpg","type":"image\/jpeg"}],"twitter_card":"summary_large_image","twitter_misc":{"Estimated reading time":"2 minutes"},"schema":{"@context":"https:\/\/schema.org","@graph":[{"@type":"WebPage","@id":"https:\/\/www.doskar4equi.at\/produkt\/amino-komplex-2-500-g\/","url":"https:\/\/www.doskar4equi.at\/produkt\/amino-komplex-2-500-g\/","name":"Amino Komplex 2.500 g - Doskar 4 Equi","isPartOf":{"@id":"https:\/\/www.doskar4equi.at\/#website"},"primaryImageOfPage":{"@id":"https:\/\/www.doskar4equi.at\/produkt\/amino-komplex-2-500-g\/#primaryimage"},"image":{"@id":"https:\/\/www.doskar4equi.at\/produkt\/amino-komplex-2-500-g\/#primaryimage"},"thumbnailUrl":"https:\/\/www.doskar4equi.at\/wp-content\/uploads\/2024\/12\/Amino-2500.jpg","datePublished":"2024-12-19T18:53:02+00:00","dateModified":"2026-04-04T19:40:57+00:00","description":"Formulated to support muscle development and maintenance, as well as a healthy protein metabolism in horses, promoting overall strength and vitality.","breadcrumb":{"@id":"https:\/\/www.doskar4equi.at\/produkt\/amino-komplex-2-500-g\/#breadcrumb"},"inLanguage":"en-GB","potentialAction":[{"@type":"ReadAction","target":["https:\/\/www.doskar4equi.at\/produkt\/amino-komplex-2-500-g\/"]}]},{"@type":"ImageObject","inLanguage":"en-GB","@id":"https:\/\/www.doskar4equi.at\/produkt\/amino-komplex-2-500-g\/#primaryimage","url":"https:\/\/www.doskar4equi.at\/wp-content\/uploads\/2024\/12\/Amino-2500.jpg","contentUrl":"https:\/\/www.doskar4equi.at\/wp-content\/uploads\/2024\/12\/Amino-2500.jpg","width":1200,"height":1200,"caption":"Amino Komplex"},{"@type":"BreadcrumbList","@id":"https:\/\/www.doskar4equi.at\/produkt\/amino-komplex-2-500-g\/#breadcrumb","itemListElement":[{"@type":"ListItem","position":1,"name":"Startseite","item":"https:\/\/www.doskar4equi.at\/"},{"@type":"ListItem","position":2,"name":"Shop","item":"https:\/\/www.doskar4equi.at\/shop\/"},{"@type":"ListItem","position":3,"name":"Amino Komplex 2.500 g"}]},{"@type":"WebSite","@id":"https:\/\/www.doskar4equi.at\/#website","url":"https:\/\/www.doskar4equi.at\/","name":"Doskar 4 Equi","description":"Pharmazeutisches Fachwissen","potentialAction":[{"@type":"SearchAction","target":{"@type":"EntryPoint","urlTemplate":"https:\/\/www.doskar4equi.at\/?s={search_term_string}"},"query-input":{"@type":"PropertyValueSpecification","valueRequired":true,"valueName":"search_term_string"}}],"inLanguage":"en-GB"}]}},"_links":{"self":[{"href":"https:\/\/www.doskar4equi.at\/en\/wp-json\/wp\/v2\/product\/3176","targetHints":{"allow":["GET"]}}],"collection":[{"href":"https:\/\/www.doskar4equi.at\/en\/wp-json\/wp\/v2\/product"}],"about":[{"href":"https:\/\/www.doskar4equi.at\/en\/wp-json\/wp\/v2\/types\/product"}],"replies":[{"embeddable":true,"href":"https:\/\/www.doskar4equi.at\/en\/wp-json\/wp\/v2\/comments?post=3176"}],"wp:featuredmedia":[{"embeddable":true,"href":"https:\/\/www.doskar4equi.at\/en\/wp-json\/wp\/v2\/media\/4024"}],"wp:attachment":[{"href":"https:\/\/www.doskar4equi.at\/en\/wp-json\/wp\/v2\/media?parent=3176"}],"wp:term":[{"taxonomy":"product_brand","embeddable":true,"href":"https:\/\/www.doskar4equi.at\/en\/wp-json\/wp\/v2\/product_brand?post=3176"},{"taxonomy":"product_cat","embeddable":true,"href":"https:\/\/www.doskar4equi.at\/en\/wp-json\/wp\/v2\/product_cat?post=3176"},{"taxonomy":"product_tag","embeddable":true,"href":"https:\/\/www.doskar4equi.at\/en\/wp-json\/wp\/v2\/product_tag?post=3176"}],"curies":[{"name":"wp","href":"https:\/\/api.w.org\/{rel}","templated":true}]}}