{"id":324,"date":"2023-07-31T21:09:17","date_gmt":"2023-07-31T19:09:17","guid":{"rendered":"https:\/\/devversion1.doskar4equi.at\/produkt\/doskar-bronchialkraeutermischung-1000-g\/"},"modified":"2026-02-22T22:34:12","modified_gmt":"2026-02-22T22:34:12","slug":"doskar-bronchialkraeutermischung-1000-g","status":"publish","type":"product","link":"https:\/\/www.doskar4equi.at\/en\/product\/doskar-bronchialkraeutermischung-1000-g\/","title":{"rendered":"Bronchialkr\u00e4utermischung 1 kg"},"content":{"rendered":"<div class=\"tabbed-content\">\n\t\t\t\n\t\t\t<ul class=\"nav nav-tabs nav-uppercase nav-size-normal nav-left\" role=\"tablist\"><li id=\"tab-beschreibung\" class=\"tab active has-icon\" role=\"presentation\"><a href=\"#tab_beschreibung\" role=\"tab\" aria-selected=\"true\" aria-controls=\"tab_beschreibung\"><span>Product Description<\/span><\/a><\/li>\n<li id=\"tab-anwendung\" class=\"tab has-icon\" role=\"presentation\"><a href=\"#tab_anwendung\" tabindex=\"-1\" role=\"tab\" aria-selected=\"false\" aria-controls=\"tab_anwendung\"><span>Usage<\/span><\/a><\/li>\n<li id=\"tab-inhalt\" class=\"tab has-icon\" role=\"presentation\"><a href=\"#tab_inhalt\" tabindex=\"-1\" role=\"tab\" aria-selected=\"false\" aria-controls=\"tab_inhalt\"><span>Ingredients<\/span><\/a><\/li><\/ul><div class=\"tab-panels\"><div id=\"tab_beschreibung\" class=\"panel active entry-content\" role=\"tabpanel\" aria-labelledby=\"tab-beschreibung\">\n<p>DOSKAR 4 EQUI Bronchialkr\u00e4utermischung ist ein Naturprodukt aus speziell ausgesuchten Kr\u00e4utern. Die sorgf\u00e4ltig aufeinander abgestimmten Komponenten und die darin enthaltenen \u00e4therischen \u00d6le unterst\u00fctzen das Bronchialsystem.<\/p>\n<p>Besonders Eibischwurzel und Islandmoos entfalten eine reizlindernde, schleimhautsch\u00fctzende und kr\u00e4ftigende Wirkung auf das Bronchialsystem. Die \u00e4therischen \u00d6le der Kr\u00e4uter Anis, Fenchel, S\u00fc\u00dfholzwurzel und Thymian in Verbindung mit Spitzwegerichkraut f\u00f6rdern die L\u00f6sung des Schleims auf den Bronchien. Die Bronchialkr\u00e4utermischung regt die Atmungsorgane an, reguliert, kr\u00e4ftigt, sch\u00fctzt und beruhigt. Die Bronchialkr\u00e4utermischung kann dem Pferd t\u00e4glich, begleitend zu einer Behandlung mit dem Grundfutter verabreicht werden.<\/p>\n<p>Suggested withdrawal time prior to competition: 48 hours<\/p>\n<\/div>\n<div id=\"tab_anwendung\" class=\"panel entry-content\" role=\"tabpanel\" aria-labelledby=\"tab-anwendung\">\n<p><strong>Recommended daily feeding amount per animal:<br \/>\n<\/strong>Gro\u00dfpferde: 50-60 g<br \/>\nKleinpferde und Ponys: 30-40 g<\/p>\n<\/div>\n<div id=\"tab_inhalt\" class=\"panel entry-content\" role=\"tabpanel\" aria-labelledby=\"tab-inhalt\">\n<p>Composition:<br \/>\n33% Brennnessel, 9% Fichtennadeln, 9% Fenchel s\u00fc\u00df, 9% Spitzwegerich, 9% S\u00fc\u00dfholzwurzel, 8% Anis, 8% Thymian, 6% Eibischwurzel, 6% Thymian, 3% Isl\u00e4ndisches Moos<\/p>\n<p><strong>Contents:\u00a0<\/strong>1 kg<\/p>\n<\/div><\/div><\/div>","protected":false},"excerpt":{"rendered":"<h3><\/h3>\n<h3><span style=\"color: #a9657e;\"><strong>Nat\u00fcrliche Unterst\u00fctzung f\u00fcr Atemwege und Lungen<\/strong><\/span><\/h3>\n<p>Die sorgf\u00e4ltig aufeinander abgestimmten Kr\u00e4uter und die darin enthaltenen \u00e4therischen \u00d6le unterst\u00fctzen das Bronchialsystem. Ideal bei Husten, Atemwegsreizungen oder zur St\u00e4rkung der Atemwege in staubigen Umgebungen.<\/p>","protected":false},"featured_media":1591,"comment_status":"open","ping_status":"closed","template":"","meta":[],"product_brand":[],"product_cat":[35],"product_tag":[],"class_list":{"0":"post-324","1":"product","2":"type-product","3":"status-publish","4":"has-post-thumbnail","6":"product_cat-atemwege","8":"first","9":"outofstock","10":"taxable","11":"shipping-taxable","12":"purchasable","13":"product-type-simple"},"yoast_head":"<!-- This site is optimized with the Yoast SEO plugin v27.4 - https:\/\/yoast.com\/product\/yoast-seo-wordpress\/ -->\n<title>Bronchialkr\u00e4utermischung 1 kg - Doskar 4 Equi<\/title>\n<meta name=\"description\" content=\"DOSKAR 4 EQUI Bronchialkr\u00e4utermischung ist ein Naturprodukt aus speziell ausgesuchten Kr\u00e4utern. Die sorgf\u00e4ltig aufeinander abgestimmten Komponenten und die darin enthaltenen \u00e4therischen \u00d6le unterst\u00fctzen das Bronchialsystem.\" \/>\n<meta name=\"robots\" content=\"index, follow, max-snippet:-1, max-image-preview:large, max-video-preview:-1\" \/>\n<link rel=\"canonical\" href=\"https:\/\/www.doskar4equi.at\/en\/product\/doskar-bronchialkraeutermischung-1000-g\/\" \/>\n<meta property=\"og:locale\" content=\"en_GB\" \/>\n<meta property=\"og:type\" content=\"article\" \/>\n<meta property=\"og:title\" content=\"Bronchialkr\u00e4utermischung 1 kg - Doskar 4 Equi\" \/>\n<meta property=\"og:description\" content=\"DOSKAR 4 EQUI Bronchialkr\u00e4utermischung ist ein Naturprodukt aus speziell ausgesuchten Kr\u00e4utern. Die sorgf\u00e4ltig aufeinander abgestimmten Komponenten und die darin enthaltenen \u00e4therischen \u00d6le unterst\u00fctzen das Bronchialsystem.\" \/>\n<meta property=\"og:url\" content=\"https:\/\/www.doskar4equi.at\/en\/product\/doskar-bronchialkraeutermischung-1000-g\/\" \/>\n<meta property=\"og:site_name\" content=\"Doskar 4 Equi\" \/>\n<meta property=\"article:modified_time\" content=\"2026-02-22T22:34:12+00:00\" \/>\n<meta property=\"og:image\" content=\"https:\/\/www.doskar4equi.at\/wp-content\/uploads\/2024\/06\/Bronchial_1000g.webp\" \/>\n\t<meta property=\"og:image:width\" content=\"1500\" \/>\n\t<meta property=\"og:image:height\" content=\"1500\" \/>\n\t<meta property=\"og:image:type\" content=\"image\/webp\" \/>\n<meta name=\"twitter:card\" content=\"summary_large_image\" \/>\n<meta name=\"twitter:label1\" content=\"Estimated reading time\" \/>\n\t<meta name=\"twitter:data1\" content=\"2 minutes\" \/>\n<script type=\"application\/ld+json\" class=\"yoast-schema-graph\">{\"@context\":\"https:\\\/\\\/schema.org\",\"@graph\":[{\"@type\":\"WebPage\",\"@id\":\"https:\\\/\\\/www.doskar4equi.at\\\/produkt\\\/doskar-bronchialkraeutermischung-1000-g\\\/\",\"url\":\"https:\\\/\\\/www.doskar4equi.at\\\/produkt\\\/doskar-bronchialkraeutermischung-1000-g\\\/\",\"name\":\"Bronchialkr\u00e4utermischung 1 kg - Doskar 4 Equi\",\"isPartOf\":{\"@id\":\"https:\\\/\\\/www.doskar4equi.at\\\/#website\"},\"primaryImageOfPage\":{\"@id\":\"https:\\\/\\\/www.doskar4equi.at\\\/produkt\\\/doskar-bronchialkraeutermischung-1000-g\\\/#primaryimage\"},\"image\":{\"@id\":\"https:\\\/\\\/www.doskar4equi.at\\\/produkt\\\/doskar-bronchialkraeutermischung-1000-g\\\/#primaryimage\"},\"thumbnailUrl\":\"https:\\\/\\\/www.doskar4equi.at\\\/wp-content\\\/uploads\\\/2024\\\/06\\\/Bronchial_1000g.webp\",\"datePublished\":\"2023-07-31T19:09:17+00:00\",\"dateModified\":\"2026-02-22T22:34:12+00:00\",\"description\":\"DOSKAR 4 EQUI Bronchialkr\u00e4utermischung ist ein Naturprodukt aus speziell ausgesuchten Kr\u00e4utern. Die sorgf\u00e4ltig aufeinander abgestimmten Komponenten und die darin enthaltenen \u00e4therischen \u00d6le unterst\u00fctzen das Bronchialsystem.\",\"breadcrumb\":{\"@id\":\"https:\\\/\\\/www.doskar4equi.at\\\/produkt\\\/doskar-bronchialkraeutermischung-1000-g\\\/#breadcrumb\"},\"inLanguage\":\"en-GB\",\"potentialAction\":[{\"@type\":\"ReadAction\",\"target\":[\"https:\\\/\\\/www.doskar4equi.at\\\/produkt\\\/doskar-bronchialkraeutermischung-1000-g\\\/\"]}]},{\"@type\":\"ImageObject\",\"inLanguage\":\"en-GB\",\"@id\":\"https:\\\/\\\/www.doskar4equi.at\\\/produkt\\\/doskar-bronchialkraeutermischung-1000-g\\\/#primaryimage\",\"url\":\"https:\\\/\\\/www.doskar4equi.at\\\/wp-content\\\/uploads\\\/2024\\\/06\\\/Bronchial_1000g.webp\",\"contentUrl\":\"https:\\\/\\\/www.doskar4equi.at\\\/wp-content\\\/uploads\\\/2024\\\/06\\\/Bronchial_1000g.webp\",\"width\":1500,\"height\":1500,\"caption\":\"Bronchialkrautermischung 1.000g\"},{\"@type\":\"BreadcrumbList\",\"@id\":\"https:\\\/\\\/www.doskar4equi.at\\\/produkt\\\/doskar-bronchialkraeutermischung-1000-g\\\/#breadcrumb\",\"itemListElement\":[{\"@type\":\"ListItem\",\"position\":1,\"name\":\"Startseite\",\"item\":\"https:\\\/\\\/www.doskar4equi.at\\\/\"},{\"@type\":\"ListItem\",\"position\":2,\"name\":\"Shop\",\"item\":\"https:\\\/\\\/www.doskar4equi.at\\\/shop\\\/\"},{\"@type\":\"ListItem\",\"position\":3,\"name\":\"Bronchialkr\u00e4utermischung 1 kg\"}]},{\"@type\":\"WebSite\",\"@id\":\"https:\\\/\\\/www.doskar4equi.at\\\/#website\",\"url\":\"https:\\\/\\\/www.doskar4equi.at\\\/\",\"name\":\"Doskar 4 Equi\",\"description\":\"Pharmazeutisches Fachwissen\",\"potentialAction\":[{\"@type\":\"SearchAction\",\"target\":{\"@type\":\"EntryPoint\",\"urlTemplate\":\"https:\\\/\\\/www.doskar4equi.at\\\/?s={search_term_string}\"},\"query-input\":{\"@type\":\"PropertyValueSpecification\",\"valueRequired\":true,\"valueName\":\"search_term_string\"}}],\"inLanguage\":\"en-GB\"}]}<\/script>\n<!-- \/ Yoast SEO plugin. -->","yoast_head_json":{"title":"Bronchialkr\u00e4utermischung 1 kg - Doskar 4 Equi","description":"DOSKAR 4 EQUI Bronchialkr\u00e4utermischung ist ein Naturprodukt aus speziell ausgesuchten Kr\u00e4utern. Die sorgf\u00e4ltig aufeinander abgestimmten Komponenten und die darin enthaltenen \u00e4therischen \u00d6le unterst\u00fctzen das Bronchialsystem.","robots":{"index":"index","follow":"follow","max-snippet":"max-snippet:-1","max-image-preview":"max-image-preview:large","max-video-preview":"max-video-preview:-1"},"canonical":"https:\/\/www.doskar4equi.at\/en\/product\/doskar-bronchialkraeutermischung-1000-g\/","og_locale":"en_GB","og_type":"article","og_title":"Bronchialkr\u00e4utermischung 1 kg - Doskar 4 Equi","og_description":"DOSKAR 4 EQUI Bronchialkr\u00e4utermischung ist ein Naturprodukt aus speziell ausgesuchten Kr\u00e4utern. Die sorgf\u00e4ltig aufeinander abgestimmten Komponenten und die darin enthaltenen \u00e4therischen \u00d6le unterst\u00fctzen das Bronchialsystem.","og_url":"https:\/\/www.doskar4equi.at\/en\/product\/doskar-bronchialkraeutermischung-1000-g\/","og_site_name":"Doskar 4 Equi","article_modified_time":"2026-02-22T22:34:12+00:00","og_image":[{"width":1500,"height":1500,"url":"https:\/\/www.doskar4equi.at\/wp-content\/uploads\/2024\/06\/Bronchial_1000g.webp","type":"image\/webp"}],"twitter_card":"summary_large_image","twitter_misc":{"Estimated reading time":"2 minutes"},"schema":{"@context":"https:\/\/schema.org","@graph":[{"@type":"WebPage","@id":"https:\/\/www.doskar4equi.at\/produkt\/doskar-bronchialkraeutermischung-1000-g\/","url":"https:\/\/www.doskar4equi.at\/produkt\/doskar-bronchialkraeutermischung-1000-g\/","name":"Bronchialkr\u00e4utermischung 1 kg - Doskar 4 Equi","isPartOf":{"@id":"https:\/\/www.doskar4equi.at\/#website"},"primaryImageOfPage":{"@id":"https:\/\/www.doskar4equi.at\/produkt\/doskar-bronchialkraeutermischung-1000-g\/#primaryimage"},"image":{"@id":"https:\/\/www.doskar4equi.at\/produkt\/doskar-bronchialkraeutermischung-1000-g\/#primaryimage"},"thumbnailUrl":"https:\/\/www.doskar4equi.at\/wp-content\/uploads\/2024\/06\/Bronchial_1000g.webp","datePublished":"2023-07-31T19:09:17+00:00","dateModified":"2026-02-22T22:34:12+00:00","description":"DOSKAR 4 EQUI Bronchialkr\u00e4utermischung ist ein Naturprodukt aus speziell ausgesuchten Kr\u00e4utern. Die sorgf\u00e4ltig aufeinander abgestimmten Komponenten und die darin enthaltenen \u00e4therischen \u00d6le unterst\u00fctzen das Bronchialsystem.","breadcrumb":{"@id":"https:\/\/www.doskar4equi.at\/produkt\/doskar-bronchialkraeutermischung-1000-g\/#breadcrumb"},"inLanguage":"en-GB","potentialAction":[{"@type":"ReadAction","target":["https:\/\/www.doskar4equi.at\/produkt\/doskar-bronchialkraeutermischung-1000-g\/"]}]},{"@type":"ImageObject","inLanguage":"en-GB","@id":"https:\/\/www.doskar4equi.at\/produkt\/doskar-bronchialkraeutermischung-1000-g\/#primaryimage","url":"https:\/\/www.doskar4equi.at\/wp-content\/uploads\/2024\/06\/Bronchial_1000g.webp","contentUrl":"https:\/\/www.doskar4equi.at\/wp-content\/uploads\/2024\/06\/Bronchial_1000g.webp","width":1500,"height":1500,"caption":"Bronchialkrautermischung 1.000g"},{"@type":"BreadcrumbList","@id":"https:\/\/www.doskar4equi.at\/produkt\/doskar-bronchialkraeutermischung-1000-g\/#breadcrumb","itemListElement":[{"@type":"ListItem","position":1,"name":"Startseite","item":"https:\/\/www.doskar4equi.at\/"},{"@type":"ListItem","position":2,"name":"Shop","item":"https:\/\/www.doskar4equi.at\/shop\/"},{"@type":"ListItem","position":3,"name":"Bronchialkr\u00e4utermischung 1 kg"}]},{"@type":"WebSite","@id":"https:\/\/www.doskar4equi.at\/#website","url":"https:\/\/www.doskar4equi.at\/","name":"Doskar 4 Equi","description":"Pharmazeutisches Fachwissen","potentialAction":[{"@type":"SearchAction","target":{"@type":"EntryPoint","urlTemplate":"https:\/\/www.doskar4equi.at\/?s={search_term_string}"},"query-input":{"@type":"PropertyValueSpecification","valueRequired":true,"valueName":"search_term_string"}}],"inLanguage":"en-GB"}]}},"_links":{"self":[{"href":"https:\/\/www.doskar4equi.at\/en\/wp-json\/wp\/v2\/product\/324","targetHints":{"allow":["GET"]}}],"collection":[{"href":"https:\/\/www.doskar4equi.at\/en\/wp-json\/wp\/v2\/product"}],"about":[{"href":"https:\/\/www.doskar4equi.at\/en\/wp-json\/wp\/v2\/types\/product"}],"replies":[{"embeddable":true,"href":"https:\/\/www.doskar4equi.at\/en\/wp-json\/wp\/v2\/comments?post=324"}],"wp:featuredmedia":[{"embeddable":true,"href":"https:\/\/www.doskar4equi.at\/en\/wp-json\/wp\/v2\/media\/1591"}],"wp:attachment":[{"href":"https:\/\/www.doskar4equi.at\/en\/wp-json\/wp\/v2\/media?parent=324"}],"wp:term":[{"taxonomy":"product_brand","embeddable":true,"href":"https:\/\/www.doskar4equi.at\/en\/wp-json\/wp\/v2\/product_brand?post=324"},{"taxonomy":"product_cat","embeddable":true,"href":"https:\/\/www.doskar4equi.at\/en\/wp-json\/wp\/v2\/product_cat?post=324"},{"taxonomy":"product_tag","embeddable":true,"href":"https:\/\/www.doskar4equi.at\/en\/wp-json\/wp\/v2\/product_tag?post=324"}],"curies":[{"name":"wp","href":"https:\/\/api.w.org\/{rel}","templated":true}]}}