{"id":326,"date":"2023-07-31T21:09:19","date_gmt":"2023-07-31T19:09:19","guid":{"rendered":"https:\/\/devversion1.doskar4equi.at\/produkt\/schwarzkuemmelsamen-1-kg\/"},"modified":"2026-02-23T23:11:56","modified_gmt":"2026-02-23T23:11:56","slug":"schwarzkuemmelsamen","status":"publish","type":"product","link":"https:\/\/www.doskar4equi.at\/en\/product\/schwarzkuemmelsamen\/","title":{"rendered":"Black Cumin Seeds"},"content":{"rendered":"<div class=\"tabbed-content\">\n\t\t\t\n\t\t\t<ul class=\"nav nav-tabs nav-uppercase nav-size-normal nav-left\" role=\"tablist\"><li id=\"tab-beschreibung\" class=\"tab active has-icon\" role=\"presentation\"><a href=\"#tab_beschreibung\" role=\"tab\" aria-selected=\"true\" aria-controls=\"tab_beschreibung\"><span>Product Description<\/span><\/a><\/li>\n<li id=\"tab-anwendung\" class=\"tab has-icon\" role=\"presentation\"><a href=\"#tab_anwendung\" tabindex=\"-1\" role=\"tab\" aria-selected=\"false\" aria-controls=\"tab_anwendung\"><span>Usage<\/span><\/a><\/li>\n<li id=\"tab-inhalt\" class=\"tab has-icon\" role=\"presentation\"><a href=\"#tab_inhalt\" tabindex=\"-1\" role=\"tab\" aria-selected=\"false\" aria-controls=\"tab_inhalt\"><span>Ingredients<\/span><\/a><\/li><\/ul><div class=\"tab-panels\"><div id=\"tab_beschreibung\" class=\"panel active entry-content\" role=\"tabpanel\" aria-labelledby=\"tab-beschreibung\">\n<p><strong>To support the immune system<br \/>\n<\/strong><br \/>\nOur Egyptian black cumin seeds are a natural supplement for daily feeding. They contain valuable unsaturated fatty acids and antioxidants that support the immune system, metabolism, gut flora, skin health, and mucous membranes.<\/p>\n<p data-start=\"458\" data-end=\"781\">\u2714 <strong data-start=\"460\" data-end=\"486\">St\u00e4rken das Immunsystem<\/strong> und unterst\u00fctzen die k\u00f6rpereigene Abwehr<br data-start=\"526\" data-end=\"529\" \/>\u2714 <strong data-start=\"531\" data-end=\"555\">F\u00f6rdern gesunde Atemwege<\/strong><br data-start=\"586\" data-end=\"589\" \/>\u2714 <strong data-start=\"591\" data-end=\"613\">Pflegen Haut &amp; Fell<\/strong>\u00a0<br data-start=\"651\" data-end=\"654\" \/>\u2714 <strong data-start=\"656\" data-end=\"697\">Unterst\u00fctzen die Magen-Darm-Gesundheit<\/strong> durch wertvolle Bitterstoffe<br data-start=\"726\" data-end=\"729\" \/>\u2714 <strong data-start=\"731\" data-end=\"755\">Nat\u00fcrliche F\u00fctterung<\/strong> ohne k\u00fcnstliche Zus\u00e4tze<\/p>\n<\/div>\n<div id=\"tab_anwendung\" class=\"panel entry-content\" role=\"tabpanel\" aria-labelledby=\"tab-anwendung\">\n<p><strong>Single compound feed for horses<br \/>\nF\u00fctterungsempfehlung pro Tag:\u00a0<\/strong>\u00a0Gro\u00dfpferde: 40-60 g<br \/>\nKleinpferde und Ponys: 30-40 g<\/p>\n<\/div>\n<div id=\"tab_inhalt\" class=\"panel entry-content\" role=\"tabpanel\" aria-labelledby=\"tab-inhalt\">\n<p><strong>Analytische Bestandteile:<\/strong><br \/>\nRohprotein 30%, Rohfaser 7%, Rohfett 21%<\/p>\n<p><strong>Contents:\u00a0<\/strong>1.000 g<\/p>\n<\/div><\/div><\/div>","protected":false},"excerpt":{"rendered":"<p>Black cumin seeds contain valuable unsaturated fatty acids and antioxidants, which can have a positive effect on a horse\u2019s immune system, gut flora, respiratory tract, and skin.<\/p>","protected":false},"featured_media":3451,"comment_status":"open","ping_status":"closed","template":"","meta":[],"product_brand":[],"product_cat":[34],"product_tag":[],"class_list":{"0":"post-326","1":"product","2":"type-product","3":"status-publish","4":"has-post-thumbnail","6":"product_cat-vitamine-mineralstoffe","8":"first","9":"outofstock","10":"taxable","11":"shipping-taxable","12":"purchasable","13":"product-type-simple"},"yoast_head":"<!-- This site is optimized with the Yoast SEO plugin v27.3 - https:\/\/yoast.com\/product\/yoast-seo-wordpress\/ -->\n<title>Schwarzk\u00fcmmelsamen - Doskar 4 Equi<\/title>\n<meta name=\"description\" content=\"DOSKAR 4 EQUI Schwarzk\u00fcmmelsamen versorgen das Pferd mit wichtigen N\u00e4hrstoffen und Aminos\u00e4uren. Wirken sich positiv auf das Immunsystem aus und unterst\u00fctzen die Darmflora auf nat\u00fcrliche Weise.\" \/>\n<meta name=\"robots\" content=\"index, follow, max-snippet:-1, max-image-preview:large, max-video-preview:-1\" \/>\n<link rel=\"canonical\" href=\"https:\/\/www.doskar4equi.at\/en\/product\/schwarzkuemmelsamen\/\" \/>\n<meta property=\"og:locale\" content=\"en_GB\" \/>\n<meta property=\"og:type\" content=\"article\" \/>\n<meta property=\"og:title\" content=\"Schwarzk\u00fcmmelsamen - Doskar 4 Equi\" \/>\n<meta property=\"og:description\" content=\"DOSKAR 4 EQUI Schwarzk\u00fcmmelsamen versorgen das Pferd mit wichtigen N\u00e4hrstoffen und Aminos\u00e4uren. Wirken sich positiv auf das Immunsystem aus und unterst\u00fctzen die Darmflora auf nat\u00fcrliche Weise.\" \/>\n<meta property=\"og:url\" content=\"https:\/\/www.doskar4equi.at\/en\/product\/schwarzkuemmelsamen\/\" \/>\n<meta property=\"og:site_name\" content=\"Doskar 4 Equi\" \/>\n<meta property=\"article:modified_time\" content=\"2026-02-23T23:11:56+00:00\" \/>\n<meta property=\"og:image\" content=\"https:\/\/www.doskar4equi.at\/wp-content\/uploads\/2023\/07\/SChwatzkuemmelsamen_neu.jpg\" \/>\n\t<meta property=\"og:image:width\" content=\"1500\" \/>\n\t<meta property=\"og:image:height\" content=\"1500\" \/>\n\t<meta property=\"og:image:type\" content=\"image\/jpeg\" \/>\n<meta name=\"twitter:card\" content=\"summary_large_image\" \/>\n<meta name=\"twitter:label1\" content=\"Estimated reading time\" \/>\n\t<meta name=\"twitter:data1\" content=\"1 minute\" \/>\n<script type=\"application\/ld+json\" class=\"yoast-schema-graph\">{\"@context\":\"https:\\\/\\\/schema.org\",\"@graph\":[{\"@type\":\"WebPage\",\"@id\":\"https:\\\/\\\/www.doskar4equi.at\\\/produkt\\\/schwarzkuemmelsamen\\\/\",\"url\":\"https:\\\/\\\/www.doskar4equi.at\\\/produkt\\\/schwarzkuemmelsamen\\\/\",\"name\":\"Schwarzk\u00fcmmelsamen - Doskar 4 Equi\",\"isPartOf\":{\"@id\":\"https:\\\/\\\/www.doskar4equi.at\\\/#website\"},\"primaryImageOfPage\":{\"@id\":\"https:\\\/\\\/www.doskar4equi.at\\\/produkt\\\/schwarzkuemmelsamen\\\/#primaryimage\"},\"image\":{\"@id\":\"https:\\\/\\\/www.doskar4equi.at\\\/produkt\\\/schwarzkuemmelsamen\\\/#primaryimage\"},\"thumbnailUrl\":\"https:\\\/\\\/www.doskar4equi.at\\\/wp-content\\\/uploads\\\/2023\\\/07\\\/SChwatzkuemmelsamen_neu.jpg\",\"datePublished\":\"2023-07-31T19:09:19+00:00\",\"dateModified\":\"2026-02-23T23:11:56+00:00\",\"description\":\"DOSKAR 4 EQUI Schwarzk\u00fcmmelsamen versorgen das Pferd mit wichtigen N\u00e4hrstoffen und Aminos\u00e4uren. Wirken sich positiv auf das Immunsystem aus und unterst\u00fctzen die Darmflora auf nat\u00fcrliche Weise.\",\"breadcrumb\":{\"@id\":\"https:\\\/\\\/www.doskar4equi.at\\\/produkt\\\/schwarzkuemmelsamen\\\/#breadcrumb\"},\"inLanguage\":\"en-GB\",\"potentialAction\":[{\"@type\":\"ReadAction\",\"target\":[\"https:\\\/\\\/www.doskar4equi.at\\\/produkt\\\/schwarzkuemmelsamen\\\/\"]}]},{\"@type\":\"ImageObject\",\"inLanguage\":\"en-GB\",\"@id\":\"https:\\\/\\\/www.doskar4equi.at\\\/produkt\\\/schwarzkuemmelsamen\\\/#primaryimage\",\"url\":\"https:\\\/\\\/www.doskar4equi.at\\\/wp-content\\\/uploads\\\/2023\\\/07\\\/SChwatzkuemmelsamen_neu.jpg\",\"contentUrl\":\"https:\\\/\\\/www.doskar4equi.at\\\/wp-content\\\/uploads\\\/2023\\\/07\\\/SChwatzkuemmelsamen_neu.jpg\",\"width\":1500,\"height\":1500},{\"@type\":\"BreadcrumbList\",\"@id\":\"https:\\\/\\\/www.doskar4equi.at\\\/produkt\\\/schwarzkuemmelsamen\\\/#breadcrumb\",\"itemListElement\":[{\"@type\":\"ListItem\",\"position\":1,\"name\":\"Startseite\",\"item\":\"https:\\\/\\\/www.doskar4equi.at\\\/\"},{\"@type\":\"ListItem\",\"position\":2,\"name\":\"Shop\",\"item\":\"https:\\\/\\\/www.doskar4equi.at\\\/shop\\\/\"},{\"@type\":\"ListItem\",\"position\":3,\"name\":\"Schwarzk\u00fcmmelsamen\"}]},{\"@type\":\"WebSite\",\"@id\":\"https:\\\/\\\/www.doskar4equi.at\\\/#website\",\"url\":\"https:\\\/\\\/www.doskar4equi.at\\\/\",\"name\":\"Doskar 4 Equi\",\"description\":\"Pharmazeutisches Fachwissen\",\"potentialAction\":[{\"@type\":\"SearchAction\",\"target\":{\"@type\":\"EntryPoint\",\"urlTemplate\":\"https:\\\/\\\/www.doskar4equi.at\\\/?s={search_term_string}\"},\"query-input\":{\"@type\":\"PropertyValueSpecification\",\"valueRequired\":true,\"valueName\":\"search_term_string\"}}],\"inLanguage\":\"en-GB\"}]}<\/script>\n<!-- \/ Yoast SEO plugin. -->","yoast_head_json":{"title":"Schwarzk\u00fcmmelsamen - Doskar 4 Equi","description":"DOSKAR 4 EQUI Schwarzk\u00fcmmelsamen versorgen das Pferd mit wichtigen N\u00e4hrstoffen und Aminos\u00e4uren. Wirken sich positiv auf das Immunsystem aus und unterst\u00fctzen die Darmflora auf nat\u00fcrliche Weise.","robots":{"index":"index","follow":"follow","max-snippet":"max-snippet:-1","max-image-preview":"max-image-preview:large","max-video-preview":"max-video-preview:-1"},"canonical":"https:\/\/www.doskar4equi.at\/en\/product\/schwarzkuemmelsamen\/","og_locale":"en_GB","og_type":"article","og_title":"Schwarzk\u00fcmmelsamen - Doskar 4 Equi","og_description":"DOSKAR 4 EQUI Schwarzk\u00fcmmelsamen versorgen das Pferd mit wichtigen N\u00e4hrstoffen und Aminos\u00e4uren. Wirken sich positiv auf das Immunsystem aus und unterst\u00fctzen die Darmflora auf nat\u00fcrliche Weise.","og_url":"https:\/\/www.doskar4equi.at\/en\/product\/schwarzkuemmelsamen\/","og_site_name":"Doskar 4 Equi","article_modified_time":"2026-02-23T23:11:56+00:00","og_image":[{"width":1500,"height":1500,"url":"https:\/\/www.doskar4equi.at\/wp-content\/uploads\/2023\/07\/SChwatzkuemmelsamen_neu.jpg","type":"image\/jpeg"}],"twitter_card":"summary_large_image","twitter_misc":{"Estimated reading time":"1 minute"},"schema":{"@context":"https:\/\/schema.org","@graph":[{"@type":"WebPage","@id":"https:\/\/www.doskar4equi.at\/produkt\/schwarzkuemmelsamen\/","url":"https:\/\/www.doskar4equi.at\/produkt\/schwarzkuemmelsamen\/","name":"Schwarzk\u00fcmmelsamen - Doskar 4 Equi","isPartOf":{"@id":"https:\/\/www.doskar4equi.at\/#website"},"primaryImageOfPage":{"@id":"https:\/\/www.doskar4equi.at\/produkt\/schwarzkuemmelsamen\/#primaryimage"},"image":{"@id":"https:\/\/www.doskar4equi.at\/produkt\/schwarzkuemmelsamen\/#primaryimage"},"thumbnailUrl":"https:\/\/www.doskar4equi.at\/wp-content\/uploads\/2023\/07\/SChwatzkuemmelsamen_neu.jpg","datePublished":"2023-07-31T19:09:19+00:00","dateModified":"2026-02-23T23:11:56+00:00","description":"DOSKAR 4 EQUI Schwarzk\u00fcmmelsamen versorgen das Pferd mit wichtigen N\u00e4hrstoffen und Aminos\u00e4uren. Wirken sich positiv auf das Immunsystem aus und unterst\u00fctzen die Darmflora auf nat\u00fcrliche Weise.","breadcrumb":{"@id":"https:\/\/www.doskar4equi.at\/produkt\/schwarzkuemmelsamen\/#breadcrumb"},"inLanguage":"en-GB","potentialAction":[{"@type":"ReadAction","target":["https:\/\/www.doskar4equi.at\/produkt\/schwarzkuemmelsamen\/"]}]},{"@type":"ImageObject","inLanguage":"en-GB","@id":"https:\/\/www.doskar4equi.at\/produkt\/schwarzkuemmelsamen\/#primaryimage","url":"https:\/\/www.doskar4equi.at\/wp-content\/uploads\/2023\/07\/SChwatzkuemmelsamen_neu.jpg","contentUrl":"https:\/\/www.doskar4equi.at\/wp-content\/uploads\/2023\/07\/SChwatzkuemmelsamen_neu.jpg","width":1500,"height":1500},{"@type":"BreadcrumbList","@id":"https:\/\/www.doskar4equi.at\/produkt\/schwarzkuemmelsamen\/#breadcrumb","itemListElement":[{"@type":"ListItem","position":1,"name":"Startseite","item":"https:\/\/www.doskar4equi.at\/"},{"@type":"ListItem","position":2,"name":"Shop","item":"https:\/\/www.doskar4equi.at\/shop\/"},{"@type":"ListItem","position":3,"name":"Schwarzk\u00fcmmelsamen"}]},{"@type":"WebSite","@id":"https:\/\/www.doskar4equi.at\/#website","url":"https:\/\/www.doskar4equi.at\/","name":"Doskar 4 Equi","description":"Pharmazeutisches Fachwissen","potentialAction":[{"@type":"SearchAction","target":{"@type":"EntryPoint","urlTemplate":"https:\/\/www.doskar4equi.at\/?s={search_term_string}"},"query-input":{"@type":"PropertyValueSpecification","valueRequired":true,"valueName":"search_term_string"}}],"inLanguage":"en-GB"}]}},"_links":{"self":[{"href":"https:\/\/www.doskar4equi.at\/en\/wp-json\/wp\/v2\/product\/326","targetHints":{"allow":["GET"]}}],"collection":[{"href":"https:\/\/www.doskar4equi.at\/en\/wp-json\/wp\/v2\/product"}],"about":[{"href":"https:\/\/www.doskar4equi.at\/en\/wp-json\/wp\/v2\/types\/product"}],"replies":[{"embeddable":true,"href":"https:\/\/www.doskar4equi.at\/en\/wp-json\/wp\/v2\/comments?post=326"}],"wp:featuredmedia":[{"embeddable":true,"href":"https:\/\/www.doskar4equi.at\/en\/wp-json\/wp\/v2\/media\/3451"}],"wp:attachment":[{"href":"https:\/\/www.doskar4equi.at\/en\/wp-json\/wp\/v2\/media?parent=326"}],"wp:term":[{"taxonomy":"product_brand","embeddable":true,"href":"https:\/\/www.doskar4equi.at\/en\/wp-json\/wp\/v2\/product_brand?post=326"},{"taxonomy":"product_cat","embeddable":true,"href":"https:\/\/www.doskar4equi.at\/en\/wp-json\/wp\/v2\/product_cat?post=326"},{"taxonomy":"product_tag","embeddable":true,"href":"https:\/\/www.doskar4equi.at\/en\/wp-json\/wp\/v2\/product_tag?post=326"}],"curies":[{"name":"wp","href":"https:\/\/api.w.org\/{rel}","templated":true}]}}