{"id":328,"date":"2023-07-31T21:09:21","date_gmt":"2023-07-31T19:09:21","guid":{"rendered":"https:\/\/devversion1.doskar4equi.at\/produkt\/glanzgel-farblos\/"},"modified":"2026-04-13T20:57:41","modified_gmt":"2026-04-13T20:57:41","slug":"glanzgel-farblos","status":"publish","type":"product","link":"https:\/\/www.doskar4equi.at\/en\/product\/glanzgel-farblos\/","title":{"rendered":"Mane &amp; Tail Detangler"},"content":{"rendered":"<div class=\"tabbed-content\">\n\t\t\t\n\t\t\t<ul class=\"nav nav-tabs nav-uppercase nav-size-normal nav-left\" role=\"tablist\"><li id=\"tab-beschreibung\" class=\"tab active has-icon\" role=\"presentation\"><a href=\"#tab_beschreibung\" role=\"tab\" aria-selected=\"true\" aria-controls=\"tab_beschreibung\"><span>Product Description<\/span><\/a><\/li>\n<li id=\"tab-anwendung\" class=\"tab has-icon\" role=\"presentation\"><a href=\"#tab_anwendung\" tabindex=\"-1\" role=\"tab\" aria-selected=\"false\" aria-controls=\"tab_anwendung\"><span>Usage<\/span><\/a><\/li>\n<li id=\"tab-inhalt\" class=\"tab has-icon\" role=\"presentation\"><a href=\"#tab_inhalt\" tabindex=\"-1\" role=\"tab\" aria-selected=\"false\" aria-controls=\"tab_inhalt\"><span>Ingredients<\/span><\/a><\/li><\/ul><div class=\"tab-panels\"><div id=\"tab_beschreibung\" class=\"panel active entry-content\" role=\"tabpanel\" aria-labelledby=\"tab-beschreibung\">\n<div class=\"et_pb_section et_pb_section_7 et_section_regular\">\n<div class=\"et_pb_row et_pb_row_7\">\n<div class=\"et_pb_column et_pb_column_4_4 et_pb_column_9 et_pb_css_mix_blend_mode_passthrough et-last-child\">\n<div class=\"et_pb_module et_pb_tabs et_pb_tabs_1\">\n<div class=\"et_pb_all_tabs\">\n<div class=\"et_pb_tab et_pb_tab_3 clearfix et_pb_active_content et-pb-active-slide\">\n<div class=\"et_pb_tab_content\">\n<p>Our detangling gel is the ideal solution for caring for the tail and mane. Its innovative formula effortlessly detangles even stubborn knots, leaving the hair smooth and shiny. It can be applied to both wet and dry hair, providing perfect results without making the hair sticky or greasy.<\/p>\n<p>&nbsp;<\/p>\n<\/div>\n<\/div>\n<\/div>\n<\/div>\n<\/div>\n<\/div>\n<\/div>\n<\/div>\n<div id=\"tab_anwendung\" class=\"panel entry-content\" role=\"tabpanel\" aria-labelledby=\"tab-anwendung\">\n<div class=\"et_pb_section et_pb_section_7 et_section_regular\">\n<div class=\"et_pb_row et_pb_row_7\">\n<div class=\"et_pb_column et_pb_column_4_4 et_pb_column_9 et_pb_css_mix_blend_mode_passthrough et-last-child\">\n<div class=\"et_pb_module et_pb_tabs et_pb_tabs_1 et_slide_transition_to_1\">\n<div class=\"et_pb_all_tabs\">\n<div class=\"et_pb_tab et_pb_tab_4 clearfix et-pb-active-slide\">\n<div class=\"et_pb_tab_content\">\n<p><strong>Application:\u00a0<\/strong>Apply a walnut-sized amount to the palm of your hand and distribute it through the tail and mane, which can then be easily combed or brushed. The gel forms an invisible, long-lasting protective layer that keeps the hair and mane water-repellent, clean, and shiny.<\/p>\n<\/div>\n<\/div>\n<\/div>\n<\/div>\n<\/div>\n<\/div>\n<\/div>\n<\/div>\n<div id=\"tab_inhalt\" class=\"panel entry-content\" role=\"tabpanel\" aria-labelledby=\"tab-inhalt\">\n<p><strong>Ingredients:<\/strong>\u00a0Silicones, fragrance oils<br \/>\n<strong>Contents:\u00a0<\/strong>250 ml<\/p>\n<\/div><\/div><\/div>","protected":false},"excerpt":{"rendered":"<h3><span style=\"color: #a9657e;\"><strong><br \/>\nMane &amp; Tail Detangling Gel<\/strong><\/span><\/h3>\n<ul>\n<li>Effortless detangling of knots and tangles<\/li>\n<li>Leaves tail and mane shiny and supple<\/li>\n<li>Suitable for use on wet and dry hair<\/li>\n<li>No sticky or greasy feeling<\/li>\n<\/ul>\n<p>&nbsp;<\/p>","protected":false},"featured_media":3453,"comment_status":"open","ping_status":"closed","template":"","meta":[],"product_brand":[],"product_cat":[38],"product_tag":[],"class_list":{"0":"post-328","1":"product","2":"type-product","3":"status-publish","4":"has-post-thumbnail","6":"product_cat-pflege","8":"first","9":"instock","10":"taxable","11":"shipping-taxable","12":"purchasable","13":"product-type-simple"},"yoast_head":"<!-- This site is optimized with the Yoast SEO plugin v27.4 - https:\/\/yoast.com\/product\/yoast-seo-wordpress\/ -->\n<title>Glanz- und Entfilzungsgel - Doskar 4 Equi<\/title>\n<meta name=\"description\" content=\"DOSKAR 4 EQUI GlanzGel ist eines der allerfeinsten Entfilzungsgele f\u00fcr Schweif und M\u00e4hne f\u00fcr Pferd oder Pony.\" \/>\n<meta name=\"robots\" content=\"index, follow, max-snippet:-1, max-image-preview:large, max-video-preview:-1\" \/>\n<link rel=\"canonical\" href=\"https:\/\/www.doskar4equi.at\/en\/product\/glanzgel-farblos\/\" \/>\n<meta property=\"og:locale\" content=\"en_GB\" \/>\n<meta property=\"og:type\" content=\"article\" \/>\n<meta property=\"og:title\" content=\"Glanz- und Entfilzungsgel - Doskar 4 Equi\" \/>\n<meta property=\"og:description\" content=\"DOSKAR 4 EQUI GlanzGel ist eines der allerfeinsten Entfilzungsgele f\u00fcr Schweif und M\u00e4hne f\u00fcr Pferd oder Pony.\" \/>\n<meta property=\"og:url\" content=\"https:\/\/www.doskar4equi.at\/en\/product\/glanzgel-farblos\/\" \/>\n<meta property=\"og:site_name\" content=\"Doskar 4 Equi\" \/>\n<meta property=\"article:modified_time\" content=\"2026-04-13T20:57:41+00:00\" \/>\n<meta property=\"og:image\" content=\"https:\/\/www.doskar4equi.at\/wp-content\/uploads\/2023\/07\/Glanzgel.jpg\" \/>\n\t<meta property=\"og:image:width\" content=\"1500\" \/>\n\t<meta property=\"og:image:height\" content=\"1500\" \/>\n\t<meta property=\"og:image:type\" content=\"image\/jpeg\" \/>\n<meta name=\"twitter:card\" content=\"summary_large_image\" \/>\n<meta name=\"twitter:label1\" content=\"Estimated reading time\" \/>\n\t<meta name=\"twitter:data1\" content=\"1 minute\" \/>\n<script type=\"application\/ld+json\" class=\"yoast-schema-graph\">{\"@context\":\"https:\\\/\\\/schema.org\",\"@graph\":[{\"@type\":\"WebPage\",\"@id\":\"https:\\\/\\\/www.doskar4equi.at\\\/produkt\\\/glanzgel-farblos\\\/\",\"url\":\"https:\\\/\\\/www.doskar4equi.at\\\/produkt\\\/glanzgel-farblos\\\/\",\"name\":\"Glanz- und Entfilzungsgel - Doskar 4 Equi\",\"isPartOf\":{\"@id\":\"https:\\\/\\\/www.doskar4equi.at\\\/#website\"},\"primaryImageOfPage\":{\"@id\":\"https:\\\/\\\/www.doskar4equi.at\\\/produkt\\\/glanzgel-farblos\\\/#primaryimage\"},\"image\":{\"@id\":\"https:\\\/\\\/www.doskar4equi.at\\\/produkt\\\/glanzgel-farblos\\\/#primaryimage\"},\"thumbnailUrl\":\"https:\\\/\\\/www.doskar4equi.at\\\/wp-content\\\/uploads\\\/2023\\\/07\\\/Glanzgel.jpg\",\"datePublished\":\"2023-07-31T19:09:21+00:00\",\"dateModified\":\"2026-04-13T20:57:41+00:00\",\"description\":\"DOSKAR 4 EQUI GlanzGel ist eines der allerfeinsten Entfilzungsgele f\u00fcr Schweif und M\u00e4hne f\u00fcr Pferd oder Pony.\",\"breadcrumb\":{\"@id\":\"https:\\\/\\\/www.doskar4equi.at\\\/produkt\\\/glanzgel-farblos\\\/#breadcrumb\"},\"inLanguage\":\"en-GB\",\"potentialAction\":[{\"@type\":\"ReadAction\",\"target\":[\"https:\\\/\\\/www.doskar4equi.at\\\/produkt\\\/glanzgel-farblos\\\/\"]}]},{\"@type\":\"ImageObject\",\"inLanguage\":\"en-GB\",\"@id\":\"https:\\\/\\\/www.doskar4equi.at\\\/produkt\\\/glanzgel-farblos\\\/#primaryimage\",\"url\":\"https:\\\/\\\/www.doskar4equi.at\\\/wp-content\\\/uploads\\\/2023\\\/07\\\/Glanzgel.jpg\",\"contentUrl\":\"https:\\\/\\\/www.doskar4equi.at\\\/wp-content\\\/uploads\\\/2023\\\/07\\\/Glanzgel.jpg\",\"width\":1500,\"height\":1500,\"caption\":\"Glanzgel\"},{\"@type\":\"BreadcrumbList\",\"@id\":\"https:\\\/\\\/www.doskar4equi.at\\\/produkt\\\/glanzgel-farblos\\\/#breadcrumb\",\"itemListElement\":[{\"@type\":\"ListItem\",\"position\":1,\"name\":\"Startseite\",\"item\":\"https:\\\/\\\/www.doskar4equi.at\\\/\"},{\"@type\":\"ListItem\",\"position\":2,\"name\":\"Shop\",\"item\":\"https:\\\/\\\/www.doskar4equi.at\\\/shop\\\/\"},{\"@type\":\"ListItem\",\"position\":3,\"name\":\"Glanz- und Entfilzungsgel\"}]},{\"@type\":\"WebSite\",\"@id\":\"https:\\\/\\\/www.doskar4equi.at\\\/#website\",\"url\":\"https:\\\/\\\/www.doskar4equi.at\\\/\",\"name\":\"Doskar 4 Equi\",\"description\":\"Pharmazeutisches Fachwissen\",\"potentialAction\":[{\"@type\":\"SearchAction\",\"target\":{\"@type\":\"EntryPoint\",\"urlTemplate\":\"https:\\\/\\\/www.doskar4equi.at\\\/?s={search_term_string}\"},\"query-input\":{\"@type\":\"PropertyValueSpecification\",\"valueRequired\":true,\"valueName\":\"search_term_string\"}}],\"inLanguage\":\"en-GB\"}]}<\/script>\n<!-- \/ Yoast SEO plugin. -->","yoast_head_json":{"title":"Glanz- und Entfilzungsgel - Doskar 4 Equi","description":"DOSKAR 4 EQUI GlanzGel ist eines der allerfeinsten Entfilzungsgele f\u00fcr Schweif und M\u00e4hne f\u00fcr Pferd oder Pony.","robots":{"index":"index","follow":"follow","max-snippet":"max-snippet:-1","max-image-preview":"max-image-preview:large","max-video-preview":"max-video-preview:-1"},"canonical":"https:\/\/www.doskar4equi.at\/en\/product\/glanzgel-farblos\/","og_locale":"en_GB","og_type":"article","og_title":"Glanz- und Entfilzungsgel - Doskar 4 Equi","og_description":"DOSKAR 4 EQUI GlanzGel ist eines der allerfeinsten Entfilzungsgele f\u00fcr Schweif und M\u00e4hne f\u00fcr Pferd oder Pony.","og_url":"https:\/\/www.doskar4equi.at\/en\/product\/glanzgel-farblos\/","og_site_name":"Doskar 4 Equi","article_modified_time":"2026-04-13T20:57:41+00:00","og_image":[{"width":1500,"height":1500,"url":"https:\/\/www.doskar4equi.at\/wp-content\/uploads\/2023\/07\/Glanzgel.jpg","type":"image\/jpeg"}],"twitter_card":"summary_large_image","twitter_misc":{"Estimated reading time":"1 minute"},"schema":{"@context":"https:\/\/schema.org","@graph":[{"@type":"WebPage","@id":"https:\/\/www.doskar4equi.at\/produkt\/glanzgel-farblos\/","url":"https:\/\/www.doskar4equi.at\/produkt\/glanzgel-farblos\/","name":"Glanz- und Entfilzungsgel - Doskar 4 Equi","isPartOf":{"@id":"https:\/\/www.doskar4equi.at\/#website"},"primaryImageOfPage":{"@id":"https:\/\/www.doskar4equi.at\/produkt\/glanzgel-farblos\/#primaryimage"},"image":{"@id":"https:\/\/www.doskar4equi.at\/produkt\/glanzgel-farblos\/#primaryimage"},"thumbnailUrl":"https:\/\/www.doskar4equi.at\/wp-content\/uploads\/2023\/07\/Glanzgel.jpg","datePublished":"2023-07-31T19:09:21+00:00","dateModified":"2026-04-13T20:57:41+00:00","description":"DOSKAR 4 EQUI GlanzGel ist eines der allerfeinsten Entfilzungsgele f\u00fcr Schweif und M\u00e4hne f\u00fcr Pferd oder Pony.","breadcrumb":{"@id":"https:\/\/www.doskar4equi.at\/produkt\/glanzgel-farblos\/#breadcrumb"},"inLanguage":"en-GB","potentialAction":[{"@type":"ReadAction","target":["https:\/\/www.doskar4equi.at\/produkt\/glanzgel-farblos\/"]}]},{"@type":"ImageObject","inLanguage":"en-GB","@id":"https:\/\/www.doskar4equi.at\/produkt\/glanzgel-farblos\/#primaryimage","url":"https:\/\/www.doskar4equi.at\/wp-content\/uploads\/2023\/07\/Glanzgel.jpg","contentUrl":"https:\/\/www.doskar4equi.at\/wp-content\/uploads\/2023\/07\/Glanzgel.jpg","width":1500,"height":1500,"caption":"Glanzgel"},{"@type":"BreadcrumbList","@id":"https:\/\/www.doskar4equi.at\/produkt\/glanzgel-farblos\/#breadcrumb","itemListElement":[{"@type":"ListItem","position":1,"name":"Startseite","item":"https:\/\/www.doskar4equi.at\/"},{"@type":"ListItem","position":2,"name":"Shop","item":"https:\/\/www.doskar4equi.at\/shop\/"},{"@type":"ListItem","position":3,"name":"Glanz- und Entfilzungsgel"}]},{"@type":"WebSite","@id":"https:\/\/www.doskar4equi.at\/#website","url":"https:\/\/www.doskar4equi.at\/","name":"Doskar 4 Equi","description":"Pharmazeutisches Fachwissen","potentialAction":[{"@type":"SearchAction","target":{"@type":"EntryPoint","urlTemplate":"https:\/\/www.doskar4equi.at\/?s={search_term_string}"},"query-input":{"@type":"PropertyValueSpecification","valueRequired":true,"valueName":"search_term_string"}}],"inLanguage":"en-GB"}]}},"_links":{"self":[{"href":"https:\/\/www.doskar4equi.at\/en\/wp-json\/wp\/v2\/product\/328","targetHints":{"allow":["GET"]}}],"collection":[{"href":"https:\/\/www.doskar4equi.at\/en\/wp-json\/wp\/v2\/product"}],"about":[{"href":"https:\/\/www.doskar4equi.at\/en\/wp-json\/wp\/v2\/types\/product"}],"replies":[{"embeddable":true,"href":"https:\/\/www.doskar4equi.at\/en\/wp-json\/wp\/v2\/comments?post=328"}],"wp:featuredmedia":[{"embeddable":true,"href":"https:\/\/www.doskar4equi.at\/en\/wp-json\/wp\/v2\/media\/3453"}],"wp:attachment":[{"href":"https:\/\/www.doskar4equi.at\/en\/wp-json\/wp\/v2\/media?parent=328"}],"wp:term":[{"taxonomy":"product_brand","embeddable":true,"href":"https:\/\/www.doskar4equi.at\/en\/wp-json\/wp\/v2\/product_brand?post=328"},{"taxonomy":"product_cat","embeddable":true,"href":"https:\/\/www.doskar4equi.at\/en\/wp-json\/wp\/v2\/product_cat?post=328"},{"taxonomy":"product_tag","embeddable":true,"href":"https:\/\/www.doskar4equi.at\/en\/wp-json\/wp\/v2\/product_tag?post=328"}],"curies":[{"name":"wp","href":"https:\/\/api.w.org\/{rel}","templated":true}]}}