{"id":3289,"date":"2025-02-05T20:04:38","date_gmt":"2025-02-05T20:04:38","guid":{"rendered":"https:\/\/www.doskar4equi.at\/?post_type=product&#038;p=3289"},"modified":"2026-04-12T18:24:33","modified_gmt":"2026-04-12T18:24:33","slug":"magnesium-komplex-25-kg","status":"publish","type":"product","link":"https:\/\/www.doskar4equi.at\/en\/product\/magnesium-komplex-25-kg\/","title":{"rendered":"Magnesium Komplex 2.500 g"},"content":{"rendered":"<div class=\"tabbed-content\">\n\t\t\t\n\t\t\t<ul class=\"nav nav-tabs nav-uppercase nav-size-normal nav-left\" role=\"tablist\"><li id=\"tab-beschreibung\" class=\"tab active has-icon\" role=\"presentation\"><a href=\"#tab_beschreibung\" role=\"tab\" aria-selected=\"true\" aria-controls=\"tab_beschreibung\"><span>Product Description<\/span><\/a><\/li>\n<li id=\"tab-anwendung\" class=\"tab has-icon\" role=\"presentation\"><a href=\"#tab_anwendung\" tabindex=\"-1\" role=\"tab\" aria-selected=\"false\" aria-controls=\"tab_anwendung\"><span>Usage<\/span><\/a><\/li>\n<li id=\"tab-inhalt\" class=\"tab has-icon\" role=\"presentation\"><a href=\"#tab_inhalt\" tabindex=\"-1\" role=\"tab\" aria-selected=\"false\" aria-controls=\"tab_inhalt\"><span>Ingredients<\/span><\/a><\/li><\/ul><div class=\"tab-panels\"><div id=\"tab_beschreibung\" class=\"panel active entry-content\" role=\"tabpanel\" aria-labelledby=\"tab-beschreibung\">\n<div class=\"et_pb_section et_pb_section_7 et_section_regular\">\n<div class=\"et_pb_row et_pb_row_7\">\n<div class=\"et_pb_column et_pb_column_4_4 et_pb_column_9 et_pb_css_mix_blend_mode_passthrough et-last-child\">\n<div class=\"et_pb_module et_pb_tabs et_pb_tabs_1\">\n<div class=\"et_pb_all_tabs\">\n<div class=\"et_pb_tab et_pb_tab_3 clearfix et_pb_active_content et-pb-active-slide\">\n<div class=\"et_pb_tab_content\">\n<div class=\"page\" title=\"Page 13\">\n<div class=\"layoutArea\">\n<div class=\"column\">\n<p><span class=\"OYPEnA font-feature-liga-off font-feature-clig-off font-feature-calt-off text-decoration-none text-strikethrough-none\"><strong>This high-quality magnesium blend<\/strong>, kombiniert aus den 3 Verbindungen Magnesiumcitrat, Magnesiumfumarat und Magnesiumoxid f\u00fcr hohe, nachhaltige Bioverf\u00fcgbarkeit. Mit Lecithin, das die Aufnahme von Magnesium \u00fcber die Darmschleimhaut unterst\u00fctzt.<\/span><br \/>\nFree from sugar, grains, fillers and flavourings.<\/p>\n<ul class=\"cst-bullet-points\">\n<li>Magnesium tr\u00e4gt zur psychischen Ausgeglichenheit und einem gesunden Nervensystem bei<\/li>\n<li>unterst\u00fctzt die Entspannungsf\u00e4higkeit der Muskulatur<\/li>\n<li>unterst\u00fctzt den Organismus in Phasen erh\u00f6hter Belastung und nach intensivem Training<\/li>\n<li>f\u00f6rdert die allgemeine Vitalit\u00e4t und unterst\u00fctzt einen aktiven Stoffwechsel<\/li>\n<li>Lecithin unterst\u00fctzt die optimale Aufnahme der Wirkstoffe \u00fcber die Darmschleimhaut<\/li>\n<\/ul>\n<p>Magnesium is the second most abundant mineral in a horse\u2019s body. It plays a vital role in muscle contraction, supports numerous enzymatic processes, and directly influences overall performance. Adequate magnesium levels are essential for proper muscle relaxation and the development of healthy muscle mass.<\/p>\n<p>Magnesium also promotes mental resilience and supports a balanced nervous system. As the body cannot synthesize magnesium itself, it must be supplied through the diet to ensure optimal wellbeing and performance.<\/p>\n<p>During times of physical strain \u2014 such as intensive training, coat shedding, or stress \u2014 a horse\u2019s magnesium requirements naturally increase.<\/p>\n<p>Sugar- and grain-free, making it perfectly suitable for horses with metabolic sensitivities (like PSSM).<\/p>\n<p><img loading=\"lazy\" decoding=\"async\" class=\"alignnone wp-image-4374\" src=\"https:\/\/www.doskar4equi.at\/wp-content\/uploads\/2025\/09\/3-2-300x95.png\" alt=\"\" width=\"150\" height=\"48\" srcset=\"https:\/\/www.doskar4equi.at\/wp-content\/uploads\/2025\/09\/3-2-300x95.png 300w, https:\/\/www.doskar4equi.at\/wp-content\/uploads\/2025\/09\/3-2-scaled-510x162.png 510w, https:\/\/www.doskar4equi.at\/wp-content\/uploads\/2025\/09\/3-2-1024x326.png 1024w, https:\/\/www.doskar4equi.at\/wp-content\/uploads\/2025\/09\/3-2-768x244.png 768w, https:\/\/www.doskar4equi.at\/wp-content\/uploads\/2025\/09\/3-2-1536x489.png 1536w, https:\/\/www.doskar4equi.at\/wp-content\/uploads\/2025\/09\/3-2-2048x652.png 2048w, https:\/\/www.doskar4equi.at\/wp-content\/uploads\/2025\/09\/3-2-18x6.png 18w\" sizes=\"auto, (max-width: 150px) 100vw, 150px\" \/> <img loading=\"lazy\" decoding=\"async\" class=\"alignnone wp-image-4373\" src=\"https:\/\/www.doskar4equi.at\/wp-content\/uploads\/2025\/09\/4-300x95.png\" alt=\"\" width=\"150\" height=\"48\" srcset=\"https:\/\/www.doskar4equi.at\/wp-content\/uploads\/2025\/09\/4-300x95.png 300w, https:\/\/www.doskar4equi.at\/wp-content\/uploads\/2025\/09\/4-510x162.png 510w, https:\/\/www.doskar4equi.at\/wp-content\/uploads\/2025\/09\/4-1024x326.png 1024w, https:\/\/www.doskar4equi.at\/wp-content\/uploads\/2025\/09\/4-768x244.png 768w, https:\/\/www.doskar4equi.at\/wp-content\/uploads\/2025\/09\/4-1536x489.png 1536w, https:\/\/www.doskar4equi.at\/wp-content\/uploads\/2025\/09\/4-2048x652.png 2048w, https:\/\/www.doskar4equi.at\/wp-content\/uploads\/2025\/09\/4-18x6.png 18w\" sizes=\"auto, (max-width: 150px) 100vw, 150px\" \/><\/p>\n<\/div>\n<\/div>\n<\/div>\n<\/div>\n<\/div>\n<\/div>\n<\/div>\n<\/div>\n<\/div>\n<\/div>\n<\/div>\n<div id=\"tab_anwendung\" class=\"panel entry-content\" role=\"tabpanel\" aria-labelledby=\"tab-anwendung\">\n<div class=\"et_pb_section et_pb_section_7 et_section_regular\">\n<div class=\"et_pb_row et_pb_row_7\">\n<div class=\"et_pb_column et_pb_column_4_4 et_pb_column_9 et_pb_css_mix_blend_mode_passthrough et-last-child\">\n<div class=\"et_pb_module et_pb_tabs et_pb_tabs_1 et_slide_transition_to_1\">\n<div class=\"et_pb_all_tabs\">\n<div class=\"et_pb_tab et_pb_tab_4 clearfix et-pb-active-slide\">\n<div class=\"et_pb_tab_content\">\n<p><strong>Recommended daily feeding amount per animal:\u00a0<\/strong><br \/>\n5-10 g pro 100 kg K\u00f6rpergewicht<\/p>\n<\/div>\n<\/div>\n<\/div>\n<\/div>\n<\/div>\n<\/div>\n<\/div>\n<div class=\"et_pb_section et_pb_section_9 et_pb_with_background et_section_regular\">\n<div class=\"et_pb_row et_pb_row_8\">\n<div class=\"et_pb_column et_pb_column_4_4 et_pb_column_10 et_pb_css_mix_blend_mode_passthrough et-last-child\">\n<div class=\"et_pb_module et_pb_text et_pb_text_1 et_pb_text_align_center et_pb_bg_layout_dark\">\n<div class=\"et_pb_text_inner\"><\/div>\n<\/div>\n<\/div>\n<\/div>\n<\/div>\n<\/div>\n<div id=\"tab_inhalt\" class=\"panel entry-content\" role=\"tabpanel\" aria-labelledby=\"tab-inhalt\">\n<p><strong>Composition: <\/strong><span lang=\"DE\">Magnesiumcitrat, Magnesiumfumarat, Magnesiumoxid<br \/>\n<\/span><\/p>\n<p><strong>Analytical components:\u00a0<\/strong><span lang=\"DE\">Magnesium 34,8; Calcium 0,0; Phosphor 0,0; Natrium 0,0<br \/>\n<\/span><\/p>\n<div>\n<p><strong><span lang=\"DE\">Technological additives:\u00a0<\/span><\/strong><span lang=\"DE\">Lecithin (1c322iii) 94.000 mg<\/span><\/p>\n<p><strong style=\"font-size: 14.4px;\">Contents:<\/strong><span style=\"font-size: 14.4px;\"> 2,5 kg<\/span><\/p>\n<\/div>\n<\/div><\/div><\/div>","protected":false},"excerpt":{"rendered":"<h3><span style=\"color: #a9657e;\"><strong><br \/>\nSupport for muscles and mental stress<\/strong><\/span><\/h3>\n<ul class=\"cst-bullet-points\">\n<li>supports recovery after training and intense exertion<\/li>\n<li>tr\u00e4gt zur psychischen Ausgeglichenheit bei<\/li>\n<li>Magnesium aus 3 hochwertigen Quellen<\/li>\n<li>mit Lecithin &#8211; unterst\u00fctzt die Aufnahme \u00fcber die Darmschleimhaut<\/li>\n<li>free from sugar, grains, fillers and flavourings<\/li>\n<\/ul>\n<h4><strong>FEI Clean Sport: approved \/ ADMR: approved<\/strong><\/h4>\n<p><img loading=\"lazy\" decoding=\"async\" class=\"alignnone wp-image-4329\" style=\"color: #333333;\" src=\"https:\/\/www.doskar4equi.at\/wp-content\/uploads\/2024\/12\/2-300x300.png\" alt=\"\" width=\"120\" height=\"120\" srcset=\"https:\/\/www.doskar4equi.at\/wp-content\/uploads\/2024\/12\/2-300x300.png 300w, https:\/\/www.doskar4equi.at\/wp-content\/uploads\/2024\/12\/2-500x500.png 500w, https:\/\/www.doskar4equi.at\/wp-content\/uploads\/2024\/12\/2-100x100.png 100w, https:\/\/www.doskar4equi.at\/wp-content\/uploads\/2024\/12\/2-510x510.png 510w, https:\/\/www.doskar4equi.at\/wp-content\/uploads\/2024\/12\/2-150x150.png 150w, https:\/\/www.doskar4equi.at\/wp-content\/uploads\/2024\/12\/2-12x12.png 12w, https:\/\/www.doskar4equi.at\/wp-content\/uploads\/2024\/12\/2.png 700w\" sizes=\"auto, (max-width: 120px) 100vw, 120px\" \/><img loading=\"lazy\" decoding=\"async\" class=\"alignnone wp-image-4328\" style=\"color: #333333;\" src=\"https:\/\/www.doskar4equi.at\/wp-content\/uploads\/2024\/12\/1-300x300.png\" alt=\"\" width=\"120\" height=\"120\" srcset=\"https:\/\/www.doskar4equi.at\/wp-content\/uploads\/2024\/12\/1-300x300.png 300w, https:\/\/www.doskar4equi.at\/wp-content\/uploads\/2024\/12\/1-500x500.png 500w, https:\/\/www.doskar4equi.at\/wp-content\/uploads\/2024\/12\/1-100x100.png 100w, https:\/\/www.doskar4equi.at\/wp-content\/uploads\/2024\/12\/1-510x510.png 510w, https:\/\/www.doskar4equi.at\/wp-content\/uploads\/2024\/12\/1-150x150.png 150w, https:\/\/www.doskar4equi.at\/wp-content\/uploads\/2024\/12\/1-12x12.png 12w, https:\/\/www.doskar4equi.at\/wp-content\/uploads\/2024\/12\/1.png 700w\" sizes=\"auto, (max-width: 120px) 100vw, 120px\" \/><img loading=\"lazy\" decoding=\"async\" class=\"alignnone wp-image-4330\" style=\"color: #333333;\" src=\"https:\/\/www.doskar4equi.at\/wp-content\/uploads\/2024\/12\/3-300x300.png\" alt=\"\" width=\"120\" height=\"120\" srcset=\"https:\/\/www.doskar4equi.at\/wp-content\/uploads\/2024\/12\/3-300x300.png 300w, https:\/\/www.doskar4equi.at\/wp-content\/uploads\/2024\/12\/3-500x500.png 500w, https:\/\/www.doskar4equi.at\/wp-content\/uploads\/2024\/12\/3-100x100.png 100w, https:\/\/www.doskar4equi.at\/wp-content\/uploads\/2024\/12\/3-510x510.png 510w, https:\/\/www.doskar4equi.at\/wp-content\/uploads\/2024\/12\/3-150x150.png 150w, https:\/\/www.doskar4equi.at\/wp-content\/uploads\/2024\/12\/3-12x12.png 12w, https:\/\/www.doskar4equi.at\/wp-content\/uploads\/2024\/12\/3.png 700w\" sizes=\"auto, (max-width: 120px) 100vw, 120px\" \/><\/p>","protected":false},"featured_media":3452,"comment_status":"open","ping_status":"closed","template":"","meta":[],"product_brand":[],"product_cat":[34],"product_tag":[],"class_list":{"0":"post-3289","1":"product","2":"type-product","3":"status-publish","4":"has-post-thumbnail","6":"product_cat-vitamine-mineralstoffe","8":"first","9":"instock","10":"taxable","11":"shipping-taxable","12":"purchasable","13":"product-type-simple"},"yoast_head":"<!-- This site is optimized with the Yoast SEO plugin v27.4 - https:\/\/yoast.com\/product\/yoast-seo-wordpress\/ -->\n<title>Magnesium Komplex 2.500 g - Doskar 4 Equi<\/title>\n<meta name=\"description\" content=\"DOSKAR 4 EQUI Magnesium Komplex: Bei ko\u0308rperlichen Belastungen, wie zum Beispiel Trainingsphasen, Fellwechsel oder Stresssituationen\" \/>\n<meta name=\"robots\" content=\"index, follow, max-snippet:-1, max-image-preview:large, max-video-preview:-1\" \/>\n<link rel=\"canonical\" href=\"https:\/\/www.doskar4equi.at\/en\/product\/magnesium-komplex-25-kg\/\" \/>\n<meta property=\"og:locale\" content=\"en_GB\" \/>\n<meta property=\"og:type\" content=\"article\" \/>\n<meta property=\"og:title\" content=\"Magnesium Komplex 2.500 g - Doskar 4 Equi\" \/>\n<meta property=\"og:description\" content=\"DOSKAR 4 EQUI Magnesium Komplex: Bei ko\u0308rperlichen Belastungen, wie zum Beispiel Trainingsphasen, Fellwechsel oder Stresssituationen\" \/>\n<meta property=\"og:url\" content=\"https:\/\/www.doskar4equi.at\/en\/product\/magnesium-komplex-25-kg\/\" \/>\n<meta property=\"og:site_name\" content=\"Doskar 4 Equi\" \/>\n<meta property=\"article:modified_time\" content=\"2026-04-12T18:24:33+00:00\" \/>\n<meta property=\"og:image\" content=\"https:\/\/www.doskar4equi.at\/wp-content\/uploads\/2025\/02\/Magnesium_2500.jpg\" \/>\n\t<meta property=\"og:image:width\" content=\"1500\" \/>\n\t<meta property=\"og:image:height\" content=\"1500\" \/>\n\t<meta property=\"og:image:type\" content=\"image\/jpeg\" \/>\n<meta name=\"twitter:card\" content=\"summary_large_image\" \/>\n<meta name=\"twitter:label1\" content=\"Estimated reading time\" \/>\n\t<meta name=\"twitter:data1\" content=\"2 minutes\" \/>\n<script type=\"application\/ld+json\" class=\"yoast-schema-graph\">{\"@context\":\"https:\\\/\\\/schema.org\",\"@graph\":[{\"@type\":\"WebPage\",\"@id\":\"https:\\\/\\\/www.doskar4equi.at\\\/produkt\\\/magnesium-komplex-25-kg\\\/\",\"url\":\"https:\\\/\\\/www.doskar4equi.at\\\/produkt\\\/magnesium-komplex-25-kg\\\/\",\"name\":\"Magnesium Komplex 2.500 g - Doskar 4 Equi\",\"isPartOf\":{\"@id\":\"https:\\\/\\\/www.doskar4equi.at\\\/#website\"},\"primaryImageOfPage\":{\"@id\":\"https:\\\/\\\/www.doskar4equi.at\\\/produkt\\\/magnesium-komplex-25-kg\\\/#primaryimage\"},\"image\":{\"@id\":\"https:\\\/\\\/www.doskar4equi.at\\\/produkt\\\/magnesium-komplex-25-kg\\\/#primaryimage\"},\"thumbnailUrl\":\"https:\\\/\\\/www.doskar4equi.at\\\/wp-content\\\/uploads\\\/2025\\\/02\\\/Magnesium_2500.jpg\",\"datePublished\":\"2025-02-05T20:04:38+00:00\",\"dateModified\":\"2026-04-12T18:24:33+00:00\",\"description\":\"DOSKAR 4 EQUI Magnesium Komplex: Bei ko\u0308rperlichen Belastungen, wie zum Beispiel Trainingsphasen, Fellwechsel oder Stresssituationen\",\"breadcrumb\":{\"@id\":\"https:\\\/\\\/www.doskar4equi.at\\\/produkt\\\/magnesium-komplex-25-kg\\\/#breadcrumb\"},\"inLanguage\":\"en-GB\",\"potentialAction\":[{\"@type\":\"ReadAction\",\"target\":[\"https:\\\/\\\/www.doskar4equi.at\\\/produkt\\\/magnesium-komplex-25-kg\\\/\"]}]},{\"@type\":\"ImageObject\",\"inLanguage\":\"en-GB\",\"@id\":\"https:\\\/\\\/www.doskar4equi.at\\\/produkt\\\/magnesium-komplex-25-kg\\\/#primaryimage\",\"url\":\"https:\\\/\\\/www.doskar4equi.at\\\/wp-content\\\/uploads\\\/2025\\\/02\\\/Magnesium_2500.jpg\",\"contentUrl\":\"https:\\\/\\\/www.doskar4equi.at\\\/wp-content\\\/uploads\\\/2025\\\/02\\\/Magnesium_2500.jpg\",\"width\":1500,\"height\":1500,\"caption\":\"Magnesium Komplex\"},{\"@type\":\"BreadcrumbList\",\"@id\":\"https:\\\/\\\/www.doskar4equi.at\\\/produkt\\\/magnesium-komplex-25-kg\\\/#breadcrumb\",\"itemListElement\":[{\"@type\":\"ListItem\",\"position\":1,\"name\":\"Startseite\",\"item\":\"https:\\\/\\\/www.doskar4equi.at\\\/\"},{\"@type\":\"ListItem\",\"position\":2,\"name\":\"Shop\",\"item\":\"https:\\\/\\\/www.doskar4equi.at\\\/shop\\\/\"},{\"@type\":\"ListItem\",\"position\":3,\"name\":\"Magnesium Komplex 2.500 g\"}]},{\"@type\":\"WebSite\",\"@id\":\"https:\\\/\\\/www.doskar4equi.at\\\/#website\",\"url\":\"https:\\\/\\\/www.doskar4equi.at\\\/\",\"name\":\"Doskar 4 Equi\",\"description\":\"Pharmazeutisches Fachwissen\",\"potentialAction\":[{\"@type\":\"SearchAction\",\"target\":{\"@type\":\"EntryPoint\",\"urlTemplate\":\"https:\\\/\\\/www.doskar4equi.at\\\/?s={search_term_string}\"},\"query-input\":{\"@type\":\"PropertyValueSpecification\",\"valueRequired\":true,\"valueName\":\"search_term_string\"}}],\"inLanguage\":\"en-GB\"}]}<\/script>\n<!-- \/ Yoast SEO plugin. -->","yoast_head_json":{"title":"Magnesium Komplex 2.500 g - Doskar 4 Equi","description":"DOSKAR 4 EQUI Magnesium Komplex: Bei ko\u0308rperlichen Belastungen, wie zum Beispiel Trainingsphasen, Fellwechsel oder Stresssituationen","robots":{"index":"index","follow":"follow","max-snippet":"max-snippet:-1","max-image-preview":"max-image-preview:large","max-video-preview":"max-video-preview:-1"},"canonical":"https:\/\/www.doskar4equi.at\/en\/product\/magnesium-komplex-25-kg\/","og_locale":"en_GB","og_type":"article","og_title":"Magnesium Komplex 2.500 g - Doskar 4 Equi","og_description":"DOSKAR 4 EQUI Magnesium Komplex: Bei ko\u0308rperlichen Belastungen, wie zum Beispiel Trainingsphasen, Fellwechsel oder Stresssituationen","og_url":"https:\/\/www.doskar4equi.at\/en\/product\/magnesium-komplex-25-kg\/","og_site_name":"Doskar 4 Equi","article_modified_time":"2026-04-12T18:24:33+00:00","og_image":[{"width":1500,"height":1500,"url":"https:\/\/www.doskar4equi.at\/wp-content\/uploads\/2025\/02\/Magnesium_2500.jpg","type":"image\/jpeg"}],"twitter_card":"summary_large_image","twitter_misc":{"Estimated reading time":"2 minutes"},"schema":{"@context":"https:\/\/schema.org","@graph":[{"@type":"WebPage","@id":"https:\/\/www.doskar4equi.at\/produkt\/magnesium-komplex-25-kg\/","url":"https:\/\/www.doskar4equi.at\/produkt\/magnesium-komplex-25-kg\/","name":"Magnesium Komplex 2.500 g - Doskar 4 Equi","isPartOf":{"@id":"https:\/\/www.doskar4equi.at\/#website"},"primaryImageOfPage":{"@id":"https:\/\/www.doskar4equi.at\/produkt\/magnesium-komplex-25-kg\/#primaryimage"},"image":{"@id":"https:\/\/www.doskar4equi.at\/produkt\/magnesium-komplex-25-kg\/#primaryimage"},"thumbnailUrl":"https:\/\/www.doskar4equi.at\/wp-content\/uploads\/2025\/02\/Magnesium_2500.jpg","datePublished":"2025-02-05T20:04:38+00:00","dateModified":"2026-04-12T18:24:33+00:00","description":"DOSKAR 4 EQUI Magnesium Komplex: Bei ko\u0308rperlichen Belastungen, wie zum Beispiel Trainingsphasen, Fellwechsel oder Stresssituationen","breadcrumb":{"@id":"https:\/\/www.doskar4equi.at\/produkt\/magnesium-komplex-25-kg\/#breadcrumb"},"inLanguage":"en-GB","potentialAction":[{"@type":"ReadAction","target":["https:\/\/www.doskar4equi.at\/produkt\/magnesium-komplex-25-kg\/"]}]},{"@type":"ImageObject","inLanguage":"en-GB","@id":"https:\/\/www.doskar4equi.at\/produkt\/magnesium-komplex-25-kg\/#primaryimage","url":"https:\/\/www.doskar4equi.at\/wp-content\/uploads\/2025\/02\/Magnesium_2500.jpg","contentUrl":"https:\/\/www.doskar4equi.at\/wp-content\/uploads\/2025\/02\/Magnesium_2500.jpg","width":1500,"height":1500,"caption":"Magnesium Komplex"},{"@type":"BreadcrumbList","@id":"https:\/\/www.doskar4equi.at\/produkt\/magnesium-komplex-25-kg\/#breadcrumb","itemListElement":[{"@type":"ListItem","position":1,"name":"Startseite","item":"https:\/\/www.doskar4equi.at\/"},{"@type":"ListItem","position":2,"name":"Shop","item":"https:\/\/www.doskar4equi.at\/shop\/"},{"@type":"ListItem","position":3,"name":"Magnesium Komplex 2.500 g"}]},{"@type":"WebSite","@id":"https:\/\/www.doskar4equi.at\/#website","url":"https:\/\/www.doskar4equi.at\/","name":"Doskar 4 Equi","description":"Pharmazeutisches Fachwissen","potentialAction":[{"@type":"SearchAction","target":{"@type":"EntryPoint","urlTemplate":"https:\/\/www.doskar4equi.at\/?s={search_term_string}"},"query-input":{"@type":"PropertyValueSpecification","valueRequired":true,"valueName":"search_term_string"}}],"inLanguage":"en-GB"}]}},"_links":{"self":[{"href":"https:\/\/www.doskar4equi.at\/en\/wp-json\/wp\/v2\/product\/3289","targetHints":{"allow":["GET"]}}],"collection":[{"href":"https:\/\/www.doskar4equi.at\/en\/wp-json\/wp\/v2\/product"}],"about":[{"href":"https:\/\/www.doskar4equi.at\/en\/wp-json\/wp\/v2\/types\/product"}],"replies":[{"embeddable":true,"href":"https:\/\/www.doskar4equi.at\/en\/wp-json\/wp\/v2\/comments?post=3289"}],"wp:featuredmedia":[{"embeddable":true,"href":"https:\/\/www.doskar4equi.at\/en\/wp-json\/wp\/v2\/media\/3452"}],"wp:attachment":[{"href":"https:\/\/www.doskar4equi.at\/en\/wp-json\/wp\/v2\/media?parent=3289"}],"wp:term":[{"taxonomy":"product_brand","embeddable":true,"href":"https:\/\/www.doskar4equi.at\/en\/wp-json\/wp\/v2\/product_brand?post=3289"},{"taxonomy":"product_cat","embeddable":true,"href":"https:\/\/www.doskar4equi.at\/en\/wp-json\/wp\/v2\/product_cat?post=3289"},{"taxonomy":"product_tag","embeddable":true,"href":"https:\/\/www.doskar4equi.at\/en\/wp-json\/wp\/v2\/product_tag?post=3289"}],"curies":[{"name":"wp","href":"https:\/\/api.w.org\/{rel}","templated":true}]}}