{"id":331,"date":"2023-07-31T21:12:21","date_gmt":"2023-07-31T19:12:21","guid":{"rendered":"https:\/\/devversion1.doskar4equi.at\/produkt\/doskar-biotin-zink-1000-mg\/"},"modified":"2026-04-15T16:34:31","modified_gmt":"2026-04-15T16:34:31","slug":"biotin-zink","status":"publish","type":"product","link":"https:\/\/www.doskar4equi.at\/en\/product\/biotin-zink\/","title":{"rendered":"Biotin\/Zink 1.000 g"},"content":{"rendered":"<div class=\"tabbed-content\">\n\t\t\t\n\t\t\t<ul class=\"nav nav-tabs nav-uppercase nav-size-normal nav-left\" role=\"tablist\"><li id=\"tab-beschreibung\" class=\"tab active has-icon\" role=\"presentation\"><a href=\"#tab_beschreibung\" role=\"tab\" aria-selected=\"true\" aria-controls=\"tab_beschreibung\"><span>Product Description<\/span><\/a><\/li>\n<li id=\"tab-anwendung\" class=\"tab has-icon\" role=\"presentation\"><a href=\"#tab_anwendung\" tabindex=\"-1\" role=\"tab\" aria-selected=\"false\" aria-controls=\"tab_anwendung\"><span>Usage<\/span><\/a><\/li>\n<li id=\"tab-inhalt\" class=\"tab has-icon\" role=\"presentation\"><a href=\"#tab_inhalt\" tabindex=\"-1\" role=\"tab\" aria-selected=\"false\" aria-controls=\"tab_inhalt\"><span>Ingredients<\/span><\/a><\/li><\/ul><div class=\"tab-panels\"><div id=\"tab_beschreibung\" class=\"panel active entry-content\" role=\"tabpanel\" aria-labelledby=\"tab-beschreibung\">\n<p>Biotin, also known as Vitamin H, is essential for the formation of keratin, a key component of hooves, hair, and skin. It supports the keratinization process in skin and hair, and strengthens the hoof horn.<\/p>\n<p>The hoof growth in adult horses averages about 8 to 9 mm per month, which is why\u00a0<span data-markjs=\"true\">Biotin<\/span>\u00a0biotin supplementation should be used over a period of several months. Especially in older horses, additional supplementation is important,\u00a0<span data-markjs=\"true\">Biotin<\/span>as hoof quality tends to decline with age.<\/p>\n<p>The effects of biotin deficiency <span data-markjs=\"true\">Biotin<\/span>can cause damage to the skin, hair, and hoof horn, leading to inflammation and cracks in the skin and hooves. Additional biotin supplementation has been proven to promote hoof growth and improve hoof horn quality.<\/p>\n<p>Zinc plays a crucial role in the metabolism of horses. A zinc deficiency can impair keratin production and lead to thickening at the coronary band, as well as weak, brittle, or deformed hoof horn.<\/p>\n<p>Sugar- and grain-free, making it perfectly suitable for horses with metabolic sensitivities (like PSSM).<\/p>\n<p><img loading=\"lazy\" decoding=\"async\" class=\"alignnone wp-image-4374\" src=\"https:\/\/www.doskar4equi.at\/wp-content\/uploads\/2025\/09\/3-2-300x95.png\" alt=\"\" width=\"150\" height=\"48\" srcset=\"https:\/\/www.doskar4equi.at\/wp-content\/uploads\/2025\/09\/3-2-300x95.png 300w, https:\/\/www.doskar4equi.at\/wp-content\/uploads\/2025\/09\/3-2-scaled-510x162.png 510w, https:\/\/www.doskar4equi.at\/wp-content\/uploads\/2025\/09\/3-2-1024x326.png 1024w, https:\/\/www.doskar4equi.at\/wp-content\/uploads\/2025\/09\/3-2-768x244.png 768w, https:\/\/www.doskar4equi.at\/wp-content\/uploads\/2025\/09\/3-2-1536x489.png 1536w, https:\/\/www.doskar4equi.at\/wp-content\/uploads\/2025\/09\/3-2-2048x652.png 2048w, https:\/\/www.doskar4equi.at\/wp-content\/uploads\/2025\/09\/3-2-18x6.png 18w\" sizes=\"auto, (max-width: 150px) 100vw, 150px\" \/> <img loading=\"lazy\" decoding=\"async\" class=\"alignnone wp-image-4373\" src=\"https:\/\/www.doskar4equi.at\/wp-content\/uploads\/2025\/09\/4-300x95.png\" alt=\"\" width=\"150\" height=\"48\" srcset=\"https:\/\/www.doskar4equi.at\/wp-content\/uploads\/2025\/09\/4-300x95.png 300w, https:\/\/www.doskar4equi.at\/wp-content\/uploads\/2025\/09\/4-510x162.png 510w, https:\/\/www.doskar4equi.at\/wp-content\/uploads\/2025\/09\/4-1024x326.png 1024w, https:\/\/www.doskar4equi.at\/wp-content\/uploads\/2025\/09\/4-768x244.png 768w, https:\/\/www.doskar4equi.at\/wp-content\/uploads\/2025\/09\/4-1536x489.png 1536w, https:\/\/www.doskar4equi.at\/wp-content\/uploads\/2025\/09\/4-2048x652.png 2048w, https:\/\/www.doskar4equi.at\/wp-content\/uploads\/2025\/09\/4-18x6.png 18w\" sizes=\"auto, (max-width: 150px) 100vw, 150px\" \/><\/p>\n<\/div>\n<div id=\"tab_anwendung\" class=\"panel entry-content\" role=\"tabpanel\" aria-labelledby=\"tab-anwendung\">\n<div class=\"et_pb_section et_pb_section_7 et_section_regular\">\n<div class=\"et_pb_row et_pb_row_7\">\n<div class=\"et_pb_column et_pb_column_4_4 et_pb_column_9 et_pb_css_mix_blend_mode_passthrough et-last-child\">\n<div class=\"et_pb_module et_pb_tabs et_pb_tabs_1 et_slide_transition_to_1\">\n<div class=\"et_pb_all_tabs\">\n<div class=\"et_pb_tab et_pb_tab_4 clearfix et-pb-active-slide\">\n<div class=\"et_pb_tab_content\">\n<p><strong>Recommended daily feeding amount per animal:\u00a0<\/strong>Horses: 50 g<\/p>\n<p>&nbsp;<\/p>\n<\/div>\n<\/div>\n<\/div>\n<\/div>\n<\/div>\n<\/div>\n<\/div>\n<\/div>\n<div id=\"tab_inhalt\" class=\"panel entry-content\" role=\"tabpanel\" aria-labelledby=\"tab-inhalt\">\n<p><strong>Composition: <\/strong><span lang=\"DE\">Bierhefe, Calciumcarbonat<br \/>\n<\/span><strong>Analytische Bestandteile: <\/strong><span lang=\"DE\">Rohprotein 28,5%, Rohfaser 4,1%, Rohfett 2,0%, Rohasche 13,2%, Natrium 0,2%<\/span><\/p>\n<div><strong><span lang=\"DE\">Nutritional additives per kg: <\/span><\/strong><span lang=\"DE\"><span lang=\"DE\">Biotin in D-(+)-Biotin (3a880) 2.500.000 \u00b5g; Kupfer in Kupfer-(II)-sulfat, Pentahydrat (3b405) 2.520 mg; Zink in Proteinhydrolysate-Zinkchelat (3b612) 3.000 mg; Methionin in DL-Methionin (3c301) 50.000 mg<br \/>\n<\/span><\/span><\/p>\n<div>\n<p><strong><span lang=\"DE\">Technological additives: <\/span><\/strong><span lang=\"DE\">Kieselgur (Diatomeenerde, gereinigt) (E551c) 51.000 mg<\/span><\/p>\n<p>&nbsp;<\/p>\n<\/div>\n<\/div>\n<p><strong>Contents:<\/strong> 1.000 g<\/p>\n<\/div><\/div><\/div>","protected":false},"excerpt":{"rendered":"<h3><span style=\"color: #a9657e;\"><strong><br \/>\nFor strong hooves, shiny coat, and healthy skin<\/strong><\/span><\/h3>\n<p>Provides essential biotin and zinc to promote hoof quality, skin health, and coat shine. Ideal for horses with brittle hooves, skin issues, or dull coats. Our premium formula supports the growth and regeneration of hoof horn and tissue. Free from sugar.<\/p>","protected":false},"featured_media":4676,"comment_status":"open","ping_status":"closed","template":"","meta":[],"product_brand":[],"product_cat":[34],"product_tag":[],"class_list":{"0":"post-331","1":"product","2":"type-product","3":"status-publish","4":"has-post-thumbnail","6":"product_cat-vitamine-mineralstoffe","8":"first","9":"instock","10":"taxable","11":"shipping-taxable","12":"purchasable","13":"product-type-simple"},"yoast_head":"<!-- This site is optimized with the Yoast SEO plugin v27.4 - https:\/\/yoast.com\/product\/yoast-seo-wordpress\/ -->\n<title>Biotin\/Zink 1.000 g - Doskar 4 Equi<\/title>\n<meta name=\"description\" content=\"DOSKAR 4 EQUI Biotin\/Zink sorgt f\u00fcr kr\u00e4ftige Hufe und gesundes, gl\u00e4nzendes Fell. Unterst\u00fctzt den Verhornungsprozess in Haut und Haaren und festigt das Hufhorn.\" \/>\n<meta name=\"robots\" content=\"index, follow, max-snippet:-1, max-image-preview:large, max-video-preview:-1\" \/>\n<link rel=\"canonical\" href=\"https:\/\/www.doskar4equi.at\/en\/product\/biotin-zink\/\" \/>\n<meta property=\"og:locale\" content=\"en_GB\" \/>\n<meta property=\"og:type\" content=\"article\" \/>\n<meta property=\"og:title\" content=\"Biotin\/Zink 1.000 g - Doskar 4 Equi\" \/>\n<meta property=\"og:description\" content=\"DOSKAR 4 EQUI Biotin\/Zink sorgt f\u00fcr kr\u00e4ftige Hufe und gesundes, gl\u00e4nzendes Fell. Unterst\u00fctzt den Verhornungsprozess in Haut und Haaren und festigt das Hufhorn.\" \/>\n<meta property=\"og:url\" content=\"https:\/\/www.doskar4equi.at\/en\/product\/biotin-zink\/\" \/>\n<meta property=\"og:site_name\" content=\"Doskar 4 Equi\" \/>\n<meta property=\"article:modified_time\" content=\"2026-04-15T16:34:31+00:00\" \/>\n<meta property=\"og:image\" content=\"https:\/\/www.doskar4equi.at\/wp-content\/uploads\/2026\/03\/16.png\" \/>\n\t<meta property=\"og:image:width\" content=\"1020\" \/>\n\t<meta property=\"og:image:height\" content=\"1000\" \/>\n\t<meta property=\"og:image:type\" content=\"image\/png\" \/>\n<meta name=\"twitter:card\" content=\"summary_large_image\" \/>\n<meta name=\"twitter:label1\" content=\"Estimated reading time\" \/>\n\t<meta name=\"twitter:data1\" content=\"2 minutes\" \/>\n<script type=\"application\/ld+json\" class=\"yoast-schema-graph\">{\"@context\":\"https:\\\/\\\/schema.org\",\"@graph\":[{\"@type\":\"WebPage\",\"@id\":\"https:\\\/\\\/www.doskar4equi.at\\\/produkt\\\/biotin-zink\\\/\",\"url\":\"https:\\\/\\\/www.doskar4equi.at\\\/produkt\\\/biotin-zink\\\/\",\"name\":\"Biotin\\\/Zink 1.000 g - Doskar 4 Equi\",\"isPartOf\":{\"@id\":\"https:\\\/\\\/www.doskar4equi.at\\\/#website\"},\"primaryImageOfPage\":{\"@id\":\"https:\\\/\\\/www.doskar4equi.at\\\/produkt\\\/biotin-zink\\\/#primaryimage\"},\"image\":{\"@id\":\"https:\\\/\\\/www.doskar4equi.at\\\/produkt\\\/biotin-zink\\\/#primaryimage\"},\"thumbnailUrl\":\"https:\\\/\\\/www.doskar4equi.at\\\/wp-content\\\/uploads\\\/2026\\\/03\\\/16.png\",\"datePublished\":\"2023-07-31T19:12:21+00:00\",\"dateModified\":\"2026-04-15T16:34:31+00:00\",\"description\":\"DOSKAR 4 EQUI Biotin\\\/Zink sorgt f\u00fcr kr\u00e4ftige Hufe und gesundes, gl\u00e4nzendes Fell. Unterst\u00fctzt den Verhornungsprozess in Haut und Haaren und festigt das Hufhorn.\",\"breadcrumb\":{\"@id\":\"https:\\\/\\\/www.doskar4equi.at\\\/produkt\\\/biotin-zink\\\/#breadcrumb\"},\"inLanguage\":\"en-GB\",\"potentialAction\":[{\"@type\":\"ReadAction\",\"target\":[\"https:\\\/\\\/www.doskar4equi.at\\\/produkt\\\/biotin-zink\\\/\"]}]},{\"@type\":\"ImageObject\",\"inLanguage\":\"en-GB\",\"@id\":\"https:\\\/\\\/www.doskar4equi.at\\\/produkt\\\/biotin-zink\\\/#primaryimage\",\"url\":\"https:\\\/\\\/www.doskar4equi.at\\\/wp-content\\\/uploads\\\/2026\\\/03\\\/16.png\",\"contentUrl\":\"https:\\\/\\\/www.doskar4equi.at\\\/wp-content\\\/uploads\\\/2026\\\/03\\\/16.png\",\"width\":1020,\"height\":1000},{\"@type\":\"BreadcrumbList\",\"@id\":\"https:\\\/\\\/www.doskar4equi.at\\\/produkt\\\/biotin-zink\\\/#breadcrumb\",\"itemListElement\":[{\"@type\":\"ListItem\",\"position\":1,\"name\":\"Startseite\",\"item\":\"https:\\\/\\\/www.doskar4equi.at\\\/\"},{\"@type\":\"ListItem\",\"position\":2,\"name\":\"Shop\",\"item\":\"https:\\\/\\\/www.doskar4equi.at\\\/shop\\\/\"},{\"@type\":\"ListItem\",\"position\":3,\"name\":\"Biotin\\\/Zink 1.000 g\"}]},{\"@type\":\"WebSite\",\"@id\":\"https:\\\/\\\/www.doskar4equi.at\\\/#website\",\"url\":\"https:\\\/\\\/www.doskar4equi.at\\\/\",\"name\":\"Doskar 4 Equi\",\"description\":\"Pharmazeutisches Fachwissen\",\"potentialAction\":[{\"@type\":\"SearchAction\",\"target\":{\"@type\":\"EntryPoint\",\"urlTemplate\":\"https:\\\/\\\/www.doskar4equi.at\\\/?s={search_term_string}\"},\"query-input\":{\"@type\":\"PropertyValueSpecification\",\"valueRequired\":true,\"valueName\":\"search_term_string\"}}],\"inLanguage\":\"en-GB\"}]}<\/script>\n<!-- \/ Yoast SEO plugin. -->","yoast_head_json":{"title":"Biotin\/Zink 1.000 g - Doskar 4 Equi","description":"DOSKAR 4 EQUI Biotin\/Zink sorgt f\u00fcr kr\u00e4ftige Hufe und gesundes, gl\u00e4nzendes Fell. Unterst\u00fctzt den Verhornungsprozess in Haut und Haaren und festigt das Hufhorn.","robots":{"index":"index","follow":"follow","max-snippet":"max-snippet:-1","max-image-preview":"max-image-preview:large","max-video-preview":"max-video-preview:-1"},"canonical":"https:\/\/www.doskar4equi.at\/en\/product\/biotin-zink\/","og_locale":"en_GB","og_type":"article","og_title":"Biotin\/Zink 1.000 g - Doskar 4 Equi","og_description":"DOSKAR 4 EQUI Biotin\/Zink sorgt f\u00fcr kr\u00e4ftige Hufe und gesundes, gl\u00e4nzendes Fell. Unterst\u00fctzt den Verhornungsprozess in Haut und Haaren und festigt das Hufhorn.","og_url":"https:\/\/www.doskar4equi.at\/en\/product\/biotin-zink\/","og_site_name":"Doskar 4 Equi","article_modified_time":"2026-04-15T16:34:31+00:00","og_image":[{"width":1020,"height":1000,"url":"https:\/\/www.doskar4equi.at\/wp-content\/uploads\/2026\/03\/16.png","type":"image\/png"}],"twitter_card":"summary_large_image","twitter_misc":{"Estimated reading time":"2 minutes"},"schema":{"@context":"https:\/\/schema.org","@graph":[{"@type":"WebPage","@id":"https:\/\/www.doskar4equi.at\/produkt\/biotin-zink\/","url":"https:\/\/www.doskar4equi.at\/produkt\/biotin-zink\/","name":"Biotin\/Zink 1.000 g - Doskar 4 Equi","isPartOf":{"@id":"https:\/\/www.doskar4equi.at\/#website"},"primaryImageOfPage":{"@id":"https:\/\/www.doskar4equi.at\/produkt\/biotin-zink\/#primaryimage"},"image":{"@id":"https:\/\/www.doskar4equi.at\/produkt\/biotin-zink\/#primaryimage"},"thumbnailUrl":"https:\/\/www.doskar4equi.at\/wp-content\/uploads\/2026\/03\/16.png","datePublished":"2023-07-31T19:12:21+00:00","dateModified":"2026-04-15T16:34:31+00:00","description":"DOSKAR 4 EQUI Biotin\/Zink sorgt f\u00fcr kr\u00e4ftige Hufe und gesundes, gl\u00e4nzendes Fell. Unterst\u00fctzt den Verhornungsprozess in Haut und Haaren und festigt das Hufhorn.","breadcrumb":{"@id":"https:\/\/www.doskar4equi.at\/produkt\/biotin-zink\/#breadcrumb"},"inLanguage":"en-GB","potentialAction":[{"@type":"ReadAction","target":["https:\/\/www.doskar4equi.at\/produkt\/biotin-zink\/"]}]},{"@type":"ImageObject","inLanguage":"en-GB","@id":"https:\/\/www.doskar4equi.at\/produkt\/biotin-zink\/#primaryimage","url":"https:\/\/www.doskar4equi.at\/wp-content\/uploads\/2026\/03\/16.png","contentUrl":"https:\/\/www.doskar4equi.at\/wp-content\/uploads\/2026\/03\/16.png","width":1020,"height":1000},{"@type":"BreadcrumbList","@id":"https:\/\/www.doskar4equi.at\/produkt\/biotin-zink\/#breadcrumb","itemListElement":[{"@type":"ListItem","position":1,"name":"Startseite","item":"https:\/\/www.doskar4equi.at\/"},{"@type":"ListItem","position":2,"name":"Shop","item":"https:\/\/www.doskar4equi.at\/shop\/"},{"@type":"ListItem","position":3,"name":"Biotin\/Zink 1.000 g"}]},{"@type":"WebSite","@id":"https:\/\/www.doskar4equi.at\/#website","url":"https:\/\/www.doskar4equi.at\/","name":"Doskar 4 Equi","description":"Pharmazeutisches Fachwissen","potentialAction":[{"@type":"SearchAction","target":{"@type":"EntryPoint","urlTemplate":"https:\/\/www.doskar4equi.at\/?s={search_term_string}"},"query-input":{"@type":"PropertyValueSpecification","valueRequired":true,"valueName":"search_term_string"}}],"inLanguage":"en-GB"}]}},"_links":{"self":[{"href":"https:\/\/www.doskar4equi.at\/en\/wp-json\/wp\/v2\/product\/331","targetHints":{"allow":["GET"]}}],"collection":[{"href":"https:\/\/www.doskar4equi.at\/en\/wp-json\/wp\/v2\/product"}],"about":[{"href":"https:\/\/www.doskar4equi.at\/en\/wp-json\/wp\/v2\/types\/product"}],"replies":[{"embeddable":true,"href":"https:\/\/www.doskar4equi.at\/en\/wp-json\/wp\/v2\/comments?post=331"}],"wp:featuredmedia":[{"embeddable":true,"href":"https:\/\/www.doskar4equi.at\/en\/wp-json\/wp\/v2\/media\/4676"}],"wp:attachment":[{"href":"https:\/\/www.doskar4equi.at\/en\/wp-json\/wp\/v2\/media?parent=331"}],"wp:term":[{"taxonomy":"product_brand","embeddable":true,"href":"https:\/\/www.doskar4equi.at\/en\/wp-json\/wp\/v2\/product_brand?post=331"},{"taxonomy":"product_cat","embeddable":true,"href":"https:\/\/www.doskar4equi.at\/en\/wp-json\/wp\/v2\/product_cat?post=331"},{"taxonomy":"product_tag","embeddable":true,"href":"https:\/\/www.doskar4equi.at\/en\/wp-json\/wp\/v2\/product_tag?post=331"}],"curies":[{"name":"wp","href":"https:\/\/api.w.org\/{rel}","templated":true}]}}