{"id":333,"date":"2023-07-31T21:12:23","date_gmt":"2023-07-31T19:12:23","guid":{"rendered":"https:\/\/devversion1.doskar4equi.at\/produkt\/gelatinehydrolysat-700-g\/"},"modified":"2026-04-13T20:48:37","modified_gmt":"2026-04-13T20:48:37","slug":"gelatinehydrolysat","status":"publish","type":"product","link":"https:\/\/www.doskar4equi.at\/en\/product\/gelatinehydrolysat\/","title":{"rendered":"Collagen"},"content":{"rendered":"<div class=\"tabbed-content\">\n\t\t\t\n\t\t\t<ul class=\"nav nav-tabs nav-uppercase nav-size-normal nav-left\" role=\"tablist\"><li id=\"tab-beschreibung\" class=\"tab active has-icon\" role=\"presentation\"><a href=\"#tab_beschreibung\" role=\"tab\" aria-selected=\"true\" aria-controls=\"tab_beschreibung\"><span>Product Description<\/span><\/a><\/li>\n<li id=\"tab-anwendung\" class=\"tab has-icon\" role=\"presentation\"><a href=\"#tab_anwendung\" tabindex=\"-1\" role=\"tab\" aria-selected=\"false\" aria-controls=\"tab_anwendung\"><span>Usage<\/span><\/a><\/li>\n<li id=\"tab-inhalt\" class=\"tab has-icon\" role=\"presentation\"><a href=\"#tab_inhalt\" tabindex=\"-1\" role=\"tab\" aria-selected=\"false\" aria-controls=\"tab_inhalt\"><span>Ingredients<\/span><\/a><\/li><\/ul><div class=\"tab-panels\"><div id=\"tab_beschreibung\" class=\"panel active entry-content\" role=\"tabpanel\" aria-labelledby=\"tab-beschreibung\">\n<p><strong>100 % Kollagen-Power &#8211; Reines Gelatinehydrolysat f\u00fcr Sehnen, B\u00e4nder und Gelenke.<br \/>\n<\/strong><\/p>\n<p>Unser hochkonzentriertes, reines hydrolysiertes Gelatine Pulver, liefert deinem Pferd gezielt hochwertige Bausteine f\u00fcr Gelenk- und Bindegewebe &#8211; ohne Zucker oder unn\u00f6tige F\u00fcllstoffe und sehr gut verwertbar aufgrund der Hydrolyse.<\/p>\n<p data-start=\"51\" data-end=\"326\">Hydrolyzed gelatin is a specialized form of collagen, provided in an easily digestible and bioavailable form. It contains essential amino acids needed for the maintenance and regeneration of cartilage, tendons, ligaments, and joints.<\/p>\n<p data-start=\"328\" data-end=\"534\">How does collagen work?<\/p>\n<ul class=\"cst-bullet-points\">\n<li data-start=\"328\" data-end=\"534\">supports cartilage regeneration<\/li>\n<li data-start=\"328\" data-end=\"534\">promotes elasticity and stability of joints<\/li>\n<li data-start=\"328\" data-end=\"534\">provides key building blocks for healthy tendons and ligaments<\/li>\n<\/ul>\n<p>Unterst\u00fctzt die Gelenkgesundheit deines Pferdes, indem es die Synthese von Kollagen f\u00f6rdert, das ein wichtiger Bestandteil des Knorpelgewebes ist.<\/p>\n<\/div>\n<div id=\"tab_anwendung\" class=\"panel entry-content\" role=\"tabpanel\" aria-labelledby=\"tab-anwendung\">\n<div class=\"et_pb_section et_pb_section_7 et_section_regular\">\n<div class=\"et_pb_row et_pb_row_7\">\n<div class=\"et_pb_column et_pb_column_4_4 et_pb_column_9 et_pb_css_mix_blend_mode_passthrough et-last-child\">\n<div class=\"et_pb_module et_pb_tabs et_pb_tabs_1 et_slide_transition_to_1\">\n<div class=\"et_pb_all_tabs\">\n<div class=\"et_pb_tab et_pb_tab_4 clearfix et-pb-active-slide\">\n<div class=\"et_pb_tab_content\">\n<p><strong>Recommended daily feeding amount per animal:\u00a0<\/strong>15 \u2013 20g (2 geh\u00e4ufte Essl\u00f6ffel) t\u00e4gliche Futterbeigabe bei Huf- und Hornproblemen, zur unterst\u00fctzenden Behandlung bei Erkrankungen der Sehnen, B\u00e4nder und Knorpel, sowie f\u00fcr gesundes Fell, M\u00e4hne und Schweif.<\/p>\n<\/div>\n<\/div>\n<\/div>\n<\/div>\n<\/div>\n<\/div>\n<\/div>\n<div class=\"et_pb_section et_pb_section_9 et_pb_with_background et_section_regular\">\n<div class=\"et_pb_row et_pb_row_8\">\n<div class=\"et_pb_column et_pb_column_4_4 et_pb_column_10 et_pb_css_mix_blend_mode_passthrough et-last-child\">\n<div class=\"et_pb_module et_pb_text et_pb_text_1 et_pb_text_align_center et_pb_bg_layout_dark\">\n<div class=\"et_pb_text_inner\"><\/div>\n<\/div>\n<\/div>\n<\/div>\n<\/div>\n<\/div>\n<div id=\"tab_inhalt\" class=\"panel entry-content\" role=\"tabpanel\" aria-labelledby=\"tab-inhalt\">\n<div class=\"et_pb_section et_pb_section_7 et_section_regular\">\n<div class=\"et_pb_row et_pb_row_7\">\n<div class=\"et_pb_column et_pb_column_4_4 et_pb_column_9 et_pb_css_mix_blend_mode_passthrough et-last-child\">\n<div class=\"et_pb_module et_pb_tabs et_pb_tabs_1 et_slide_transition_to_1 et_slide_transition_to_2\">\n<div class=\"et_pb_all_tabs\">\n<div class=\"et_pb_tab et_pb_tab_5 clearfix et-pb-active-slide\">\n<div class=\"et_pb_tab_content\">\n<p><strong>Composition:<\/strong><br \/>\n<span class=\"OYPEnA text-decoration-none text-strikethrough-none\">Hydrolyzed gelatin<\/span><br \/>\n<span class=\"OYPEnA text-decoration-none text-strikethrough-none\"><strong>Analytical components:<\/strong><br \/>\nCrude protein 100, crude fat 0, sodium 0<\/span><\/p>\n<p><strong>Contents:<\/strong>\u00a0500 g<\/p>\n<\/div>\n<\/div>\n<\/div>\n<\/div>\n<\/div>\n<\/div>\n<\/div>\n<div class=\"et_pb_section et_pb_section_9 et_pb_with_background et_section_regular\">\n<div class=\"et_pb_row et_pb_row_8\">\n<div class=\"et_pb_column et_pb_column_4_4 et_pb_column_10 et_pb_css_mix_blend_mode_passthrough et-last-child\">\n<div class=\"et_pb_module et_pb_text et_pb_text_1 et_pb_text_align_center et_pb_bg_layout_dark\">\n<div class=\"et_pb_text_inner\"><\/div>\n<\/div>\n<\/div>\n<\/div>\n<\/div>\n<\/div><\/div><\/div>","protected":false},"excerpt":{"rendered":"<h3><span style=\"color: #a9657e;\"><strong>Kollagen Power &#8211; zur St\u00e4rkung von Sehnen, B\u00e4ndern und Gelenken<\/strong><\/span><\/h3>\n<ul class=\"cst-bullet-points\">\n<li><span class=\"OYPEnA font-feature-liga-off font-feature-clig-off font-feature-calt-off text-decoration-none text-strikethrough-none\">100 % hydrolysiertes Gelatine-Protein \u2013 zuckerfrei und leicht verwertbar<\/span><\/li>\n<li>Nat\u00fcrliche Proteinquelle f\u00fcr den Bewegungsapparat \u2013 ohne Zusatzstoffe<\/li>\n<li>F\u00f6rdert k\u00f6rpereigene Kollagen-Synthese f\u00fcr bessere Beweglichkeit<\/li>\n<li>Unterst\u00fctzt Sehnen, B\u00e4nder, Gelenke und Knorpel mit wichtigen Aminos\u00e4uren<\/li>\n<\/ul>\n<p><strong>FEI Clean Sport: approved \/ ADMR: approved<\/strong><\/p>\n<p><img loading=\"lazy\" decoding=\"async\" class=\"alignnone wp-image-4329\" src=\"https:\/\/www.doskar4equi.at\/wp-content\/uploads\/2024\/12\/2-300x300.png\" alt=\"\" width=\"120\" height=\"120\" srcset=\"https:\/\/www.doskar4equi.at\/wp-content\/uploads\/2024\/12\/2-300x300.png 300w, https:\/\/www.doskar4equi.at\/wp-content\/uploads\/2024\/12\/2-500x500.png 500w, https:\/\/www.doskar4equi.at\/wp-content\/uploads\/2024\/12\/2-100x100.png 100w, https:\/\/www.doskar4equi.at\/wp-content\/uploads\/2024\/12\/2-510x510.png 510w, https:\/\/www.doskar4equi.at\/wp-content\/uploads\/2024\/12\/2-150x150.png 150w, https:\/\/www.doskar4equi.at\/wp-content\/uploads\/2024\/12\/2-12x12.png 12w, https:\/\/www.doskar4equi.at\/wp-content\/uploads\/2024\/12\/2.png 700w\" sizes=\"auto, (max-width: 120px) 100vw, 120px\" \/> <img loading=\"lazy\" decoding=\"async\" class=\"alignnone wp-image-4328\" src=\"https:\/\/www.doskar4equi.at\/wp-content\/uploads\/2024\/12\/1-300x300.png\" alt=\"\" width=\"120\" height=\"120\" srcset=\"https:\/\/www.doskar4equi.at\/wp-content\/uploads\/2024\/12\/1-300x300.png 300w, https:\/\/www.doskar4equi.at\/wp-content\/uploads\/2024\/12\/1-500x500.png 500w, https:\/\/www.doskar4equi.at\/wp-content\/uploads\/2024\/12\/1-100x100.png 100w, https:\/\/www.doskar4equi.at\/wp-content\/uploads\/2024\/12\/1-510x510.png 510w, https:\/\/www.doskar4equi.at\/wp-content\/uploads\/2024\/12\/1-150x150.png 150w, https:\/\/www.doskar4equi.at\/wp-content\/uploads\/2024\/12\/1-12x12.png 12w, https:\/\/www.doskar4equi.at\/wp-content\/uploads\/2024\/12\/1.png 700w\" sizes=\"auto, (max-width: 120px) 100vw, 120px\" \/> <img loading=\"lazy\" decoding=\"async\" class=\"alignnone wp-image-4330\" src=\"https:\/\/www.doskar4equi.at\/wp-content\/uploads\/2024\/12\/3-300x300.png\" alt=\"\" width=\"120\" height=\"120\" srcset=\"https:\/\/www.doskar4equi.at\/wp-content\/uploads\/2024\/12\/3-300x300.png 300w, https:\/\/www.doskar4equi.at\/wp-content\/uploads\/2024\/12\/3-500x500.png 500w, https:\/\/www.doskar4equi.at\/wp-content\/uploads\/2024\/12\/3-100x100.png 100w, https:\/\/www.doskar4equi.at\/wp-content\/uploads\/2024\/12\/3-510x510.png 510w, https:\/\/www.doskar4equi.at\/wp-content\/uploads\/2024\/12\/3-150x150.png 150w, https:\/\/www.doskar4equi.at\/wp-content\/uploads\/2024\/12\/3-12x12.png 12w, https:\/\/www.doskar4equi.at\/wp-content\/uploads\/2024\/12\/3.png 700w\" sizes=\"auto, (max-width: 120px) 100vw, 120px\" \/><\/p>\n<p>&nbsp;<\/p>","protected":false},"featured_media":4665,"comment_status":"open","ping_status":"closed","template":"","meta":[],"product_brand":[],"product_cat":[37],"product_tag":[],"class_list":{"0":"post-333","1":"product","2":"type-product","3":"status-publish","4":"has-post-thumbnail","6":"product_cat-bewegungsapparat","8":"first","9":"instock","10":"taxable","11":"shipping-taxable","12":"purchasable","13":"product-type-simple"},"yoast_head":"<!-- This site is optimized with the Yoast SEO plugin v27.4 - https:\/\/yoast.com\/product\/yoast-seo-wordpress\/ -->\n<title>Gelatinehydrolysat (Kollagen) - Doskar 4 Equi<\/title>\n<meta name=\"description\" content=\"DOSKAR 4 EQUI Gelatine Hydrolysat zur Unterst\u00fctzung bei Versorgungsma\u0308ngeln der Gelenke und des Bindegewebes. Wichtige, natu\u0308rliche Aufbaustoffe (Aminosa\u0308uren, kollagenes Eiwei\u00df, Gelatine Hydrolysat) fu\u0308r die Gelenkschmiere.\" \/>\n<meta name=\"robots\" content=\"index, follow, max-snippet:-1, max-image-preview:large, max-video-preview:-1\" \/>\n<link rel=\"canonical\" href=\"https:\/\/www.doskar4equi.at\/en\/product\/gelatinehydrolysat\/\" \/>\n<meta property=\"og:locale\" content=\"en_GB\" \/>\n<meta property=\"og:type\" content=\"article\" \/>\n<meta property=\"og:title\" content=\"Gelatinehydrolysat (Kollagen) - Doskar 4 Equi\" \/>\n<meta property=\"og:description\" content=\"DOSKAR 4 EQUI Gelatine Hydrolysat zur Unterst\u00fctzung bei Versorgungsma\u0308ngeln der Gelenke und des Bindegewebes. Wichtige, natu\u0308rliche Aufbaustoffe (Aminosa\u0308uren, kollagenes Eiwei\u00df, Gelatine Hydrolysat) fu\u0308r die Gelenkschmiere.\" \/>\n<meta property=\"og:url\" content=\"https:\/\/www.doskar4equi.at\/en\/product\/gelatinehydrolysat\/\" \/>\n<meta property=\"og:site_name\" content=\"Doskar 4 Equi\" \/>\n<meta property=\"article:modified_time\" content=\"2026-04-13T20:48:37+00:00\" \/>\n<meta property=\"og:image\" content=\"https:\/\/www.doskar4equi.at\/wp-content\/uploads\/2026\/03\/5.png\" \/>\n\t<meta property=\"og:image:width\" content=\"1020\" \/>\n\t<meta property=\"og:image:height\" content=\"1000\" \/>\n\t<meta property=\"og:image:type\" content=\"image\/png\" \/>\n<meta name=\"twitter:card\" content=\"summary_large_image\" \/>\n<meta name=\"twitter:label1\" content=\"Estimated reading time\" \/>\n\t<meta name=\"twitter:data1\" content=\"2 minutes\" \/>\n<script type=\"application\/ld+json\" class=\"yoast-schema-graph\">{\"@context\":\"https:\\\/\\\/schema.org\",\"@graph\":[{\"@type\":\"WebPage\",\"@id\":\"https:\\\/\\\/www.doskar4equi.at\\\/produkt\\\/gelatinehydrolysat\\\/\",\"url\":\"https:\\\/\\\/www.doskar4equi.at\\\/produkt\\\/gelatinehydrolysat\\\/\",\"name\":\"Gelatinehydrolysat (Kollagen) - Doskar 4 Equi\",\"isPartOf\":{\"@id\":\"https:\\\/\\\/www.doskar4equi.at\\\/#website\"},\"primaryImageOfPage\":{\"@id\":\"https:\\\/\\\/www.doskar4equi.at\\\/produkt\\\/gelatinehydrolysat\\\/#primaryimage\"},\"image\":{\"@id\":\"https:\\\/\\\/www.doskar4equi.at\\\/produkt\\\/gelatinehydrolysat\\\/#primaryimage\"},\"thumbnailUrl\":\"https:\\\/\\\/www.doskar4equi.at\\\/wp-content\\\/uploads\\\/2026\\\/03\\\/5.png\",\"datePublished\":\"2023-07-31T19:12:23+00:00\",\"dateModified\":\"2026-04-13T20:48:37+00:00\",\"description\":\"DOSKAR 4 EQUI Gelatine Hydrolysat zur Unterst\u00fctzung bei Versorgungsma\u0308ngeln der Gelenke und des Bindegewebes. Wichtige, natu\u0308rliche Aufbaustoffe (Aminosa\u0308uren, kollagenes Eiwei\u00df, Gelatine Hydrolysat) fu\u0308r die Gelenkschmiere.\",\"breadcrumb\":{\"@id\":\"https:\\\/\\\/www.doskar4equi.at\\\/produkt\\\/gelatinehydrolysat\\\/#breadcrumb\"},\"inLanguage\":\"en-GB\",\"potentialAction\":[{\"@type\":\"ReadAction\",\"target\":[\"https:\\\/\\\/www.doskar4equi.at\\\/produkt\\\/gelatinehydrolysat\\\/\"]}]},{\"@type\":\"ImageObject\",\"inLanguage\":\"en-GB\",\"@id\":\"https:\\\/\\\/www.doskar4equi.at\\\/produkt\\\/gelatinehydrolysat\\\/#primaryimage\",\"url\":\"https:\\\/\\\/www.doskar4equi.at\\\/wp-content\\\/uploads\\\/2026\\\/03\\\/5.png\",\"contentUrl\":\"https:\\\/\\\/www.doskar4equi.at\\\/wp-content\\\/uploads\\\/2026\\\/03\\\/5.png\",\"width\":1020,\"height\":1000},{\"@type\":\"BreadcrumbList\",\"@id\":\"https:\\\/\\\/www.doskar4equi.at\\\/produkt\\\/gelatinehydrolysat\\\/#breadcrumb\",\"itemListElement\":[{\"@type\":\"ListItem\",\"position\":1,\"name\":\"Startseite\",\"item\":\"https:\\\/\\\/www.doskar4equi.at\\\/\"},{\"@type\":\"ListItem\",\"position\":2,\"name\":\"Shop\",\"item\":\"https:\\\/\\\/www.doskar4equi.at\\\/shop\\\/\"},{\"@type\":\"ListItem\",\"position\":3,\"name\":\"Gelatinehydrolysat (Kollagen)\"}]},{\"@type\":\"WebSite\",\"@id\":\"https:\\\/\\\/www.doskar4equi.at\\\/#website\",\"url\":\"https:\\\/\\\/www.doskar4equi.at\\\/\",\"name\":\"Doskar 4 Equi\",\"description\":\"Pharmazeutisches Fachwissen\",\"potentialAction\":[{\"@type\":\"SearchAction\",\"target\":{\"@type\":\"EntryPoint\",\"urlTemplate\":\"https:\\\/\\\/www.doskar4equi.at\\\/?s={search_term_string}\"},\"query-input\":{\"@type\":\"PropertyValueSpecification\",\"valueRequired\":true,\"valueName\":\"search_term_string\"}}],\"inLanguage\":\"en-GB\"}]}<\/script>\n<!-- \/ Yoast SEO plugin. -->","yoast_head_json":{"title":"Gelatinehydrolysat (Kollagen) - Doskar 4 Equi","description":"DOSKAR 4 EQUI Gelatine Hydrolysat zur Unterst\u00fctzung bei Versorgungsma\u0308ngeln der Gelenke und des Bindegewebes. Wichtige, natu\u0308rliche Aufbaustoffe (Aminosa\u0308uren, kollagenes Eiwei\u00df, Gelatine Hydrolysat) fu\u0308r die Gelenkschmiere.","robots":{"index":"index","follow":"follow","max-snippet":"max-snippet:-1","max-image-preview":"max-image-preview:large","max-video-preview":"max-video-preview:-1"},"canonical":"https:\/\/www.doskar4equi.at\/en\/product\/gelatinehydrolysat\/","og_locale":"en_GB","og_type":"article","og_title":"Gelatinehydrolysat (Kollagen) - Doskar 4 Equi","og_description":"DOSKAR 4 EQUI Gelatine Hydrolysat zur Unterst\u00fctzung bei Versorgungsma\u0308ngeln der Gelenke und des Bindegewebes. Wichtige, natu\u0308rliche Aufbaustoffe (Aminosa\u0308uren, kollagenes Eiwei\u00df, Gelatine Hydrolysat) fu\u0308r die Gelenkschmiere.","og_url":"https:\/\/www.doskar4equi.at\/en\/product\/gelatinehydrolysat\/","og_site_name":"Doskar 4 Equi","article_modified_time":"2026-04-13T20:48:37+00:00","og_image":[{"width":1020,"height":1000,"url":"https:\/\/www.doskar4equi.at\/wp-content\/uploads\/2026\/03\/5.png","type":"image\/png"}],"twitter_card":"summary_large_image","twitter_misc":{"Estimated reading time":"2 minutes"},"schema":{"@context":"https:\/\/schema.org","@graph":[{"@type":"WebPage","@id":"https:\/\/www.doskar4equi.at\/produkt\/gelatinehydrolysat\/","url":"https:\/\/www.doskar4equi.at\/produkt\/gelatinehydrolysat\/","name":"Gelatinehydrolysat (Kollagen) - Doskar 4 Equi","isPartOf":{"@id":"https:\/\/www.doskar4equi.at\/#website"},"primaryImageOfPage":{"@id":"https:\/\/www.doskar4equi.at\/produkt\/gelatinehydrolysat\/#primaryimage"},"image":{"@id":"https:\/\/www.doskar4equi.at\/produkt\/gelatinehydrolysat\/#primaryimage"},"thumbnailUrl":"https:\/\/www.doskar4equi.at\/wp-content\/uploads\/2026\/03\/5.png","datePublished":"2023-07-31T19:12:23+00:00","dateModified":"2026-04-13T20:48:37+00:00","description":"DOSKAR 4 EQUI Gelatine Hydrolysat zur Unterst\u00fctzung bei Versorgungsma\u0308ngeln der Gelenke und des Bindegewebes. Wichtige, natu\u0308rliche Aufbaustoffe (Aminosa\u0308uren, kollagenes Eiwei\u00df, Gelatine Hydrolysat) fu\u0308r die Gelenkschmiere.","breadcrumb":{"@id":"https:\/\/www.doskar4equi.at\/produkt\/gelatinehydrolysat\/#breadcrumb"},"inLanguage":"en-GB","potentialAction":[{"@type":"ReadAction","target":["https:\/\/www.doskar4equi.at\/produkt\/gelatinehydrolysat\/"]}]},{"@type":"ImageObject","inLanguage":"en-GB","@id":"https:\/\/www.doskar4equi.at\/produkt\/gelatinehydrolysat\/#primaryimage","url":"https:\/\/www.doskar4equi.at\/wp-content\/uploads\/2026\/03\/5.png","contentUrl":"https:\/\/www.doskar4equi.at\/wp-content\/uploads\/2026\/03\/5.png","width":1020,"height":1000},{"@type":"BreadcrumbList","@id":"https:\/\/www.doskar4equi.at\/produkt\/gelatinehydrolysat\/#breadcrumb","itemListElement":[{"@type":"ListItem","position":1,"name":"Startseite","item":"https:\/\/www.doskar4equi.at\/"},{"@type":"ListItem","position":2,"name":"Shop","item":"https:\/\/www.doskar4equi.at\/shop\/"},{"@type":"ListItem","position":3,"name":"Gelatinehydrolysat (Kollagen)"}]},{"@type":"WebSite","@id":"https:\/\/www.doskar4equi.at\/#website","url":"https:\/\/www.doskar4equi.at\/","name":"Doskar 4 Equi","description":"Pharmazeutisches Fachwissen","potentialAction":[{"@type":"SearchAction","target":{"@type":"EntryPoint","urlTemplate":"https:\/\/www.doskar4equi.at\/?s={search_term_string}"},"query-input":{"@type":"PropertyValueSpecification","valueRequired":true,"valueName":"search_term_string"}}],"inLanguage":"en-GB"}]}},"_links":{"self":[{"href":"https:\/\/www.doskar4equi.at\/en\/wp-json\/wp\/v2\/product\/333","targetHints":{"allow":["GET"]}}],"collection":[{"href":"https:\/\/www.doskar4equi.at\/en\/wp-json\/wp\/v2\/product"}],"about":[{"href":"https:\/\/www.doskar4equi.at\/en\/wp-json\/wp\/v2\/types\/product"}],"replies":[{"embeddable":true,"href":"https:\/\/www.doskar4equi.at\/en\/wp-json\/wp\/v2\/comments?post=333"}],"wp:featuredmedia":[{"embeddable":true,"href":"https:\/\/www.doskar4equi.at\/en\/wp-json\/wp\/v2\/media\/4665"}],"wp:attachment":[{"href":"https:\/\/www.doskar4equi.at\/en\/wp-json\/wp\/v2\/media?parent=333"}],"wp:term":[{"taxonomy":"product_brand","embeddable":true,"href":"https:\/\/www.doskar4equi.at\/en\/wp-json\/wp\/v2\/product_brand?post=333"},{"taxonomy":"product_cat","embeddable":true,"href":"https:\/\/www.doskar4equi.at\/en\/wp-json\/wp\/v2\/product_cat?post=333"},{"taxonomy":"product_tag","embeddable":true,"href":"https:\/\/www.doskar4equi.at\/en\/wp-json\/wp\/v2\/product_tag?post=333"}],"curies":[{"name":"wp","href":"https:\/\/api.w.org\/{rel}","templated":true}]}}