{"id":335,"date":"2023-07-31T21:12:25","date_gmt":"2023-07-31T19:12:25","guid":{"rendered":"https:\/\/devversion1.doskar4equi.at\/produkt\/doskar-mineral-vitamin-kombi-1000-g\/"},"modified":"2026-02-22T22:34:12","modified_gmt":"2026-02-22T22:34:12","slug":"mineral-vitamin-kombi-1000-g","status":"publish","type":"product","link":"https:\/\/www.doskar4equi.at\/en\/product\/mineral-vitamin-kombi-1000-g\/","title":{"rendered":"Mineral Vitamin Kombi 1.000 g"},"content":{"rendered":"<div>\n\n\t\t<div class=\"tabbed-content\">\n\t\t\t\n\t\t\t<ul class=\"nav nav-tabs nav-uppercase nav-size-normal nav-left\" role=\"tablist\"><li id=\"tab-beschreibung\" class=\"tab active has-icon\" role=\"presentation\"><a href=\"#tab_beschreibung\" role=\"tab\" aria-selected=\"true\" aria-controls=\"tab_beschreibung\"><span>Product Description<\/span><\/a><\/li>\n<li id=\"tab-anwendung\" class=\"tab has-icon\" role=\"presentation\"><a href=\"#tab_anwendung\" tabindex=\"-1\" role=\"tab\" aria-selected=\"false\" aria-controls=\"tab_anwendung\"><span>Usage<\/span><\/a><\/li>\n<li id=\"tab-inhalt\" class=\"tab has-icon\" role=\"presentation\"><a href=\"#tab_inhalt\" tabindex=\"-1\" role=\"tab\" aria-selected=\"false\" aria-controls=\"tab_inhalt\"><span>Ingredients<\/span><\/a><\/li><\/ul><div class=\"tab-panels\"><div id=\"tab_beschreibung\" class=\"panel active entry-content\" role=\"tabpanel\" aria-labelledby=\"tab-beschreibung\">\n<p><strong>Mineral supplement for horses<br \/>\n<\/strong><span class=\"OYPEnA text-decoration-none text-strikethrough-none\"><br \/>\nDer bew\u00e4hrte Multivitamin-Komplex\u00a0<\/span><span class=\"OYPEnA text-decoration-none text-strikethrough-none\">dient zur Unterst\u00fctzung des Immunsystems, des Wohlbefindens und der Leistungsf\u00e4higkeit\u00a0<\/span><span class=\"OYPEnA text-decoration-none text-strikethrough-none\">des Pferdes.<\/span><\/p>\n<p>Die sorgf\u00e4ltige Mischung enth\u00e4lt hochdosierte N\u00e4hrstoffe wie <strong>Vitamin A<\/strong>, <strong>D3<\/strong>, <strong>E<\/strong>, <strong>B-Vitamine<\/strong> und wichtige Mineralien wie <strong>Kupfer<\/strong>, <strong>Zink<\/strong>, <strong>Eisen<\/strong> and <strong>Selenium<\/strong>. Diese Kombination unterst\u00fctzt das Immunsystem, f\u00f6rdert eine gesunde Haut und gl\u00e4nzendes Fell und tr\u00e4gt zur Erhaltung der Knochenstruktur sowie zur allgemeinen Leistungsf\u00e4higkeit Ihres Pferdes bei.<\/p>\n<p><strong>Key ingredients:<\/strong><\/p>\n<ul>\n<li><strong>Vitamin A <\/strong>supports healthy eyes and a strong immune system<\/li>\n<li><strong>Vitamin D3 <\/strong>supports calcium absorption for strong bones<\/li>\n<li><strong>Vitamin E <\/strong>provides antioxidant support for healthy cells<\/li>\n<li><strong>B-Vitamins (B1, B2, B6, B12, Biotin)<\/strong>\u00a0support energy production and metabolism<\/li>\n<li><strong>Minerals such as copper, zinc and iron <\/strong>play an essential role in blood formation, skin health, and immune function<\/li>\n<li><strong>Selenium <\/strong>and <strong>iodine <\/strong>promote healthy thyroid function and provide antioxidant support<\/li>\n<\/ul>\n<p><strong>Especially beneficial for horses:<\/strong><\/p>\n<ul>\n<li>with increased vitamin and mineral requirements<\/li>\n<li>to support the immune system and overall vitality<\/li>\n<li>during exercise or periods of increased activity<\/li>\n<\/ul>\n<p><strong><span style=\"color: #339966;\">FEI Clean Sport: compliant \/ ADMR: compliant<\/span><\/strong><\/p>\n<\/div>\n<div id=\"tab_anwendung\" class=\"panel entry-content\" role=\"tabpanel\" aria-labelledby=\"tab-anwendung\">\n<p><strong>Recommended daily feeding amount per animal:<\/strong><br \/>\nHorses: 30 g<br \/>\nFohlen und Ponys: 15 g (=1 Messl\u00f6ffel)<\/p>\n<\/div>\n<div id=\"tab_inhalt\" class=\"panel entry-content\" role=\"tabpanel\" aria-labelledby=\"tab-inhalt\">\n<p><strong>Composition:<\/strong>\u00a0Dicalciumphosphat, Natriumchlorid, Calciumcarbonat, Glukosesirup getrocknet, Magnesiumoxid<\/p>\n<p><strong>Ingredients:<\/strong>\u00a0Calcium 18%, phosphorus 10.4%, sodium 5%, magnesium 1.1%<\/p>\n<p><strong>Zusatzstoffe je kg:<\/strong> Vit. A (3a672a)\u00a0 300.000 IE, Vit. D 3 (3a671) 30.000 IE, Vit. E (Alpha-Tocopherol-Acetat 3a700) 3.000 mg, Kupfer ( Kupfer-II-Sulfat, Pentahydrat 3b405 ) 510 mg, Vit. B 1 (3a821) 10 mg, Vit. B 2 48 mg, Vit. B 6 (3a831) 20 mg, Vit. B 12 150 mcg, Vit. K 3 (3a710) 12 mg, Niacin (3a315) 100 mg, Ca-Pantothenat (3a841) 50 mg, Biotin (3a880) 10.000 mcg, Fols\u00e4ure (3a816) 2.000 mcg, Eisen (Eisen-II-Sulfat, Monohydrat 3b303) 390 mg, Zink (Zinkoxid 3b603) 2.820 mg, Mangan (Mangan-II-Oxid 3b502) 1.000 mg, Kobalt (basisches Kobalt-IICarbonat Monohydrat 3b304) 26 mg, Jod (Calciumjodat 3b202) 25 mg, Selen (Natriumselenit E8) 10 mg<\/p>\n<p><strong>Contents:<\/strong>\u00a01.000 g<\/p>\n<\/div><\/div><\/div>\n<\/div>","protected":false},"excerpt":{"rendered":"<h3><span style=\"color: #a9657e;\"><strong><br \/>\nNutrient supply for health and performance<\/strong><\/span><\/h3>\n<p>Our Mineral-Vitamin Complex provides a balanced supply of essential minerals and vitamins that support a healthy immune system, strong bones, and overall performance. Ideal for horses with increased nutritional demands or as a daily supplement to promote well-being and vitality.<\/p>","protected":false},"featured_media":1618,"comment_status":"open","ping_status":"closed","template":"","meta":[],"product_brand":[],"product_cat":[34,36],"product_tag":[],"class_list":{"0":"post-335","1":"product","2":"type-product","3":"status-publish","4":"has-post-thumbnail","6":"product_cat-vitamine-mineralstoffe","7":"product_cat-immunsystem","9":"first","10":"outofstock","11":"taxable","12":"shipping-taxable","13":"purchasable","14":"product-type-simple"},"yoast_head":"<!-- This site is optimized with the Yoast SEO plugin v27.4 - https:\/\/yoast.com\/product\/yoast-seo-wordpress\/ -->\n<title>Mineral Vitamin Kombi 1.000 g - Doskar 4 Equi<\/title>\n<meta name=\"description\" content=\"DOSKAR 4 EQUI Mineral-Vitamin-Kombi deckt den Bedarf an Mineralstoffen, Spurenelementen und Vitaminen bei Pferden optimal. Der bew\u00e4hrte Multivitamin-Komplex dient zur Unterst\u00fctzung des Immunsystems, des Wohlbefindens und der Leistungsf\u00e4higkeit des Pferdes.\" \/>\n<meta name=\"robots\" content=\"index, follow, max-snippet:-1, max-image-preview:large, max-video-preview:-1\" \/>\n<link rel=\"canonical\" href=\"https:\/\/www.doskar4equi.at\/en\/product\/mineral-vitamin-kombi-1000-g\/\" \/>\n<meta property=\"og:locale\" content=\"en_GB\" \/>\n<meta property=\"og:type\" content=\"article\" \/>\n<meta property=\"og:title\" content=\"Mineral Vitamin Kombi 1.000 g - Doskar 4 Equi\" \/>\n<meta property=\"og:description\" content=\"DOSKAR 4 EQUI Mineral-Vitamin-Kombi deckt den Bedarf an Mineralstoffen, Spurenelementen und Vitaminen bei Pferden optimal. Der bew\u00e4hrte Multivitamin-Komplex dient zur Unterst\u00fctzung des Immunsystems, des Wohlbefindens und der Leistungsf\u00e4higkeit des Pferdes.\" \/>\n<meta property=\"og:url\" content=\"https:\/\/www.doskar4equi.at\/en\/product\/mineral-vitamin-kombi-1000-g\/\" \/>\n<meta property=\"og:site_name\" content=\"Doskar 4 Equi\" \/>\n<meta property=\"article:modified_time\" content=\"2026-02-22T22:34:12+00:00\" \/>\n<meta property=\"og:image\" content=\"https:\/\/www.doskar4equi.at\/wp-content\/uploads\/2024\/06\/Mineral_Vitamin_Kombi_1000g.webp\" \/>\n\t<meta property=\"og:image:width\" content=\"1500\" \/>\n\t<meta property=\"og:image:height\" content=\"1500\" \/>\n\t<meta property=\"og:image:type\" content=\"image\/webp\" \/>\n<meta name=\"twitter:card\" content=\"summary_large_image\" \/>\n<meta name=\"twitter:label1\" content=\"Estimated reading time\" \/>\n\t<meta name=\"twitter:data1\" content=\"2 minutes\" \/>\n<script type=\"application\/ld+json\" class=\"yoast-schema-graph\">{\"@context\":\"https:\\\/\\\/schema.org\",\"@graph\":[{\"@type\":\"WebPage\",\"@id\":\"https:\\\/\\\/www.doskar4equi.at\\\/produkt\\\/mineral-vitamin-kombi-1000-g\\\/\",\"url\":\"https:\\\/\\\/www.doskar4equi.at\\\/produkt\\\/mineral-vitamin-kombi-1000-g\\\/\",\"name\":\"Mineral Vitamin Kombi 1.000 g - Doskar 4 Equi\",\"isPartOf\":{\"@id\":\"https:\\\/\\\/www.doskar4equi.at\\\/#website\"},\"primaryImageOfPage\":{\"@id\":\"https:\\\/\\\/www.doskar4equi.at\\\/produkt\\\/mineral-vitamin-kombi-1000-g\\\/#primaryimage\"},\"image\":{\"@id\":\"https:\\\/\\\/www.doskar4equi.at\\\/produkt\\\/mineral-vitamin-kombi-1000-g\\\/#primaryimage\"},\"thumbnailUrl\":\"https:\\\/\\\/www.doskar4equi.at\\\/wp-content\\\/uploads\\\/2024\\\/06\\\/Mineral_Vitamin_Kombi_1000g.webp\",\"datePublished\":\"2023-07-31T19:12:25+00:00\",\"dateModified\":\"2026-02-22T22:34:12+00:00\",\"description\":\"DOSKAR 4 EQUI Mineral-Vitamin-Kombi deckt den Bedarf an Mineralstoffen, Spurenelementen und Vitaminen bei Pferden optimal. Der bew\u00e4hrte Multivitamin-Komplex dient zur Unterst\u00fctzung des Immunsystems, des Wohlbefindens und der Leistungsf\u00e4higkeit des Pferdes.\",\"breadcrumb\":{\"@id\":\"https:\\\/\\\/www.doskar4equi.at\\\/produkt\\\/mineral-vitamin-kombi-1000-g\\\/#breadcrumb\"},\"inLanguage\":\"en-GB\",\"potentialAction\":[{\"@type\":\"ReadAction\",\"target\":[\"https:\\\/\\\/www.doskar4equi.at\\\/produkt\\\/mineral-vitamin-kombi-1000-g\\\/\"]}]},{\"@type\":\"ImageObject\",\"inLanguage\":\"en-GB\",\"@id\":\"https:\\\/\\\/www.doskar4equi.at\\\/produkt\\\/mineral-vitamin-kombi-1000-g\\\/#primaryimage\",\"url\":\"https:\\\/\\\/www.doskar4equi.at\\\/wp-content\\\/uploads\\\/2024\\\/06\\\/Mineral_Vitamin_Kombi_1000g.webp\",\"contentUrl\":\"https:\\\/\\\/www.doskar4equi.at\\\/wp-content\\\/uploads\\\/2024\\\/06\\\/Mineral_Vitamin_Kombi_1000g.webp\",\"width\":1500,\"height\":1500,\"caption\":\"Mineral_Vitamin_Kombi_1000g\"},{\"@type\":\"BreadcrumbList\",\"@id\":\"https:\\\/\\\/www.doskar4equi.at\\\/produkt\\\/mineral-vitamin-kombi-1000-g\\\/#breadcrumb\",\"itemListElement\":[{\"@type\":\"ListItem\",\"position\":1,\"name\":\"Startseite\",\"item\":\"https:\\\/\\\/www.doskar4equi.at\\\/\"},{\"@type\":\"ListItem\",\"position\":2,\"name\":\"Shop\",\"item\":\"https:\\\/\\\/www.doskar4equi.at\\\/shop\\\/\"},{\"@type\":\"ListItem\",\"position\":3,\"name\":\"Mineral Vitamin Kombi 1.000 g\"}]},{\"@type\":\"WebSite\",\"@id\":\"https:\\\/\\\/www.doskar4equi.at\\\/#website\",\"url\":\"https:\\\/\\\/www.doskar4equi.at\\\/\",\"name\":\"Doskar 4 Equi\",\"description\":\"Pharmazeutisches Fachwissen\",\"potentialAction\":[{\"@type\":\"SearchAction\",\"target\":{\"@type\":\"EntryPoint\",\"urlTemplate\":\"https:\\\/\\\/www.doskar4equi.at\\\/?s={search_term_string}\"},\"query-input\":{\"@type\":\"PropertyValueSpecification\",\"valueRequired\":true,\"valueName\":\"search_term_string\"}}],\"inLanguage\":\"en-GB\"}]}<\/script>\n<!-- \/ Yoast SEO plugin. -->","yoast_head_json":{"title":"Mineral Vitamin Kombi 1.000 g - Doskar 4 Equi","description":"DOSKAR 4 EQUI Mineral-Vitamin-Kombi deckt den Bedarf an Mineralstoffen, Spurenelementen und Vitaminen bei Pferden optimal. Der bew\u00e4hrte Multivitamin-Komplex dient zur Unterst\u00fctzung des Immunsystems, des Wohlbefindens und der Leistungsf\u00e4higkeit des Pferdes.","robots":{"index":"index","follow":"follow","max-snippet":"max-snippet:-1","max-image-preview":"max-image-preview:large","max-video-preview":"max-video-preview:-1"},"canonical":"https:\/\/www.doskar4equi.at\/en\/product\/mineral-vitamin-kombi-1000-g\/","og_locale":"en_GB","og_type":"article","og_title":"Mineral Vitamin Kombi 1.000 g - Doskar 4 Equi","og_description":"DOSKAR 4 EQUI Mineral-Vitamin-Kombi deckt den Bedarf an Mineralstoffen, Spurenelementen und Vitaminen bei Pferden optimal. Der bew\u00e4hrte Multivitamin-Komplex dient zur Unterst\u00fctzung des Immunsystems, des Wohlbefindens und der Leistungsf\u00e4higkeit des Pferdes.","og_url":"https:\/\/www.doskar4equi.at\/en\/product\/mineral-vitamin-kombi-1000-g\/","og_site_name":"Doskar 4 Equi","article_modified_time":"2026-02-22T22:34:12+00:00","og_image":[{"width":1500,"height":1500,"url":"https:\/\/www.doskar4equi.at\/wp-content\/uploads\/2024\/06\/Mineral_Vitamin_Kombi_1000g.webp","type":"image\/webp"}],"twitter_card":"summary_large_image","twitter_misc":{"Estimated reading time":"2 minutes"},"schema":{"@context":"https:\/\/schema.org","@graph":[{"@type":"WebPage","@id":"https:\/\/www.doskar4equi.at\/produkt\/mineral-vitamin-kombi-1000-g\/","url":"https:\/\/www.doskar4equi.at\/produkt\/mineral-vitamin-kombi-1000-g\/","name":"Mineral Vitamin Kombi 1.000 g - Doskar 4 Equi","isPartOf":{"@id":"https:\/\/www.doskar4equi.at\/#website"},"primaryImageOfPage":{"@id":"https:\/\/www.doskar4equi.at\/produkt\/mineral-vitamin-kombi-1000-g\/#primaryimage"},"image":{"@id":"https:\/\/www.doskar4equi.at\/produkt\/mineral-vitamin-kombi-1000-g\/#primaryimage"},"thumbnailUrl":"https:\/\/www.doskar4equi.at\/wp-content\/uploads\/2024\/06\/Mineral_Vitamin_Kombi_1000g.webp","datePublished":"2023-07-31T19:12:25+00:00","dateModified":"2026-02-22T22:34:12+00:00","description":"DOSKAR 4 EQUI Mineral-Vitamin-Kombi deckt den Bedarf an Mineralstoffen, Spurenelementen und Vitaminen bei Pferden optimal. Der bew\u00e4hrte Multivitamin-Komplex dient zur Unterst\u00fctzung des Immunsystems, des Wohlbefindens und der Leistungsf\u00e4higkeit des Pferdes.","breadcrumb":{"@id":"https:\/\/www.doskar4equi.at\/produkt\/mineral-vitamin-kombi-1000-g\/#breadcrumb"},"inLanguage":"en-GB","potentialAction":[{"@type":"ReadAction","target":["https:\/\/www.doskar4equi.at\/produkt\/mineral-vitamin-kombi-1000-g\/"]}]},{"@type":"ImageObject","inLanguage":"en-GB","@id":"https:\/\/www.doskar4equi.at\/produkt\/mineral-vitamin-kombi-1000-g\/#primaryimage","url":"https:\/\/www.doskar4equi.at\/wp-content\/uploads\/2024\/06\/Mineral_Vitamin_Kombi_1000g.webp","contentUrl":"https:\/\/www.doskar4equi.at\/wp-content\/uploads\/2024\/06\/Mineral_Vitamin_Kombi_1000g.webp","width":1500,"height":1500,"caption":"Mineral_Vitamin_Kombi_1000g"},{"@type":"BreadcrumbList","@id":"https:\/\/www.doskar4equi.at\/produkt\/mineral-vitamin-kombi-1000-g\/#breadcrumb","itemListElement":[{"@type":"ListItem","position":1,"name":"Startseite","item":"https:\/\/www.doskar4equi.at\/"},{"@type":"ListItem","position":2,"name":"Shop","item":"https:\/\/www.doskar4equi.at\/shop\/"},{"@type":"ListItem","position":3,"name":"Mineral Vitamin Kombi 1.000 g"}]},{"@type":"WebSite","@id":"https:\/\/www.doskar4equi.at\/#website","url":"https:\/\/www.doskar4equi.at\/","name":"Doskar 4 Equi","description":"Pharmazeutisches Fachwissen","potentialAction":[{"@type":"SearchAction","target":{"@type":"EntryPoint","urlTemplate":"https:\/\/www.doskar4equi.at\/?s={search_term_string}"},"query-input":{"@type":"PropertyValueSpecification","valueRequired":true,"valueName":"search_term_string"}}],"inLanguage":"en-GB"}]}},"_links":{"self":[{"href":"https:\/\/www.doskar4equi.at\/en\/wp-json\/wp\/v2\/product\/335","targetHints":{"allow":["GET"]}}],"collection":[{"href":"https:\/\/www.doskar4equi.at\/en\/wp-json\/wp\/v2\/product"}],"about":[{"href":"https:\/\/www.doskar4equi.at\/en\/wp-json\/wp\/v2\/types\/product"}],"replies":[{"embeddable":true,"href":"https:\/\/www.doskar4equi.at\/en\/wp-json\/wp\/v2\/comments?post=335"}],"wp:featuredmedia":[{"embeddable":true,"href":"https:\/\/www.doskar4equi.at\/en\/wp-json\/wp\/v2\/media\/1618"}],"wp:attachment":[{"href":"https:\/\/www.doskar4equi.at\/en\/wp-json\/wp\/v2\/media?parent=335"}],"wp:term":[{"taxonomy":"product_brand","embeddable":true,"href":"https:\/\/www.doskar4equi.at\/en\/wp-json\/wp\/v2\/product_brand?post=335"},{"taxonomy":"product_cat","embeddable":true,"href":"https:\/\/www.doskar4equi.at\/en\/wp-json\/wp\/v2\/product_cat?post=335"},{"taxonomy":"product_tag","embeddable":true,"href":"https:\/\/www.doskar4equi.at\/en\/wp-json\/wp\/v2\/product_tag?post=335"}],"curies":[{"name":"wp","href":"https:\/\/api.w.org\/{rel}","templated":true}]}}