{"id":3456,"date":"2025-04-30T21:06:41","date_gmt":"2025-04-30T21:06:41","guid":{"rendered":"https:\/\/www.doskar4equi.at\/?post_type=product&#038;p=3456"},"modified":"2026-04-16T18:32:07","modified_gmt":"2026-04-16T18:32:07","slug":"liquid-magnesium-b12-tryptophan","status":"publish","type":"product","link":"https:\/\/www.doskar4equi.at\/en\/product\/liquid-magnesium-b12-tryptophan\/","title":{"rendered":"Magnesium\/Vitamin B12 &#038; L-Tryptophan"},"content":{"rendered":"<div class=\"tabbed-content\">\n\t\t\t\n\t\t\t<ul class=\"nav nav-tabs nav-uppercase nav-size-normal nav-left\" role=\"tablist\"><li id=\"tab-beschreibung\" class=\"tab active has-icon\" role=\"presentation\"><a href=\"#tab_beschreibung\" role=\"tab\" aria-selected=\"true\" aria-controls=\"tab_beschreibung\"><span>Product Description<\/span><\/a><\/li>\n<li id=\"tab-anwendung\" class=\"tab has-icon\" role=\"presentation\"><a href=\"#tab_anwendung\" tabindex=\"-1\" role=\"tab\" aria-selected=\"false\" aria-controls=\"tab_anwendung\"><span>Usage<\/span><\/a><\/li>\n<li id=\"tab-inhalt\" class=\"tab has-icon\" role=\"presentation\"><a href=\"#tab_inhalt\" tabindex=\"-1\" role=\"tab\" aria-selected=\"false\" aria-controls=\"tab_inhalt\"><span>Ingredients<\/span><\/a><\/li><\/ul><div class=\"tab-panels\"><div id=\"tab_beschreibung\" class=\"panel active entry-content\" role=\"tabpanel\" aria-labelledby=\"tab-beschreibung\">\n<div class=\"flex max-w-full flex-col flex-grow\">\n<div class=\"min-h-8 text-message flex w-full flex-col items-end gap-2 whitespace-normal break-words text-start &#091;.text-message+&amp;&#093;:mt-5\" dir=\"auto\" data-message-author-role=\"assistant\" data-message-id=\"3259ca9b-3734-4a63-97c2-38ffa69d178d\" data-message-model-slug=\"gpt-4o-mini\">\n<div class=\"flex w-full flex-col gap-1 empty:hidden first:pt-&#091;3px&#093;\">\n<div class=\"markdown prose w-full break-words dark:prose-invert light\">\n<p class=\"\" data-start=\"222\" data-end=\"542\"><strong>Magnesium\/Vitamin B12 &amp; L-Tryptophan<\/strong><br \/>\nStress, nervousness, and restlessness can noticeably affect your horse\u2019s performance and wellbeing. Our high-quality liquid combines three potent active ingredients - <strong data-start=\"395\" data-end=\"408\">Magnesium<\/strong>, <strong data-start=\"410\" data-end=\"425\">Vitamin B12<\/strong> and the amino acid <strong data-start=\"445\" data-end=\"459\">Tryptophan<\/strong> - into an effective formula to support calmness, composure, and emotional balance.<\/p>\n<ul data-start=\"544\" data-end=\"876\">\n<li class=\"\" data-start=\"544\" data-end=\"649\">\n<p class=\"\" data-start=\"546\" data-end=\"649\"><strong data-start=\"546\" data-end=\"559\">Magnesium<\/strong> supports the nervous system and helps muscles relax<\/p>\n<\/li>\n<li class=\"\" data-start=\"650\" data-end=\"750\">\n<p class=\"\" data-start=\"652\" data-end=\"750\"><strong data-start=\"652\" data-end=\"667\">Vitamin B12<\/strong> is essential for energy metabolism and the maintenance of nervous system function<\/p>\n<\/li>\n<li class=\"\" data-start=\"751\" data-end=\"876\">\n<p class=\"\" data-start=\"753\" data-end=\"876\"><strong data-start=\"753\" data-end=\"767\">Tryptophan<\/strong> is the natural precursor of serotonin, known as the \u201cfeel-good hormone,\u201d and supports emotional balance<\/p>\n<\/li>\n<\/ul>\n<p class=\"\" data-start=\"878\" data-end=\"1086\">The liquid formulation allows for fast absorption and easy dosing\u2014ideal for use during competitions, training periods, stable changes, transport, or other stressful situations<\/p>\n<p data-start=\"878\" data-end=\"1086\"><img loading=\"lazy\" decoding=\"async\" class=\"alignnone wp-image-4374\" src=\"https:\/\/www.doskar4equi.at\/wp-content\/uploads\/2025\/09\/3-2-300x95.png\" alt=\"\" width=\"150\" height=\"48\" srcset=\"https:\/\/www.doskar4equi.at\/wp-content\/uploads\/2025\/09\/3-2-300x95.png 300w, https:\/\/www.doskar4equi.at\/wp-content\/uploads\/2025\/09\/3-2-scaled-510x162.png 510w, https:\/\/www.doskar4equi.at\/wp-content\/uploads\/2025\/09\/3-2-1024x326.png 1024w, https:\/\/www.doskar4equi.at\/wp-content\/uploads\/2025\/09\/3-2-768x244.png 768w, https:\/\/www.doskar4equi.at\/wp-content\/uploads\/2025\/09\/3-2-1536x489.png 1536w, https:\/\/www.doskar4equi.at\/wp-content\/uploads\/2025\/09\/3-2-2048x652.png 2048w, https:\/\/www.doskar4equi.at\/wp-content\/uploads\/2025\/09\/3-2-18x6.png 18w\" sizes=\"auto, (max-width: 150px) 100vw, 150px\" \/><img loading=\"lazy\" decoding=\"async\" class=\"alignnone wp-image-4373\" src=\"https:\/\/www.doskar4equi.at\/wp-content\/uploads\/2025\/09\/4-300x95.png\" alt=\"\" width=\"150\" height=\"48\" srcset=\"https:\/\/www.doskar4equi.at\/wp-content\/uploads\/2025\/09\/4-300x95.png 300w, https:\/\/www.doskar4equi.at\/wp-content\/uploads\/2025\/09\/4-510x162.png 510w, https:\/\/www.doskar4equi.at\/wp-content\/uploads\/2025\/09\/4-1024x326.png 1024w, https:\/\/www.doskar4equi.at\/wp-content\/uploads\/2025\/09\/4-768x244.png 768w, https:\/\/www.doskar4equi.at\/wp-content\/uploads\/2025\/09\/4-1536x489.png 1536w, https:\/\/www.doskar4equi.at\/wp-content\/uploads\/2025\/09\/4-2048x652.png 2048w, https:\/\/www.doskar4equi.at\/wp-content\/uploads\/2025\/09\/4-18x6.png 18w\" sizes=\"auto, (max-width: 150px) 100vw, 150px\" \/><\/p>\n<\/div>\n<\/div>\n<\/div>\n<\/div>\n<\/div>\n<div id=\"tab_anwendung\" class=\"panel entry-content\" role=\"tabpanel\" aria-labelledby=\"tab-anwendung\">\n<p><strong>Feeding instructions per animal per day:<\/strong><br \/>\n<span class=\"OYPEnA font-feature-liga-off font-feature-clig-off font-feature-calt-off text-decoration-none text-strikethrough-none\">Gro\u00dfpferde: 35-50 ml<\/span><\/p>\n<\/div>\n<div id=\"tab_inhalt\" class=\"panel entry-content\" role=\"tabpanel\" aria-labelledby=\"tab-inhalt\">\n<p><strong>Composition:<\/strong><br \/>\n<span class=\"OYPEnA font-feature-liga-off font-feature-clig-off font-feature-calt-off text-decoration-none text-strikethrough-none\">Magnesium chloride, calcium chloride, dextrose<\/span><\/p>\n<p><span class=\"OYPEnA font-feature-liga-off font-feature-clig-off font-feature-calt-off text-decoration-none text-strikethrough-none\"><strong>Analytical components and levels:\u00a0<\/strong><br \/>\nCrude protein 0.10%, crude fibre 0.00%, crude fat 0.00%, crude ash 11.7%, magnesium 4.00%, calcium 1.47%, sodium 0.15%, moisture 68%<br \/>\n<\/span><\/p>\n<p><span class=\"OYPEnA font-feature-liga-off font-feature-clig-off font-feature-calt-off text-decoration-none text-strikethrough-none\"><strong>Additives per litre:<br \/>\n<\/strong><\/span><span class=\"OYPEnA font-feature-liga-off font-feature-clig-off font-feature-calt-off text-decoration-none text-strikethrough-none\">Nutritional additives: Vitamin B12 (3a837), <\/span><span class=\"OYPEnA font-feature-liga-off font-feature-clig-off font-feature-calt-off text-decoration-none text-strikethrough-none\">100,000 mcg, zinc as zinc chloride, anhydrous (3b602) 233 mg, L-tryptophan (3c440) 1,000 mg<br \/>\n<\/span><span class=\"OYPEnA font-feature-liga-off font-feature-clig-off font-feature-calt-off text-decoration-none text-strikethrough-none\">Sensory additives: Apple flavouring 300 mg<br \/>\n<\/span><span class=\"OYPEnA font-feature-liga-off font-feature-clig-off font-feature-calt-off text-decoration-none text-strikethrough-none\">Technological additives: Sodium propionate (1k281) <\/span><span class=\"OYPEnA font-feature-liga-off font-feature-clig-off font-feature-calt-off text-decoration-none text-strikethrough-none\">2,000 mg, citric acid (1a330) 600 mg<\/span><\/p>\n<p><span class=\"OYPEnA font-feature-liga-off font-feature-clig-off font-feature-calt-off text-decoration-none text-strikethrough-none\"><strong>Contents:<\/strong> 1.000 ml<\/span><\/p>\n<\/div><\/div><\/div>","protected":false},"excerpt":{"rendered":"<h3><span style=\"color: #a9657e;\"><strong><br \/>\nSupports nervous system function and aids muscle recovery.<br \/>\n<\/strong><\/span><\/h3>\n<p>The proven combination of magnesium, vitamin B12, and tryptophan helps nervous or tense horses cope more effectively with stress, supports emotional balance, and promotes relaxation\u2014ideal for training, transport, or unfamiliar situations.<\/p>\n<p><strong>FEI Clean Sport: approved \/ ADMR: approved<\/strong><\/p>","protected":false},"featured_media":4712,"comment_status":"open","ping_status":"closed","template":"","meta":[],"product_brand":[],"product_cat":[34,39],"product_tag":[],"class_list":{"0":"post-3456","1":"product","2":"type-product","3":"status-publish","4":"has-post-thumbnail","6":"product_cat-vitamine-mineralstoffe","7":"product_cat-liquids","9":"first","10":"instock","11":"taxable","12":"shipping-taxable","13":"purchasable","14":"product-type-simple"},"yoast_head":"<!-- This site is optimized with the Yoast SEO plugin v27.4 - https:\/\/yoast.com\/product\/yoast-seo-wordpress\/ -->\n<title>Magnesium\/Vitamin B12 &amp; L-Tryptophan - Doskar 4 Equi<\/title>\n<meta name=\"description\" content=\"DOSKAR 4 EQUI Magnesium + B12 und Tryptophan Liquid tr\u00e4gt zur Minderung der Stressreaktion bei, beruhigt nerv\u00f6se und gestresste Pferde, erh\u00f6ht die psychische Belastbarkeit, st\u00e4rkt den Organismus und verbessert Appetit und Futterverwertung.\" \/>\n<meta name=\"robots\" content=\"index, follow, max-snippet:-1, max-image-preview:large, max-video-preview:-1\" \/>\n<link rel=\"canonical\" href=\"https:\/\/www.doskar4equi.at\/en\/product\/liquid-magnesium-b12-tryptophan\/\" \/>\n<meta property=\"og:locale\" content=\"en_GB\" \/>\n<meta property=\"og:type\" content=\"article\" \/>\n<meta property=\"og:title\" content=\"Magnesium\/Vitamin B12 &amp; L-Tryptophan - Doskar 4 Equi\" \/>\n<meta property=\"og:description\" content=\"DOSKAR 4 EQUI Magnesium + B12 und Tryptophan Liquid tr\u00e4gt zur Minderung der Stressreaktion bei, beruhigt nerv\u00f6se und gestresste Pferde, erh\u00f6ht die psychische Belastbarkeit, st\u00e4rkt den Organismus und verbessert Appetit und Futterverwertung.\" \/>\n<meta property=\"og:url\" content=\"https:\/\/www.doskar4equi.at\/en\/product\/liquid-magnesium-b12-tryptophan\/\" \/>\n<meta property=\"og:site_name\" content=\"Doskar 4 Equi\" \/>\n<meta property=\"article:modified_time\" content=\"2026-04-16T18:32:07+00:00\" \/>\n<meta property=\"og:image\" content=\"https:\/\/www.doskar4equi.at\/wp-content\/uploads\/2026\/03\/7-1.png\" \/>\n\t<meta property=\"og:image:width\" content=\"1000\" \/>\n\t<meta property=\"og:image:height\" content=\"1000\" \/>\n\t<meta property=\"og:image:type\" content=\"image\/png\" \/>\n<meta name=\"twitter:card\" content=\"summary_large_image\" \/>\n<meta name=\"twitter:label1\" content=\"Estimated reading time\" \/>\n\t<meta name=\"twitter:data1\" content=\"2 minutes\" \/>\n<script type=\"application\/ld+json\" class=\"yoast-schema-graph\">{\"@context\":\"https:\\\/\\\/schema.org\",\"@graph\":[{\"@type\":\"WebPage\",\"@id\":\"https:\\\/\\\/www.doskar4equi.at\\\/produkt\\\/liquid-magnesium-b12-tryptophan\\\/\",\"url\":\"https:\\\/\\\/www.doskar4equi.at\\\/produkt\\\/liquid-magnesium-b12-tryptophan\\\/\",\"name\":\"Magnesium\\\/Vitamin B12 & L-Tryptophan - Doskar 4 Equi\",\"isPartOf\":{\"@id\":\"https:\\\/\\\/www.doskar4equi.at\\\/#website\"},\"primaryImageOfPage\":{\"@id\":\"https:\\\/\\\/www.doskar4equi.at\\\/produkt\\\/liquid-magnesium-b12-tryptophan\\\/#primaryimage\"},\"image\":{\"@id\":\"https:\\\/\\\/www.doskar4equi.at\\\/produkt\\\/liquid-magnesium-b12-tryptophan\\\/#primaryimage\"},\"thumbnailUrl\":\"https:\\\/\\\/www.doskar4equi.at\\\/wp-content\\\/uploads\\\/2026\\\/03\\\/7-1.png\",\"datePublished\":\"2025-04-30T21:06:41+00:00\",\"dateModified\":\"2026-04-16T18:32:07+00:00\",\"description\":\"DOSKAR 4 EQUI Magnesium + B12 und Tryptophan Liquid tr\u00e4gt zur Minderung der Stressreaktion bei, beruhigt nerv\u00f6se und gestresste Pferde, erh\u00f6ht die psychische Belastbarkeit, st\u00e4rkt den Organismus und verbessert Appetit und Futterverwertung.\",\"breadcrumb\":{\"@id\":\"https:\\\/\\\/www.doskar4equi.at\\\/produkt\\\/liquid-magnesium-b12-tryptophan\\\/#breadcrumb\"},\"inLanguage\":\"en-GB\",\"potentialAction\":[{\"@type\":\"ReadAction\",\"target\":[\"https:\\\/\\\/www.doskar4equi.at\\\/produkt\\\/liquid-magnesium-b12-tryptophan\\\/\"]}]},{\"@type\":\"ImageObject\",\"inLanguage\":\"en-GB\",\"@id\":\"https:\\\/\\\/www.doskar4equi.at\\\/produkt\\\/liquid-magnesium-b12-tryptophan\\\/#primaryimage\",\"url\":\"https:\\\/\\\/www.doskar4equi.at\\\/wp-content\\\/uploads\\\/2026\\\/03\\\/7-1.png\",\"contentUrl\":\"https:\\\/\\\/www.doskar4equi.at\\\/wp-content\\\/uploads\\\/2026\\\/03\\\/7-1.png\",\"width\":1000,\"height\":1000},{\"@type\":\"BreadcrumbList\",\"@id\":\"https:\\\/\\\/www.doskar4equi.at\\\/produkt\\\/liquid-magnesium-b12-tryptophan\\\/#breadcrumb\",\"itemListElement\":[{\"@type\":\"ListItem\",\"position\":1,\"name\":\"Startseite\",\"item\":\"https:\\\/\\\/www.doskar4equi.at\\\/\"},{\"@type\":\"ListItem\",\"position\":2,\"name\":\"Shop\",\"item\":\"https:\\\/\\\/www.doskar4equi.at\\\/shop\\\/\"},{\"@type\":\"ListItem\",\"position\":3,\"name\":\"Magnesium\\\/Vitamin B12 &#038; L-Tryptophan\"}]},{\"@type\":\"WebSite\",\"@id\":\"https:\\\/\\\/www.doskar4equi.at\\\/#website\",\"url\":\"https:\\\/\\\/www.doskar4equi.at\\\/\",\"name\":\"Doskar 4 Equi\",\"description\":\"Pharmazeutisches Fachwissen\",\"potentialAction\":[{\"@type\":\"SearchAction\",\"target\":{\"@type\":\"EntryPoint\",\"urlTemplate\":\"https:\\\/\\\/www.doskar4equi.at\\\/?s={search_term_string}\"},\"query-input\":{\"@type\":\"PropertyValueSpecification\",\"valueRequired\":true,\"valueName\":\"search_term_string\"}}],\"inLanguage\":\"en-GB\"}]}<\/script>\n<!-- \/ Yoast SEO plugin. -->","yoast_head_json":{"title":"Magnesium\/Vitamin B12 & L-Tryptophan - Doskar 4 Equi","description":"DOSKAR 4 EQUI Magnesium + B12 und Tryptophan Liquid tr\u00e4gt zur Minderung der Stressreaktion bei, beruhigt nerv\u00f6se und gestresste Pferde, erh\u00f6ht die psychische Belastbarkeit, st\u00e4rkt den Organismus und verbessert Appetit und Futterverwertung.","robots":{"index":"index","follow":"follow","max-snippet":"max-snippet:-1","max-image-preview":"max-image-preview:large","max-video-preview":"max-video-preview:-1"},"canonical":"https:\/\/www.doskar4equi.at\/en\/product\/liquid-magnesium-b12-tryptophan\/","og_locale":"en_GB","og_type":"article","og_title":"Magnesium\/Vitamin B12 & L-Tryptophan - Doskar 4 Equi","og_description":"DOSKAR 4 EQUI Magnesium + B12 und Tryptophan Liquid tr\u00e4gt zur Minderung der Stressreaktion bei, beruhigt nerv\u00f6se und gestresste Pferde, erh\u00f6ht die psychische Belastbarkeit, st\u00e4rkt den Organismus und verbessert Appetit und Futterverwertung.","og_url":"https:\/\/www.doskar4equi.at\/en\/product\/liquid-magnesium-b12-tryptophan\/","og_site_name":"Doskar 4 Equi","article_modified_time":"2026-04-16T18:32:07+00:00","og_image":[{"width":1000,"height":1000,"url":"https:\/\/www.doskar4equi.at\/wp-content\/uploads\/2026\/03\/7-1.png","type":"image\/png"}],"twitter_card":"summary_large_image","twitter_misc":{"Estimated reading time":"2 minutes"},"schema":{"@context":"https:\/\/schema.org","@graph":[{"@type":"WebPage","@id":"https:\/\/www.doskar4equi.at\/produkt\/liquid-magnesium-b12-tryptophan\/","url":"https:\/\/www.doskar4equi.at\/produkt\/liquid-magnesium-b12-tryptophan\/","name":"Magnesium\/Vitamin B12 & L-Tryptophan - Doskar 4 Equi","isPartOf":{"@id":"https:\/\/www.doskar4equi.at\/#website"},"primaryImageOfPage":{"@id":"https:\/\/www.doskar4equi.at\/produkt\/liquid-magnesium-b12-tryptophan\/#primaryimage"},"image":{"@id":"https:\/\/www.doskar4equi.at\/produkt\/liquid-magnesium-b12-tryptophan\/#primaryimage"},"thumbnailUrl":"https:\/\/www.doskar4equi.at\/wp-content\/uploads\/2026\/03\/7-1.png","datePublished":"2025-04-30T21:06:41+00:00","dateModified":"2026-04-16T18:32:07+00:00","description":"DOSKAR 4 EQUI Magnesium + B12 und Tryptophan Liquid tr\u00e4gt zur Minderung der Stressreaktion bei, beruhigt nerv\u00f6se und gestresste Pferde, erh\u00f6ht die psychische Belastbarkeit, st\u00e4rkt den Organismus und verbessert Appetit und Futterverwertung.","breadcrumb":{"@id":"https:\/\/www.doskar4equi.at\/produkt\/liquid-magnesium-b12-tryptophan\/#breadcrumb"},"inLanguage":"en-GB","potentialAction":[{"@type":"ReadAction","target":["https:\/\/www.doskar4equi.at\/produkt\/liquid-magnesium-b12-tryptophan\/"]}]},{"@type":"ImageObject","inLanguage":"en-GB","@id":"https:\/\/www.doskar4equi.at\/produkt\/liquid-magnesium-b12-tryptophan\/#primaryimage","url":"https:\/\/www.doskar4equi.at\/wp-content\/uploads\/2026\/03\/7-1.png","contentUrl":"https:\/\/www.doskar4equi.at\/wp-content\/uploads\/2026\/03\/7-1.png","width":1000,"height":1000},{"@type":"BreadcrumbList","@id":"https:\/\/www.doskar4equi.at\/produkt\/liquid-magnesium-b12-tryptophan\/#breadcrumb","itemListElement":[{"@type":"ListItem","position":1,"name":"Startseite","item":"https:\/\/www.doskar4equi.at\/"},{"@type":"ListItem","position":2,"name":"Shop","item":"https:\/\/www.doskar4equi.at\/shop\/"},{"@type":"ListItem","position":3,"name":"Magnesium\/Vitamin B12 &#038; L-Tryptophan"}]},{"@type":"WebSite","@id":"https:\/\/www.doskar4equi.at\/#website","url":"https:\/\/www.doskar4equi.at\/","name":"Doskar 4 Equi","description":"Pharmazeutisches Fachwissen","potentialAction":[{"@type":"SearchAction","target":{"@type":"EntryPoint","urlTemplate":"https:\/\/www.doskar4equi.at\/?s={search_term_string}"},"query-input":{"@type":"PropertyValueSpecification","valueRequired":true,"valueName":"search_term_string"}}],"inLanguage":"en-GB"}]}},"_links":{"self":[{"href":"https:\/\/www.doskar4equi.at\/en\/wp-json\/wp\/v2\/product\/3456","targetHints":{"allow":["GET"]}}],"collection":[{"href":"https:\/\/www.doskar4equi.at\/en\/wp-json\/wp\/v2\/product"}],"about":[{"href":"https:\/\/www.doskar4equi.at\/en\/wp-json\/wp\/v2\/types\/product"}],"replies":[{"embeddable":true,"href":"https:\/\/www.doskar4equi.at\/en\/wp-json\/wp\/v2\/comments?post=3456"}],"wp:featuredmedia":[{"embeddable":true,"href":"https:\/\/www.doskar4equi.at\/en\/wp-json\/wp\/v2\/media\/4712"}],"wp:attachment":[{"href":"https:\/\/www.doskar4equi.at\/en\/wp-json\/wp\/v2\/media?parent=3456"}],"wp:term":[{"taxonomy":"product_brand","embeddable":true,"href":"https:\/\/www.doskar4equi.at\/en\/wp-json\/wp\/v2\/product_brand?post=3456"},{"taxonomy":"product_cat","embeddable":true,"href":"https:\/\/www.doskar4equi.at\/en\/wp-json\/wp\/v2\/product_cat?post=3456"},{"taxonomy":"product_tag","embeddable":true,"href":"https:\/\/www.doskar4equi.at\/en\/wp-json\/wp\/v2\/product_tag?post=3456"}],"curies":[{"name":"wp","href":"https:\/\/api.w.org\/{rel}","templated":true}]}}