{"id":3549,"date":"2025-06-12T22:12:03","date_gmt":"2025-06-12T22:12:03","guid":{"rendered":"https:\/\/www.doskar4equi.at\/?post_type=product&#038;p=3549"},"modified":"2026-04-03T08:08:04","modified_gmt":"2026-04-03T08:08:04","slug":"mobil-forte","status":"publish","type":"product","link":"https:\/\/www.doskar4equi.at\/en\/product\/mobil-forte\/","title":{"rendered":"Mobil Forte"},"content":{"rendered":"<div class=\"tabbed-content\">\n\t\t\t\n\t\t\t<ul class=\"nav nav-tabs nav-uppercase nav-size-normal nav-left\" role=\"tablist\"><li id=\"tab-beschreibung\" class=\"tab active has-icon\" role=\"presentation\"><a href=\"#tab_beschreibung\" role=\"tab\" aria-selected=\"true\" aria-controls=\"tab_beschreibung\"><span>Product Description<\/span><\/a><\/li>\n<li id=\"tab-anwendung\" class=\"tab has-icon\" role=\"presentation\"><a href=\"#tab_anwendung\" tabindex=\"-1\" role=\"tab\" aria-selected=\"false\" aria-controls=\"tab_anwendung\"><span>Usage<\/span><\/a><\/li>\n<li id=\"tab-inhalt\" class=\"tab has-icon\" role=\"presentation\"><a href=\"#tab_inhalt\" tabindex=\"-1\" role=\"tab\" aria-selected=\"false\" aria-controls=\"tab_inhalt\"><span>Ingredients<\/span><\/a><\/li><\/ul><div class=\"tab-panels\"><div id=\"tab_beschreibung\" class=\"panel active entry-content\" role=\"tabpanel\" aria-labelledby=\"tab-beschreibung\">\n<div class=\"flex max-w-full flex-col flex-grow\">\n<div class=\"min-h-8 text-message flex w-full flex-col items-end gap-2 whitespace-normal break-words text-start &#091;.text-message+&amp;&#093;:mt-5\" dir=\"auto\" data-message-author-role=\"assistant\" data-message-id=\"3259ca9b-3734-4a63-97c2-38ffa69d178d\" data-message-model-slug=\"gpt-4o-mini\">\n<div class=\"flex w-full flex-col gap-1 empty:hidden first:pt-&#091;3px&#093;\">\n<div class=\"markdown prose w-full break-words dark:prose-invert light\">\n<p data-start=\"283\" data-end=\"424\">Mobil Forte vereint sorgf\u00e4ltig ausgew\u00e4hlte N\u00e4hrstoffe, die im K\u00f6rper ma\u00dfgeblich an der Funktion des Bewegungsapparats und der Muskulatur beteiligt sind.<\/p>\n<p data-start=\"163\" data-end=\"571\">Die gezielt zusammengestellte Kombination aus bew\u00e4hrten Inhaltsstoffen wie <strong data-start=\"398\" data-end=\"468\">Hyaluronic acid, Glucosamine, Chondroitin, MSM (Methylsulfonylmethane)<\/strong> and <strong data-start=\"473\" data-end=\"487\">L-threonine<\/strong> provides everything your horse needs for healthy joints and strong muscles.<\/p>\n<ul class=\"cst-bullet-points\">\n<li data-start=\"426\" data-end=\"543\">Hyalurons\u00e4ure ist ein nat\u00fcrlicher Bestandteil der Gelenkfl\u00fcssigkeit und tr\u00e4gt zur Schmierung bewegter Strukturen bei.<\/li>\n<li data-start=\"545\" data-end=\"674\">Glucosamin und Chondroitin sind Bausteine, die zur Stabilit\u00e4t und Elastizit\u00e4t von Knorpel- und Gelenkstrukturen beitragen k\u00f6nnen.<\/li>\n<li data-start=\"676\" data-end=\"794\">MSM (Methylsulfonylmethan) dient als nat\u00fcrliche Schwefelquelle und ist am Stoffwechsel verschiedener Gewebe beteiligt.<\/li>\n<li data-start=\"796\" data-end=\"873\">Aminos\u00e4uren unterst\u00fctzen die normale Funktion von Muskulatur und Bindegewebe.<\/li>\n<\/ul>\n<p data-start=\"982\" data-end=\"1161\">Besonders geeignet f\u00fcr:<\/p>\n<ul class=\"cst-bullet-points\">\n<li data-start=\"982\" data-end=\"1161\">Sportpferde<\/li>\n<li data-start=\"982\" data-end=\"1161\">Pferde im regelm\u00e4\u00dfigen Training<\/li>\n<li data-start=\"982\" data-end=\"1161\">\u00e4ltere Pferde sowie Pferde mit empfindlichen oder stark beanspruchten Gelenken<\/li>\n<\/ul>\n<p><img loading=\"lazy\" decoding=\"async\" class=\"alignnone wp-image-4374\" src=\"https:\/\/www.doskar4equi.at\/wp-content\/uploads\/2025\/09\/3-2-300x95.png\" alt=\"\" width=\"148\" height=\"47\" srcset=\"https:\/\/www.doskar4equi.at\/wp-content\/uploads\/2025\/09\/3-2-300x95.png 300w, https:\/\/www.doskar4equi.at\/wp-content\/uploads\/2025\/09\/3-2-scaled-510x162.png 510w, https:\/\/www.doskar4equi.at\/wp-content\/uploads\/2025\/09\/3-2-1024x326.png 1024w, https:\/\/www.doskar4equi.at\/wp-content\/uploads\/2025\/09\/3-2-768x244.png 768w, https:\/\/www.doskar4equi.at\/wp-content\/uploads\/2025\/09\/3-2-1536x489.png 1536w, https:\/\/www.doskar4equi.at\/wp-content\/uploads\/2025\/09\/3-2-2048x652.png 2048w, https:\/\/www.doskar4equi.at\/wp-content\/uploads\/2025\/09\/3-2-18x6.png 18w\" sizes=\"auto, (max-width: 148px) 100vw, 148px\" \/> <img loading=\"lazy\" decoding=\"async\" class=\"alignnone wp-image-4373\" src=\"https:\/\/www.doskar4equi.at\/wp-content\/uploads\/2025\/09\/4-300x95.png\" alt=\"\" width=\"148\" height=\"47\" srcset=\"https:\/\/www.doskar4equi.at\/wp-content\/uploads\/2025\/09\/4-300x95.png 300w, https:\/\/www.doskar4equi.at\/wp-content\/uploads\/2025\/09\/4-510x162.png 510w, https:\/\/www.doskar4equi.at\/wp-content\/uploads\/2025\/09\/4-1024x326.png 1024w, https:\/\/www.doskar4equi.at\/wp-content\/uploads\/2025\/09\/4-768x244.png 768w, https:\/\/www.doskar4equi.at\/wp-content\/uploads\/2025\/09\/4-1536x489.png 1536w, https:\/\/www.doskar4equi.at\/wp-content\/uploads\/2025\/09\/4-2048x652.png 2048w, https:\/\/www.doskar4equi.at\/wp-content\/uploads\/2025\/09\/4-18x6.png 18w\" sizes=\"auto, (max-width: 148px) 100vw, 148px\" \/><\/p>\n<\/div>\n<\/div>\n<\/div>\n<\/div>\n<\/div>\n<div id=\"tab_anwendung\" class=\"panel entry-content\" role=\"tabpanel\" aria-labelledby=\"tab-anwendung\">\n<p><strong>Feeding instructions per animal per day:<\/strong><br \/>\n<span class=\"OYPEnA font-feature-liga-off font-feature-clig-off font-feature-calt-off text-decoration-none text-strikethrough-none\">Gro\u00dfpferde: 25-50ml<\/span><\/p>\n<\/div>\n<div id=\"tab_inhalt\" class=\"panel entry-content\" role=\"tabpanel\" aria-labelledby=\"tab-inhalt\">\n<p><strong>Composition:<\/strong><br \/>\n<span class=\"OYPEnA font-feature-liga-off font-feature-clig-off font-feature-calt-off text-decoration-none text-strikethrough-none\">Methylsulfonylmethan, Chondroitinsulfat, Glucosaminhydrochlorid, Hyalurons\u00e4ure, Propylenglykol<\/span><\/p>\n<p><span class=\"OYPEnA font-feature-liga-off font-feature-clig-off font-feature-calt-off text-decoration-none text-strikethrough-none\"><strong>Analytical components and levels:\u00a0<\/strong><br \/>\nCrude protein 5.10%, crude fat 0.00%, crude fibre 0.00%, crude ash 0.20%, sodium 0.08%, moisture 92.30%<br \/>\n<\/span><\/p>\n<p><span class=\"OYPEnA font-feature-liga-off font-feature-clig-off font-feature-calt-off text-decoration-none text-strikethrough-none\"><strong>Additives per litre:<br \/>\n<\/strong><\/span><span style=\"font-size: 14.4px;\">Nutritional additives: L-threonine (3c410) 200 mg, <\/span><span class=\"OYPEnA font-feature-liga-off font-feature-clig-off font-feature-calt-off text-decoration-none text-strikethrough-none\">L-Isoleucin (3c381) 500 mg;<br \/>\nSensory additives: <\/span><span class=\"OYPEnA font-feature-liga-off font-feature-clig-off font-feature-calt-off text-decoration-none text-strikethrough-none\">L-glutamic acid (2b620) 600 mg, beta-alanine (2b17001) 300 mg, <\/span><span class=\"OYPEnA font-feature-liga-off font-feature-clig-off font-feature-calt-off text-decoration-none text-strikethrough-none\">L-arginine (2b17003) 200 mg, L-histidine (2b17008) 300 mg, L-leucine (2b17012) 500 mg, L-phenylalanine (2b17018) 2,000 mg, L-valine (2b17028) 500 mg, glycine (2b17034) 600 mg; Technological additives: potassium sorbate (1k202) 2,000 mg, sodium propionate (1k281) 2,000 mg, citric acid (1a330) 1,000 mg, xanthan gum (E415)<\/span><\/p>\n<p><span class=\"OYPEnA font-feature-liga-off font-feature-clig-off font-feature-calt-off text-decoration-none text-strikethrough-none\">\u00a0<\/span><\/p>\n<\/div><\/div><\/div>","protected":false},"excerpt":{"rendered":"<h3><span style=\"color: #a9657e;\"><strong><br \/>\n<span class=\"OYPEnA font-feature-liga-off font-feature-clig-off font-feature-calt-off text-decoration-none text-strikethrough-none\">Support for mobility and joint function<\/span><br \/>\n<\/strong><\/span><\/h3>\n<ul class=\"cst-bullet-points\">\n<li data-start=\"236\" data-end=\"284\">\n<p data-start=\"238\" data-end=\"284\">Unterst\u00fctzt Gelenkfunktion und Beweglichkeit<\/p>\n<\/li>\n<li data-start=\"285\" data-end=\"324\">\n<p data-start=\"287\" data-end=\"324\">Mit Glucosamin, Chondroitin und MSM<\/p>\n<\/li>\n<li data-start=\"325\" data-end=\"383\">\n<p data-start=\"327\" data-end=\"383\">Enth\u00e4lt Hyalurons\u00e4ure zur Erg\u00e4nzung der Gelenkstruktur<\/p>\n<\/li>\n<li data-start=\"384\" data-end=\"443\">\n<p data-start=\"386\" data-end=\"443\">Tr\u00e4gt zur Unterst\u00fctzung von Knorpel und Bindegewebe bei<\/p>\n<\/li>\n<li data-start=\"444\" data-end=\"485\">\n<p data-start=\"446\" data-end=\"485\">Erg\u00e4nzt durch ausgew\u00e4hlte Aminos\u00e4uren<\/p>\n<\/li>\n<\/ul>\n<p><strong>FEI Clean Sport: approved \/ ADMR: approved<\/strong><\/p>\n<p><img loading=\"lazy\" decoding=\"async\" class=\"alignnone wp-image-4329\" src=\"https:\/\/www.doskar4equi.at\/wp-content\/uploads\/2024\/12\/2-300x300.png\" alt=\"\" width=\"120\" height=\"120\" srcset=\"https:\/\/www.doskar4equi.at\/wp-content\/uploads\/2024\/12\/2-300x300.png 300w, https:\/\/www.doskar4equi.at\/wp-content\/uploads\/2024\/12\/2-500x500.png 500w, https:\/\/www.doskar4equi.at\/wp-content\/uploads\/2024\/12\/2-100x100.png 100w, https:\/\/www.doskar4equi.at\/wp-content\/uploads\/2024\/12\/2-510x510.png 510w, https:\/\/www.doskar4equi.at\/wp-content\/uploads\/2024\/12\/2-150x150.png 150w, https:\/\/www.doskar4equi.at\/wp-content\/uploads\/2024\/12\/2-12x12.png 12w, https:\/\/www.doskar4equi.at\/wp-content\/uploads\/2024\/12\/2.png 700w\" sizes=\"auto, (max-width: 120px) 100vw, 120px\" \/> <img loading=\"lazy\" decoding=\"async\" class=\"alignnone wp-image-4328\" src=\"https:\/\/www.doskar4equi.at\/wp-content\/uploads\/2024\/12\/1-300x300.png\" alt=\"\" width=\"120\" height=\"120\" srcset=\"https:\/\/www.doskar4equi.at\/wp-content\/uploads\/2024\/12\/1-300x300.png 300w, https:\/\/www.doskar4equi.at\/wp-content\/uploads\/2024\/12\/1-500x500.png 500w, https:\/\/www.doskar4equi.at\/wp-content\/uploads\/2024\/12\/1-100x100.png 100w, https:\/\/www.doskar4equi.at\/wp-content\/uploads\/2024\/12\/1-510x510.png 510w, https:\/\/www.doskar4equi.at\/wp-content\/uploads\/2024\/12\/1-150x150.png 150w, https:\/\/www.doskar4equi.at\/wp-content\/uploads\/2024\/12\/1-12x12.png 12w, https:\/\/www.doskar4equi.at\/wp-content\/uploads\/2024\/12\/1.png 700w\" sizes=\"auto, (max-width: 120px) 100vw, 120px\" \/><img loading=\"lazy\" decoding=\"async\" class=\"alignnone wp-image-4342\" src=\"https:\/\/www.doskar4equi.at\/wp-content\/uploads\/2025\/06\/Icons-1080-x-300-px-700-x-900-px-700-x-700-px-2-300x300.png\" alt=\"\" width=\"120\" height=\"120\" srcset=\"https:\/\/www.doskar4equi.at\/wp-content\/uploads\/2025\/06\/Icons-1080-x-300-px-700-x-900-px-700-x-700-px-2-300x300.png 300w, https:\/\/www.doskar4equi.at\/wp-content\/uploads\/2025\/06\/Icons-1080-x-300-px-700-x-900-px-700-x-700-px-2-500x500.png 500w, https:\/\/www.doskar4equi.at\/wp-content\/uploads\/2025\/06\/Icons-1080-x-300-px-700-x-900-px-700-x-700-px-2-100x100.png 100w, https:\/\/www.doskar4equi.at\/wp-content\/uploads\/2025\/06\/Icons-1080-x-300-px-700-x-900-px-700-x-700-px-2-510x510.png 510w, https:\/\/www.doskar4equi.at\/wp-content\/uploads\/2025\/06\/Icons-1080-x-300-px-700-x-900-px-700-x-700-px-2-150x150.png 150w, https:\/\/www.doskar4equi.at\/wp-content\/uploads\/2025\/06\/Icons-1080-x-300-px-700-x-900-px-700-x-700-px-2-12x12.png 12w, https:\/\/www.doskar4equi.at\/wp-content\/uploads\/2025\/06\/Icons-1080-x-300-px-700-x-900-px-700-x-700-px-2.png 700w\" sizes=\"auto, (max-width: 120px) 100vw, 120px\" \/><\/p>","protected":false},"featured_media":4679,"comment_status":"open","ping_status":"closed","template":"","meta":[],"product_brand":[],"product_cat":[37,39],"product_tag":[188,190,191,192],"class_list":{"0":"post-3549","1":"product","2":"type-product","3":"status-publish","4":"has-post-thumbnail","6":"product_cat-bewegungsapparat","7":"product_cat-liquids","8":"product_tag-gelenke","9":"product_tag-knorpel","10":"product_tag-sehnen","11":"product_tag-baender","13":"first","14":"instock","15":"taxable","16":"shipping-taxable","17":"purchasable","18":"product-type-simple"},"yoast_head":"<!-- This site is optimized with the Yoast SEO plugin v27.4 - https:\/\/yoast.com\/product\/yoast-seo-wordpress\/ -->\n<title>Mobil Forte - Doskar 4 Equi<\/title>\n<meta name=\"description\" content=\"DOSKAR 4 EQUI Mobil Forte unterst\u00fctzt gezielt die Beweglichkeit, den Gelenkstoffwechsel und den Muskelaufbau des Pferdes.\" \/>\n<meta name=\"robots\" content=\"index, follow, max-snippet:-1, max-image-preview:large, max-video-preview:-1\" \/>\n<link rel=\"canonical\" href=\"https:\/\/www.doskar4equi.at\/en\/product\/mobil-forte\/\" \/>\n<meta property=\"og:locale\" content=\"en_GB\" \/>\n<meta property=\"og:type\" content=\"article\" \/>\n<meta property=\"og:title\" content=\"Mobil Forte - Doskar 4 Equi\" \/>\n<meta property=\"og:description\" content=\"DOSKAR 4 EQUI Mobil Forte unterst\u00fctzt gezielt die Beweglichkeit, den Gelenkstoffwechsel und den Muskelaufbau des Pferdes.\" \/>\n<meta property=\"og:url\" content=\"https:\/\/www.doskar4equi.at\/en\/product\/mobil-forte\/\" \/>\n<meta property=\"og:site_name\" content=\"Doskar 4 Equi\" \/>\n<meta property=\"article:modified_time\" content=\"2026-04-03T08:08:04+00:00\" \/>\n<meta property=\"og:image\" content=\"https:\/\/www.doskar4equi.at\/wp-content\/uploads\/2026\/03\/19.png\" \/>\n\t<meta property=\"og:image:width\" content=\"1020\" \/>\n\t<meta property=\"og:image:height\" content=\"1000\" \/>\n\t<meta property=\"og:image:type\" content=\"image\/png\" \/>\n<meta name=\"twitter:card\" content=\"summary_large_image\" \/>\n<meta name=\"twitter:label1\" content=\"Estimated reading time\" \/>\n\t<meta name=\"twitter:data1\" content=\"2 minutes\" \/>\n<script type=\"application\/ld+json\" class=\"yoast-schema-graph\">{\"@context\":\"https:\\\/\\\/schema.org\",\"@graph\":[{\"@type\":\"WebPage\",\"@id\":\"https:\\\/\\\/www.doskar4equi.at\\\/produkt\\\/mobil-forte\\\/\",\"url\":\"https:\\\/\\\/www.doskar4equi.at\\\/produkt\\\/mobil-forte\\\/\",\"name\":\"Mobil Forte - Doskar 4 Equi\",\"isPartOf\":{\"@id\":\"https:\\\/\\\/www.doskar4equi.at\\\/#website\"},\"primaryImageOfPage\":{\"@id\":\"https:\\\/\\\/www.doskar4equi.at\\\/produkt\\\/mobil-forte\\\/#primaryimage\"},\"image\":{\"@id\":\"https:\\\/\\\/www.doskar4equi.at\\\/produkt\\\/mobil-forte\\\/#primaryimage\"},\"thumbnailUrl\":\"https:\\\/\\\/www.doskar4equi.at\\\/wp-content\\\/uploads\\\/2026\\\/03\\\/19.png\",\"datePublished\":\"2025-06-12T22:12:03+00:00\",\"dateModified\":\"2026-04-03T08:08:04+00:00\",\"description\":\"DOSKAR 4 EQUI Mobil Forte unterst\u00fctzt gezielt die Beweglichkeit, den Gelenkstoffwechsel und den Muskelaufbau des Pferdes.\",\"breadcrumb\":{\"@id\":\"https:\\\/\\\/www.doskar4equi.at\\\/produkt\\\/mobil-forte\\\/#breadcrumb\"},\"inLanguage\":\"en-GB\",\"potentialAction\":[{\"@type\":\"ReadAction\",\"target\":[\"https:\\\/\\\/www.doskar4equi.at\\\/produkt\\\/mobil-forte\\\/\"]}]},{\"@type\":\"ImageObject\",\"inLanguage\":\"en-GB\",\"@id\":\"https:\\\/\\\/www.doskar4equi.at\\\/produkt\\\/mobil-forte\\\/#primaryimage\",\"url\":\"https:\\\/\\\/www.doskar4equi.at\\\/wp-content\\\/uploads\\\/2026\\\/03\\\/19.png\",\"contentUrl\":\"https:\\\/\\\/www.doskar4equi.at\\\/wp-content\\\/uploads\\\/2026\\\/03\\\/19.png\",\"width\":1020,\"height\":1000},{\"@type\":\"BreadcrumbList\",\"@id\":\"https:\\\/\\\/www.doskar4equi.at\\\/produkt\\\/mobil-forte\\\/#breadcrumb\",\"itemListElement\":[{\"@type\":\"ListItem\",\"position\":1,\"name\":\"Startseite\",\"item\":\"https:\\\/\\\/www.doskar4equi.at\\\/\"},{\"@type\":\"ListItem\",\"position\":2,\"name\":\"Shop\",\"item\":\"https:\\\/\\\/www.doskar4equi.at\\\/shop\\\/\"},{\"@type\":\"ListItem\",\"position\":3,\"name\":\"Mobil Forte\"}]},{\"@type\":\"WebSite\",\"@id\":\"https:\\\/\\\/www.doskar4equi.at\\\/#website\",\"url\":\"https:\\\/\\\/www.doskar4equi.at\\\/\",\"name\":\"Doskar 4 Equi\",\"description\":\"Pharmazeutisches Fachwissen\",\"potentialAction\":[{\"@type\":\"SearchAction\",\"target\":{\"@type\":\"EntryPoint\",\"urlTemplate\":\"https:\\\/\\\/www.doskar4equi.at\\\/?s={search_term_string}\"},\"query-input\":{\"@type\":\"PropertyValueSpecification\",\"valueRequired\":true,\"valueName\":\"search_term_string\"}}],\"inLanguage\":\"en-GB\"}]}<\/script>\n<!-- \/ Yoast SEO plugin. -->","yoast_head_json":{"title":"Mobil Forte - Doskar 4 Equi","description":"DOSKAR 4 EQUI Mobil Forte unterst\u00fctzt gezielt die Beweglichkeit, den Gelenkstoffwechsel und den Muskelaufbau des Pferdes.","robots":{"index":"index","follow":"follow","max-snippet":"max-snippet:-1","max-image-preview":"max-image-preview:large","max-video-preview":"max-video-preview:-1"},"canonical":"https:\/\/www.doskar4equi.at\/en\/product\/mobil-forte\/","og_locale":"en_GB","og_type":"article","og_title":"Mobil Forte - Doskar 4 Equi","og_description":"DOSKAR 4 EQUI Mobil Forte unterst\u00fctzt gezielt die Beweglichkeit, den Gelenkstoffwechsel und den Muskelaufbau des Pferdes.","og_url":"https:\/\/www.doskar4equi.at\/en\/product\/mobil-forte\/","og_site_name":"Doskar 4 Equi","article_modified_time":"2026-04-03T08:08:04+00:00","og_image":[{"width":1020,"height":1000,"url":"https:\/\/www.doskar4equi.at\/wp-content\/uploads\/2026\/03\/19.png","type":"image\/png"}],"twitter_card":"summary_large_image","twitter_misc":{"Estimated reading time":"2 minutes"},"schema":{"@context":"https:\/\/schema.org","@graph":[{"@type":"WebPage","@id":"https:\/\/www.doskar4equi.at\/produkt\/mobil-forte\/","url":"https:\/\/www.doskar4equi.at\/produkt\/mobil-forte\/","name":"Mobil Forte - Doskar 4 Equi","isPartOf":{"@id":"https:\/\/www.doskar4equi.at\/#website"},"primaryImageOfPage":{"@id":"https:\/\/www.doskar4equi.at\/produkt\/mobil-forte\/#primaryimage"},"image":{"@id":"https:\/\/www.doskar4equi.at\/produkt\/mobil-forte\/#primaryimage"},"thumbnailUrl":"https:\/\/www.doskar4equi.at\/wp-content\/uploads\/2026\/03\/19.png","datePublished":"2025-06-12T22:12:03+00:00","dateModified":"2026-04-03T08:08:04+00:00","description":"DOSKAR 4 EQUI Mobil Forte unterst\u00fctzt gezielt die Beweglichkeit, den Gelenkstoffwechsel und den Muskelaufbau des Pferdes.","breadcrumb":{"@id":"https:\/\/www.doskar4equi.at\/produkt\/mobil-forte\/#breadcrumb"},"inLanguage":"en-GB","potentialAction":[{"@type":"ReadAction","target":["https:\/\/www.doskar4equi.at\/produkt\/mobil-forte\/"]}]},{"@type":"ImageObject","inLanguage":"en-GB","@id":"https:\/\/www.doskar4equi.at\/produkt\/mobil-forte\/#primaryimage","url":"https:\/\/www.doskar4equi.at\/wp-content\/uploads\/2026\/03\/19.png","contentUrl":"https:\/\/www.doskar4equi.at\/wp-content\/uploads\/2026\/03\/19.png","width":1020,"height":1000},{"@type":"BreadcrumbList","@id":"https:\/\/www.doskar4equi.at\/produkt\/mobil-forte\/#breadcrumb","itemListElement":[{"@type":"ListItem","position":1,"name":"Startseite","item":"https:\/\/www.doskar4equi.at\/"},{"@type":"ListItem","position":2,"name":"Shop","item":"https:\/\/www.doskar4equi.at\/shop\/"},{"@type":"ListItem","position":3,"name":"Mobil Forte"}]},{"@type":"WebSite","@id":"https:\/\/www.doskar4equi.at\/#website","url":"https:\/\/www.doskar4equi.at\/","name":"Doskar 4 Equi","description":"Pharmazeutisches Fachwissen","potentialAction":[{"@type":"SearchAction","target":{"@type":"EntryPoint","urlTemplate":"https:\/\/www.doskar4equi.at\/?s={search_term_string}"},"query-input":{"@type":"PropertyValueSpecification","valueRequired":true,"valueName":"search_term_string"}}],"inLanguage":"en-GB"}]}},"_links":{"self":[{"href":"https:\/\/www.doskar4equi.at\/en\/wp-json\/wp\/v2\/product\/3549","targetHints":{"allow":["GET"]}}],"collection":[{"href":"https:\/\/www.doskar4equi.at\/en\/wp-json\/wp\/v2\/product"}],"about":[{"href":"https:\/\/www.doskar4equi.at\/en\/wp-json\/wp\/v2\/types\/product"}],"replies":[{"embeddable":true,"href":"https:\/\/www.doskar4equi.at\/en\/wp-json\/wp\/v2\/comments?post=3549"}],"wp:featuredmedia":[{"embeddable":true,"href":"https:\/\/www.doskar4equi.at\/en\/wp-json\/wp\/v2\/media\/4679"}],"wp:attachment":[{"href":"https:\/\/www.doskar4equi.at\/en\/wp-json\/wp\/v2\/media?parent=3549"}],"wp:term":[{"taxonomy":"product_brand","embeddable":true,"href":"https:\/\/www.doskar4equi.at\/en\/wp-json\/wp\/v2\/product_brand?post=3549"},{"taxonomy":"product_cat","embeddable":true,"href":"https:\/\/www.doskar4equi.at\/en\/wp-json\/wp\/v2\/product_cat?post=3549"},{"taxonomy":"product_tag","embeddable":true,"href":"https:\/\/www.doskar4equi.at\/en\/wp-json\/wp\/v2\/product_tag?post=3549"}],"curies":[{"name":"wp","href":"https:\/\/api.w.org\/{rel}","templated":true}]}}