{"id":3707,"date":"2025-09-17T21:00:35","date_gmt":"2025-09-17T21:00:35","guid":{"rendered":"https:\/\/www.doskar4equi.at\/?post_type=product&#038;p=3707"},"modified":"2026-04-01T08:25:01","modified_gmt":"2026-04-01T08:25:01","slug":"broncho-vital","status":"publish","type":"product","link":"https:\/\/www.doskar4equi.at\/en\/product\/broncho-vital\/","title":{"rendered":"Broncho Vital"},"content":{"rendered":"<div class=\"tabbed-content\">\n\t\t\t\n\t\t\t<ul class=\"nav nav-tabs nav-uppercase nav-size-normal nav-left\" role=\"tablist\"><li id=\"tab-beschreibung\" class=\"tab active has-icon\" role=\"presentation\"><a href=\"#tab_beschreibung\" role=\"tab\" aria-selected=\"true\" aria-controls=\"tab_beschreibung\"><span>Product Description<\/span><\/a><\/li>\n<li id=\"tab-anwendung\" class=\"tab has-icon\" role=\"presentation\"><a href=\"#tab_anwendung\" tabindex=\"-1\" role=\"tab\" aria-selected=\"false\" aria-controls=\"tab_anwendung\"><span>Usage<\/span><\/a><\/li>\n<li id=\"tab-inhalt\" class=\"tab has-icon\" role=\"presentation\"><a href=\"#tab_inhalt\" tabindex=\"-1\" role=\"tab\" aria-selected=\"false\" aria-controls=\"tab_inhalt\"><span>Ingredients<\/span><\/a><\/li><\/ul><div class=\"tab-panels\"><div id=\"tab_beschreibung\" class=\"panel active entry-content\" role=\"tabpanel\" aria-labelledby=\"tab-beschreibung\">\n<div>\n<div dir=\"auto\" data-message-author-role=\"assistant\" data-message-id=\"3259ca9b-3734-4a63-97c2-38ffa69d178d\" data-message-model-slug=\"gpt-4o-mini\">\n<div>\n<div>\n<p>Unsere Rezeptur wurde speziell entwickelt, um die Atemwege zu unterst\u00fctzen und den Organismus insbesondere bei erh\u00f6hter Belastung durch Witterungswechsel oder staubige Stallluft zu entlasten.<\/p>\n<\/div>\n<div>\n<p data-start=\"301\" data-end=\"607\">The high content of vitamin E stabilizes the unsaturated fatty acids and acts as an antioxidant in the body \u2013 supporting cellular protection and immune system function.<br \/>\nBy avoiding added sugar and using high-quality oils, Broncho Vital provides a horse-appropriate and balanced supplement.<\/p>\n<\/div>\n<h4>Kaltgepresste \u00d6le als Basis<\/h4>\n<p>Kaltgepresstes Lein\u00f6l und Distel\u00f6l dienen als hochwertige Tr\u00e4ger\u00f6le.<br data-start=\"405\" data-end=\"408\" \/>Sie unterst\u00fctzen die Aufnahme fettl\u00f6slicher Pflanzenstoffe und erm\u00f6glichen einen effektiven Transport der enthaltenen Wirkstoffe.<\/p>\n<h4>8 Kr\u00e4uter in sinnvoller Kombination &amp; Dosierung<\/h4>\n<p>Eine abgestimmte Mischung aus Echinacea, Brennnessel, Thymian, Eukalyptus, Minze, Salbei, Fenchel und Anis.<br data-start=\"674\" data-end=\"677\" \/>Nicht einzeln eingesetzt, sondern bewusst kombiniert und dosiert \u2013 zur begleitenden Unterst\u00fctzung der Atemwege und des allgemeinen Wohlbefindens.<\/p>\n<h4>Vitamin E als Schutz &amp; Erg\u00e4nzung<\/h4>\n<p>Vitamin E erg\u00e4nzt die Kr\u00e4uterrezeptur sinnvoll und tr\u00e4gt zum Schutz der Zellen bei.<br data-start=\"952\" data-end=\"955\" \/>Besonders geeignet bei Belastung durch Umweltfaktoren und zur funktionalen Abrundung der Rezeptur.<\/p>\n<h4>Frei von unn\u00f6tigem Ballast<\/h4>\n<ul class=\"cst-bullet-points\">\n<li>Kein Zucker<\/li>\n<li>Keine F\u00fcllstoffe<\/li>\n<li>Keine unn\u00f6tigen Tr\u00e4ger<\/li>\n<\/ul>\n<\/div>\n<div>\n<p data-start=\"301\" data-end=\"607\">Suggested withdrawal time prior to competition: 48 hours<\/p>\n<\/div>\n<\/div>\n<\/div>\n<\/div>\n<div id=\"tab_anwendung\" class=\"panel entry-content\" role=\"tabpanel\" aria-labelledby=\"tab-anwendung\">\n<p><strong>Feeding instructions per animal per day:<\/strong><br \/>\n<span class=\"OYPEnA font-feature-liga-off font-feature-clig-off font-feature-calt-off text-decoration-none text-strikethrough-none\">Gro\u00dfpferde: 30 ml, bei erh\u00f6hter Belastung: 50 ml<br \/>\nKleinpferde &amp; Ponys: 20 ml, bei erh\u00f6hter Belastung: 40 ml<\/span><\/p>\n<\/div>\n<div id=\"tab_inhalt\" class=\"panel entry-content\" role=\"tabpanel\" aria-labelledby=\"tab-inhalt\">\n<p><strong>Composition:<\/strong><br \/>\n<span class=\"a_GcMg font-feature-liga-off font-feature-clig-off font-feature-calt-off text-decoration-none text-strikethrough-none\">Flax oil (cold-pressed) and safflower oil<\/span><\/p>\n<p><span class=\"OYPEnA font-feature-liga-off font-feature-clig-off font-feature-calt-off text-decoration-none text-strikethrough-none\"><strong>Analytical components and levels:\u00a0<\/strong><br \/>\n<span class=\"a_GcMg font-feature-liga-off font-feature-clig-off font-feature-calt-off text-decoration-none text-strikethrough-none\">Crude protein 0.00%, crude ash 0.10%, crude fat 98.30%, crude fiber 0.00%, sodium 0.00%, moisture 1.5%<\/span><br \/>\n<\/span><\/p>\n<p class=\"cvGsUA direction-ltr align-start para-style-body\"><span class=\"a_GcMg font-feature-liga-off font-feature-clig-off font-feature-calt-off text-decoration-none text-strikethrough-none\"><strong>Nutritional additives:<\/strong><br \/>\n<\/span><span class=\"a_GcMg font-feature-liga-off font-feature-clig-off font-feature-calt-off text-decoration-none text-strikethrough-none\">Vitamin E (3a700) 20.000 mg<\/span><\/p>\n<p class=\"cvGsUA direction-ltr align-start para-style-body\"><span class=\"a_GcMg font-feature-liga-off font-feature-clig-off font-feature-calt-off text-decoration-none text-strikethrough-none\"><strong>Sensory additives:<\/strong><br \/>\n<\/span><span class=\"a_GcMg font-feature-liga-off font-feature-clig-off font-feature-calt-off text-decoration-none text-strikethrough-none\">Mixture of herbal flavoring agents:<br \/>\n<\/span><span class=\"a_GcMg font-feature-liga-off font-feature-clig-off font-feature-calt-off text-decoration-none text-strikethrough-none\">Echinacea 5,000 mg, Nettle 2,000 mg, Thyme 2,000 mg, Eucalyptus 2,000 mg, Mint 2,000 mg, Sage 1,000 mg, Fennel 1,000 mg, Anise 1,000 mg\u00a0<\/span><\/p>\n<p><span class=\"OYPEnA font-feature-liga-off font-feature-clig-off font-feature-calt-off text-decoration-none text-strikethrough-none\"><strong>Contents:<\/strong> 1.000 ml<\/span><\/p>\n<\/div><\/div><\/div>","protected":false},"excerpt":{"rendered":"<h3><\/h3>\n<h3><span style=\"color: #a9657e;\"><strong><span class=\"OYPEnA font-feature-liga-off font-feature-clig-off font-feature-calt-off text-decoration-none text-strikethrough-none\">8 Kr\u00e4uter. Gezielt f\u00fcr die Atemwege.<\/span><\/strong><\/span><\/h3>\n<ul class=\"cst-bullet-points\">\n<li data-start=\"393\" data-end=\"478\">\n<p data-start=\"395\" data-end=\"478\">Unterst\u00fctzt die Funktion der Atemwege bei erh\u00f6hter Belastung<\/p>\n<\/li>\n<li data-start=\"393\" data-end=\"478\">\n<p data-start=\"395\" data-end=\"478\">Besonders geeignet bei Staub, trockener Stallluft &amp; erh\u00f6hter Beanspruchung<\/p>\n<\/li>\n<li data-start=\"393\" data-end=\"478\">\n<p data-start=\"395\" data-end=\"478\">Mit ausgew\u00e4hlten Kr\u00e4uterextrakten wie Thymian, Fenchel, Salbei &amp; Echinacea<\/p>\n<\/li>\n<li data-start=\"393\" data-end=\"478\">\n<p data-start=\"395\" data-end=\"478\">Erg\u00e4nzt durch hochdosiertes Vitamin E<\/p>\n<\/li>\n<li data-start=\"393\" data-end=\"478\">\n<p data-start=\"395\" data-end=\"478\">Auf Basis hochwertiger Pflanzen\u00f6le f\u00fcr optimale Aufnahme<\/p>\n<\/li>\n<\/ul>\n<p><strong>Suggested withdrawal time prior to competition: 48 hours<\/strong><\/p>\n<p><img loading=\"lazy\" decoding=\"async\" class=\"alignnone wp-image-4329\" src=\"https:\/\/www.doskar4equi.at\/wp-content\/uploads\/2024\/12\/2-300x300.png\" alt=\"\" width=\"120\" height=\"120\" srcset=\"https:\/\/www.doskar4equi.at\/wp-content\/uploads\/2024\/12\/2-300x300.png 300w, https:\/\/www.doskar4equi.at\/wp-content\/uploads\/2024\/12\/2-500x500.png 500w, https:\/\/www.doskar4equi.at\/wp-content\/uploads\/2024\/12\/2-100x100.png 100w, https:\/\/www.doskar4equi.at\/wp-content\/uploads\/2024\/12\/2-510x510.png 510w, https:\/\/www.doskar4equi.at\/wp-content\/uploads\/2024\/12\/2-150x150.png 150w, https:\/\/www.doskar4equi.at\/wp-content\/uploads\/2024\/12\/2-12x12.png 12w, https:\/\/www.doskar4equi.at\/wp-content\/uploads\/2024\/12\/2.png 700w\" sizes=\"auto, (max-width: 120px) 100vw, 120px\" \/> <img loading=\"lazy\" decoding=\"async\" class=\"alignnone wp-image-4328\" src=\"https:\/\/www.doskar4equi.at\/wp-content\/uploads\/2024\/12\/1-300x300.png\" alt=\"\" width=\"120\" height=\"120\" srcset=\"https:\/\/www.doskar4equi.at\/wp-content\/uploads\/2024\/12\/1-300x300.png 300w, https:\/\/www.doskar4equi.at\/wp-content\/uploads\/2024\/12\/1-500x500.png 500w, https:\/\/www.doskar4equi.at\/wp-content\/uploads\/2024\/12\/1-100x100.png 100w, https:\/\/www.doskar4equi.at\/wp-content\/uploads\/2024\/12\/1-510x510.png 510w, https:\/\/www.doskar4equi.at\/wp-content\/uploads\/2024\/12\/1-150x150.png 150w, https:\/\/www.doskar4equi.at\/wp-content\/uploads\/2024\/12\/1-12x12.png 12w, https:\/\/www.doskar4equi.at\/wp-content\/uploads\/2024\/12\/1.png 700w\" sizes=\"auto, (max-width: 120px) 100vw, 120px\" \/> <img loading=\"lazy\" decoding=\"async\" class=\"alignnone wp-image-4340\" src=\"https:\/\/www.doskar4equi.at\/wp-content\/uploads\/2023\/07\/Icons-1080-x-300-px-700-x-900-px-700-x-700-px-300x300.png\" alt=\"\" width=\"120\" height=\"120\" srcset=\"https:\/\/www.doskar4equi.at\/wp-content\/uploads\/2023\/07\/Icons-1080-x-300-px-700-x-900-px-700-x-700-px-300x300.png 300w, https:\/\/www.doskar4equi.at\/wp-content\/uploads\/2023\/07\/Icons-1080-x-300-px-700-x-900-px-700-x-700-px-500x500.png 500w, https:\/\/www.doskar4equi.at\/wp-content\/uploads\/2023\/07\/Icons-1080-x-300-px-700-x-900-px-700-x-700-px-100x100.png 100w, https:\/\/www.doskar4equi.at\/wp-content\/uploads\/2023\/07\/Icons-1080-x-300-px-700-x-900-px-700-x-700-px-510x510.png 510w, https:\/\/www.doskar4equi.at\/wp-content\/uploads\/2023\/07\/Icons-1080-x-300-px-700-x-900-px-700-x-700-px-150x150.png 150w, https:\/\/www.doskar4equi.at\/wp-content\/uploads\/2023\/07\/Icons-1080-x-300-px-700-x-900-px-700-x-700-px-12x12.png 12w, https:\/\/www.doskar4equi.at\/wp-content\/uploads\/2023\/07\/Icons-1080-x-300-px-700-x-900-px-700-x-700-px.png 700w\" sizes=\"auto, (max-width: 120px) 100vw, 120px\" \/><\/p>","protected":false},"featured_media":4683,"comment_status":"open","ping_status":"closed","template":"","meta":[],"product_brand":[],"product_cat":[35,39],"product_tag":[],"class_list":{"0":"post-3707","1":"product","2":"type-product","3":"status-publish","4":"has-post-thumbnail","6":"product_cat-atemwege","7":"product_cat-liquids","9":"first","10":"instock","11":"taxable","12":"shipping-taxable","13":"purchasable","14":"product-type-simple"},"yoast_head":"<!-- This site is optimized with the Yoast SEO plugin v27.4 - https:\/\/yoast.com\/product\/yoast-seo-wordpress\/ -->\n<title>Broncho Vital - Doskar 4 Equi<\/title>\n<meta name=\"description\" content=\"DOSKAR 4 EQUI Broncho Vital mit einer sorgf\u00e4ltig ausgew\u00e4hlten Kombination aus Kr\u00e4utern wie Echinacea, Salbei, Thymian, Fenchel, Brennnessel, Eukalyptus und Minze.\" \/>\n<meta name=\"robots\" content=\"index, follow, max-snippet:-1, max-image-preview:large, max-video-preview:-1\" \/>\n<link rel=\"canonical\" href=\"https:\/\/www.doskar4equi.at\/en\/product\/broncho-vital\/\" \/>\n<meta property=\"og:locale\" content=\"en_GB\" \/>\n<meta property=\"og:type\" content=\"article\" \/>\n<meta property=\"og:title\" content=\"Broncho Vital - Doskar 4 Equi\" \/>\n<meta property=\"og:description\" content=\"DOSKAR 4 EQUI Broncho Vital mit einer sorgf\u00e4ltig ausgew\u00e4hlten Kombination aus Kr\u00e4utern wie Echinacea, Salbei, Thymian, Fenchel, Brennnessel, Eukalyptus und Minze.\" \/>\n<meta property=\"og:url\" content=\"https:\/\/www.doskar4equi.at\/en\/product\/broncho-vital\/\" \/>\n<meta property=\"og:site_name\" content=\"Doskar 4 Equi\" \/>\n<meta property=\"article:modified_time\" content=\"2026-04-01T08:25:01+00:00\" \/>\n<meta property=\"og:image\" content=\"https:\/\/www.doskar4equi.at\/wp-content\/uploads\/2026\/03\/23.png\" \/>\n\t<meta property=\"og:image:width\" content=\"1020\" \/>\n\t<meta property=\"og:image:height\" content=\"1000\" \/>\n\t<meta property=\"og:image:type\" content=\"image\/png\" \/>\n<meta name=\"twitter:card\" content=\"summary_large_image\" \/>\n<meta name=\"twitter:label1\" content=\"Estimated reading time\" \/>\n\t<meta name=\"twitter:data1\" content=\"2 minutes\" \/>\n<script type=\"application\/ld+json\" class=\"yoast-schema-graph\">{\"@context\":\"https:\\\/\\\/schema.org\",\"@graph\":[{\"@type\":\"WebPage\",\"@id\":\"https:\\\/\\\/www.doskar4equi.at\\\/produkt\\\/broncho-vital\\\/\",\"url\":\"https:\\\/\\\/www.doskar4equi.at\\\/produkt\\\/broncho-vital\\\/\",\"name\":\"Broncho Vital - Doskar 4 Equi\",\"isPartOf\":{\"@id\":\"https:\\\/\\\/www.doskar4equi.at\\\/#website\"},\"primaryImageOfPage\":{\"@id\":\"https:\\\/\\\/www.doskar4equi.at\\\/produkt\\\/broncho-vital\\\/#primaryimage\"},\"image\":{\"@id\":\"https:\\\/\\\/www.doskar4equi.at\\\/produkt\\\/broncho-vital\\\/#primaryimage\"},\"thumbnailUrl\":\"https:\\\/\\\/www.doskar4equi.at\\\/wp-content\\\/uploads\\\/2026\\\/03\\\/23.png\",\"datePublished\":\"2025-09-17T21:00:35+00:00\",\"dateModified\":\"2026-04-01T08:25:01+00:00\",\"description\":\"DOSKAR 4 EQUI Broncho Vital mit einer sorgf\u00e4ltig ausgew\u00e4hlten Kombination aus Kr\u00e4utern wie Echinacea, Salbei, Thymian, Fenchel, Brennnessel, Eukalyptus und Minze.\",\"breadcrumb\":{\"@id\":\"https:\\\/\\\/www.doskar4equi.at\\\/produkt\\\/broncho-vital\\\/#breadcrumb\"},\"inLanguage\":\"en-GB\",\"potentialAction\":[{\"@type\":\"ReadAction\",\"target\":[\"https:\\\/\\\/www.doskar4equi.at\\\/produkt\\\/broncho-vital\\\/\"]}]},{\"@type\":\"ImageObject\",\"inLanguage\":\"en-GB\",\"@id\":\"https:\\\/\\\/www.doskar4equi.at\\\/produkt\\\/broncho-vital\\\/#primaryimage\",\"url\":\"https:\\\/\\\/www.doskar4equi.at\\\/wp-content\\\/uploads\\\/2026\\\/03\\\/23.png\",\"contentUrl\":\"https:\\\/\\\/www.doskar4equi.at\\\/wp-content\\\/uploads\\\/2026\\\/03\\\/23.png\",\"width\":1020,\"height\":1000},{\"@type\":\"BreadcrumbList\",\"@id\":\"https:\\\/\\\/www.doskar4equi.at\\\/produkt\\\/broncho-vital\\\/#breadcrumb\",\"itemListElement\":[{\"@type\":\"ListItem\",\"position\":1,\"name\":\"Startseite\",\"item\":\"https:\\\/\\\/www.doskar4equi.at\\\/\"},{\"@type\":\"ListItem\",\"position\":2,\"name\":\"Shop\",\"item\":\"https:\\\/\\\/www.doskar4equi.at\\\/shop\\\/\"},{\"@type\":\"ListItem\",\"position\":3,\"name\":\"Broncho Vital\"}]},{\"@type\":\"WebSite\",\"@id\":\"https:\\\/\\\/www.doskar4equi.at\\\/#website\",\"url\":\"https:\\\/\\\/www.doskar4equi.at\\\/\",\"name\":\"Doskar 4 Equi\",\"description\":\"Pharmazeutisches Fachwissen\",\"potentialAction\":[{\"@type\":\"SearchAction\",\"target\":{\"@type\":\"EntryPoint\",\"urlTemplate\":\"https:\\\/\\\/www.doskar4equi.at\\\/?s={search_term_string}\"},\"query-input\":{\"@type\":\"PropertyValueSpecification\",\"valueRequired\":true,\"valueName\":\"search_term_string\"}}],\"inLanguage\":\"en-GB\"}]}<\/script>\n<!-- \/ Yoast SEO plugin. -->","yoast_head_json":{"title":"Broncho Vital - Doskar 4 Equi","description":"DOSKAR 4 EQUI Broncho Vital mit einer sorgf\u00e4ltig ausgew\u00e4hlten Kombination aus Kr\u00e4utern wie Echinacea, Salbei, Thymian, Fenchel, Brennnessel, Eukalyptus und Minze.","robots":{"index":"index","follow":"follow","max-snippet":"max-snippet:-1","max-image-preview":"max-image-preview:large","max-video-preview":"max-video-preview:-1"},"canonical":"https:\/\/www.doskar4equi.at\/en\/product\/broncho-vital\/","og_locale":"en_GB","og_type":"article","og_title":"Broncho Vital - Doskar 4 Equi","og_description":"DOSKAR 4 EQUI Broncho Vital mit einer sorgf\u00e4ltig ausgew\u00e4hlten Kombination aus Kr\u00e4utern wie Echinacea, Salbei, Thymian, Fenchel, Brennnessel, Eukalyptus und Minze.","og_url":"https:\/\/www.doskar4equi.at\/en\/product\/broncho-vital\/","og_site_name":"Doskar 4 Equi","article_modified_time":"2026-04-01T08:25:01+00:00","og_image":[{"width":1020,"height":1000,"url":"https:\/\/www.doskar4equi.at\/wp-content\/uploads\/2026\/03\/23.png","type":"image\/png"}],"twitter_card":"summary_large_image","twitter_misc":{"Estimated reading time":"2 minutes"},"schema":{"@context":"https:\/\/schema.org","@graph":[{"@type":"WebPage","@id":"https:\/\/www.doskar4equi.at\/produkt\/broncho-vital\/","url":"https:\/\/www.doskar4equi.at\/produkt\/broncho-vital\/","name":"Broncho Vital - Doskar 4 Equi","isPartOf":{"@id":"https:\/\/www.doskar4equi.at\/#website"},"primaryImageOfPage":{"@id":"https:\/\/www.doskar4equi.at\/produkt\/broncho-vital\/#primaryimage"},"image":{"@id":"https:\/\/www.doskar4equi.at\/produkt\/broncho-vital\/#primaryimage"},"thumbnailUrl":"https:\/\/www.doskar4equi.at\/wp-content\/uploads\/2026\/03\/23.png","datePublished":"2025-09-17T21:00:35+00:00","dateModified":"2026-04-01T08:25:01+00:00","description":"DOSKAR 4 EQUI Broncho Vital mit einer sorgf\u00e4ltig ausgew\u00e4hlten Kombination aus Kr\u00e4utern wie Echinacea, Salbei, Thymian, Fenchel, Brennnessel, Eukalyptus und Minze.","breadcrumb":{"@id":"https:\/\/www.doskar4equi.at\/produkt\/broncho-vital\/#breadcrumb"},"inLanguage":"en-GB","potentialAction":[{"@type":"ReadAction","target":["https:\/\/www.doskar4equi.at\/produkt\/broncho-vital\/"]}]},{"@type":"ImageObject","inLanguage":"en-GB","@id":"https:\/\/www.doskar4equi.at\/produkt\/broncho-vital\/#primaryimage","url":"https:\/\/www.doskar4equi.at\/wp-content\/uploads\/2026\/03\/23.png","contentUrl":"https:\/\/www.doskar4equi.at\/wp-content\/uploads\/2026\/03\/23.png","width":1020,"height":1000},{"@type":"BreadcrumbList","@id":"https:\/\/www.doskar4equi.at\/produkt\/broncho-vital\/#breadcrumb","itemListElement":[{"@type":"ListItem","position":1,"name":"Startseite","item":"https:\/\/www.doskar4equi.at\/"},{"@type":"ListItem","position":2,"name":"Shop","item":"https:\/\/www.doskar4equi.at\/shop\/"},{"@type":"ListItem","position":3,"name":"Broncho Vital"}]},{"@type":"WebSite","@id":"https:\/\/www.doskar4equi.at\/#website","url":"https:\/\/www.doskar4equi.at\/","name":"Doskar 4 Equi","description":"Pharmazeutisches Fachwissen","potentialAction":[{"@type":"SearchAction","target":{"@type":"EntryPoint","urlTemplate":"https:\/\/www.doskar4equi.at\/?s={search_term_string}"},"query-input":{"@type":"PropertyValueSpecification","valueRequired":true,"valueName":"search_term_string"}}],"inLanguage":"en-GB"}]}},"_links":{"self":[{"href":"https:\/\/www.doskar4equi.at\/en\/wp-json\/wp\/v2\/product\/3707","targetHints":{"allow":["GET"]}}],"collection":[{"href":"https:\/\/www.doskar4equi.at\/en\/wp-json\/wp\/v2\/product"}],"about":[{"href":"https:\/\/www.doskar4equi.at\/en\/wp-json\/wp\/v2\/types\/product"}],"replies":[{"embeddable":true,"href":"https:\/\/www.doskar4equi.at\/en\/wp-json\/wp\/v2\/comments?post=3707"}],"wp:featuredmedia":[{"embeddable":true,"href":"https:\/\/www.doskar4equi.at\/en\/wp-json\/wp\/v2\/media\/4683"}],"wp:attachment":[{"href":"https:\/\/www.doskar4equi.at\/en\/wp-json\/wp\/v2\/media?parent=3707"}],"wp:term":[{"taxonomy":"product_brand","embeddable":true,"href":"https:\/\/www.doskar4equi.at\/en\/wp-json\/wp\/v2\/product_brand?post=3707"},{"taxonomy":"product_cat","embeddable":true,"href":"https:\/\/www.doskar4equi.at\/en\/wp-json\/wp\/v2\/product_cat?post=3707"},{"taxonomy":"product_tag","embeddable":true,"href":"https:\/\/www.doskar4equi.at\/en\/wp-json\/wp\/v2\/product_tag?post=3707"}],"curies":[{"name":"wp","href":"https:\/\/api.w.org\/{rel}","templated":true}]}}