{"id":4001,"date":"2025-11-24T16:19:23","date_gmt":"2025-11-24T16:19:23","guid":{"rendered":"https:\/\/www.doskar4equi.at\/?post_type=product&#038;p=4001"},"modified":"2026-04-15T17:28:01","modified_gmt":"2026-04-15T17:28:01","slug":"silence-magnesium-tryptophan-2-500-g","status":"publish","type":"product","link":"https:\/\/www.doskar4equi.at\/en\/product\/silence-magnesium-tryptophan-2-500-g\/","title":{"rendered":"Silence Magnesium\/L-Tryptophan 2.500 g"},"content":{"rendered":"<div class=\"tabbed-content\">\n\t\t\t\n\t\t\t<ul class=\"nav nav-tabs nav-uppercase nav-size-normal nav-left\" role=\"tablist\"><li id=\"tab-beschreibung\" class=\"tab active has-icon\" role=\"presentation\"><a href=\"#tab_beschreibung\" role=\"tab\" aria-selected=\"true\" aria-controls=\"tab_beschreibung\"><span>Product Description<\/span><\/a><\/li>\n<li id=\"tab-anwendung\" class=\"tab has-icon\" role=\"presentation\"><a href=\"#tab_anwendung\" tabindex=\"-1\" role=\"tab\" aria-selected=\"false\" aria-controls=\"tab_anwendung\"><span>Usage<\/span><\/a><\/li>\n<li id=\"tab-inhalt\" class=\"tab has-icon\" role=\"presentation\"><a href=\"#tab_inhalt\" tabindex=\"-1\" role=\"tab\" aria-selected=\"false\" aria-controls=\"tab_inhalt\"><span>Ingredients<\/span><\/a><\/li><\/ul><div class=\"tab-panels\"><div id=\"tab_beschreibung\" class=\"panel active entry-content\" role=\"tabpanel\" aria-labelledby=\"tab-beschreibung\">\n<div class=\"column\">\n<div class=\"column\">\n<h4 class=\"font-claude-response-body break-words whitespace-normal leading-&#091;1.7&#093;\"><strong>Silence Magnesium\/L-Tryptophan &#8211; hochdosiertes L-Tryptophan, Magnesium &amp; B-Vitamine.<\/strong><\/h4>\n<p class=\"font-claude-response-body break-words whitespace-normal leading-&#091;1.7&#093;\">Der Wirkstoffkomplex aus hochdosiertem L-Tryptophan, Magnesium aus zwei hochwertigen Quellen sowie den Vitaminen B1, B2 und B6 unterst\u00fctzt gezielt den Nervenstoffwechsel des Pferdes. L-Tryptophan ist die nat\u00fcrliche Vorstufe von Serotonin &#8211; dem Botenstoff, der f\u00fcr emotionale Ausgeglichenheit und inneres Wohlbefinden sorgt. Magnesium entspannt die Muskulatur und wirkt beruhigend auf das zentrale Nervensystem. Die B-Vitamine sorgen daf\u00fcr, dass diese Prozesse reibungslos ablaufen k\u00f6nnen. Silence vereint drei aufeinander abgestimmte Wirkstoffe, die im Nervenstoffwechsel des Pferdes eine zentrale Rolle spielen &#8211; in einer durchdachten, gezielt dosierten Rezeptur.<\/p>\n<\/div>\n<ul class=\"cst-bullet-points\">\n<li class=\"whitespace-normal break-words pl-2\"><strong>L-Tryptophan \u2013 49.000mg\/kg<\/strong> &#8211; gezielt hochdosiert, Vorstufe von Serotonin &#8211; dem zentralen Botenstoff f\u00fcr Ausgeglichenheit und Wohlbefinden<\/li>\n<li class=\"whitespace-normal break-words pl-2\"><strong>Magnesium &#8211;<\/strong>\u00a0aus zwei hochwertigen Quellen (Magnesiumoxid &amp; Magnesiumfumarat) f\u00fcr eine optimale Verf\u00fcgbarkeit<\/li>\n<li class=\"whitespace-normal break-words pl-2\"><strong>Vitamin B1, B2 &amp; B6<\/strong> &#8211; wichtige Vitamine f\u00fcr einen normalen Energiestoffwechsel und die Funktion des Nervensystems<\/li>\n<\/ul>\n<p><img loading=\"lazy\" decoding=\"async\" class=\"alignnone wp-image-4374\" src=\"https:\/\/www.doskar4equi.at\/wp-content\/uploads\/2025\/09\/3-2-300x95.png\" alt=\"\" width=\"150\" height=\"48\" srcset=\"https:\/\/www.doskar4equi.at\/wp-content\/uploads\/2025\/09\/3-2-300x95.png 300w, https:\/\/www.doskar4equi.at\/wp-content\/uploads\/2025\/09\/3-2-scaled-510x162.png 510w, https:\/\/www.doskar4equi.at\/wp-content\/uploads\/2025\/09\/3-2-1024x326.png 1024w, https:\/\/www.doskar4equi.at\/wp-content\/uploads\/2025\/09\/3-2-768x244.png 768w, https:\/\/www.doskar4equi.at\/wp-content\/uploads\/2025\/09\/3-2-1536x489.png 1536w, https:\/\/www.doskar4equi.at\/wp-content\/uploads\/2025\/09\/3-2-2048x652.png 2048w, https:\/\/www.doskar4equi.at\/wp-content\/uploads\/2025\/09\/3-2-18x6.png 18w\" sizes=\"auto, (max-width: 150px) 100vw, 150px\" \/> <img loading=\"lazy\" decoding=\"async\" class=\"alignnone wp-image-4373\" src=\"https:\/\/www.doskar4equi.at\/wp-content\/uploads\/2025\/09\/4-300x95.png\" alt=\"\" width=\"150\" height=\"48\" srcset=\"https:\/\/www.doskar4equi.at\/wp-content\/uploads\/2025\/09\/4-300x95.png 300w, https:\/\/www.doskar4equi.at\/wp-content\/uploads\/2025\/09\/4-510x162.png 510w, https:\/\/www.doskar4equi.at\/wp-content\/uploads\/2025\/09\/4-1024x326.png 1024w, https:\/\/www.doskar4equi.at\/wp-content\/uploads\/2025\/09\/4-768x244.png 768w, https:\/\/www.doskar4equi.at\/wp-content\/uploads\/2025\/09\/4-1536x489.png 1536w, https:\/\/www.doskar4equi.at\/wp-content\/uploads\/2025\/09\/4-2048x652.png 2048w, https:\/\/www.doskar4equi.at\/wp-content\/uploads\/2025\/09\/4-18x6.png 18w\" sizes=\"auto, (max-width: 150px) 100vw, 150px\" \/><\/p>\n<\/div>\n<\/div>\n<div id=\"tab_anwendung\" class=\"panel entry-content\" role=\"tabpanel\" aria-labelledby=\"tab-anwendung\">\n<div class=\"et_pb_section et_pb_section_7 et_section_regular\">\n<div class=\"et_pb_row et_pb_row_7\">\n<div class=\"et_pb_column et_pb_column_4_4 et_pb_column_9 et_pb_css_mix_blend_mode_passthrough et-last-child\">\n<div class=\"et_pb_module et_pb_tabs et_pb_tabs_1 et_slide_transition_to_1 et_slide_transition_to_2 et_slide_transition_to_0\">\n<div class=\"et_pb_all_tabs\">\n<div class=\"et_pb_tab et_pb_tab_4 clearfix et-pb-active-slide\">\n<div class=\"et_pb_tab_content\">\n<p><strong>F\u00fctterungsempfehlung pro Tag<br \/>\n<\/strong><span class=\"OYPEnA font-feature-liga-off font-feature-clig-off font-feature-calt-off text-decoration-none text-strikethrough-none\">Gro\u00dfpferde: 30-50 g<br \/>\nKleinpferde &amp; Ponys: 15-25 g<\/span><\/p>\n<\/div>\n<\/div>\n<\/div>\n<\/div>\n<\/div>\n<\/div>\n<\/div>\n<\/div>\n<div id=\"tab_inhalt\" class=\"panel entry-content\" role=\"tabpanel\" aria-labelledby=\"tab-inhalt\">\n<p><strong>Mineralfuttermittel fu\u0308r Pferde<br \/>\n<\/strong><\/p>\n<p><strong>Zusammensetzung<\/strong><b>: <\/b><span class=\"OYPEnA font-feature-liga-off font-feature-clig-off font-feature-calt-off text-decoration-none text-strikethrough-none\">Leinextraktionsschrot, Magnesiumoxid, Magnesiumfumarat, Zuckerru\u0308benmelasse<\/span><b><br \/>\n<\/b><\/p>\n<p><b>Analytical components:<br \/>\n<\/b><span class=\"OYPEnA font-feature-liga-off font-feature-clig-off font-feature-calt-off text-decoration-none text-strikethrough-none\">Magnesium 18,0,<\/span> <span class=\"OYPEnA font-feature-liga-off font-feature-clig-off font-feature-calt-off text-decoration-none text-strikethrough-none\">Calcium 0,01, Phosphor 0,01 Natrium 0,01<\/span><\/p>\n<p><strong>Nutritional additives per kg:<br \/>\n<\/strong><span class=\"OYPEnA font-feature-liga-off font-feature-clig-off font-feature-calt-off text-decoration-none text-strikethrough-none\">Vitamin B1 in Thiaminmononitrat (3a821) 1.078 mg, <\/span><span style=\"font-size: 14.4px;\">Vitamin B2 in Riboflavin (3a825ii) 1.040 mg, <\/span><span class=\"OYPEnA font-feature-liga-off font-feature-clig-off font-feature-calt-off text-decoration-none text-strikethrough-none\">Vitamin B6 in Pyridoxinhydrochlorid (3a831) 1.078 mg, Tryptophan (3c441) 49.000 mg<\/span><\/p>\n<p>ADMR: recommended withdrawal time at least 48 hours<br \/>\nFEI Clean Sport: compliant<\/p>\n<p><strong>Contents:<\/strong> 2.500 g<\/p>\n<\/div><\/div><\/div>","protected":false},"excerpt":{"rendered":"<h3><\/h3>\n<h3><strong style=\"color: #a9657e; font-size: 100%;\">Gezielte Unterst\u00fctzung f\u00fcr Nervenstoffwechsel und Ausgeglichenheit<\/strong><\/h3>\n<ul class=\"cst-bullet-points\">\n<li data-start=\"745\" data-end=\"792\">Zur Unterst\u00fctzung nervlicher Ausgeglichenheit<\/li>\n<li data-start=\"795\" data-end=\"825\">Mit hochdosiertem L-Tryptophan und Magnesium aus 2 Quellen f\u00fcr optimale Verf\u00fcgbarkeit<\/li>\n<li data-start=\"919\" data-end=\"965\">Vitamine B1, B2 &amp; B6 f\u00fcr Nervenstoffwechsel &amp; Energieversorgung<\/li>\n<\/ul>\n<p>FEI Clean Sport: compliant<br \/>\nADMR: recommended withdrawal time at least 48 hours<\/p>\n<p><img loading=\"lazy\" decoding=\"async\" class=\"alignnone wp-image-4329\" style=\"color: #333333;\" src=\"https:\/\/www.doskar4equi.at\/wp-content\/uploads\/2024\/12\/2-300x300.png\" alt=\"\" width=\"120\" height=\"120\" srcset=\"https:\/\/www.doskar4equi.at\/wp-content\/uploads\/2024\/12\/2-300x300.png 300w, https:\/\/www.doskar4equi.at\/wp-content\/uploads\/2024\/12\/2-500x500.png 500w, https:\/\/www.doskar4equi.at\/wp-content\/uploads\/2024\/12\/2-100x100.png 100w, https:\/\/www.doskar4equi.at\/wp-content\/uploads\/2024\/12\/2-510x510.png 510w, https:\/\/www.doskar4equi.at\/wp-content\/uploads\/2024\/12\/2-150x150.png 150w, https:\/\/www.doskar4equi.at\/wp-content\/uploads\/2024\/12\/2-12x12.png 12w, https:\/\/www.doskar4equi.at\/wp-content\/uploads\/2024\/12\/2.png 700w\" sizes=\"auto, (max-width: 120px) 100vw, 120px\" \/> <img loading=\"lazy\" decoding=\"async\" class=\"alignnone wp-image-4343\" style=\"color: #333333;\" src=\"https:\/\/www.doskar4equi.at\/wp-content\/uploads\/2023\/08\/Icons-1080-x-300-px-700-x-900-px-700-x-700-px-3-300x300.png\" alt=\"\" width=\"120\" height=\"120\" srcset=\"https:\/\/www.doskar4equi.at\/wp-content\/uploads\/2023\/08\/Icons-1080-x-300-px-700-x-900-px-700-x-700-px-3-300x300.png 300w, https:\/\/www.doskar4equi.at\/wp-content\/uploads\/2023\/08\/Icons-1080-x-300-px-700-x-900-px-700-x-700-px-3-500x500.png 500w, https:\/\/www.doskar4equi.at\/wp-content\/uploads\/2023\/08\/Icons-1080-x-300-px-700-x-900-px-700-x-700-px-3-100x100.png 100w, https:\/\/www.doskar4equi.at\/wp-content\/uploads\/2023\/08\/Icons-1080-x-300-px-700-x-900-px-700-x-700-px-3-510x510.png 510w, https:\/\/www.doskar4equi.at\/wp-content\/uploads\/2023\/08\/Icons-1080-x-300-px-700-x-900-px-700-x-700-px-3-150x150.png 150w, https:\/\/www.doskar4equi.at\/wp-content\/uploads\/2023\/08\/Icons-1080-x-300-px-700-x-900-px-700-x-700-px-3-12x12.png 12w, https:\/\/www.doskar4equi.at\/wp-content\/uploads\/2023\/08\/Icons-1080-x-300-px-700-x-900-px-700-x-700-px-3.png 700w\" sizes=\"auto, (max-width: 120px) 100vw, 120px\" \/><\/p>","protected":false},"featured_media":4022,"comment_status":"open","ping_status":"closed","template":"","meta":[],"product_brand":[],"product_cat":[34],"product_tag":[],"class_list":{"0":"post-4001","1":"product","2":"type-product","3":"status-publish","4":"has-post-thumbnail","6":"product_cat-vitamine-mineralstoffe","8":"first","9":"instock","10":"taxable","11":"shipping-taxable","12":"purchasable","13":"product-type-simple"},"yoast_head":"<!-- This site is optimized with the Yoast SEO plugin v27.4 - https:\/\/yoast.com\/product\/yoast-seo-wordpress\/ -->\n<title>Silence Magnesium\/L-Tryptophan 2.500 g - Doskar 4 Equi<\/title>\n<meta name=\"description\" content=\"Unterst\u00fctzt die nervliche Belastbarkeit des Pferdes. Zur Minderung der Stressreaktion, beruhigt nervo\u0308se und gestresste Pferde und erho\u0308ht die psychische Belastbarkeit.\" \/>\n<meta name=\"robots\" content=\"index, follow, max-snippet:-1, max-image-preview:large, max-video-preview:-1\" \/>\n<link rel=\"canonical\" href=\"https:\/\/www.doskar4equi.at\/en\/product\/silence-magnesium-tryptophan-2-500-g\/\" \/>\n<meta property=\"og:locale\" content=\"en_GB\" \/>\n<meta property=\"og:type\" content=\"article\" \/>\n<meta property=\"og:title\" content=\"Silence Magnesium\/L-Tryptophan 2.500 g - Doskar 4 Equi\" \/>\n<meta property=\"og:description\" content=\"Unterst\u00fctzt die nervliche Belastbarkeit des Pferdes. Zur Minderung der Stressreaktion, beruhigt nervo\u0308se und gestresste Pferde und erho\u0308ht die psychische Belastbarkeit.\" \/>\n<meta property=\"og:url\" content=\"https:\/\/www.doskar4equi.at\/en\/product\/silence-magnesium-tryptophan-2-500-g\/\" \/>\n<meta property=\"og:site_name\" content=\"Doskar 4 Equi\" \/>\n<meta property=\"article:modified_time\" content=\"2026-04-15T17:28:01+00:00\" \/>\n<meta property=\"og:image\" content=\"https:\/\/www.doskar4equi.at\/wp-content\/uploads\/2025\/11\/Silence-2500.jpg\" \/>\n\t<meta property=\"og:image:width\" content=\"1200\" \/>\n\t<meta property=\"og:image:height\" content=\"1200\" \/>\n\t<meta property=\"og:image:type\" content=\"image\/jpeg\" \/>\n<meta name=\"twitter:card\" content=\"summary_large_image\" \/>\n<meta name=\"twitter:label1\" content=\"Estimated reading time\" \/>\n\t<meta name=\"twitter:data1\" content=\"2 minutes\" \/>\n<script type=\"application\/ld+json\" class=\"yoast-schema-graph\">{\"@context\":\"https:\\\/\\\/schema.org\",\"@graph\":[{\"@type\":\"WebPage\",\"@id\":\"https:\\\/\\\/www.doskar4equi.at\\\/produkt\\\/silence-magnesium-tryptophan-2-500-g\\\/\",\"url\":\"https:\\\/\\\/www.doskar4equi.at\\\/produkt\\\/silence-magnesium-tryptophan-2-500-g\\\/\",\"name\":\"Silence Magnesium\\\/L-Tryptophan 2.500 g - Doskar 4 Equi\",\"isPartOf\":{\"@id\":\"https:\\\/\\\/www.doskar4equi.at\\\/#website\"},\"primaryImageOfPage\":{\"@id\":\"https:\\\/\\\/www.doskar4equi.at\\\/produkt\\\/silence-magnesium-tryptophan-2-500-g\\\/#primaryimage\"},\"image\":{\"@id\":\"https:\\\/\\\/www.doskar4equi.at\\\/produkt\\\/silence-magnesium-tryptophan-2-500-g\\\/#primaryimage\"},\"thumbnailUrl\":\"https:\\\/\\\/www.doskar4equi.at\\\/wp-content\\\/uploads\\\/2025\\\/11\\\/Silence-2500.jpg\",\"datePublished\":\"2025-11-24T16:19:23+00:00\",\"dateModified\":\"2026-04-15T17:28:01+00:00\",\"description\":\"Unterst\u00fctzt die nervliche Belastbarkeit des Pferdes. Zur Minderung der Stressreaktion, beruhigt nervo\u0308se und gestresste Pferde und erho\u0308ht die psychische Belastbarkeit.\",\"breadcrumb\":{\"@id\":\"https:\\\/\\\/www.doskar4equi.at\\\/produkt\\\/silence-magnesium-tryptophan-2-500-g\\\/#breadcrumb\"},\"inLanguage\":\"en-GB\",\"potentialAction\":[{\"@type\":\"ReadAction\",\"target\":[\"https:\\\/\\\/www.doskar4equi.at\\\/produkt\\\/silence-magnesium-tryptophan-2-500-g\\\/\"]}]},{\"@type\":\"ImageObject\",\"inLanguage\":\"en-GB\",\"@id\":\"https:\\\/\\\/www.doskar4equi.at\\\/produkt\\\/silence-magnesium-tryptophan-2-500-g\\\/#primaryimage\",\"url\":\"https:\\\/\\\/www.doskar4equi.at\\\/wp-content\\\/uploads\\\/2025\\\/11\\\/Silence-2500.jpg\",\"contentUrl\":\"https:\\\/\\\/www.doskar4equi.at\\\/wp-content\\\/uploads\\\/2025\\\/11\\\/Silence-2500.jpg\",\"width\":1200,\"height\":1200,\"caption\":\"Silence Magnesium Tryptophan 2.500g\"},{\"@type\":\"BreadcrumbList\",\"@id\":\"https:\\\/\\\/www.doskar4equi.at\\\/produkt\\\/silence-magnesium-tryptophan-2-500-g\\\/#breadcrumb\",\"itemListElement\":[{\"@type\":\"ListItem\",\"position\":1,\"name\":\"Startseite\",\"item\":\"https:\\\/\\\/www.doskar4equi.at\\\/\"},{\"@type\":\"ListItem\",\"position\":2,\"name\":\"Shop\",\"item\":\"https:\\\/\\\/www.doskar4equi.at\\\/shop\\\/\"},{\"@type\":\"ListItem\",\"position\":3,\"name\":\"Silence Magnesium\\\/L-Tryptophan 2.500 g\"}]},{\"@type\":\"WebSite\",\"@id\":\"https:\\\/\\\/www.doskar4equi.at\\\/#website\",\"url\":\"https:\\\/\\\/www.doskar4equi.at\\\/\",\"name\":\"Doskar 4 Equi\",\"description\":\"Pharmazeutisches Fachwissen\",\"potentialAction\":[{\"@type\":\"SearchAction\",\"target\":{\"@type\":\"EntryPoint\",\"urlTemplate\":\"https:\\\/\\\/www.doskar4equi.at\\\/?s={search_term_string}\"},\"query-input\":{\"@type\":\"PropertyValueSpecification\",\"valueRequired\":true,\"valueName\":\"search_term_string\"}}],\"inLanguage\":\"en-GB\"}]}<\/script>\n<!-- \/ Yoast SEO plugin. -->","yoast_head_json":{"title":"Silence Magnesium\/L-Tryptophan 2.500 g - Doskar 4 Equi","description":"Unterst\u00fctzt die nervliche Belastbarkeit des Pferdes. Zur Minderung der Stressreaktion, beruhigt nervo\u0308se und gestresste Pferde und erho\u0308ht die psychische Belastbarkeit.","robots":{"index":"index","follow":"follow","max-snippet":"max-snippet:-1","max-image-preview":"max-image-preview:large","max-video-preview":"max-video-preview:-1"},"canonical":"https:\/\/www.doskar4equi.at\/en\/product\/silence-magnesium-tryptophan-2-500-g\/","og_locale":"en_GB","og_type":"article","og_title":"Silence Magnesium\/L-Tryptophan 2.500 g - Doskar 4 Equi","og_description":"Unterst\u00fctzt die nervliche Belastbarkeit des Pferdes. Zur Minderung der Stressreaktion, beruhigt nervo\u0308se und gestresste Pferde und erho\u0308ht die psychische Belastbarkeit.","og_url":"https:\/\/www.doskar4equi.at\/en\/product\/silence-magnesium-tryptophan-2-500-g\/","og_site_name":"Doskar 4 Equi","article_modified_time":"2026-04-15T17:28:01+00:00","og_image":[{"width":1200,"height":1200,"url":"https:\/\/www.doskar4equi.at\/wp-content\/uploads\/2025\/11\/Silence-2500.jpg","type":"image\/jpeg"}],"twitter_card":"summary_large_image","twitter_misc":{"Estimated reading time":"2 minutes"},"schema":{"@context":"https:\/\/schema.org","@graph":[{"@type":"WebPage","@id":"https:\/\/www.doskar4equi.at\/produkt\/silence-magnesium-tryptophan-2-500-g\/","url":"https:\/\/www.doskar4equi.at\/produkt\/silence-magnesium-tryptophan-2-500-g\/","name":"Silence Magnesium\/L-Tryptophan 2.500 g - Doskar 4 Equi","isPartOf":{"@id":"https:\/\/www.doskar4equi.at\/#website"},"primaryImageOfPage":{"@id":"https:\/\/www.doskar4equi.at\/produkt\/silence-magnesium-tryptophan-2-500-g\/#primaryimage"},"image":{"@id":"https:\/\/www.doskar4equi.at\/produkt\/silence-magnesium-tryptophan-2-500-g\/#primaryimage"},"thumbnailUrl":"https:\/\/www.doskar4equi.at\/wp-content\/uploads\/2025\/11\/Silence-2500.jpg","datePublished":"2025-11-24T16:19:23+00:00","dateModified":"2026-04-15T17:28:01+00:00","description":"Unterst\u00fctzt die nervliche Belastbarkeit des Pferdes. Zur Minderung der Stressreaktion, beruhigt nervo\u0308se und gestresste Pferde und erho\u0308ht die psychische Belastbarkeit.","breadcrumb":{"@id":"https:\/\/www.doskar4equi.at\/produkt\/silence-magnesium-tryptophan-2-500-g\/#breadcrumb"},"inLanguage":"en-GB","potentialAction":[{"@type":"ReadAction","target":["https:\/\/www.doskar4equi.at\/produkt\/silence-magnesium-tryptophan-2-500-g\/"]}]},{"@type":"ImageObject","inLanguage":"en-GB","@id":"https:\/\/www.doskar4equi.at\/produkt\/silence-magnesium-tryptophan-2-500-g\/#primaryimage","url":"https:\/\/www.doskar4equi.at\/wp-content\/uploads\/2025\/11\/Silence-2500.jpg","contentUrl":"https:\/\/www.doskar4equi.at\/wp-content\/uploads\/2025\/11\/Silence-2500.jpg","width":1200,"height":1200,"caption":"Silence Magnesium Tryptophan 2.500g"},{"@type":"BreadcrumbList","@id":"https:\/\/www.doskar4equi.at\/produkt\/silence-magnesium-tryptophan-2-500-g\/#breadcrumb","itemListElement":[{"@type":"ListItem","position":1,"name":"Startseite","item":"https:\/\/www.doskar4equi.at\/"},{"@type":"ListItem","position":2,"name":"Shop","item":"https:\/\/www.doskar4equi.at\/shop\/"},{"@type":"ListItem","position":3,"name":"Silence Magnesium\/L-Tryptophan 2.500 g"}]},{"@type":"WebSite","@id":"https:\/\/www.doskar4equi.at\/#website","url":"https:\/\/www.doskar4equi.at\/","name":"Doskar 4 Equi","description":"Pharmazeutisches Fachwissen","potentialAction":[{"@type":"SearchAction","target":{"@type":"EntryPoint","urlTemplate":"https:\/\/www.doskar4equi.at\/?s={search_term_string}"},"query-input":{"@type":"PropertyValueSpecification","valueRequired":true,"valueName":"search_term_string"}}],"inLanguage":"en-GB"}]}},"_links":{"self":[{"href":"https:\/\/www.doskar4equi.at\/en\/wp-json\/wp\/v2\/product\/4001","targetHints":{"allow":["GET"]}}],"collection":[{"href":"https:\/\/www.doskar4equi.at\/en\/wp-json\/wp\/v2\/product"}],"about":[{"href":"https:\/\/www.doskar4equi.at\/en\/wp-json\/wp\/v2\/types\/product"}],"replies":[{"embeddable":true,"href":"https:\/\/www.doskar4equi.at\/en\/wp-json\/wp\/v2\/comments?post=4001"}],"wp:featuredmedia":[{"embeddable":true,"href":"https:\/\/www.doskar4equi.at\/en\/wp-json\/wp\/v2\/media\/4022"}],"wp:attachment":[{"href":"https:\/\/www.doskar4equi.at\/en\/wp-json\/wp\/v2\/media?parent=4001"}],"wp:term":[{"taxonomy":"product_brand","embeddable":true,"href":"https:\/\/www.doskar4equi.at\/en\/wp-json\/wp\/v2\/product_brand?post=4001"},{"taxonomy":"product_cat","embeddable":true,"href":"https:\/\/www.doskar4equi.at\/en\/wp-json\/wp\/v2\/product_cat?post=4001"},{"taxonomy":"product_tag","embeddable":true,"href":"https:\/\/www.doskar4equi.at\/en\/wp-json\/wp\/v2\/product_tag?post=4001"}],"curies":[{"name":"wp","href":"https:\/\/api.w.org\/{rel}","templated":true}]}}