{"id":4055,"date":"2025-12-12T22:01:14","date_gmt":"2025-12-12T22:01:14","guid":{"rendered":"https:\/\/www.doskar4equi.at\/?post_type=product&#038;p=4055"},"modified":"2026-04-16T18:11:00","modified_gmt":"2026-04-16T18:11:00","slug":"strahlfaeule-konzentrat-bald-wieder-verfuegbar-als-magistrale-rezeptur","status":"publish","type":"product","link":"https:\/\/www.doskar4equi.at\/en\/product\/strahlfaeule-konzentrat-bald-wieder-verfuegbar-als-magistrale-rezeptur\/","title":{"rendered":"Strahlf\u00e4ule-Konzentrat &#8211; auf Vorbestellung erh\u00e4ltlich"},"content":{"rendered":"<div class=\"tabbed-content\">\n\t\t\t\n\t\t\t<ul class=\"nav nav-tabs nav-uppercase nav-size-normal nav-left\" role=\"tablist\"><li id=\"tab-beschreibung\" class=\"tab active has-icon\" role=\"presentation\"><a href=\"#tab_beschreibung\" role=\"tab\" aria-selected=\"true\" aria-controls=\"tab_beschreibung\"><span>Product Description<\/span><\/a><\/li>\n<li id=\"tab-anwendung\" class=\"tab has-icon\" role=\"presentation\"><a href=\"#tab_anwendung\" tabindex=\"-1\" role=\"tab\" aria-selected=\"false\" aria-controls=\"tab_anwendung\"><span>Usage<\/span><\/a><\/li>\n<li id=\"tab-inhalt\" class=\"tab has-icon\" role=\"presentation\"><a href=\"#tab_inhalt\" tabindex=\"-1\" role=\"tab\" aria-selected=\"false\" aria-controls=\"tab_inhalt\"><span>Ingredients<\/span><\/a><\/li><\/ul><div class=\"tab-panels\"><div id=\"tab_beschreibung\" class=\"panel active entry-content\" role=\"tabpanel\" aria-labelledby=\"tab-beschreibung\">\n<div class=\"et_pb_section et_pb_section_7 et_section_regular\">\n<div class=\"et_pb_row et_pb_row_7\">\n<div class=\"et_pb_column et_pb_column_4_4 et_pb_column_9 et_pb_css_mix_blend_mode_passthrough et-last-child\">\n<div class=\"et_pb_module et_pb_tabs et_pb_tabs_1\">\n<div class=\"et_pb_all_tabs\">\n<div class=\"et_pb_tab et_pb_tab_3 clearfix et_pb_active_content et-pb-active-slide\">\n<div class=\"et_pb_tab_content\">\n<p class=\"cvGsUA direction-ltr align-center para-style-body\">Unser hochwirksames Strahlf\u00e4ule-Konzentrat wurde f\u00fcr die pr\u00e4zise und zuverl\u00e4ssige Anwendung am Huf entwickelt. Die Formulierung zeichnet sich durch die schnelle Verdunstung des L\u00f6sungsmittels aus, wodurch unmittelbar eine saubere und hygienische Umgebung entsteht. Durch leichten Druck auf die Flasche l\u00e4sst sich das Konzentrat punktgenau auf und in die betroffenen Zonen des Strahls auftragen \u2013 ideal f\u00fcr eine zielgerichtete Pflege.<\/p>\n<h4 data-start=\"720\" data-end=\"788\"><strong data-start=\"724\" data-end=\"788\">Allgemeine Hinweise zur Unterst\u00fctzung eines gesunden Strahls:<\/strong><\/h4>\n<p data-start=\"790\" data-end=\"897\">Eine gute Hufhygiene ist entscheidend f\u00fcr die Erhaltung eines kr\u00e4ftigen und trockenen Strahls. Dazu z\u00e4hlen:<\/p>\n<ul data-start=\"899\" data-end=\"1337\">\n<li data-start=\"899\" data-end=\"1026\">\n<p data-start=\"901\" data-end=\"1026\">Trockene, saubere Haltungsbedingungen, da Feuchtigkeit und verschmutzte B\u00f6den die Strahlqualit\u00e4t beeintr\u00e4chtigen k\u00f6nnen<\/p>\n<\/li>\n<li data-start=\"1027\" data-end=\"1128\">\n<p data-start=\"1029\" data-end=\"1128\">Regelm\u00e4\u00dfiges Ausschneiden und Hufpflege durch einen qualifizierten Hufschmied oder Hufpfleger<\/p>\n<\/li>\n<li data-start=\"1129\" data-end=\"1236\">\n<p data-start=\"1131\" data-end=\"1236\">Ausreichende t\u00e4gliche Bewegung, um die nat\u00fcrliche Durchblutung und das Hornwachstum zu unterst\u00fctzen<\/p>\n<\/li>\n<li data-start=\"1237\" data-end=\"1337\">\n<p data-start=\"1239\" data-end=\"1337\">Gr\u00fcndliche Reinigung des Hufs, besonders nach feuchten Witterungsperioden oder Stallwechseln<\/p>\n<\/li>\n<\/ul>\n<\/div>\n<\/div>\n<\/div>\n<\/div>\n<\/div>\n<\/div>\n<\/div>\n<\/div>\n<div id=\"tab_anwendung\" class=\"panel entry-content\" role=\"tabpanel\" aria-labelledby=\"tab-anwendung\">\n<div class=\"et_pb_section et_pb_section_7 et_section_regular\">\n<div class=\"et_pb_row et_pb_row_7\">\n<div class=\"et_pb_column et_pb_column_4_4 et_pb_column_9 et_pb_css_mix_blend_mode_passthrough et-last-child\">\n<div class=\"et_pb_module et_pb_tabs et_pb_tabs_1 et_slide_transition_to_1\">\n<div class=\"et_pb_all_tabs\">\n<div class=\"et_pb_tab et_pb_tab_4 clearfix et-pb-active-slide\">\n<div class=\"et_pb_tab_content\">\n<p><strong>Application: <\/strong>2-3 Mal pro Woche d<span class=\"a_GcMg font-feature-liga-off font-feature-clig-off font-feature-calt-off text-decoration-none text-strikethrough-none\">urch leichten Druck auf die Flasche das Konzentrat punktgenau auf <\/span><span class=\"a_GcMg font-feature-liga-off font-feature-clig-off font-feature-calt-off text-decoration-none text-strikethrough-none\">und in die problematischen Zonen des Hufes auftragen.<\/span><\/p>\n<\/div>\n<\/div>\n<\/div>\n<\/div>\n<\/div>\n<\/div>\n<\/div>\n<\/div>\n<div id=\"tab_inhalt\" class=\"panel entry-content\" role=\"tabpanel\" aria-labelledby=\"tab-inhalt\">\n<div class=\"et_pb_section et_pb_section_7 et_section_regular\">\n<div class=\"et_pb_row et_pb_row_7\">\n<div class=\"et_pb_column et_pb_column_4_4 et_pb_column_9 et_pb_css_mix_blend_mode_passthrough et-last-child\">\n<div class=\"et_pb_module et_pb_tabs et_pb_tabs_1 et_slide_transition_to_1 et_slide_transition_to_2\">\n<div class=\"et_pb_all_tabs\">\n<div class=\"et_pb_tab et_pb_tab_5 clearfix et-pb-active-slide\">\n<div class=\"et_pb_tab_content\">\n<p><strong>Contents:<\/strong> 100 ml<\/p>\n<p><strong>Mandatory notice:\u00a0<\/strong><\/p>\n<p style=\"font-weight: 400;\"><strong>Hazard warnings:\u00a0<\/strong><\/p>\n<p style=\"font-weight: 400;\">H225 Highly flammable liquid and vapour.<br \/>\nH319 Causes serious eye irritation.<br \/>\nH336 May cause drowsiness or dizziness.<br \/>\nEUH066 Repeated exposure may cause skin dryness or cracking.<\/p>\n<p style=\"font-weight: 400;\"><strong>Safety information:\u00a0<\/strong><\/p>\n<p style=\"font-weight: 400;\">P102 Keep out of reach of children.<br \/>\nP210 Keep away from heat, hot surfaces, sparks, open flames and other ignition sources. No smoking.<br \/>\nP243 Take measures to prevent electrostatic charging.<br \/>\nP305 + P351 If in eyes: Rinse cautiously with water for several minutes.<br \/>\nP301 + P305 If swallowed: Immediately seek medical advice\/attention.<br \/>\nP501 Dispose of contents\/container to an authorised disposal company or municipal collection point.<\/p>\n<p><img loading=\"lazy\" decoding=\"async\" class=\"alignnone wp-image-3149\" src=\"https:\/\/www.doskar4equi.at\/wp-content\/uploads\/2023\/07\/exclam_gesundheitsgefahr-300x300.gif\" alt=\"\" width=\"36\" height=\"36\" srcset=\"https:\/\/www.doskar4equi.at\/wp-content\/uploads\/2023\/07\/exclam_gesundheitsgefahr-300x300.gif 300w, https:\/\/www.doskar4equi.at\/wp-content\/uploads\/2023\/07\/exclam_gesundheitsgefahr-500x500.gif 500w, https:\/\/www.doskar4equi.at\/wp-content\/uploads\/2023\/07\/exclam_gesundheitsgefahr-100x100.gif 100w, https:\/\/www.doskar4equi.at\/wp-content\/uploads\/2023\/07\/exclam_gesundheitsgefahr-510x509.gif 510w, https:\/\/www.doskar4equi.at\/wp-content\/uploads\/2023\/07\/exclam_gesundheitsgefahr-150x150.gif 150w\" sizes=\"auto, (max-width: 36px) 100vw, 36px\" \/> <img loading=\"lazy\" decoding=\"async\" class=\"alignnone wp-image-3147\" src=\"https:\/\/www.doskar4equi.at\/wp-content\/uploads\/2023\/07\/flamme-300x300.gif\" alt=\"\" width=\"36\" height=\"36\" srcset=\"https:\/\/www.doskar4equi.at\/wp-content\/uploads\/2023\/07\/flamme-300x300.gif 300w, https:\/\/www.doskar4equi.at\/wp-content\/uploads\/2023\/07\/flamme-500x500.gif 500w, https:\/\/www.doskar4equi.at\/wp-content\/uploads\/2023\/07\/flamme-100x100.gif 100w, https:\/\/www.doskar4equi.at\/wp-content\/uploads\/2023\/07\/flamme-510x511.gif 510w, https:\/\/www.doskar4equi.at\/wp-content\/uploads\/2023\/07\/flamme-150x150.gif 150w\" sizes=\"auto, (max-width: 36px) 100vw, 36px\" \/><\/p>\n<\/div>\n<\/div>\n<\/div>\n<\/div>\n<\/div>\n<\/div>\n<\/div>\n<\/div><\/div><\/div>","protected":false},"excerpt":{"rendered":"<p>F\u00fcr eine gezielte und hygienische Anwendung bei Strahlf\u00e4ule.<\/p>\n<h4>Hinweis zur Bestellung:<br \/>\nWir nehmen Vorbestellungen gerne unter: <span style=\"color: #bd6d8d;\">office@doskar4equi.at<\/span> entgegen.<br data-start=\"470\" data-end=\"473\" \/>Es handelt sich um eine magistrale Rezeptur. Versand und Abrechnung erfolgen direkt \u00fcber die Apotheke zum Schwan, die Herstellung und Lieferung \u00fcbernimmt.<\/h4>\n<p>&nbsp;<\/p>","protected":false},"featured_media":4056,"comment_status":"open","ping_status":"closed","template":"","meta":[],"product_brand":[],"product_cat":[38],"product_tag":[178],"class_list":{"0":"post-4055","1":"product","2":"type-product","3":"status-publish","4":"has-post-thumbnail","6":"product_cat-pflege","7":"product_tag-strahlfaeule","9":"first","10":"outofstock","11":"taxable","12":"shipping-taxable","13":"purchasable","14":"product-type-simple"},"yoast_head":"<!-- This site is optimized with the Yoast SEO plugin v27.4 - https:\/\/yoast.com\/product\/yoast-seo-wordpress\/ -->\n<title>Strahlf\u00e4ule-Konzentrat - auf Vorbestellung erh\u00e4ltlich - Doskar 4 Equi<\/title>\n<meta name=\"description\" content=\"Dieses hochwirksame Konzentrat zeichnet sich durch die schnelle Verdunstung des L\u00f6sungsmittels aus, wodurch eine sofortige Desinfektion herbeigef\u00fchrt wird. Durch leichten Druck auf die Flasche das Konzentrat punktgenau auf und in die problematischen Zonen des Hufes auftragen.\" \/>\n<meta name=\"robots\" content=\"index, follow, max-snippet:-1, max-image-preview:large, max-video-preview:-1\" \/>\n<link rel=\"canonical\" href=\"https:\/\/www.doskar4equi.at\/en\/product\/strahlfaeule-konzentrat-bald-wieder-verfuegbar-als-magistrale-rezeptur\/\" \/>\n<meta property=\"og:locale\" content=\"en_GB\" \/>\n<meta property=\"og:type\" content=\"article\" \/>\n<meta property=\"og:title\" content=\"Strahlf\u00e4ule-Konzentrat - auf Vorbestellung erh\u00e4ltlich - Doskar 4 Equi\" \/>\n<meta property=\"og:description\" content=\"Dieses hochwirksame Konzentrat zeichnet sich durch die schnelle Verdunstung des L\u00f6sungsmittels aus, wodurch eine sofortige Desinfektion herbeigef\u00fchrt wird. Durch leichten Druck auf die Flasche das Konzentrat punktgenau auf und in die problematischen Zonen des Hufes auftragen.\" \/>\n<meta property=\"og:url\" content=\"https:\/\/www.doskar4equi.at\/en\/product\/strahlfaeule-konzentrat-bald-wieder-verfuegbar-als-magistrale-rezeptur\/\" \/>\n<meta property=\"og:site_name\" content=\"Doskar 4 Equi\" \/>\n<meta property=\"article:modified_time\" content=\"2026-04-16T18:11:00+00:00\" \/>\n<meta property=\"og:image\" content=\"https:\/\/www.doskar4equi.at\/wp-content\/uploads\/2025\/12\/2.png\" \/>\n\t<meta property=\"og:image:width\" content=\"1080\" \/>\n\t<meta property=\"og:image:height\" content=\"1080\" \/>\n\t<meta property=\"og:image:type\" content=\"image\/png\" \/>\n<meta name=\"twitter:card\" content=\"summary_large_image\" \/>\n<meta name=\"twitter:label1\" content=\"Estimated reading time\" \/>\n\t<meta name=\"twitter:data1\" content=\"3 minutes\" \/>\n<script type=\"application\/ld+json\" class=\"yoast-schema-graph\">{\"@context\":\"https:\\\/\\\/schema.org\",\"@graph\":[{\"@type\":\"WebPage\",\"@id\":\"https:\\\/\\\/www.doskar4equi.at\\\/produkt\\\/strahlfaeule-konzentrat-bald-wieder-verfuegbar-als-magistrale-rezeptur\\\/\",\"url\":\"https:\\\/\\\/www.doskar4equi.at\\\/produkt\\\/strahlfaeule-konzentrat-bald-wieder-verfuegbar-als-magistrale-rezeptur\\\/\",\"name\":\"Strahlf\u00e4ule-Konzentrat - auf Vorbestellung erh\u00e4ltlich - Doskar 4 Equi\",\"isPartOf\":{\"@id\":\"https:\\\/\\\/www.doskar4equi.at\\\/#website\"},\"primaryImageOfPage\":{\"@id\":\"https:\\\/\\\/www.doskar4equi.at\\\/produkt\\\/strahlfaeule-konzentrat-bald-wieder-verfuegbar-als-magistrale-rezeptur\\\/#primaryimage\"},\"image\":{\"@id\":\"https:\\\/\\\/www.doskar4equi.at\\\/produkt\\\/strahlfaeule-konzentrat-bald-wieder-verfuegbar-als-magistrale-rezeptur\\\/#primaryimage\"},\"thumbnailUrl\":\"https:\\\/\\\/www.doskar4equi.at\\\/wp-content\\\/uploads\\\/2025\\\/12\\\/2.png\",\"datePublished\":\"2025-12-12T22:01:14+00:00\",\"dateModified\":\"2026-04-16T18:11:00+00:00\",\"description\":\"Dieses hochwirksame Konzentrat zeichnet sich durch die schnelle Verdunstung des L\u00f6sungsmittels aus, wodurch eine sofortige Desinfektion herbeigef\u00fchrt wird. Durch leichten Druck auf die Flasche das Konzentrat punktgenau auf und in die problematischen Zonen des Hufes auftragen.\",\"breadcrumb\":{\"@id\":\"https:\\\/\\\/www.doskar4equi.at\\\/produkt\\\/strahlfaeule-konzentrat-bald-wieder-verfuegbar-als-magistrale-rezeptur\\\/#breadcrumb\"},\"inLanguage\":\"en-GB\",\"potentialAction\":[{\"@type\":\"ReadAction\",\"target\":[\"https:\\\/\\\/www.doskar4equi.at\\\/produkt\\\/strahlfaeule-konzentrat-bald-wieder-verfuegbar-als-magistrale-rezeptur\\\/\"]}]},{\"@type\":\"ImageObject\",\"inLanguage\":\"en-GB\",\"@id\":\"https:\\\/\\\/www.doskar4equi.at\\\/produkt\\\/strahlfaeule-konzentrat-bald-wieder-verfuegbar-als-magistrale-rezeptur\\\/#primaryimage\",\"url\":\"https:\\\/\\\/www.doskar4equi.at\\\/wp-content\\\/uploads\\\/2025\\\/12\\\/2.png\",\"contentUrl\":\"https:\\\/\\\/www.doskar4equi.at\\\/wp-content\\\/uploads\\\/2025\\\/12\\\/2.png\",\"width\":1080,\"height\":1080},{\"@type\":\"BreadcrumbList\",\"@id\":\"https:\\\/\\\/www.doskar4equi.at\\\/produkt\\\/strahlfaeule-konzentrat-bald-wieder-verfuegbar-als-magistrale-rezeptur\\\/#breadcrumb\",\"itemListElement\":[{\"@type\":\"ListItem\",\"position\":1,\"name\":\"Startseite\",\"item\":\"https:\\\/\\\/www.doskar4equi.at\\\/\"},{\"@type\":\"ListItem\",\"position\":2,\"name\":\"Shop\",\"item\":\"https:\\\/\\\/www.doskar4equi.at\\\/shop\\\/\"},{\"@type\":\"ListItem\",\"position\":3,\"name\":\"Strahlf\u00e4ule-Konzentrat &#8211; auf Vorbestellung erh\u00e4ltlich\"}]},{\"@type\":\"WebSite\",\"@id\":\"https:\\\/\\\/www.doskar4equi.at\\\/#website\",\"url\":\"https:\\\/\\\/www.doskar4equi.at\\\/\",\"name\":\"Doskar 4 Equi\",\"description\":\"Pharmazeutisches Fachwissen\",\"potentialAction\":[{\"@type\":\"SearchAction\",\"target\":{\"@type\":\"EntryPoint\",\"urlTemplate\":\"https:\\\/\\\/www.doskar4equi.at\\\/?s={search_term_string}\"},\"query-input\":{\"@type\":\"PropertyValueSpecification\",\"valueRequired\":true,\"valueName\":\"search_term_string\"}}],\"inLanguage\":\"en-GB\"}]}<\/script>\n<!-- \/ Yoast SEO plugin. -->","yoast_head_json":{"title":"Strahlf\u00e4ule-Konzentrat - auf Vorbestellung erh\u00e4ltlich - Doskar 4 Equi","description":"Dieses hochwirksame Konzentrat zeichnet sich durch die schnelle Verdunstung des L\u00f6sungsmittels aus, wodurch eine sofortige Desinfektion herbeigef\u00fchrt wird. Durch leichten Druck auf die Flasche das Konzentrat punktgenau auf und in die problematischen Zonen des Hufes auftragen.","robots":{"index":"index","follow":"follow","max-snippet":"max-snippet:-1","max-image-preview":"max-image-preview:large","max-video-preview":"max-video-preview:-1"},"canonical":"https:\/\/www.doskar4equi.at\/en\/product\/strahlfaeule-konzentrat-bald-wieder-verfuegbar-als-magistrale-rezeptur\/","og_locale":"en_GB","og_type":"article","og_title":"Strahlf\u00e4ule-Konzentrat - auf Vorbestellung erh\u00e4ltlich - Doskar 4 Equi","og_description":"Dieses hochwirksame Konzentrat zeichnet sich durch die schnelle Verdunstung des L\u00f6sungsmittels aus, wodurch eine sofortige Desinfektion herbeigef\u00fchrt wird. Durch leichten Druck auf die Flasche das Konzentrat punktgenau auf und in die problematischen Zonen des Hufes auftragen.","og_url":"https:\/\/www.doskar4equi.at\/en\/product\/strahlfaeule-konzentrat-bald-wieder-verfuegbar-als-magistrale-rezeptur\/","og_site_name":"Doskar 4 Equi","article_modified_time":"2026-04-16T18:11:00+00:00","og_image":[{"width":1080,"height":1080,"url":"https:\/\/www.doskar4equi.at\/wp-content\/uploads\/2025\/12\/2.png","type":"image\/png"}],"twitter_card":"summary_large_image","twitter_misc":{"Estimated reading time":"3 minutes"},"schema":{"@context":"https:\/\/schema.org","@graph":[{"@type":"WebPage","@id":"https:\/\/www.doskar4equi.at\/produkt\/strahlfaeule-konzentrat-bald-wieder-verfuegbar-als-magistrale-rezeptur\/","url":"https:\/\/www.doskar4equi.at\/produkt\/strahlfaeule-konzentrat-bald-wieder-verfuegbar-als-magistrale-rezeptur\/","name":"Strahlf\u00e4ule-Konzentrat - auf Vorbestellung erh\u00e4ltlich - Doskar 4 Equi","isPartOf":{"@id":"https:\/\/www.doskar4equi.at\/#website"},"primaryImageOfPage":{"@id":"https:\/\/www.doskar4equi.at\/produkt\/strahlfaeule-konzentrat-bald-wieder-verfuegbar-als-magistrale-rezeptur\/#primaryimage"},"image":{"@id":"https:\/\/www.doskar4equi.at\/produkt\/strahlfaeule-konzentrat-bald-wieder-verfuegbar-als-magistrale-rezeptur\/#primaryimage"},"thumbnailUrl":"https:\/\/www.doskar4equi.at\/wp-content\/uploads\/2025\/12\/2.png","datePublished":"2025-12-12T22:01:14+00:00","dateModified":"2026-04-16T18:11:00+00:00","description":"Dieses hochwirksame Konzentrat zeichnet sich durch die schnelle Verdunstung des L\u00f6sungsmittels aus, wodurch eine sofortige Desinfektion herbeigef\u00fchrt wird. Durch leichten Druck auf die Flasche das Konzentrat punktgenau auf und in die problematischen Zonen des Hufes auftragen.","breadcrumb":{"@id":"https:\/\/www.doskar4equi.at\/produkt\/strahlfaeule-konzentrat-bald-wieder-verfuegbar-als-magistrale-rezeptur\/#breadcrumb"},"inLanguage":"en-GB","potentialAction":[{"@type":"ReadAction","target":["https:\/\/www.doskar4equi.at\/produkt\/strahlfaeule-konzentrat-bald-wieder-verfuegbar-als-magistrale-rezeptur\/"]}]},{"@type":"ImageObject","inLanguage":"en-GB","@id":"https:\/\/www.doskar4equi.at\/produkt\/strahlfaeule-konzentrat-bald-wieder-verfuegbar-als-magistrale-rezeptur\/#primaryimage","url":"https:\/\/www.doskar4equi.at\/wp-content\/uploads\/2025\/12\/2.png","contentUrl":"https:\/\/www.doskar4equi.at\/wp-content\/uploads\/2025\/12\/2.png","width":1080,"height":1080},{"@type":"BreadcrumbList","@id":"https:\/\/www.doskar4equi.at\/produkt\/strahlfaeule-konzentrat-bald-wieder-verfuegbar-als-magistrale-rezeptur\/#breadcrumb","itemListElement":[{"@type":"ListItem","position":1,"name":"Startseite","item":"https:\/\/www.doskar4equi.at\/"},{"@type":"ListItem","position":2,"name":"Shop","item":"https:\/\/www.doskar4equi.at\/shop\/"},{"@type":"ListItem","position":3,"name":"Strahlf\u00e4ule-Konzentrat &#8211; auf Vorbestellung erh\u00e4ltlich"}]},{"@type":"WebSite","@id":"https:\/\/www.doskar4equi.at\/#website","url":"https:\/\/www.doskar4equi.at\/","name":"Doskar 4 Equi","description":"Pharmazeutisches Fachwissen","potentialAction":[{"@type":"SearchAction","target":{"@type":"EntryPoint","urlTemplate":"https:\/\/www.doskar4equi.at\/?s={search_term_string}"},"query-input":{"@type":"PropertyValueSpecification","valueRequired":true,"valueName":"search_term_string"}}],"inLanguage":"en-GB"}]}},"_links":{"self":[{"href":"https:\/\/www.doskar4equi.at\/en\/wp-json\/wp\/v2\/product\/4055","targetHints":{"allow":["GET"]}}],"collection":[{"href":"https:\/\/www.doskar4equi.at\/en\/wp-json\/wp\/v2\/product"}],"about":[{"href":"https:\/\/www.doskar4equi.at\/en\/wp-json\/wp\/v2\/types\/product"}],"replies":[{"embeddable":true,"href":"https:\/\/www.doskar4equi.at\/en\/wp-json\/wp\/v2\/comments?post=4055"}],"wp:featuredmedia":[{"embeddable":true,"href":"https:\/\/www.doskar4equi.at\/en\/wp-json\/wp\/v2\/media\/4056"}],"wp:attachment":[{"href":"https:\/\/www.doskar4equi.at\/en\/wp-json\/wp\/v2\/media?parent=4055"}],"wp:term":[{"taxonomy":"product_brand","embeddable":true,"href":"https:\/\/www.doskar4equi.at\/en\/wp-json\/wp\/v2\/product_brand?post=4055"},{"taxonomy":"product_cat","embeddable":true,"href":"https:\/\/www.doskar4equi.at\/en\/wp-json\/wp\/v2\/product_cat?post=4055"},{"taxonomy":"product_tag","embeddable":true,"href":"https:\/\/www.doskar4equi.at\/en\/wp-json\/wp\/v2\/product_tag?post=4055"}],"curies":[{"name":"wp","href":"https:\/\/api.w.org\/{rel}","templated":true}]}}