{"id":4469,"date":"2026-02-23T22:13:40","date_gmt":"2026-02-23T22:13:40","guid":{"rendered":"https:\/\/www.doskar4equi.at\/?post_type=product&#038;p=4469"},"modified":"2026-03-09T22:31:54","modified_gmt":"2026-03-09T22:31:54","slug":"performance-duo","status":"publish","type":"product","link":"https:\/\/www.doskar4equi.at\/en\/product\/performance-duo\/","title":{"rendered":"Performance Duo Bundle"},"content":{"rendered":"<div class=\"tabbed-content\">\n\t\t\t\n\t\t\t<ul class=\"nav nav-tabs nav-uppercase nav-size-normal nav-left\" role=\"tablist\"><li id=\"tab-beschreibung\" class=\"tab active has-icon\" role=\"presentation\"><a href=\"#tab_beschreibung\" role=\"tab\" aria-selected=\"true\" aria-controls=\"tab_beschreibung\"><span>Product Description<\/span><\/a><\/li>\n<li id=\"tab-anwendung\" class=\"tab has-icon\" role=\"presentation\"><a href=\"#tab_anwendung\" tabindex=\"-1\" role=\"tab\" aria-selected=\"false\" aria-controls=\"tab_anwendung\"><span>Usage<\/span><\/a><\/li>\n<li id=\"tab-zusammensetzung\" class=\"tab has-icon\" role=\"presentation\"><a href=\"#tab_zusammensetzung\" tabindex=\"-1\" role=\"tab\" aria-selected=\"false\" aria-controls=\"tab_zusammensetzung\"><span>Zusammensetzung<\/span><\/a><\/li><\/ul><div class=\"tab-panels\"><div id=\"tab_beschreibung\" class=\"panel active entry-content\" role=\"tabpanel\" aria-labelledby=\"tab-beschreibung\">\n<p class=\"font-claude-response-body break-words whitespace-normal leading-&#091;1.7&#093;\">Dein Pferd gibt jeden Tag alles \u2014 mit dem <strong>Performance Duo <\/strong>gibst du ihm genau das, was es wirklich braucht. Zwei hochwirksame Erg\u00e4nzungsfuttermittel in Apothekenqualit\u00e4t, perfekt aufeinander abgestimmt f\u00fcr maximale Leistung, gesunden Muskelaufbau und innere Balance.<\/p>\n<p class=\"font-claude-response-body break-words whitespace-normal leading-&#091;1.7&#093;\"><strong>Amino Komplex<\/strong> versorgt die Muskulatur mit essenziellen Aminos\u00e4uren \u2014 den Bausteinen, die f\u00fcr Muskelaufbau, Regeneration und Leistungsf\u00e4higkeit unverzichtbar sind. <strong>Magnesium<\/strong> <strong>Komplex<\/strong> unterst\u00fctzt die Muskelentspannung, st\u00e4rkt das Nervensystem und erh\u00f6ht die psychische Belastbarkeit \u2014 f\u00fcr ein ausgeglichenes, fokussiertes Pferd im Training und am Turnier.<\/p>\n<p class=\"font-claude-response-body break-words whitespace-normal leading-&#091;1.7&#093;\"><strong>Was dieses Bundle besonders macht:<\/strong><\/p>\n<ul class=\"cst-bullet-points\">\n<li>Hochdosiert &#8211; maximale Wirkstoffkonzentration<\/li>\n<li>Ohne zugesetzten Zucker<\/li>\n<li>Ohne F\u00fcllstoffe<\/li>\n<\/ul>\n<\/div>\n<div id=\"tab_anwendung\" class=\"panel entry-content\" role=\"tabpanel\" aria-labelledby=\"tab-anwendung\">\n<p><strong>F\u00fctterungsempfehlung pro Tag:<br \/>\n<\/strong>5-10 g pro 100 kg K\u00f6rpergewicht<\/p>\n<\/div>\n<div id=\"tab_zusammensetzung\" class=\"panel entry-content\" role=\"tabpanel\" aria-labelledby=\"tab-zusammensetzung\">\n<p><strong><span class=\"OYPEnA font-feature-liga-off font-feature-clig-off font-feature-calt-off text-decoration-none text-strikethrough-none\">Amino Komplex<br \/>\n<\/span><\/strong><strong><span class=\"OYPEnA font-feature-liga-off font-feature-clig-off font-feature-calt-off text-decoration-none text-strikethrough-none\">Composition:<\/span><\/strong><span class=\"OYPEnA font-feature-liga-off font-feature-clig-off font-feature-calt-off text-decoration-none text-strikethrough-none\"> Natriumchlorid, Calciumcarbonat<br \/>\n<\/span><strong><span class=\"OYPEnA font-feature-liga-off font-feature-clig-off font-feature-calt-off text-decoration-none text-strikethrough-none\">Analytische Bestandteile i.v.H.:<\/span><\/strong><span class=\"OYPEnA font-feature-liga-off font-feature-clig-off font-feature-calt-off text-decoration-none text-strikethrough-none\"> Rohprotein 0,0; Rohfaser 0,0; Rohfett 0,0; Rohasche 13,8; Natrium 2,7; Calcium 2,7 <\/span><strong><span class=\"OYPEnA font-feature-liga-off font-feature-clig-off font-feature-calt-off text-decoration-none text-strikethrough-none\">Ern\u00e4hrungsphysiologische Zusatzstoffe je kg<\/span><\/strong><span class=\"OYPEnA font-feature-liga-off font-feature-clig-off font-feature-calt-off text-decoration-none text-strikethrough-none\"><strong>:<\/strong> L-Lysin-Monohydrochlorid (3c322) 305.880 mg; Methionin in DL-Methionin (3c301) 223.235 mg; L-Threonin (3c410) 220.980 mg<br \/>\n<\/span><strong>Contents:<\/strong> 2.500 g<\/p>\n<p><strong>Magnesium Komplex<\/strong><br \/>\n<strong>Composition:\u00a0<\/strong><span lang=\"DE\">Magnesiumoxid, Magnesiumcitrat, Magnesiumfumarat<br \/>\n<\/span><strong>Analytical components:\u00a0<\/strong><span lang=\"DE\">Magnesium 34,8; Calcium 0,0; Phosphor 0,0; Natrium 0,0<br \/>\n<\/span><strong><span lang=\"DE\">Technological additives:\u00a0<\/span><\/strong><span lang=\"DE\">Lecithin (1c322iii) 94.000 mg<br \/>\n<\/span><strong>Contents:<\/strong> 2.500 g<\/p>\n<\/div><\/div><\/div>","protected":false},"excerpt":{"rendered":"<h3><\/h3>\n<h3><span style=\"font-size: 100%; color: #a9657e;\"><strong>Gezielte Unterst\u00fctzung f\u00fcr Muskulatur, Regeneration und innere Balance<\/strong><\/span><\/h3>\n<ul class=\"cst-bullet-points\">\n<li data-start=\"1667\" data-end=\"1718\">\n<p data-start=\"1669\" data-end=\"1718\">Aminos\u00e4uren zur Unterst\u00fctzung von Proteinstoffwechsel und Muskelaufbau<\/p>\n<\/li>\n<li data-start=\"1719\" data-end=\"1761\">\n<p data-start=\"1721\" data-end=\"1761\">Magnesium f\u00fcr die Regeneration nach dem Training und bei intensiver Belastung<\/p>\n<\/li>\n<li data-start=\"1719\" data-end=\"1761\">\n<p data-start=\"1721\" data-end=\"1761\">Sinnvoll kombinierte N\u00e4hrstoffe f\u00fcr eine strukturierte Erg\u00e4nzung<\/p>\n<\/li>\n<\/ul>\n<h4><strong>FEI Clean Sport: approved \/ ADMR: approved<\/strong><\/h4>\n<p><img loading=\"lazy\" decoding=\"async\" class=\"alignnone wp-image-4329\" src=\"https:\/\/www.doskar4equi.at\/wp-content\/uploads\/2024\/12\/2-300x300.png\" alt=\"\" width=\"120\" height=\"120\" srcset=\"https:\/\/www.doskar4equi.at\/wp-content\/uploads\/2024\/12\/2-300x300.png 300w, https:\/\/www.doskar4equi.at\/wp-content\/uploads\/2024\/12\/2-500x500.png 500w, https:\/\/www.doskar4equi.at\/wp-content\/uploads\/2024\/12\/2-100x100.png 100w, https:\/\/www.doskar4equi.at\/wp-content\/uploads\/2024\/12\/2-510x510.png 510w, https:\/\/www.doskar4equi.at\/wp-content\/uploads\/2024\/12\/2-150x150.png 150w, https:\/\/www.doskar4equi.at\/wp-content\/uploads\/2024\/12\/2-12x12.png 12w, https:\/\/www.doskar4equi.at\/wp-content\/uploads\/2024\/12\/2.png 700w\" sizes=\"auto, (max-width: 120px) 100vw, 120px\" \/><img loading=\"lazy\" decoding=\"async\" class=\"alignnone wp-image-4328\" src=\"https:\/\/www.doskar4equi.at\/wp-content\/uploads\/2024\/12\/1-300x300.png\" alt=\"\" width=\"120\" height=\"120\" srcset=\"https:\/\/www.doskar4equi.at\/wp-content\/uploads\/2024\/12\/1-300x300.png 300w, https:\/\/www.doskar4equi.at\/wp-content\/uploads\/2024\/12\/1-500x500.png 500w, https:\/\/www.doskar4equi.at\/wp-content\/uploads\/2024\/12\/1-100x100.png 100w, https:\/\/www.doskar4equi.at\/wp-content\/uploads\/2024\/12\/1-510x510.png 510w, https:\/\/www.doskar4equi.at\/wp-content\/uploads\/2024\/12\/1-150x150.png 150w, https:\/\/www.doskar4equi.at\/wp-content\/uploads\/2024\/12\/1-12x12.png 12w, https:\/\/www.doskar4equi.at\/wp-content\/uploads\/2024\/12\/1.png 700w\" sizes=\"auto, (max-width: 120px) 100vw, 120px\" \/><img loading=\"lazy\" decoding=\"async\" class=\"alignnone wp-image-4330\" src=\"https:\/\/www.doskar4equi.at\/wp-content\/uploads\/2024\/12\/3-300x300.png\" alt=\"\" width=\"120\" height=\"120\" srcset=\"https:\/\/www.doskar4equi.at\/wp-content\/uploads\/2024\/12\/3-300x300.png 300w, https:\/\/www.doskar4equi.at\/wp-content\/uploads\/2024\/12\/3-500x500.png 500w, https:\/\/www.doskar4equi.at\/wp-content\/uploads\/2024\/12\/3-100x100.png 100w, https:\/\/www.doskar4equi.at\/wp-content\/uploads\/2024\/12\/3-510x510.png 510w, https:\/\/www.doskar4equi.at\/wp-content\/uploads\/2024\/12\/3-150x150.png 150w, https:\/\/www.doskar4equi.at\/wp-content\/uploads\/2024\/12\/3-12x12.png 12w, https:\/\/www.doskar4equi.at\/wp-content\/uploads\/2024\/12\/3.png 700w\" sizes=\"auto, (max-width: 120px) 100vw, 120px\" \/><\/p>","protected":false},"featured_media":4477,"comment_status":"open","ping_status":"closed","template":"","meta":[],"product_brand":[],"product_cat":[34,37],"product_tag":[179,180,181,182],"class_list":{"0":"post-4469","1":"product","2":"type-product","3":"status-publish","4":"has-post-thumbnail","6":"product_cat-vitamine-mineralstoffe","7":"product_cat-bewegungsapparat","8":"product_tag-muskelaufbau","9":"product_tag-muskelstoffwechsel","10":"product_tag-pssm","11":"product_tag-aminosaeuren","13":"first","14":"outofstock","15":"sale","16":"taxable","17":"shipping-taxable","18":"purchasable","19":"product-type-simple"},"yoast_head":"<!-- This site is optimized with the Yoast SEO plugin v27.4 - https:\/\/yoast.com\/product\/yoast-seo-wordpress\/ -->\n<title>Performance Duo Bundle - Doskar 4 Equi<\/title>\n<meta name=\"description\" content=\"Mehr Muskelkraft, mehr Balance - das Performance Duo Bundle vereint Aminos\u00e4uren &amp; Magnesium f\u00fcr maximale Leistung und innere St\u00e4rke. Hochdosiert, zuckerfrei, ohne F\u00fcllstoffe.\" \/>\n<meta name=\"robots\" content=\"index, follow, max-snippet:-1, max-image-preview:large, max-video-preview:-1\" \/>\n<link rel=\"canonical\" href=\"https:\/\/www.doskar4equi.at\/en\/product\/performance-duo\/\" \/>\n<meta property=\"og:locale\" content=\"en_GB\" \/>\n<meta property=\"og:type\" content=\"article\" \/>\n<meta property=\"og:title\" content=\"Performance Duo Bundle - Doskar 4 Equi\" \/>\n<meta property=\"og:description\" content=\"Mehr Muskelkraft, mehr Balance - das Performance Duo Bundle vereint Aminos\u00e4uren &amp; Magnesium f\u00fcr maximale Leistung und innere St\u00e4rke. Hochdosiert, zuckerfrei, ohne F\u00fcllstoffe.\" \/>\n<meta property=\"og:url\" content=\"https:\/\/www.doskar4equi.at\/en\/product\/performance-duo\/\" \/>\n<meta property=\"og:site_name\" content=\"Doskar 4 Equi\" \/>\n<meta property=\"article:modified_time\" content=\"2026-03-09T22:31:54+00:00\" \/>\n<meta property=\"og:image\" content=\"https:\/\/www.doskar4equi.at\/wp-content\/uploads\/2026\/02\/Performance-Bundle.png\" \/>\n\t<meta property=\"og:image:width\" content=\"1620\" \/>\n\t<meta property=\"og:image:height\" content=\"1620\" \/>\n\t<meta property=\"og:image:type\" content=\"image\/png\" \/>\n<meta name=\"twitter:card\" content=\"summary_large_image\" \/>\n<meta name=\"twitter:label1\" content=\"Estimated reading time\" \/>\n\t<meta name=\"twitter:data1\" content=\"2 minutes\" \/>\n<script type=\"application\/ld+json\" class=\"yoast-schema-graph\">{\"@context\":\"https:\\\/\\\/schema.org\",\"@graph\":[{\"@type\":\"WebPage\",\"@id\":\"https:\\\/\\\/www.doskar4equi.at\\\/produkt\\\/performance-duo\\\/\",\"url\":\"https:\\\/\\\/www.doskar4equi.at\\\/produkt\\\/performance-duo\\\/\",\"name\":\"Performance Duo Bundle - Doskar 4 Equi\",\"isPartOf\":{\"@id\":\"https:\\\/\\\/www.doskar4equi.at\\\/#website\"},\"primaryImageOfPage\":{\"@id\":\"https:\\\/\\\/www.doskar4equi.at\\\/produkt\\\/performance-duo\\\/#primaryimage\"},\"image\":{\"@id\":\"https:\\\/\\\/www.doskar4equi.at\\\/produkt\\\/performance-duo\\\/#primaryimage\"},\"thumbnailUrl\":\"https:\\\/\\\/www.doskar4equi.at\\\/wp-content\\\/uploads\\\/2026\\\/02\\\/Performance-Bundle.png\",\"datePublished\":\"2026-02-23T22:13:40+00:00\",\"dateModified\":\"2026-03-09T22:31:54+00:00\",\"description\":\"Mehr Muskelkraft, mehr Balance - das Performance Duo Bundle vereint Aminos\u00e4uren & Magnesium f\u00fcr maximale Leistung und innere St\u00e4rke. Hochdosiert, zuckerfrei, ohne F\u00fcllstoffe.\",\"breadcrumb\":{\"@id\":\"https:\\\/\\\/www.doskar4equi.at\\\/produkt\\\/performance-duo\\\/#breadcrumb\"},\"inLanguage\":\"en-GB\",\"potentialAction\":[{\"@type\":\"ReadAction\",\"target\":[\"https:\\\/\\\/www.doskar4equi.at\\\/produkt\\\/performance-duo\\\/\"]}]},{\"@type\":\"ImageObject\",\"inLanguage\":\"en-GB\",\"@id\":\"https:\\\/\\\/www.doskar4equi.at\\\/produkt\\\/performance-duo\\\/#primaryimage\",\"url\":\"https:\\\/\\\/www.doskar4equi.at\\\/wp-content\\\/uploads\\\/2026\\\/02\\\/Performance-Bundle.png\",\"contentUrl\":\"https:\\\/\\\/www.doskar4equi.at\\\/wp-content\\\/uploads\\\/2026\\\/02\\\/Performance-Bundle.png\",\"width\":1620,\"height\":1620,\"caption\":\"Performance Bundle\"},{\"@type\":\"BreadcrumbList\",\"@id\":\"https:\\\/\\\/www.doskar4equi.at\\\/produkt\\\/performance-duo\\\/#breadcrumb\",\"itemListElement\":[{\"@type\":\"ListItem\",\"position\":1,\"name\":\"Startseite\",\"item\":\"https:\\\/\\\/www.doskar4equi.at\\\/\"},{\"@type\":\"ListItem\",\"position\":2,\"name\":\"Shop\",\"item\":\"https:\\\/\\\/www.doskar4equi.at\\\/shop\\\/\"},{\"@type\":\"ListItem\",\"position\":3,\"name\":\"Performance Duo Bundle\"}]},{\"@type\":\"WebSite\",\"@id\":\"https:\\\/\\\/www.doskar4equi.at\\\/#website\",\"url\":\"https:\\\/\\\/www.doskar4equi.at\\\/\",\"name\":\"Doskar 4 Equi\",\"description\":\"Pharmazeutisches Fachwissen\",\"potentialAction\":[{\"@type\":\"SearchAction\",\"target\":{\"@type\":\"EntryPoint\",\"urlTemplate\":\"https:\\\/\\\/www.doskar4equi.at\\\/?s={search_term_string}\"},\"query-input\":{\"@type\":\"PropertyValueSpecification\",\"valueRequired\":true,\"valueName\":\"search_term_string\"}}],\"inLanguage\":\"en-GB\"}]}<\/script>\n<!-- \/ Yoast SEO plugin. -->","yoast_head_json":{"title":"Performance Duo Bundle - Doskar 4 Equi","description":"Mehr Muskelkraft, mehr Balance - das Performance Duo Bundle vereint Aminos\u00e4uren & Magnesium f\u00fcr maximale Leistung und innere St\u00e4rke. Hochdosiert, zuckerfrei, ohne F\u00fcllstoffe.","robots":{"index":"index","follow":"follow","max-snippet":"max-snippet:-1","max-image-preview":"max-image-preview:large","max-video-preview":"max-video-preview:-1"},"canonical":"https:\/\/www.doskar4equi.at\/en\/product\/performance-duo\/","og_locale":"en_GB","og_type":"article","og_title":"Performance Duo Bundle - Doskar 4 Equi","og_description":"Mehr Muskelkraft, mehr Balance - das Performance Duo Bundle vereint Aminos\u00e4uren & Magnesium f\u00fcr maximale Leistung und innere St\u00e4rke. Hochdosiert, zuckerfrei, ohne F\u00fcllstoffe.","og_url":"https:\/\/www.doskar4equi.at\/en\/product\/performance-duo\/","og_site_name":"Doskar 4 Equi","article_modified_time":"2026-03-09T22:31:54+00:00","og_image":[{"width":1620,"height":1620,"url":"https:\/\/www.doskar4equi.at\/wp-content\/uploads\/2026\/02\/Performance-Bundle.png","type":"image\/png"}],"twitter_card":"summary_large_image","twitter_misc":{"Estimated reading time":"2 minutes"},"schema":{"@context":"https:\/\/schema.org","@graph":[{"@type":"WebPage","@id":"https:\/\/www.doskar4equi.at\/produkt\/performance-duo\/","url":"https:\/\/www.doskar4equi.at\/produkt\/performance-duo\/","name":"Performance Duo Bundle - Doskar 4 Equi","isPartOf":{"@id":"https:\/\/www.doskar4equi.at\/#website"},"primaryImageOfPage":{"@id":"https:\/\/www.doskar4equi.at\/produkt\/performance-duo\/#primaryimage"},"image":{"@id":"https:\/\/www.doskar4equi.at\/produkt\/performance-duo\/#primaryimage"},"thumbnailUrl":"https:\/\/www.doskar4equi.at\/wp-content\/uploads\/2026\/02\/Performance-Bundle.png","datePublished":"2026-02-23T22:13:40+00:00","dateModified":"2026-03-09T22:31:54+00:00","description":"Mehr Muskelkraft, mehr Balance - das Performance Duo Bundle vereint Aminos\u00e4uren & Magnesium f\u00fcr maximale Leistung und innere St\u00e4rke. Hochdosiert, zuckerfrei, ohne F\u00fcllstoffe.","breadcrumb":{"@id":"https:\/\/www.doskar4equi.at\/produkt\/performance-duo\/#breadcrumb"},"inLanguage":"en-GB","potentialAction":[{"@type":"ReadAction","target":["https:\/\/www.doskar4equi.at\/produkt\/performance-duo\/"]}]},{"@type":"ImageObject","inLanguage":"en-GB","@id":"https:\/\/www.doskar4equi.at\/produkt\/performance-duo\/#primaryimage","url":"https:\/\/www.doskar4equi.at\/wp-content\/uploads\/2026\/02\/Performance-Bundle.png","contentUrl":"https:\/\/www.doskar4equi.at\/wp-content\/uploads\/2026\/02\/Performance-Bundle.png","width":1620,"height":1620,"caption":"Performance Bundle"},{"@type":"BreadcrumbList","@id":"https:\/\/www.doskar4equi.at\/produkt\/performance-duo\/#breadcrumb","itemListElement":[{"@type":"ListItem","position":1,"name":"Startseite","item":"https:\/\/www.doskar4equi.at\/"},{"@type":"ListItem","position":2,"name":"Shop","item":"https:\/\/www.doskar4equi.at\/shop\/"},{"@type":"ListItem","position":3,"name":"Performance Duo Bundle"}]},{"@type":"WebSite","@id":"https:\/\/www.doskar4equi.at\/#website","url":"https:\/\/www.doskar4equi.at\/","name":"Doskar 4 Equi","description":"Pharmazeutisches Fachwissen","potentialAction":[{"@type":"SearchAction","target":{"@type":"EntryPoint","urlTemplate":"https:\/\/www.doskar4equi.at\/?s={search_term_string}"},"query-input":{"@type":"PropertyValueSpecification","valueRequired":true,"valueName":"search_term_string"}}],"inLanguage":"en-GB"}]}},"_links":{"self":[{"href":"https:\/\/www.doskar4equi.at\/en\/wp-json\/wp\/v2\/product\/4469","targetHints":{"allow":["GET"]}}],"collection":[{"href":"https:\/\/www.doskar4equi.at\/en\/wp-json\/wp\/v2\/product"}],"about":[{"href":"https:\/\/www.doskar4equi.at\/en\/wp-json\/wp\/v2\/types\/product"}],"replies":[{"embeddable":true,"href":"https:\/\/www.doskar4equi.at\/en\/wp-json\/wp\/v2\/comments?post=4469"}],"wp:featuredmedia":[{"embeddable":true,"href":"https:\/\/www.doskar4equi.at\/en\/wp-json\/wp\/v2\/media\/4477"}],"wp:attachment":[{"href":"https:\/\/www.doskar4equi.at\/en\/wp-json\/wp\/v2\/media?parent=4469"}],"wp:term":[{"taxonomy":"product_brand","embeddable":true,"href":"https:\/\/www.doskar4equi.at\/en\/wp-json\/wp\/v2\/product_brand?post=4469"},{"taxonomy":"product_cat","embeddable":true,"href":"https:\/\/www.doskar4equi.at\/en\/wp-json\/wp\/v2\/product_cat?post=4469"},{"taxonomy":"product_tag","embeddable":true,"href":"https:\/\/www.doskar4equi.at\/en\/wp-json\/wp\/v2\/product_tag?post=4469"}],"curies":[{"name":"wp","href":"https:\/\/api.w.org\/{rel}","templated":true}]}}