{"id":4519,"date":"2026-03-06T21:53:27","date_gmt":"2026-03-06T21:53:27","guid":{"rendered":"https:\/\/www.doskar4equi.at\/?post_type=product&#038;p=4519"},"modified":"2026-03-07T09:00:28","modified_gmt":"2026-03-07T09:00:28","slug":"mobilitaets-bundle","status":"publish","type":"product","link":"https:\/\/www.doskar4equi.at\/en\/product\/mobilitaets-bundle\/","title":{"rendered":"Mobilit\u00e4ts-Bundle"},"content":{"rendered":"<div class=\"tabbed-content\">\n\t\t\t\n\t\t\t<ul class=\"nav nav-tabs nav-uppercase nav-size-normal nav-left\" role=\"tablist\"><li id=\"tab-beschreibung\" class=\"tab active has-icon\" role=\"presentation\"><a href=\"#tab_beschreibung\" role=\"tab\" aria-selected=\"true\" aria-controls=\"tab_beschreibung\"><span>Product Description<\/span><\/a><\/li>\n<li id=\"tab-anwendung\" class=\"tab has-icon\" role=\"presentation\"><a href=\"#tab_anwendung\" tabindex=\"-1\" role=\"tab\" aria-selected=\"false\" aria-controls=\"tab_anwendung\"><span>Usage<\/span><\/a><\/li>\n<li id=\"tab-zusammensetzung\" class=\"tab has-icon\" role=\"presentation\"><a href=\"#tab_zusammensetzung\" tabindex=\"-1\" role=\"tab\" aria-selected=\"false\" aria-controls=\"tab_zusammensetzung\"><span>Zusammensetzung<\/span><\/a><\/li><\/ul><div class=\"tab-panels\"><div id=\"tab_beschreibung\" class=\"panel active entry-content\" role=\"tabpanel\" aria-labelledby=\"tab-beschreibung\">\n<p data-start=\"217\" data-end=\"580\">Unser Mobilit\u00e4ts-Bundle kombiniert zwei perfekt aufeinander abgestimmte Erg\u00e4nzungsfuttermittel: <strong data-start=\"315\" data-end=\"337\">Mobil Forte <\/strong>and <strong data-start=\"342\" data-end=\"387\">Magnesium\/Vitamin B &amp; L-Tryptophan. <\/strong>Gemeinsam unterst\u00fctzen sie Bewegungsapparat, Muskulatur und Nervenstoffwechsel \u2013 f\u00fcr mehr Bewegungsfreude, bessere Regeneration und eine ausgeglichene Leistungsbereitschaft.<\/p>\n<p data-start=\"582\" data-end=\"888\"><strong data-start=\"582\" data-end=\"604\">Mobil Forte <\/strong>versorgt den Organismus mit ausgew\u00e4hlten Inhaltsstoffen zur ern\u00e4hrungsphysiologischen Unterst\u00fctzung von Gelenken, Sehnen und B\u00e4ndern. So kann der Bewegungsapparat auch bei regelm\u00e4\u00dfiger Belastung optimal begleitet werden \u2013 ideal f\u00fcr Sportpferde, \u00e4ltere Pferde oder Pferde im Training.<\/p>\n<p data-start=\"890\" data-end=\"1307\"><strong data-start=\"890\" data-end=\"935\">Magnesium\/Vitamin B &amp; L-Tryptophan <\/strong>liefert wichtige N\u00e4hrstoffe f\u00fcr Muskelfunktion, Regeneration und nervliche Balance. Magnesium tr\u00e4gt zur normalen Funktion von Muskeln und Nerven bei und unterst\u00fctzt die Entspannung der Muskulatur nach Belastung. B-Vitamine f\u00f6rdern den Energiestoffwechsel, w\u00e4hrend L-Tryptophan als essenzielle Aminos\u00e4ure eine wichtige Rolle f\u00fcr Wohlbefinden und Gelassenheit spielen kann.<\/p>\n<\/div>\n<div id=\"tab_anwendung\" class=\"panel entry-content\" role=\"tabpanel\" aria-labelledby=\"tab-anwendung\">\n<p><strong>F\u00fctterungsempfehlung pro Tag:<br \/>\n<\/strong>je 25-50ml<\/p>\n<\/div>\n<div id=\"tab_zusammensetzung\" class=\"panel entry-content\" role=\"tabpanel\" aria-labelledby=\"tab-zusammensetzung\">\n<p><strong><span class=\"OYPEnA font-feature-liga-off font-feature-clig-off font-feature-calt-off text-decoration-none text-strikethrough-none\">Mobil Forte:<br \/>\n<\/span><\/strong><\/p>\n<p><strong>Composition:<\/strong><br \/>\n<span class=\"OYPEnA font-feature-liga-off font-feature-clig-off font-feature-calt-off text-decoration-none text-strikethrough-none\">Methylsulfonylmethan, Chondroitinsulfat, Glucosaminhydrochlorid, Hyalurons\u00e4ure, Propylenglykol<\/span><\/p>\n<p><span class=\"OYPEnA font-feature-liga-off font-feature-clig-off font-feature-calt-off text-decoration-none text-strikethrough-none\"><strong>Analytical components and levels:\u00a0<\/strong><br \/>\nCrude protein 5.10%, crude fat 0.00%, crude fibre 0.00%, crude ash 0.20%, sodium 0.08%, moisture 92.30%<br \/>\n<\/span><\/p>\n<p><span class=\"OYPEnA font-feature-liga-off font-feature-clig-off font-feature-calt-off text-decoration-none text-strikethrough-none\"><strong>Additives per litre:<br \/>\n<\/strong><\/span>Nutritional additives: L-threonine (3c410) 200 mg, <span class=\"OYPEnA font-feature-liga-off font-feature-clig-off font-feature-calt-off text-decoration-none text-strikethrough-none\">L-Isoleucin (3c381) 500 mg;<br \/>\nSensory additives: <\/span><span class=\"OYPEnA font-feature-liga-off font-feature-clig-off font-feature-calt-off text-decoration-none text-strikethrough-none\">L-glutamic acid (2b620) 600 mg, beta-alanine (2b17001) 300 mg, <\/span><span class=\"OYPEnA font-feature-liga-off font-feature-clig-off font-feature-calt-off text-decoration-none text-strikethrough-none\">L-arginine (2b17003) 200 mg, L-histidine (2b17008) 300 mg, L-leucine (2b17012) 500 mg, L-phenylalanine (2b17018) 2,000 mg, L-valine (2b17028) 500 mg, glycine (2b17034) 600 mg; Technological additives: potassium sorbate (1k202) 2,000 mg, sodium propionate (1k281) 2,000 mg, citric acid (1a330) 1,000 mg, xanthan gum (E415)<\/span><\/p>\n<p><strong>Contents:<\/strong> 1L<\/p>\n<p><strong>Magnesium\/Vitamin B12 &amp; L-Tryptophan<\/strong><\/p>\n<p><strong>Composition:<\/strong><br \/>\n<span class=\"OYPEnA font-feature-liga-off font-feature-clig-off font-feature-calt-off text-decoration-none text-strikethrough-none\">Magnesium chloride, calcium chloride, dextrose<\/span><\/p>\n<p><span class=\"OYPEnA font-feature-liga-off font-feature-clig-off font-feature-calt-off text-decoration-none text-strikethrough-none\"><strong>Analytical components and levels:\u00a0<\/strong><br \/>\nCrude protein 0.10%, crude fibre 0.00%, crude fat 0.00%, crude ash 11.7%, magnesium 4.00%, calcium 1.47%, sodium 0.15%, moisture 68%<br \/>\n<\/span><\/p>\n<p><span class=\"OYPEnA font-feature-liga-off font-feature-clig-off font-feature-calt-off text-decoration-none text-strikethrough-none\"><strong>Additives per litre:<br \/>\n<\/strong><\/span><span class=\"OYPEnA font-feature-liga-off font-feature-clig-off font-feature-calt-off text-decoration-none text-strikethrough-none\">Nutritional additives: Vitamin B12 (3a837), <\/span><span class=\"OYPEnA font-feature-liga-off font-feature-clig-off font-feature-calt-off text-decoration-none text-strikethrough-none\">100,000 mcg, zinc as zinc chloride, anhydrous (3b602) 233 mg, L-tryptophan (3c440) 1,000 mg<br \/>\n<\/span><span class=\"OYPEnA font-feature-liga-off font-feature-clig-off font-feature-calt-off text-decoration-none text-strikethrough-none\">Sensory additives: Apple flavouring 300 mg<br \/>\n<\/span><span class=\"OYPEnA font-feature-liga-off font-feature-clig-off font-feature-calt-off text-decoration-none text-strikethrough-none\">Technological additives: Sodium propionate (1k281) <\/span><span class=\"OYPEnA font-feature-liga-off font-feature-clig-off font-feature-calt-off text-decoration-none text-strikethrough-none\">2,000 mg, citric acid (1a330) 600 mg<br \/>\n<\/span><\/p>\n<p><strong>Contents:<\/strong> 1L<\/p>\n<\/div><\/div><\/div>","protected":false},"excerpt":{"rendered":"<h3><\/h3>\n<h3><span style=\"font-size: 100%; color: #a9657e;\"><strong>Gezielte Unterst\u00fctzung f\u00fcr Beweglichkeit, Gelenkfunktion &amp; Regeneration<\/strong><\/span><\/h3>\n<ul class=\"cst-bullet-points\">\n<li data-start=\"1667\" data-end=\"1718\">\n<p data-start=\"1669\" data-end=\"1718\">Mobil Forte mit Hyaluron, MSM, Glucosamin &amp; Chondroitin<\/p>\n<\/li>\n<li data-start=\"1719\" data-end=\"1761\">\n<p data-start=\"1721\" data-end=\"1761\">Magnesium f\u00fcr die Regeneration nach dem Training und bei intensiver Belastung<\/p>\n<\/li>\n<li data-start=\"1719\" data-end=\"1761\">\n<p data-start=\"1721\" data-end=\"1761\">Sinnvoll kombinierte N\u00e4hrstoffe f\u00fcr eine strukturierte Erg\u00e4nzung<\/p>\n<\/li>\n<\/ul>\n<p><img loading=\"lazy\" decoding=\"async\" class=\"alignnone wp-image-4329\" src=\"https:\/\/www.doskar4equi.at\/wp-content\/uploads\/2024\/12\/2-300x300.png\" alt=\"\" width=\"120\" height=\"120\" srcset=\"https:\/\/www.doskar4equi.at\/wp-content\/uploads\/2024\/12\/2-300x300.png 300w, https:\/\/www.doskar4equi.at\/wp-content\/uploads\/2024\/12\/2-500x500.png 500w, https:\/\/www.doskar4equi.at\/wp-content\/uploads\/2024\/12\/2-100x100.png 100w, https:\/\/www.doskar4equi.at\/wp-content\/uploads\/2024\/12\/2-510x510.png 510w, https:\/\/www.doskar4equi.at\/wp-content\/uploads\/2024\/12\/2-150x150.png 150w, https:\/\/www.doskar4equi.at\/wp-content\/uploads\/2024\/12\/2-12x12.png 12w, https:\/\/www.doskar4equi.at\/wp-content\/uploads\/2024\/12\/2.png 700w\" sizes=\"auto, (max-width: 120px) 100vw, 120px\" \/><img loading=\"lazy\" decoding=\"async\" class=\"alignnone wp-image-4342\" src=\"https:\/\/www.doskar4equi.at\/wp-content\/uploads\/2025\/06\/Icons-1080-x-300-px-700-x-900-px-700-x-700-px-2-300x300.png\" alt=\"\" width=\"120\" height=\"120\" srcset=\"https:\/\/www.doskar4equi.at\/wp-content\/uploads\/2025\/06\/Icons-1080-x-300-px-700-x-900-px-700-x-700-px-2-300x300.png 300w, https:\/\/www.doskar4equi.at\/wp-content\/uploads\/2025\/06\/Icons-1080-x-300-px-700-x-900-px-700-x-700-px-2-500x500.png 500w, https:\/\/www.doskar4equi.at\/wp-content\/uploads\/2025\/06\/Icons-1080-x-300-px-700-x-900-px-700-x-700-px-2-100x100.png 100w, https:\/\/www.doskar4equi.at\/wp-content\/uploads\/2025\/06\/Icons-1080-x-300-px-700-x-900-px-700-x-700-px-2-510x510.png 510w, https:\/\/www.doskar4equi.at\/wp-content\/uploads\/2025\/06\/Icons-1080-x-300-px-700-x-900-px-700-x-700-px-2-150x150.png 150w, https:\/\/www.doskar4equi.at\/wp-content\/uploads\/2025\/06\/Icons-1080-x-300-px-700-x-900-px-700-x-700-px-2-12x12.png 12w, https:\/\/www.doskar4equi.at\/wp-content\/uploads\/2025\/06\/Icons-1080-x-300-px-700-x-900-px-700-x-700-px-2.png 700w\" sizes=\"auto, (max-width: 120px) 100vw, 120px\" \/><\/p>","protected":false},"featured_media":4521,"comment_status":"open","ping_status":"closed","template":"","meta":[],"product_brand":[],"product_cat":[37,39],"product_tag":[180,181,182,179],"class_list":{"0":"post-4519","1":"product","2":"type-product","3":"status-publish","4":"has-post-thumbnail","6":"product_cat-bewegungsapparat","7":"product_cat-liquids","8":"product_tag-muskelstoffwechsel","9":"product_tag-pssm","10":"product_tag-aminosaeuren","11":"product_tag-muskelaufbau","13":"first","14":"instock","15":"sale","16":"taxable","17":"shipping-taxable","18":"purchasable","19":"product-type-simple"},"yoast_head":"<!-- This site is optimized with the Yoast SEO plugin v27.3 - https:\/\/yoast.com\/product\/yoast-seo-wordpress\/ -->\n<title>Mobilit\u00e4ts-Bundle - Doskar 4 Equi<\/title>\n<meta name=\"description\" content=\"Unser Mobilit\u00e4ts-Bundle kombiniert zwei perfekt aufeinander abgestimmte Erg\u00e4nzungsfuttermittel: Mobil Forte und Magnesium\/Vitamin B &amp; L-Tryptophan. Gemeinsam unterst\u00fctzen sie Bewegungsapparat, Muskulatur und Nervenstoffwechsel\" \/>\n<meta name=\"robots\" content=\"index, follow, max-snippet:-1, max-image-preview:large, max-video-preview:-1\" \/>\n<link rel=\"canonical\" href=\"https:\/\/www.doskar4equi.at\/en\/product\/mobilitaets-bundle\/\" \/>\n<meta property=\"og:locale\" content=\"en_GB\" \/>\n<meta property=\"og:type\" content=\"article\" \/>\n<meta property=\"og:title\" content=\"Mobilit\u00e4ts-Bundle - Doskar 4 Equi\" \/>\n<meta property=\"og:description\" content=\"Unser Mobilit\u00e4ts-Bundle kombiniert zwei perfekt aufeinander abgestimmte Erg\u00e4nzungsfuttermittel: Mobil Forte und Magnesium\/Vitamin B &amp; L-Tryptophan. Gemeinsam unterst\u00fctzen sie Bewegungsapparat, Muskulatur und Nervenstoffwechsel\" \/>\n<meta property=\"og:url\" content=\"https:\/\/www.doskar4equi.at\/en\/product\/mobilitaets-bundle\/\" \/>\n<meta property=\"og:site_name\" content=\"Doskar 4 Equi\" \/>\n<meta property=\"article:modified_time\" content=\"2026-03-07T09:00:28+00:00\" \/>\n<meta property=\"og:image\" content=\"https:\/\/www.doskar4equi.at\/wp-content\/uploads\/2026\/03\/Mobilbundle.png\" \/>\n\t<meta property=\"og:image:width\" content=\"1080\" \/>\n\t<meta property=\"og:image:height\" content=\"1080\" \/>\n\t<meta property=\"og:image:type\" content=\"image\/png\" \/>\n<meta name=\"twitter:card\" content=\"summary_large_image\" \/>\n<meta name=\"twitter:label1\" content=\"Estimated reading time\" \/>\n\t<meta name=\"twitter:data1\" content=\"2 minutes\" \/>\n<script type=\"application\/ld+json\" class=\"yoast-schema-graph\">{\"@context\":\"https:\\\/\\\/schema.org\",\"@graph\":[{\"@type\":\"WebPage\",\"@id\":\"https:\\\/\\\/www.doskar4equi.at\\\/produkt\\\/mobilitaets-bundle\\\/\",\"url\":\"https:\\\/\\\/www.doskar4equi.at\\\/produkt\\\/mobilitaets-bundle\\\/\",\"name\":\"Mobilit\u00e4ts-Bundle - Doskar 4 Equi\",\"isPartOf\":{\"@id\":\"https:\\\/\\\/www.doskar4equi.at\\\/#website\"},\"primaryImageOfPage\":{\"@id\":\"https:\\\/\\\/www.doskar4equi.at\\\/produkt\\\/mobilitaets-bundle\\\/#primaryimage\"},\"image\":{\"@id\":\"https:\\\/\\\/www.doskar4equi.at\\\/produkt\\\/mobilitaets-bundle\\\/#primaryimage\"},\"thumbnailUrl\":\"https:\\\/\\\/www.doskar4equi.at\\\/wp-content\\\/uploads\\\/2026\\\/03\\\/Mobilbundle.png\",\"datePublished\":\"2026-03-06T21:53:27+00:00\",\"dateModified\":\"2026-03-07T09:00:28+00:00\",\"description\":\"Unser Mobilit\u00e4ts-Bundle kombiniert zwei perfekt aufeinander abgestimmte Erg\u00e4nzungsfuttermittel: Mobil Forte und Magnesium\\\/Vitamin B & L-Tryptophan. Gemeinsam unterst\u00fctzen sie Bewegungsapparat, Muskulatur und Nervenstoffwechsel\",\"breadcrumb\":{\"@id\":\"https:\\\/\\\/www.doskar4equi.at\\\/produkt\\\/mobilitaets-bundle\\\/#breadcrumb\"},\"inLanguage\":\"en-GB\",\"potentialAction\":[{\"@type\":\"ReadAction\",\"target\":[\"https:\\\/\\\/www.doskar4equi.at\\\/produkt\\\/mobilitaets-bundle\\\/\"]}]},{\"@type\":\"ImageObject\",\"inLanguage\":\"en-GB\",\"@id\":\"https:\\\/\\\/www.doskar4equi.at\\\/produkt\\\/mobilitaets-bundle\\\/#primaryimage\",\"url\":\"https:\\\/\\\/www.doskar4equi.at\\\/wp-content\\\/uploads\\\/2026\\\/03\\\/Mobilbundle.png\",\"contentUrl\":\"https:\\\/\\\/www.doskar4equi.at\\\/wp-content\\\/uploads\\\/2026\\\/03\\\/Mobilbundle.png\",\"width\":1080,\"height\":1080},{\"@type\":\"BreadcrumbList\",\"@id\":\"https:\\\/\\\/www.doskar4equi.at\\\/produkt\\\/mobilitaets-bundle\\\/#breadcrumb\",\"itemListElement\":[{\"@type\":\"ListItem\",\"position\":1,\"name\":\"Startseite\",\"item\":\"https:\\\/\\\/www.doskar4equi.at\\\/\"},{\"@type\":\"ListItem\",\"position\":2,\"name\":\"Shop\",\"item\":\"https:\\\/\\\/www.doskar4equi.at\\\/shop\\\/\"},{\"@type\":\"ListItem\",\"position\":3,\"name\":\"Mobilit\u00e4ts-Bundle\"}]},{\"@type\":\"WebSite\",\"@id\":\"https:\\\/\\\/www.doskar4equi.at\\\/#website\",\"url\":\"https:\\\/\\\/www.doskar4equi.at\\\/\",\"name\":\"Doskar 4 Equi\",\"description\":\"Pharmazeutisches Fachwissen\",\"potentialAction\":[{\"@type\":\"SearchAction\",\"target\":{\"@type\":\"EntryPoint\",\"urlTemplate\":\"https:\\\/\\\/www.doskar4equi.at\\\/?s={search_term_string}\"},\"query-input\":{\"@type\":\"PropertyValueSpecification\",\"valueRequired\":true,\"valueName\":\"search_term_string\"}}],\"inLanguage\":\"en-GB\"}]}<\/script>\n<!-- \/ Yoast SEO plugin. -->","yoast_head_json":{"title":"Mobilit\u00e4ts-Bundle - Doskar 4 Equi","description":"Unser Mobilit\u00e4ts-Bundle kombiniert zwei perfekt aufeinander abgestimmte Erg\u00e4nzungsfuttermittel: Mobil Forte und Magnesium\/Vitamin B & L-Tryptophan. Gemeinsam unterst\u00fctzen sie Bewegungsapparat, Muskulatur und Nervenstoffwechsel","robots":{"index":"index","follow":"follow","max-snippet":"max-snippet:-1","max-image-preview":"max-image-preview:large","max-video-preview":"max-video-preview:-1"},"canonical":"https:\/\/www.doskar4equi.at\/en\/product\/mobilitaets-bundle\/","og_locale":"en_GB","og_type":"article","og_title":"Mobilit\u00e4ts-Bundle - Doskar 4 Equi","og_description":"Unser Mobilit\u00e4ts-Bundle kombiniert zwei perfekt aufeinander abgestimmte Erg\u00e4nzungsfuttermittel: Mobil Forte und Magnesium\/Vitamin B & L-Tryptophan. Gemeinsam unterst\u00fctzen sie Bewegungsapparat, Muskulatur und Nervenstoffwechsel","og_url":"https:\/\/www.doskar4equi.at\/en\/product\/mobilitaets-bundle\/","og_site_name":"Doskar 4 Equi","article_modified_time":"2026-03-07T09:00:28+00:00","og_image":[{"width":1080,"height":1080,"url":"https:\/\/www.doskar4equi.at\/wp-content\/uploads\/2026\/03\/Mobilbundle.png","type":"image\/png"}],"twitter_card":"summary_large_image","twitter_misc":{"Estimated reading time":"2 minutes"},"schema":{"@context":"https:\/\/schema.org","@graph":[{"@type":"WebPage","@id":"https:\/\/www.doskar4equi.at\/produkt\/mobilitaets-bundle\/","url":"https:\/\/www.doskar4equi.at\/produkt\/mobilitaets-bundle\/","name":"Mobilit\u00e4ts-Bundle - Doskar 4 Equi","isPartOf":{"@id":"https:\/\/www.doskar4equi.at\/#website"},"primaryImageOfPage":{"@id":"https:\/\/www.doskar4equi.at\/produkt\/mobilitaets-bundle\/#primaryimage"},"image":{"@id":"https:\/\/www.doskar4equi.at\/produkt\/mobilitaets-bundle\/#primaryimage"},"thumbnailUrl":"https:\/\/www.doskar4equi.at\/wp-content\/uploads\/2026\/03\/Mobilbundle.png","datePublished":"2026-03-06T21:53:27+00:00","dateModified":"2026-03-07T09:00:28+00:00","description":"Unser Mobilit\u00e4ts-Bundle kombiniert zwei perfekt aufeinander abgestimmte Erg\u00e4nzungsfuttermittel: Mobil Forte und Magnesium\/Vitamin B & L-Tryptophan. Gemeinsam unterst\u00fctzen sie Bewegungsapparat, Muskulatur und Nervenstoffwechsel","breadcrumb":{"@id":"https:\/\/www.doskar4equi.at\/produkt\/mobilitaets-bundle\/#breadcrumb"},"inLanguage":"en-GB","potentialAction":[{"@type":"ReadAction","target":["https:\/\/www.doskar4equi.at\/produkt\/mobilitaets-bundle\/"]}]},{"@type":"ImageObject","inLanguage":"en-GB","@id":"https:\/\/www.doskar4equi.at\/produkt\/mobilitaets-bundle\/#primaryimage","url":"https:\/\/www.doskar4equi.at\/wp-content\/uploads\/2026\/03\/Mobilbundle.png","contentUrl":"https:\/\/www.doskar4equi.at\/wp-content\/uploads\/2026\/03\/Mobilbundle.png","width":1080,"height":1080},{"@type":"BreadcrumbList","@id":"https:\/\/www.doskar4equi.at\/produkt\/mobilitaets-bundle\/#breadcrumb","itemListElement":[{"@type":"ListItem","position":1,"name":"Startseite","item":"https:\/\/www.doskar4equi.at\/"},{"@type":"ListItem","position":2,"name":"Shop","item":"https:\/\/www.doskar4equi.at\/shop\/"},{"@type":"ListItem","position":3,"name":"Mobilit\u00e4ts-Bundle"}]},{"@type":"WebSite","@id":"https:\/\/www.doskar4equi.at\/#website","url":"https:\/\/www.doskar4equi.at\/","name":"Doskar 4 Equi","description":"Pharmazeutisches Fachwissen","potentialAction":[{"@type":"SearchAction","target":{"@type":"EntryPoint","urlTemplate":"https:\/\/www.doskar4equi.at\/?s={search_term_string}"},"query-input":{"@type":"PropertyValueSpecification","valueRequired":true,"valueName":"search_term_string"}}],"inLanguage":"en-GB"}]}},"_links":{"self":[{"href":"https:\/\/www.doskar4equi.at\/en\/wp-json\/wp\/v2\/product\/4519","targetHints":{"allow":["GET"]}}],"collection":[{"href":"https:\/\/www.doskar4equi.at\/en\/wp-json\/wp\/v2\/product"}],"about":[{"href":"https:\/\/www.doskar4equi.at\/en\/wp-json\/wp\/v2\/types\/product"}],"replies":[{"embeddable":true,"href":"https:\/\/www.doskar4equi.at\/en\/wp-json\/wp\/v2\/comments?post=4519"}],"wp:featuredmedia":[{"embeddable":true,"href":"https:\/\/www.doskar4equi.at\/en\/wp-json\/wp\/v2\/media\/4521"}],"wp:attachment":[{"href":"https:\/\/www.doskar4equi.at\/en\/wp-json\/wp\/v2\/media?parent=4519"}],"wp:term":[{"taxonomy":"product_brand","embeddable":true,"href":"https:\/\/www.doskar4equi.at\/en\/wp-json\/wp\/v2\/product_brand?post=4519"},{"taxonomy":"product_cat","embeddable":true,"href":"https:\/\/www.doskar4equi.at\/en\/wp-json\/wp\/v2\/product_cat?post=4519"},{"taxonomy":"product_tag","embeddable":true,"href":"https:\/\/www.doskar4equi.at\/en\/wp-json\/wp\/v2\/product_tag?post=4519"}],"curies":[{"name":"wp","href":"https:\/\/api.w.org\/{rel}","templated":true}]}}