{"id":4536,"date":"2026-03-09T18:44:45","date_gmt":"2026-03-09T18:44:45","guid":{"rendered":"https:\/\/www.doskar4equi.at\/?post_type=product&#038;p=4536"},"modified":"2026-04-05T01:34:43","modified_gmt":"2026-04-05T01:34:43","slug":"gastro-komplex-2-500-g","status":"publish","type":"product","link":"https:\/\/www.doskar4equi.at\/en\/product\/gastro-komplex-2-500-g\/","title":{"rendered":"Gastro Komplex 2.500 g"},"content":{"rendered":"<div class=\"tabbed-content\">\n\t\t\t\n\t\t\t<ul class=\"nav nav-tabs nav-uppercase nav-size-normal nav-left\" role=\"tablist\"><li id=\"tab-beschreibung\" class=\"tab active has-icon\" role=\"presentation\"><a href=\"#tab_beschreibung\" role=\"tab\" aria-selected=\"true\" aria-controls=\"tab_beschreibung\"><span>Product Description<\/span><\/a><\/li>\n<li id=\"tab-anwendung\" class=\"tab has-icon\" role=\"presentation\"><a href=\"#tab_anwendung\" tabindex=\"-1\" role=\"tab\" aria-selected=\"false\" aria-controls=\"tab_anwendung\"><span>Usage<\/span><\/a><\/li>\n<li id=\"tab-zusammensetzung\" class=\"tab has-icon\" role=\"presentation\"><a href=\"#tab_zusammensetzung\" tabindex=\"-1\" role=\"tab\" aria-selected=\"false\" aria-controls=\"tab_zusammensetzung\"><span>Zusammensetzung<\/span><\/a><\/li><\/ul><div class=\"tab-panels\"><div id=\"tab_beschreibung\" class=\"panel active entry-content\" role=\"tabpanel\" aria-labelledby=\"tab-beschreibung\">\n<h4 class=\"font-claude-response-body break-words whitespace-normal leading-&#091;1.7&#093;\">Pflanzenbasierte Rezeptur zur Unterst\u00fctzung einer ausgeglichenen Verdauung \u2013 in praktischer Pelletform.<\/h4>\n<p class=\"font-claude-response-body break-words whitespace-normal leading-&#091;1.7&#093;\">Gastro Komplex wurde entwickelt, um Magen und Darm deines Pferdes gezielt und nat\u00fcrlich zu unterst\u00fctzen. Die sorgf\u00e4ltig abgestimmte Rezeptur vereint traditionsreiche Heilpflanzen, nat\u00fcrliche Schleimstoffe und wertvolle Ballaststoffe \u2013 durchdacht bis zur letzten Zutat.<\/p>\n<ul class=\"cst-bullet-points\">\n<li class=\"whitespace-normal break-words pl-2\"><strong>Fenchel &amp; Kamille<\/strong> \u2013 seit Jahrhunderten bew\u00e4hrte Pflanzen f\u00fcr den Verdauungsbereich, denen die Naturheilkunde seit Generationen vertraut<\/li>\n<li class=\"whitespace-normal break-words pl-2\"><strong>Rotulmenrinde &amp; Eibischwurzel<\/strong> \u2013 liefern nat\u00fcrliche Schleimstoffe zur Unterst\u00fctzung von Magen- und Darmschleimhaut<\/li>\n<li class=\"whitespace-normal break-words pl-2\"><strong>S\u00fc\u00dfholzwurzel &amp; Ringelblume<\/strong> \u2013 seit Jahrhunderten gesch\u00e4tzte Pflanzen im Bereich des Verdauungstrakts<\/li>\n<li class=\"whitespace-normal break-words pl-2\"><strong>Pektin<\/strong> \u2013 nat\u00fcrlicher Ballaststoff zur Unterst\u00fctzung einer gesunden Darmflora<\/li>\n<li class=\"whitespace-normal break-words pl-2\"><strong>Rotalgenkalk<\/strong> \u2013 nat\u00fcrliches Calcium als hochwertige Mineralstoffquelle aus Meeresalgen<\/li>\n<li class=\"whitespace-normal break-words pl-2\"><strong>Leinkuchen<\/strong> \u2013 wertvoller, getreidfreier Proteintr\u00e4ger mit nat\u00fcrlichem Omega-3-Gehalt<\/li>\n<\/ul>\n<p><img loading=\"lazy\" decoding=\"async\" class=\"alignnone wp-image-4374\" src=\"https:\/\/www.doskar4equi.at\/wp-content\/uploads\/2025\/09\/3-2-300x95.png\" alt=\"\" width=\"150\" height=\"48\" srcset=\"https:\/\/www.doskar4equi.at\/wp-content\/uploads\/2025\/09\/3-2-300x95.png 300w, https:\/\/www.doskar4equi.at\/wp-content\/uploads\/2025\/09\/3-2-scaled-510x162.png 510w, https:\/\/www.doskar4equi.at\/wp-content\/uploads\/2025\/09\/3-2-1024x326.png 1024w, https:\/\/www.doskar4equi.at\/wp-content\/uploads\/2025\/09\/3-2-768x244.png 768w, https:\/\/www.doskar4equi.at\/wp-content\/uploads\/2025\/09\/3-2-1536x489.png 1536w, https:\/\/www.doskar4equi.at\/wp-content\/uploads\/2025\/09\/3-2-2048x652.png 2048w, https:\/\/www.doskar4equi.at\/wp-content\/uploads\/2025\/09\/3-2-18x6.png 18w\" sizes=\"auto, (max-width: 150px) 100vw, 150px\" \/><img loading=\"lazy\" decoding=\"async\" class=\"alignnone wp-image-4373\" src=\"https:\/\/www.doskar4equi.at\/wp-content\/uploads\/2025\/09\/4-300x95.png\" alt=\"\" width=\"150\" height=\"48\" srcset=\"https:\/\/www.doskar4equi.at\/wp-content\/uploads\/2025\/09\/4-300x95.png 300w, https:\/\/www.doskar4equi.at\/wp-content\/uploads\/2025\/09\/4-510x162.png 510w, https:\/\/www.doskar4equi.at\/wp-content\/uploads\/2025\/09\/4-1024x326.png 1024w, https:\/\/www.doskar4equi.at\/wp-content\/uploads\/2025\/09\/4-768x244.png 768w, https:\/\/www.doskar4equi.at\/wp-content\/uploads\/2025\/09\/4-1536x489.png 1536w, https:\/\/www.doskar4equi.at\/wp-content\/uploads\/2025\/09\/4-2048x652.png 2048w, https:\/\/www.doskar4equi.at\/wp-content\/uploads\/2025\/09\/4-18x6.png 18w\" sizes=\"auto, (max-width: 150px) 100vw, 150px\" \/><\/p>\n<\/div>\n<div id=\"tab_anwendung\" class=\"panel entry-content\" role=\"tabpanel\" aria-labelledby=\"tab-anwendung\">\n<p><strong>F\u00fctterungsempfehlung pro Tag:<br \/>\n<\/strong>Gro\u00dfpferde: 30-50 g<\/p>\n<\/div>\n<div id=\"tab_zusammensetzung\" class=\"panel entry-content\" role=\"tabpanel\" aria-labelledby=\"tab-zusammensetzung\">\n<p><strong><span class=\"OYPEnA font-feature-liga-off font-feature-clig-off font-feature-calt-off text-decoration-none text-strikethrough-none\">Composition:<\/span><\/strong><span class=\"OYPEnA font-feature-liga-off font-feature-clig-off font-feature-calt-off text-decoration-none text-strikethrough-none\"> Leinkuchen, kohlensaurer Kalk aus Meeresalgen, Rotulmenrinde, Fenchel, Kamille, Pektin, Eibischwurzel, Ringelblume, S\u00fc\u00dfholzwurzel<br \/>\n<\/span><strong><span class=\"OYPEnA font-feature-liga-off font-feature-clig-off font-feature-calt-off text-decoration-none text-strikethrough-none\">Analytische Bestandteile i.v.H.:<\/span><\/strong><span class=\"OYPEnA font-feature-liga-off font-feature-clig-off font-feature-calt-off text-decoration-none text-strikethrough-none\"> Rohprotein 25,2; Rohfett 7,0; Rohfaser 11,9; Rohasche 4,2; Natrium 0,1<br \/>\n<\/span><strong><span class=\"OYPEnA font-feature-liga-off font-feature-clig-off font-feature-calt-off text-decoration-none text-strikethrough-none\">Ern\u00e4hrungsphysiologische Zusatzstoffe je kg<\/span><\/strong><span class=\"OYPEnA font-feature-liga-off font-feature-clig-off font-feature-calt-off text-decoration-none text-strikethrough-none\"><strong>: <\/strong><\/span>Lecithin (1c322iii) 40.000 mg<\/p>\n<p><strong>Contents:<\/strong> 2.500 g<\/p>\n<\/div><\/div><\/div>","protected":false},"excerpt":{"rendered":"<h3><\/h3>\n<h3><span style=\"font-size: 100%; color: #a9657e;\"><strong>Zur Unterst\u00fctzung der Magen- und Darmfunktion<\/strong><\/span><\/h3>\n<ul class=\"cst-bullet-points\">\n<li data-start=\"1667\" data-end=\"1718\">\n<p data-start=\"1669\" data-end=\"1718\">Mit ausgew\u00e4hlten Kr\u00e4utern und nat\u00fcrlichen Ballaststoffen &#8211; wie Fenchel, Kamille, Ringelblume und ballaststoffreichem Leinkuchen<\/p>\n<\/li>\n<li data-start=\"1667\" data-end=\"1718\">\n<p data-start=\"1669\" data-end=\"1718\">Schleimstoffreiche Rezeptur mit Rotulmenrinde, Eibischwurzel und Pektin<\/p>\n<\/li>\n<li data-start=\"1667\" data-end=\"1718\">Mit Rotalgenkalk als nat\u00fcrliche Kalziumquelle<\/li>\n<li data-start=\"1667\" data-end=\"1718\">Zur Unterst\u00fctzung bei empfindlicher Verdauung oder in belastenden Phasen<\/li>\n<li>Pelletiert f\u00fcr eine einfache t\u00e4gliche F\u00fctterung<\/li>\n<\/ul>\n<p><img loading=\"lazy\" decoding=\"async\" class=\"alignnone wp-image-4329\" src=\"https:\/\/www.doskar4equi.at\/wp-content\/uploads\/2024\/12\/2-300x300.png\" alt=\"\" width=\"120\" height=\"120\" srcset=\"https:\/\/www.doskar4equi.at\/wp-content\/uploads\/2024\/12\/2-300x300.png 300w, https:\/\/www.doskar4equi.at\/wp-content\/uploads\/2024\/12\/2-500x500.png 500w, https:\/\/www.doskar4equi.at\/wp-content\/uploads\/2024\/12\/2-100x100.png 100w, https:\/\/www.doskar4equi.at\/wp-content\/uploads\/2024\/12\/2-510x510.png 510w, https:\/\/www.doskar4equi.at\/wp-content\/uploads\/2024\/12\/2-150x150.png 150w, https:\/\/www.doskar4equi.at\/wp-content\/uploads\/2024\/12\/2-12x12.png 12w, https:\/\/www.doskar4equi.at\/wp-content\/uploads\/2024\/12\/2.png 700w\" sizes=\"auto, (max-width: 120px) 100vw, 120px\" \/><img loading=\"lazy\" decoding=\"async\" class=\"alignnone wp-image-4328\" src=\"https:\/\/www.doskar4equi.at\/wp-content\/uploads\/2024\/12\/1-300x300.png\" alt=\"\" width=\"120\" height=\"120\" srcset=\"https:\/\/www.doskar4equi.at\/wp-content\/uploads\/2024\/12\/1-300x300.png 300w, https:\/\/www.doskar4equi.at\/wp-content\/uploads\/2024\/12\/1-500x500.png 500w, https:\/\/www.doskar4equi.at\/wp-content\/uploads\/2024\/12\/1-100x100.png 100w, https:\/\/www.doskar4equi.at\/wp-content\/uploads\/2024\/12\/1-510x510.png 510w, https:\/\/www.doskar4equi.at\/wp-content\/uploads\/2024\/12\/1-150x150.png 150w, https:\/\/www.doskar4equi.at\/wp-content\/uploads\/2024\/12\/1-12x12.png 12w, https:\/\/www.doskar4equi.at\/wp-content\/uploads\/2024\/12\/1.png 700w\" sizes=\"auto, (max-width: 120px) 100vw, 120px\" \/><img loading=\"lazy\" decoding=\"async\" class=\"alignnone wp-image-4340\" src=\"https:\/\/www.doskar4equi.at\/wp-content\/uploads\/2023\/07\/Icons-1080-x-300-px-700-x-900-px-700-x-700-px-300x300.png\" alt=\"\" width=\"120\" height=\"120\" srcset=\"https:\/\/www.doskar4equi.at\/wp-content\/uploads\/2023\/07\/Icons-1080-x-300-px-700-x-900-px-700-x-700-px-300x300.png 300w, https:\/\/www.doskar4equi.at\/wp-content\/uploads\/2023\/07\/Icons-1080-x-300-px-700-x-900-px-700-x-700-px-500x500.png 500w, https:\/\/www.doskar4equi.at\/wp-content\/uploads\/2023\/07\/Icons-1080-x-300-px-700-x-900-px-700-x-700-px-100x100.png 100w, https:\/\/www.doskar4equi.at\/wp-content\/uploads\/2023\/07\/Icons-1080-x-300-px-700-x-900-px-700-x-700-px-510x510.png 510w, https:\/\/www.doskar4equi.at\/wp-content\/uploads\/2023\/07\/Icons-1080-x-300-px-700-x-900-px-700-x-700-px-150x150.png 150w, https:\/\/www.doskar4equi.at\/wp-content\/uploads\/2023\/07\/Icons-1080-x-300-px-700-x-900-px-700-x-700-px-12x12.png 12w, https:\/\/www.doskar4equi.at\/wp-content\/uploads\/2023\/07\/Icons-1080-x-300-px-700-x-900-px-700-x-700-px.png 700w\" sizes=\"auto, (max-width: 120px) 100vw, 120px\" \/><\/p>","protected":false},"featured_media":4711,"comment_status":"open","ping_status":"closed","template":"","meta":[],"product_brand":[],"product_cat":[34],"product_tag":[181,185,186,187],"class_list":{"0":"post-4536","1":"product","2":"type-product","3":"status-publish","4":"has-post-thumbnail","6":"product_cat-vitamine-mineralstoffe","7":"product_tag-pssm","8":"product_tag-magen","9":"product_tag-verdauung","10":"product_tag-darm","12":"first","13":"instock","14":"taxable","15":"shipping-taxable","16":"purchasable","17":"product-type-simple"},"yoast_head":"<!-- This site is optimized with the Yoast SEO plugin v27.3 - https:\/\/yoast.com\/product\/yoast-seo-wordpress\/ -->\n<title>Gastro Komplex 2.500 g - Doskar 4 Equi<\/title>\n<meta name=\"description\" content=\"Gastro Komplex unterst\u00fctzt den sensiblen Magen- und Darmbereich von Pferden mit ausgew\u00e4hlten Kr\u00e4utern, Ballaststoffen und pflanzlichen Schleimstoffen.\" \/>\n<meta name=\"robots\" content=\"index, follow, max-snippet:-1, max-image-preview:large, max-video-preview:-1\" \/>\n<link rel=\"canonical\" href=\"https:\/\/www.doskar4equi.at\/en\/product\/gastro-komplex-2-500-g\/\" \/>\n<meta property=\"og:locale\" content=\"en_GB\" \/>\n<meta property=\"og:type\" content=\"article\" \/>\n<meta property=\"og:title\" content=\"Gastro Komplex 2.500 g - Doskar 4 Equi\" \/>\n<meta property=\"og:description\" content=\"Gastro Komplex unterst\u00fctzt den sensiblen Magen- und Darmbereich von Pferden mit ausgew\u00e4hlten Kr\u00e4utern, Ballaststoffen und pflanzlichen Schleimstoffen.\" \/>\n<meta property=\"og:url\" content=\"https:\/\/www.doskar4equi.at\/en\/product\/gastro-komplex-2-500-g\/\" \/>\n<meta property=\"og:site_name\" content=\"Doskar 4 Equi\" \/>\n<meta property=\"article:modified_time\" content=\"2026-04-05T01:34:43+00:00\" \/>\n<meta property=\"og:image\" content=\"https:\/\/www.doskar4equi.at\/wp-content\/uploads\/2026\/03\/6-1.png\" \/>\n\t<meta property=\"og:image:width\" content=\"1000\" \/>\n\t<meta property=\"og:image:height\" content=\"1000\" \/>\n\t<meta property=\"og:image:type\" content=\"image\/png\" \/>\n<meta name=\"twitter:card\" content=\"summary_large_image\" \/>\n<meta name=\"twitter:label1\" content=\"Estimated reading time\" \/>\n\t<meta name=\"twitter:data1\" content=\"2 minutes\" \/>\n<script type=\"application\/ld+json\" class=\"yoast-schema-graph\">{\"@context\":\"https:\\\/\\\/schema.org\",\"@graph\":[{\"@type\":\"WebPage\",\"@id\":\"https:\\\/\\\/www.doskar4equi.at\\\/produkt\\\/gastro-komplex-2-500-g\\\/\",\"url\":\"https:\\\/\\\/www.doskar4equi.at\\\/produkt\\\/gastro-komplex-2-500-g\\\/\",\"name\":\"Gastro Komplex 2.500 g - Doskar 4 Equi\",\"isPartOf\":{\"@id\":\"https:\\\/\\\/www.doskar4equi.at\\\/#website\"},\"primaryImageOfPage\":{\"@id\":\"https:\\\/\\\/www.doskar4equi.at\\\/produkt\\\/gastro-komplex-2-500-g\\\/#primaryimage\"},\"image\":{\"@id\":\"https:\\\/\\\/www.doskar4equi.at\\\/produkt\\\/gastro-komplex-2-500-g\\\/#primaryimage\"},\"thumbnailUrl\":\"https:\\\/\\\/www.doskar4equi.at\\\/wp-content\\\/uploads\\\/2026\\\/03\\\/6-1.png\",\"datePublished\":\"2026-03-09T18:44:45+00:00\",\"dateModified\":\"2026-04-05T01:34:43+00:00\",\"description\":\"Gastro Komplex unterst\u00fctzt den sensiblen Magen- und Darmbereich von Pferden mit ausgew\u00e4hlten Kr\u00e4utern, Ballaststoffen und pflanzlichen Schleimstoffen.\",\"breadcrumb\":{\"@id\":\"https:\\\/\\\/www.doskar4equi.at\\\/produkt\\\/gastro-komplex-2-500-g\\\/#breadcrumb\"},\"inLanguage\":\"en-GB\",\"potentialAction\":[{\"@type\":\"ReadAction\",\"target\":[\"https:\\\/\\\/www.doskar4equi.at\\\/produkt\\\/gastro-komplex-2-500-g\\\/\"]}]},{\"@type\":\"ImageObject\",\"inLanguage\":\"en-GB\",\"@id\":\"https:\\\/\\\/www.doskar4equi.at\\\/produkt\\\/gastro-komplex-2-500-g\\\/#primaryimage\",\"url\":\"https:\\\/\\\/www.doskar4equi.at\\\/wp-content\\\/uploads\\\/2026\\\/03\\\/6-1.png\",\"contentUrl\":\"https:\\\/\\\/www.doskar4equi.at\\\/wp-content\\\/uploads\\\/2026\\\/03\\\/6-1.png\",\"width\":1000,\"height\":1000},{\"@type\":\"BreadcrumbList\",\"@id\":\"https:\\\/\\\/www.doskar4equi.at\\\/produkt\\\/gastro-komplex-2-500-g\\\/#breadcrumb\",\"itemListElement\":[{\"@type\":\"ListItem\",\"position\":1,\"name\":\"Startseite\",\"item\":\"https:\\\/\\\/www.doskar4equi.at\\\/\"},{\"@type\":\"ListItem\",\"position\":2,\"name\":\"Shop\",\"item\":\"https:\\\/\\\/www.doskar4equi.at\\\/shop\\\/\"},{\"@type\":\"ListItem\",\"position\":3,\"name\":\"Gastro Komplex 2.500 g\"}]},{\"@type\":\"WebSite\",\"@id\":\"https:\\\/\\\/www.doskar4equi.at\\\/#website\",\"url\":\"https:\\\/\\\/www.doskar4equi.at\\\/\",\"name\":\"Doskar 4 Equi\",\"description\":\"Pharmazeutisches Fachwissen\",\"potentialAction\":[{\"@type\":\"SearchAction\",\"target\":{\"@type\":\"EntryPoint\",\"urlTemplate\":\"https:\\\/\\\/www.doskar4equi.at\\\/?s={search_term_string}\"},\"query-input\":{\"@type\":\"PropertyValueSpecification\",\"valueRequired\":true,\"valueName\":\"search_term_string\"}}],\"inLanguage\":\"en-GB\"}]}<\/script>\n<!-- \/ Yoast SEO plugin. -->","yoast_head_json":{"title":"Gastro Komplex 2.500 g - Doskar 4 Equi","description":"Gastro Komplex unterst\u00fctzt den sensiblen Magen- und Darmbereich von Pferden mit ausgew\u00e4hlten Kr\u00e4utern, Ballaststoffen und pflanzlichen Schleimstoffen.","robots":{"index":"index","follow":"follow","max-snippet":"max-snippet:-1","max-image-preview":"max-image-preview:large","max-video-preview":"max-video-preview:-1"},"canonical":"https:\/\/www.doskar4equi.at\/en\/product\/gastro-komplex-2-500-g\/","og_locale":"en_GB","og_type":"article","og_title":"Gastro Komplex 2.500 g - Doskar 4 Equi","og_description":"Gastro Komplex unterst\u00fctzt den sensiblen Magen- und Darmbereich von Pferden mit ausgew\u00e4hlten Kr\u00e4utern, Ballaststoffen und pflanzlichen Schleimstoffen.","og_url":"https:\/\/www.doskar4equi.at\/en\/product\/gastro-komplex-2-500-g\/","og_site_name":"Doskar 4 Equi","article_modified_time":"2026-04-05T01:34:43+00:00","og_image":[{"width":1000,"height":1000,"url":"https:\/\/www.doskar4equi.at\/wp-content\/uploads\/2026\/03\/6-1.png","type":"image\/png"}],"twitter_card":"summary_large_image","twitter_misc":{"Estimated reading time":"2 minutes"},"schema":{"@context":"https:\/\/schema.org","@graph":[{"@type":"WebPage","@id":"https:\/\/www.doskar4equi.at\/produkt\/gastro-komplex-2-500-g\/","url":"https:\/\/www.doskar4equi.at\/produkt\/gastro-komplex-2-500-g\/","name":"Gastro Komplex 2.500 g - Doskar 4 Equi","isPartOf":{"@id":"https:\/\/www.doskar4equi.at\/#website"},"primaryImageOfPage":{"@id":"https:\/\/www.doskar4equi.at\/produkt\/gastro-komplex-2-500-g\/#primaryimage"},"image":{"@id":"https:\/\/www.doskar4equi.at\/produkt\/gastro-komplex-2-500-g\/#primaryimage"},"thumbnailUrl":"https:\/\/www.doskar4equi.at\/wp-content\/uploads\/2026\/03\/6-1.png","datePublished":"2026-03-09T18:44:45+00:00","dateModified":"2026-04-05T01:34:43+00:00","description":"Gastro Komplex unterst\u00fctzt den sensiblen Magen- und Darmbereich von Pferden mit ausgew\u00e4hlten Kr\u00e4utern, Ballaststoffen und pflanzlichen Schleimstoffen.","breadcrumb":{"@id":"https:\/\/www.doskar4equi.at\/produkt\/gastro-komplex-2-500-g\/#breadcrumb"},"inLanguage":"en-GB","potentialAction":[{"@type":"ReadAction","target":["https:\/\/www.doskar4equi.at\/produkt\/gastro-komplex-2-500-g\/"]}]},{"@type":"ImageObject","inLanguage":"en-GB","@id":"https:\/\/www.doskar4equi.at\/produkt\/gastro-komplex-2-500-g\/#primaryimage","url":"https:\/\/www.doskar4equi.at\/wp-content\/uploads\/2026\/03\/6-1.png","contentUrl":"https:\/\/www.doskar4equi.at\/wp-content\/uploads\/2026\/03\/6-1.png","width":1000,"height":1000},{"@type":"BreadcrumbList","@id":"https:\/\/www.doskar4equi.at\/produkt\/gastro-komplex-2-500-g\/#breadcrumb","itemListElement":[{"@type":"ListItem","position":1,"name":"Startseite","item":"https:\/\/www.doskar4equi.at\/"},{"@type":"ListItem","position":2,"name":"Shop","item":"https:\/\/www.doskar4equi.at\/shop\/"},{"@type":"ListItem","position":3,"name":"Gastro Komplex 2.500 g"}]},{"@type":"WebSite","@id":"https:\/\/www.doskar4equi.at\/#website","url":"https:\/\/www.doskar4equi.at\/","name":"Doskar 4 Equi","description":"Pharmazeutisches Fachwissen","potentialAction":[{"@type":"SearchAction","target":{"@type":"EntryPoint","urlTemplate":"https:\/\/www.doskar4equi.at\/?s={search_term_string}"},"query-input":{"@type":"PropertyValueSpecification","valueRequired":true,"valueName":"search_term_string"}}],"inLanguage":"en-GB"}]}},"_links":{"self":[{"href":"https:\/\/www.doskar4equi.at\/en\/wp-json\/wp\/v2\/product\/4536","targetHints":{"allow":["GET"]}}],"collection":[{"href":"https:\/\/www.doskar4equi.at\/en\/wp-json\/wp\/v2\/product"}],"about":[{"href":"https:\/\/www.doskar4equi.at\/en\/wp-json\/wp\/v2\/types\/product"}],"replies":[{"embeddable":true,"href":"https:\/\/www.doskar4equi.at\/en\/wp-json\/wp\/v2\/comments?post=4536"}],"wp:featuredmedia":[{"embeddable":true,"href":"https:\/\/www.doskar4equi.at\/en\/wp-json\/wp\/v2\/media\/4711"}],"wp:attachment":[{"href":"https:\/\/www.doskar4equi.at\/en\/wp-json\/wp\/v2\/media?parent=4536"}],"wp:term":[{"taxonomy":"product_brand","embeddable":true,"href":"https:\/\/www.doskar4equi.at\/en\/wp-json\/wp\/v2\/product_brand?post=4536"},{"taxonomy":"product_cat","embeddable":true,"href":"https:\/\/www.doskar4equi.at\/en\/wp-json\/wp\/v2\/product_cat?post=4536"},{"taxonomy":"product_tag","embeddable":true,"href":"https:\/\/www.doskar4equi.at\/en\/wp-json\/wp\/v2\/product_tag?post=4536"}],"curies":[{"name":"wp","href":"https:\/\/api.w.org\/{rel}","templated":true}]}}