{"id":4542,"date":"2026-03-09T21:13:46","date_gmt":"2026-03-09T21:13:46","guid":{"rendered":"https:\/\/www.doskar4equi.at\/?post_type=product&#038;p=4542"},"modified":"2026-04-05T19:47:30","modified_gmt":"2026-04-05T19:47:30","slug":"gelenk-komplex","status":"publish","type":"product","link":"https:\/\/www.doskar4equi.at\/en\/product\/gelenk-komplex\/","title":{"rendered":"Gelenk Komplex"},"content":{"rendered":"<div class=\"tabbed-content\">\n\t\t\t\n\t\t\t<ul class=\"nav nav-tabs nav-uppercase nav-size-normal nav-left\" role=\"tablist\"><li id=\"tab-beschreibung\" class=\"tab active has-icon\" role=\"presentation\"><a href=\"#tab_beschreibung\" role=\"tab\" aria-selected=\"true\" aria-controls=\"tab_beschreibung\"><span>Product Description<\/span><\/a><\/li>\n<li id=\"tab-anwendung\" class=\"tab has-icon\" role=\"presentation\"><a href=\"#tab_anwendung\" tabindex=\"-1\" role=\"tab\" aria-selected=\"false\" aria-controls=\"tab_anwendung\"><span>Usage<\/span><\/a><\/li>\n<li id=\"tab-zusammensetzung\" class=\"tab has-icon\" role=\"presentation\"><a href=\"#tab_zusammensetzung\" tabindex=\"-1\" role=\"tab\" aria-selected=\"false\" aria-controls=\"tab_zusammensetzung\"><span>Zusammensetzung<\/span><\/a><\/li><\/ul><div class=\"tab-panels\"><div id=\"tab_beschreibung\" class=\"panel active entry-content\" role=\"tabpanel\" aria-labelledby=\"tab-beschreibung\">\n<h3><strong>Joint Support<br \/>\n<\/strong><\/h3>\n<p data-start=\"722\" data-end=\"914\">Die Gelenke deines Pferdes sind t\u00e4glich hohen Belastungen ausgesetzt. Training, Bewegung, Alter oder intensive Trainingsphasen k\u00f6nnen dabei zus\u00e4tzliche Anforderungen an die Gelenkstrukturen stellen.<\/p>\n<p data-start=\"916\" data-end=\"1186\">Mit zunehmendem Alter oder bei dauerhaft hoher Belastung k\u00f6nnen degenerative Ver\u00e4nderungen der Gelenke, wie sie beispielsweise bei Arthrose auftreten, eine Rolle spielen. Hier ist eine gezielte ern\u00e4hrungsphysiologische Unterst\u00fctzung besonders wichtig.<\/p>\n<p data-start=\"1188\" data-end=\"1359\">Gelenk Komplex kombiniert bew\u00e4hrte Gelenkn\u00e4hrstoffe, Pflanzenstoffe und Spurenelemente in einer sorgf\u00e4ltig abgestimmten Rezeptur zur Erg\u00e4nzung der t\u00e4glichen F\u00fctterung.<\/p>\n<p data-start=\"1361\" data-end=\"1527\">Die sorgf\u00e4ltig abgestimmte Wirkstoffkombination in Gelenk Komplex erg\u00e4nzt die Ern\u00e4hrung von Pferden, deren Gelenke hohen Belastungen ausgesetzt sind:<\/p>\n<ul class=\"cst-bullet-points\">\n<li style=\"font-weight: 400;\">\n<p data-start=\"225\" data-end=\"458\">Glucosamin &amp; Chondroitin unterst\u00fctzen\u00a0den Knorpelstoffwechsel und die Gelenkstruktur<\/p>\n<\/li>\n<li style=\"font-weight: 400;\">\n<p data-start=\"225\" data-end=\"458\">Hyalurons\u00e4ure sorgt daf\u00fcr, dass die Gelenkknorpeloberfl\u00e4chen reibungsarm \u00fcbereinander gleiten und St\u00f6\u00dfe abged\u00e4mpft werden<\/p>\n<\/li>\n<li style=\"font-weight: 400;\">\n<p data-start=\"225\" data-end=\"458\">MSM (Methylsulfonylmethan) liefert organischen Schwefel \u2013 einen wichtigen Baustein f\u00fcr Bindegewebe, Knorpel und Sehnen<\/p>\n<\/li>\n<li style=\"font-weight: 400;\">\n<p data-start=\"225\" data-end=\"458\">Kollagenhydrolysat ist ein strukturelles Protein von Knorpel, Sehnen und B\u00e4ndern. Hydrolysiertes Kollagen liefert Bausteine f\u00fcr den Stoffwechsel dieser Gewebe<\/p>\n<\/li>\n<li style=\"font-weight: 400;\">\n<p data-start=\"225\" data-end=\"458\">Boswellia (Weihrauch), Kurkuma und Weidenrinde geh\u00f6ren zu den bekanntesten und am intensivsten erforschten Pflanzen im Bereich des Bewegungsapparats \u2013 traditionell eingesetzt, wissenschaftlich begleitet<\/p>\n<\/li>\n<li style=\"font-weight: 400;\">\n<p data-start=\"225\" data-end=\"458\">Hagebutte ist ein Lieferant nat\u00fcrlicher Pflanzenstoffe und Vitamin C, das im Stoffwechsel von Bindegewebe und Knorpel eine Rolle spielt<\/p>\n<\/li>\n<li style=\"font-weight: 400;\">\n<p data-start=\"225\" data-end=\"458\">Kieselgur (Diatomeenerde) gilt als wichtiger Baustein f\u00fcr Bindegewebe<\/p>\n<\/li>\n<li style=\"font-weight: 400;\">\n<p data-start=\"225\" data-end=\"458\">Vitamin C, Vitamin E &amp; Spurenelemente<br data-start=\"1418\" data-end=\"1421\" \/>Mangan, Zink, Kupfer und Selen spielen eine Rolle im Stoffwechsel von Bindegewebe, Knorpel und Gelenkstrukturen<\/p>\n<\/li>\n<\/ul>\n<h3><strong>Besonders geeinet f\u00fcr:\u00a0<\/strong><\/h3>\n<ul>\n<li data-start=\"286\" data-end=\"336\">Pferde mit eingeschr\u00e4nkter Beweglichkeit oder altersbedingter Gelenkbelastung<\/li>\n<li data-start=\"286\" data-end=\"336\">Pferde in Regenerationsphasen<\/li>\n<li>Sportpferde mit hoher Gelenkbelastung<\/li>\n<\/ul>\n<p><strong>Suggested withdrawal time prior to competition: 48 hours<\/strong><\/p>\n<p>Bei akuten oder fortgeschrittenen Gelenkerkrankungen empfehlen wir die begleitende Betreuung durch einen Tierarzt.<\/p>\n<p><img loading=\"lazy\" decoding=\"async\" class=\"alignnone wp-image-4374\" src=\"https:\/\/www.doskar4equi.at\/wp-content\/uploads\/2025\/09\/3-2-300x95.png\" alt=\"\" width=\"150\" height=\"48\" srcset=\"https:\/\/www.doskar4equi.at\/wp-content\/uploads\/2025\/09\/3-2-300x95.png 300w, https:\/\/www.doskar4equi.at\/wp-content\/uploads\/2025\/09\/3-2-scaled-510x162.png 510w, https:\/\/www.doskar4equi.at\/wp-content\/uploads\/2025\/09\/3-2-1024x326.png 1024w, https:\/\/www.doskar4equi.at\/wp-content\/uploads\/2025\/09\/3-2-768x244.png 768w, https:\/\/www.doskar4equi.at\/wp-content\/uploads\/2025\/09\/3-2-1536x489.png 1536w, https:\/\/www.doskar4equi.at\/wp-content\/uploads\/2025\/09\/3-2-2048x652.png 2048w, https:\/\/www.doskar4equi.at\/wp-content\/uploads\/2025\/09\/3-2-18x6.png 18w\" sizes=\"auto, (max-width: 150px) 100vw, 150px\" \/> <img loading=\"lazy\" decoding=\"async\" class=\"alignnone wp-image-4373\" src=\"https:\/\/www.doskar4equi.at\/wp-content\/uploads\/2025\/09\/4-300x95.png\" alt=\"\" width=\"150\" height=\"48\" srcset=\"https:\/\/www.doskar4equi.at\/wp-content\/uploads\/2025\/09\/4-300x95.png 300w, https:\/\/www.doskar4equi.at\/wp-content\/uploads\/2025\/09\/4-510x162.png 510w, https:\/\/www.doskar4equi.at\/wp-content\/uploads\/2025\/09\/4-1024x326.png 1024w, https:\/\/www.doskar4equi.at\/wp-content\/uploads\/2025\/09\/4-768x244.png 768w, https:\/\/www.doskar4equi.at\/wp-content\/uploads\/2025\/09\/4-1536x489.png 1536w, https:\/\/www.doskar4equi.at\/wp-content\/uploads\/2025\/09\/4-2048x652.png 2048w, https:\/\/www.doskar4equi.at\/wp-content\/uploads\/2025\/09\/4-18x6.png 18w\" sizes=\"auto, (max-width: 150px) 100vw, 150px\" \/><\/p>\n<\/div>\n<div id=\"tab_anwendung\" class=\"panel entry-content\" role=\"tabpanel\" aria-labelledby=\"tab-anwendung\">\n<p><b>Recommended daily feeding amount per animal:<\/b><\/p>\n<p>Gro\u00dfpferde: 30-50 g<\/p>\n<p>Ponys und Kleinpferde: 15-25 g<\/p>\n<\/div>\n<div id=\"tab_zusammensetzung\" class=\"panel entry-content\" role=\"tabpanel\" aria-labelledby=\"tab-zusammensetzung\">\n<p><span class=\"OYPEnA text-decoration-none text-strikethrough-none\"><strong>Composition:<\/strong><br \/>\nHefe (inaktive Saccharomyces Cerevisae); Glucosamin-Hydrochlorid 20,00 %; Methylsulfonylmethan (MSM) 20,00 %; Weidenrinde gemahlen 5,00 %; Kollagenhydrolysat; Curcumawurzel gemahlen 5,00 %; Chondroitin-Sulfat 4,00 %; Hagebutten gemahlen 1,00 %, Hyalurons\u00e4ure<br \/>\n<\/span><\/p>\n<p><strong>Analytische Bestandteile und Gehalte:Mit G<\/strong><br \/>\nRohprotein 28,5 %; Rohfaser 1,62 %; Rohfett 1,7 %; Rohasche 6,5 %; Natrium 0,05 %<\/p>\n<p><strong>Additives per kg:<\/strong><br \/>\nVitamin D3 (3a671) 50.000 I.E.; Vitamin E (3a700i) 10.000 mg; Vitamin C (3a300) 10.000 mg; Mangan als Glycin- Manganchelat, Hydrat (3b506) 3.150 mg; Kupfer als Glycin-Kupferchelat, Hydrat (3b413) 1.200 mg; Zink als Glycin-Zinkchelat, Hydrat (3b607) 3.900 mg; Selen in organischer Form aus Saccharomyces cerevisiae CNCM I-3060 (inaktivierte Selenhefe) (3b810i) 11,50 mg; Sensorische Zusatzstoffe: Weihrauch Extrakt (Boswellia serrata) (2b2816-ex) 5.000 mg; Technologische Zusatzstoffe: Kieselgur &#8211; Diatomeenerde, gereinigt (E551c) 10.000 mg<\/p>\n<p><strong>Contents:<\/strong> 1.000 g<\/p>\n<\/div><\/div><\/div>","protected":false},"excerpt":{"rendered":"<h3><span style=\"color: #a9657e;\"><strong><br \/>\nUnterst\u00fctzung bei erh\u00f6hter Gelenkbelastung<\/strong><\/span><\/h3>\n<ul class=\"cst-bullet-points\">\n<li data-section-id=\"1hyuhsn\" data-start=\"695\" data-end=\"758\">Auf der Basis unseres bew\u00e4hrten Arthro Vital \u2013 erg\u00e4nzt um 3 zus\u00e4tzliche Wirkstoffe<\/li>\n<li data-section-id=\"1hyuhsn\" data-start=\"695\" data-end=\"758\">\n<p data-start=\"697\" data-end=\"758\">Zur Unterst\u00fctzung von Gelenken, Knorpel und Bindegewebe<\/p>\n<\/li>\n<li data-section-id=\"1plvxl\" data-start=\"833\" data-end=\"918\">\n<p data-start=\"835\" data-end=\"918\">Mit bew\u00e4hrten Gelenkn\u00e4hrstoffen wie Glucosamin, Chondroitin, MSM und Kollagen<\/p>\n<\/li>\n<li data-section-id=\"14hmyc8\" data-start=\"919\" data-end=\"1004\">\n<p data-start=\"921\" data-end=\"1004\">Erg\u00e4nzt durch pflanzliche Bestandteile wie Boswellia, Hagebutte, Weidenrinde und Kurkuma<\/p>\n<\/li>\n<li data-section-id=\"5lbpw0\" data-start=\"1005\" data-end=\"1081\">\n<p data-start=\"1007\" data-end=\"1081\">Mit wichtigen Vitaminen und Spurenelementen f\u00fcr den Gelenkstoffwechsel<\/p>\n<\/li>\n<\/ul>\n<p>Suggested withdrawal time prior to competition: 48 hours<\/p>\n<p><img loading=\"lazy\" decoding=\"async\" class=\"alignnone wp-image-4329\" src=\"https:\/\/www.doskar4equi.at\/wp-content\/uploads\/2024\/12\/2-300x300.png\" alt=\"\" width=\"120\" height=\"120\" srcset=\"https:\/\/www.doskar4equi.at\/wp-content\/uploads\/2024\/12\/2-300x300.png 300w, https:\/\/www.doskar4equi.at\/wp-content\/uploads\/2024\/12\/2-500x500.png 500w, https:\/\/www.doskar4equi.at\/wp-content\/uploads\/2024\/12\/2-100x100.png 100w, https:\/\/www.doskar4equi.at\/wp-content\/uploads\/2024\/12\/2-510x510.png 510w, https:\/\/www.doskar4equi.at\/wp-content\/uploads\/2024\/12\/2-150x150.png 150w, https:\/\/www.doskar4equi.at\/wp-content\/uploads\/2024\/12\/2-12x12.png 12w, https:\/\/www.doskar4equi.at\/wp-content\/uploads\/2024\/12\/2.png 700w\" sizes=\"auto, (max-width: 120px) 100vw, 120px\" \/> <img loading=\"lazy\" decoding=\"async\" class=\"alignnone wp-image-4328\" src=\"https:\/\/www.doskar4equi.at\/wp-content\/uploads\/2024\/12\/1-300x300.png\" alt=\"\" width=\"120\" height=\"120\" srcset=\"https:\/\/www.doskar4equi.at\/wp-content\/uploads\/2024\/12\/1-300x300.png 300w, https:\/\/www.doskar4equi.at\/wp-content\/uploads\/2024\/12\/1-500x500.png 500w, https:\/\/www.doskar4equi.at\/wp-content\/uploads\/2024\/12\/1-100x100.png 100w, https:\/\/www.doskar4equi.at\/wp-content\/uploads\/2024\/12\/1-510x510.png 510w, https:\/\/www.doskar4equi.at\/wp-content\/uploads\/2024\/12\/1-150x150.png 150w, https:\/\/www.doskar4equi.at\/wp-content\/uploads\/2024\/12\/1-12x12.png 12w, https:\/\/www.doskar4equi.at\/wp-content\/uploads\/2024\/12\/1.png 700w\" sizes=\"auto, (max-width: 120px) 100vw, 120px\" \/> <img loading=\"lazy\" decoding=\"async\" class=\"alignnone wp-image-4342\" src=\"https:\/\/www.doskar4equi.at\/wp-content\/uploads\/2025\/06\/Icons-1080-x-300-px-700-x-900-px-700-x-700-px-2-300x300.png\" alt=\"\" width=\"120\" height=\"120\" srcset=\"https:\/\/www.doskar4equi.at\/wp-content\/uploads\/2025\/06\/Icons-1080-x-300-px-700-x-900-px-700-x-700-px-2-300x300.png 300w, https:\/\/www.doskar4equi.at\/wp-content\/uploads\/2025\/06\/Icons-1080-x-300-px-700-x-900-px-700-x-700-px-2-500x500.png 500w, https:\/\/www.doskar4equi.at\/wp-content\/uploads\/2025\/06\/Icons-1080-x-300-px-700-x-900-px-700-x-700-px-2-100x100.png 100w, https:\/\/www.doskar4equi.at\/wp-content\/uploads\/2025\/06\/Icons-1080-x-300-px-700-x-900-px-700-x-700-px-2-510x510.png 510w, https:\/\/www.doskar4equi.at\/wp-content\/uploads\/2025\/06\/Icons-1080-x-300-px-700-x-900-px-700-x-700-px-2-150x150.png 150w, https:\/\/www.doskar4equi.at\/wp-content\/uploads\/2025\/06\/Icons-1080-x-300-px-700-x-900-px-700-x-700-px-2-12x12.png 12w, https:\/\/www.doskar4equi.at\/wp-content\/uploads\/2025\/06\/Icons-1080-x-300-px-700-x-900-px-700-x-700-px-2.png 700w\" sizes=\"auto, (max-width: 120px) 100vw, 120px\" \/><\/p>","protected":false},"featured_media":4701,"comment_status":"open","ping_status":"closed","template":"","meta":[],"product_brand":[],"product_cat":[37],"product_tag":[190,188],"class_list":{"0":"post-4542","1":"product","2":"type-product","3":"status-publish","4":"has-post-thumbnail","6":"product_cat-bewegungsapparat","7":"product_tag-knorpel","8":"product_tag-gelenke","10":"first","11":"instock","12":"taxable","13":"shipping-taxable","14":"purchasable","15":"product-type-simple"},"yoast_head":"<!-- This site is optimized with the Yoast SEO plugin v27.3 - https:\/\/yoast.com\/product\/yoast-seo-wordpress\/ -->\n<title>Gelenk Komplex - Doskar 4 Equi<\/title>\n<meta name=\"description\" content=\"Erg\u00e4nzungsfutter zur Unterst\u00fctzung bei Arthrose beim Pferd mit Kollagen, Chondroitin, Glucosamin, MSM, Boswellia, Mangan, Weidenrinde und Kurkuma.\" \/>\n<meta name=\"robots\" content=\"index, follow, max-snippet:-1, max-image-preview:large, max-video-preview:-1\" \/>\n<link rel=\"canonical\" href=\"https:\/\/www.doskar4equi.at\/en\/product\/gelenk-komplex\/\" \/>\n<meta property=\"og:locale\" content=\"en_GB\" \/>\n<meta property=\"og:type\" content=\"article\" \/>\n<meta property=\"og:title\" content=\"Gelenk Komplex - Doskar 4 Equi\" \/>\n<meta property=\"og:description\" content=\"Erg\u00e4nzungsfutter zur Unterst\u00fctzung bei Arthrose beim Pferd mit Kollagen, Chondroitin, Glucosamin, MSM, Boswellia, Mangan, Weidenrinde und Kurkuma.\" \/>\n<meta property=\"og:url\" content=\"https:\/\/www.doskar4equi.at\/en\/product\/gelenk-komplex\/\" \/>\n<meta property=\"og:site_name\" content=\"Doskar 4 Equi\" \/>\n<meta property=\"article:modified_time\" content=\"2026-04-05T19:47:30+00:00\" \/>\n<meta property=\"og:image\" content=\"https:\/\/www.doskar4equi.at\/wp-content\/uploads\/2026\/03\/2-2.png\" \/>\n\t<meta property=\"og:image:width\" content=\"1000\" \/>\n\t<meta property=\"og:image:height\" content=\"1000\" \/>\n\t<meta property=\"og:image:type\" content=\"image\/png\" \/>\n<meta name=\"twitter:card\" content=\"summary_large_image\" \/>\n<meta name=\"twitter:label1\" content=\"Estimated reading time\" \/>\n\t<meta name=\"twitter:data1\" content=\"3 minutes\" \/>\n<script type=\"application\/ld+json\" class=\"yoast-schema-graph\">{\"@context\":\"https:\\\/\\\/schema.org\",\"@graph\":[{\"@type\":\"WebPage\",\"@id\":\"https:\\\/\\\/www.doskar4equi.at\\\/produkt\\\/gelenk-komplex\\\/\",\"url\":\"https:\\\/\\\/www.doskar4equi.at\\\/produkt\\\/gelenk-komplex\\\/\",\"name\":\"Gelenk Komplex - Doskar 4 Equi\",\"isPartOf\":{\"@id\":\"https:\\\/\\\/www.doskar4equi.at\\\/#website\"},\"primaryImageOfPage\":{\"@id\":\"https:\\\/\\\/www.doskar4equi.at\\\/produkt\\\/gelenk-komplex\\\/#primaryimage\"},\"image\":{\"@id\":\"https:\\\/\\\/www.doskar4equi.at\\\/produkt\\\/gelenk-komplex\\\/#primaryimage\"},\"thumbnailUrl\":\"https:\\\/\\\/www.doskar4equi.at\\\/wp-content\\\/uploads\\\/2026\\\/03\\\/2-2.png\",\"datePublished\":\"2026-03-09T21:13:46+00:00\",\"dateModified\":\"2026-04-05T19:47:30+00:00\",\"description\":\"Erg\u00e4nzungsfutter zur Unterst\u00fctzung bei Arthrose beim Pferd mit Kollagen, Chondroitin, Glucosamin, MSM, Boswellia, Mangan, Weidenrinde und Kurkuma.\",\"breadcrumb\":{\"@id\":\"https:\\\/\\\/www.doskar4equi.at\\\/produkt\\\/gelenk-komplex\\\/#breadcrumb\"},\"inLanguage\":\"en-GB\",\"potentialAction\":[{\"@type\":\"ReadAction\",\"target\":[\"https:\\\/\\\/www.doskar4equi.at\\\/produkt\\\/gelenk-komplex\\\/\"]}]},{\"@type\":\"ImageObject\",\"inLanguage\":\"en-GB\",\"@id\":\"https:\\\/\\\/www.doskar4equi.at\\\/produkt\\\/gelenk-komplex\\\/#primaryimage\",\"url\":\"https:\\\/\\\/www.doskar4equi.at\\\/wp-content\\\/uploads\\\/2026\\\/03\\\/2-2.png\",\"contentUrl\":\"https:\\\/\\\/www.doskar4equi.at\\\/wp-content\\\/uploads\\\/2026\\\/03\\\/2-2.png\",\"width\":1000,\"height\":1000,\"caption\":\"Gelenk Komplex\"},{\"@type\":\"BreadcrumbList\",\"@id\":\"https:\\\/\\\/www.doskar4equi.at\\\/produkt\\\/gelenk-komplex\\\/#breadcrumb\",\"itemListElement\":[{\"@type\":\"ListItem\",\"position\":1,\"name\":\"Startseite\",\"item\":\"https:\\\/\\\/www.doskar4equi.at\\\/\"},{\"@type\":\"ListItem\",\"position\":2,\"name\":\"Shop\",\"item\":\"https:\\\/\\\/www.doskar4equi.at\\\/shop\\\/\"},{\"@type\":\"ListItem\",\"position\":3,\"name\":\"Gelenk Komplex\"}]},{\"@type\":\"WebSite\",\"@id\":\"https:\\\/\\\/www.doskar4equi.at\\\/#website\",\"url\":\"https:\\\/\\\/www.doskar4equi.at\\\/\",\"name\":\"Doskar 4 Equi\",\"description\":\"Pharmazeutisches Fachwissen\",\"potentialAction\":[{\"@type\":\"SearchAction\",\"target\":{\"@type\":\"EntryPoint\",\"urlTemplate\":\"https:\\\/\\\/www.doskar4equi.at\\\/?s={search_term_string}\"},\"query-input\":{\"@type\":\"PropertyValueSpecification\",\"valueRequired\":true,\"valueName\":\"search_term_string\"}}],\"inLanguage\":\"en-GB\"}]}<\/script>\n<!-- \/ Yoast SEO plugin. -->","yoast_head_json":{"title":"Gelenk Komplex - Doskar 4 Equi","description":"Erg\u00e4nzungsfutter zur Unterst\u00fctzung bei Arthrose beim Pferd mit Kollagen, Chondroitin, Glucosamin, MSM, Boswellia, Mangan, Weidenrinde und Kurkuma.","robots":{"index":"index","follow":"follow","max-snippet":"max-snippet:-1","max-image-preview":"max-image-preview:large","max-video-preview":"max-video-preview:-1"},"canonical":"https:\/\/www.doskar4equi.at\/en\/product\/gelenk-komplex\/","og_locale":"en_GB","og_type":"article","og_title":"Gelenk Komplex - Doskar 4 Equi","og_description":"Erg\u00e4nzungsfutter zur Unterst\u00fctzung bei Arthrose beim Pferd mit Kollagen, Chondroitin, Glucosamin, MSM, Boswellia, Mangan, Weidenrinde und Kurkuma.","og_url":"https:\/\/www.doskar4equi.at\/en\/product\/gelenk-komplex\/","og_site_name":"Doskar 4 Equi","article_modified_time":"2026-04-05T19:47:30+00:00","og_image":[{"width":1000,"height":1000,"url":"https:\/\/www.doskar4equi.at\/wp-content\/uploads\/2026\/03\/2-2.png","type":"image\/png"}],"twitter_card":"summary_large_image","twitter_misc":{"Estimated reading time":"3 minutes"},"schema":{"@context":"https:\/\/schema.org","@graph":[{"@type":"WebPage","@id":"https:\/\/www.doskar4equi.at\/produkt\/gelenk-komplex\/","url":"https:\/\/www.doskar4equi.at\/produkt\/gelenk-komplex\/","name":"Gelenk Komplex - Doskar 4 Equi","isPartOf":{"@id":"https:\/\/www.doskar4equi.at\/#website"},"primaryImageOfPage":{"@id":"https:\/\/www.doskar4equi.at\/produkt\/gelenk-komplex\/#primaryimage"},"image":{"@id":"https:\/\/www.doskar4equi.at\/produkt\/gelenk-komplex\/#primaryimage"},"thumbnailUrl":"https:\/\/www.doskar4equi.at\/wp-content\/uploads\/2026\/03\/2-2.png","datePublished":"2026-03-09T21:13:46+00:00","dateModified":"2026-04-05T19:47:30+00:00","description":"Erg\u00e4nzungsfutter zur Unterst\u00fctzung bei Arthrose beim Pferd mit Kollagen, Chondroitin, Glucosamin, MSM, Boswellia, Mangan, Weidenrinde und Kurkuma.","breadcrumb":{"@id":"https:\/\/www.doskar4equi.at\/produkt\/gelenk-komplex\/#breadcrumb"},"inLanguage":"en-GB","potentialAction":[{"@type":"ReadAction","target":["https:\/\/www.doskar4equi.at\/produkt\/gelenk-komplex\/"]}]},{"@type":"ImageObject","inLanguage":"en-GB","@id":"https:\/\/www.doskar4equi.at\/produkt\/gelenk-komplex\/#primaryimage","url":"https:\/\/www.doskar4equi.at\/wp-content\/uploads\/2026\/03\/2-2.png","contentUrl":"https:\/\/www.doskar4equi.at\/wp-content\/uploads\/2026\/03\/2-2.png","width":1000,"height":1000,"caption":"Gelenk Komplex"},{"@type":"BreadcrumbList","@id":"https:\/\/www.doskar4equi.at\/produkt\/gelenk-komplex\/#breadcrumb","itemListElement":[{"@type":"ListItem","position":1,"name":"Startseite","item":"https:\/\/www.doskar4equi.at\/"},{"@type":"ListItem","position":2,"name":"Shop","item":"https:\/\/www.doskar4equi.at\/shop\/"},{"@type":"ListItem","position":3,"name":"Gelenk Komplex"}]},{"@type":"WebSite","@id":"https:\/\/www.doskar4equi.at\/#website","url":"https:\/\/www.doskar4equi.at\/","name":"Doskar 4 Equi","description":"Pharmazeutisches Fachwissen","potentialAction":[{"@type":"SearchAction","target":{"@type":"EntryPoint","urlTemplate":"https:\/\/www.doskar4equi.at\/?s={search_term_string}"},"query-input":{"@type":"PropertyValueSpecification","valueRequired":true,"valueName":"search_term_string"}}],"inLanguage":"en-GB"}]}},"_links":{"self":[{"href":"https:\/\/www.doskar4equi.at\/en\/wp-json\/wp\/v2\/product\/4542","targetHints":{"allow":["GET"]}}],"collection":[{"href":"https:\/\/www.doskar4equi.at\/en\/wp-json\/wp\/v2\/product"}],"about":[{"href":"https:\/\/www.doskar4equi.at\/en\/wp-json\/wp\/v2\/types\/product"}],"replies":[{"embeddable":true,"href":"https:\/\/www.doskar4equi.at\/en\/wp-json\/wp\/v2\/comments?post=4542"}],"wp:featuredmedia":[{"embeddable":true,"href":"https:\/\/www.doskar4equi.at\/en\/wp-json\/wp\/v2\/media\/4701"}],"wp:attachment":[{"href":"https:\/\/www.doskar4equi.at\/en\/wp-json\/wp\/v2\/media?parent=4542"}],"wp:term":[{"taxonomy":"product_brand","embeddable":true,"href":"https:\/\/www.doskar4equi.at\/en\/wp-json\/wp\/v2\/product_brand?post=4542"},{"taxonomy":"product_cat","embeddable":true,"href":"https:\/\/www.doskar4equi.at\/en\/wp-json\/wp\/v2\/product_cat?post=4542"},{"taxonomy":"product_tag","embeddable":true,"href":"https:\/\/www.doskar4equi.at\/en\/wp-json\/wp\/v2\/product_tag?post=4542"}],"curies":[{"name":"wp","href":"https:\/\/api.w.org\/{rel}","templated":true}]}}