{"id":538,"date":"2023-07-31T21:07:25","date_gmt":"2023-07-31T19:07:25","guid":{"rendered":"https:\/\/devversion1.doskar4equi.at\/produkt\/atem-gut-1000-ml\/"},"modified":"2026-04-13T21:07:44","modified_gmt":"2026-04-13T21:07:44","slug":"atem-gut-1000-ml","status":"publish","type":"product","link":"https:\/\/www.doskar4equi.at\/en\/product\/atem-gut-1000-ml\/","title":{"rendered":"Atem-Gut Stallspray"},"content":{"rendered":"<div class=\"tabbed-content\">\n\t\t\t\n\t\t\t<ul class=\"nav nav-tabs nav-uppercase nav-size-normal nav-left\" role=\"tablist\"><li id=\"tab-beschreibung\" class=\"tab active has-icon\" role=\"presentation\"><a href=\"#tab_beschreibung\" role=\"tab\" aria-selected=\"true\" aria-controls=\"tab_beschreibung\"><span>Product Description<\/span><\/a><\/li>\n<li id=\"tab-anwendung\" class=\"tab has-icon\" role=\"presentation\"><a href=\"#tab_anwendung\" tabindex=\"-1\" role=\"tab\" aria-selected=\"false\" aria-controls=\"tab_anwendung\"><span>Usage<\/span><\/a><\/li>\n<li id=\"tab-inhalt\" class=\"tab has-icon\" role=\"presentation\"><a href=\"#tab_inhalt\" tabindex=\"-1\" role=\"tab\" aria-selected=\"false\" aria-controls=\"tab_inhalt\"><span>Ingredients<\/span><\/a><\/li><\/ul><div class=\"tab-panels\"><div id=\"tab_beschreibung\" class=\"panel active entry-content\" role=\"tabpanel\" aria-labelledby=\"tab-beschreibung\">\n<h3 data-start=\"739\" data-end=\"990\"><span class=\"BZ_Pyq_fadeIn\">F\u00fcr angenehme Stallluft<\/span><\/h3>\n<p data-start=\"739\" data-end=\"990\"><span class=\"BZ_Pyq_fadeIn\">Atem-<\/span><span class=\"BZ_Pyq_fadeIn\">Gut <\/span><span class=\"BZ_Pyq_fadeIn\">ist <\/span><span class=\"BZ_Pyq_fadeIn\">ein <\/span><span class=\"BZ_Pyq_fadeIn\">Stallspray<\/span><span class=\"BZ_Pyq_fadeIn\">\u00a0<\/span><span class=\"BZ_Pyq_fadeIn\">auf <\/span><span class=\"BZ_Pyq_fadeIn\">Basis <\/span><span class=\"BZ_Pyq_fadeIn\">spezieller <\/span><span class=\"BZ_Pyq_fadeIn\">\u00e4therischer <\/span><span class=\"BZ_Pyq_fadeIn\">\u00d6le<\/span><span class=\"BZ_Pyq_fadeIn\">, <\/span><span class=\"BZ_Pyq_fadeIn\">das <\/span><span class=\"BZ_Pyq_fadeIn\">f\u00fcr <\/span><span class=\"BZ_Pyq_fadeIn\">eine <\/span><span class=\"BZ_Pyq_fadeIn\">angenehm <\/span><span class=\"BZ_Pyq_fadeIn\">frische <\/span><span class=\"BZ_Pyq_fadeIn\">Stallluft <\/span><span class=\"BZ_Pyq_fadeIn\">sorgt. <\/span><span class=\"BZ_Pyq_fadeIn\">Durch <\/span><span class=\"BZ_Pyq_fadeIn\">das <\/span><span class=\"BZ_Pyq_fadeIn\">regelm\u00e4\u00dfige <\/span><span class=\"BZ_Pyq_fadeIn\">Verspr\u00fchen <\/span><span class=\"BZ_Pyq_fadeIn\">oder <\/span><span class=\"BZ_Pyq_fadeIn\">Vernebeln <\/span><span class=\"BZ_Pyq_fadeIn\">verbessert <\/span><span class=\"BZ_Pyq_fadeIn\">Atem-<\/span><span class=\"BZ_Pyq_fadeIn\">Gut <\/span><span class=\"BZ_Pyq_fadeIn\">das <\/span><span class=\"BZ_Pyq_fadeIn\">Stallklima <\/span><span class=\"BZ_Pyq_fadeIn\">in <\/span><span class=\"BZ_Pyq_fadeIn\">Pferdeboxen, <\/span><span class=\"BZ_Pyq_fadeIn\">Reithallen <\/span><span class=\"BZ_Pyq_fadeIn\">and <\/span><span class=\"BZ_Pyq_fadeIn\">Stallgassen.<\/span><\/p>\n<p data-start=\"992\" data-end=\"1186\"><span class=\"BZ_Pyq_fadeIn\">Die <\/span><span class=\"BZ_Pyq_fadeIn\">nat\u00fcrlichen <\/span><span class=\"BZ_Pyq_fadeIn\">Duftstoffe <\/span><span class=\"BZ_Pyq_fadeIn\">verteilen <\/span><span class=\"BZ_Pyq_fadeIn\">sich <\/span><span class=\"BZ_Pyq_fadeIn\">gleichm\u00e4\u00dfig <\/span><span class=\"BZ_Pyq_fadeIn\">im <\/span><span class=\"BZ_Pyq_fadeIn\">Stall <\/span><span class=\"BZ_Pyq_fadeIn\">and <\/span><span class=\"BZ_Pyq_fadeIn\">sorgen <\/span><span class=\"BZ_Pyq_fadeIn\">f\u00fcr <\/span><span class=\"BZ_Pyq_fadeIn\">eine <\/span><span class=\"BZ_Pyq_fadeIn\">angenehme <\/span><span class=\"BZ_Pyq_fadeIn\">Luft <\/span><span class=\"BZ_Pyq_fadeIn\">f\u00fcr <\/span><span class=\"BZ_Pyq_fadeIn\">Pferd <\/span><span class=\"BZ_Pyq_fadeIn\">and <\/span><span class=\"BZ_Pyq_fadeIn\">Mensch \u2013 <\/span><span class=\"BZ_Pyq_fadeIn\">besonders <\/span><span class=\"BZ_Pyq_fadeIn\">in <\/span><span class=\"BZ_Pyq_fadeIn\">Zeiten <\/span><span class=\"BZ_Pyq_fadeIn\">von <\/span><span class=\"BZ_Pyq_fadeIn\">Feuchtigkeit, <\/span><span class=\"BZ_Pyq_fadeIn\">Nebel <\/span><span class=\"BZ_Pyq_fadeIn\">oder <\/span><span class=\"BZ_Pyq_fadeIn\">kalten <\/span><span class=\"BZ_Pyq_fadeIn\">Temperaturen<\/span><span class=\"BZ_Pyq_fadeIn\">.<\/span><\/p>\n<p data-start=\"992\" data-end=\"1186\"><img loading=\"lazy\" decoding=\"async\" class=\"alignnone wp-image-4374\" src=\"https:\/\/www.doskar4equi.at\/wp-content\/uploads\/2025\/09\/3-2-300x95.png\" alt=\"\" width=\"150\" height=\"48\" srcset=\"https:\/\/www.doskar4equi.at\/wp-content\/uploads\/2025\/09\/3-2-300x95.png 300w, https:\/\/www.doskar4equi.at\/wp-content\/uploads\/2025\/09\/3-2-scaled-510x162.png 510w, https:\/\/www.doskar4equi.at\/wp-content\/uploads\/2025\/09\/3-2-1024x326.png 1024w, https:\/\/www.doskar4equi.at\/wp-content\/uploads\/2025\/09\/3-2-768x244.png 768w, https:\/\/www.doskar4equi.at\/wp-content\/uploads\/2025\/09\/3-2-1536x489.png 1536w, https:\/\/www.doskar4equi.at\/wp-content\/uploads\/2025\/09\/3-2-2048x652.png 2048w, https:\/\/www.doskar4equi.at\/wp-content\/uploads\/2025\/09\/3-2-18x6.png 18w\" sizes=\"auto, (max-width: 150px) 100vw, 150px\" \/> <img loading=\"lazy\" decoding=\"async\" class=\"alignnone wp-image-4373\" src=\"https:\/\/www.doskar4equi.at\/wp-content\/uploads\/2025\/09\/4-300x95.png\" alt=\"\" width=\"150\" height=\"48\" srcset=\"https:\/\/www.doskar4equi.at\/wp-content\/uploads\/2025\/09\/4-300x95.png 300w, https:\/\/www.doskar4equi.at\/wp-content\/uploads\/2025\/09\/4-510x162.png 510w, https:\/\/www.doskar4equi.at\/wp-content\/uploads\/2025\/09\/4-1024x326.png 1024w, https:\/\/www.doskar4equi.at\/wp-content\/uploads\/2025\/09\/4-768x244.png 768w, https:\/\/www.doskar4equi.at\/wp-content\/uploads\/2025\/09\/4-1536x489.png 1536w, https:\/\/www.doskar4equi.at\/wp-content\/uploads\/2025\/09\/4-2048x652.png 2048w, https:\/\/www.doskar4equi.at\/wp-content\/uploads\/2025\/09\/4-18x6.png 18w\" sizes=\"auto, (max-width: 150px) 100vw, 150px\" \/><\/p>\n<\/div>\n<div id=\"tab_anwendung\" class=\"panel entry-content\" role=\"tabpanel\" aria-labelledby=\"tab-anwendung\">\n<div class=\"et_pb_section et_pb_section_7 et_section_regular\">\n<div class=\"et_pb_row et_pb_row_7\">\n<div class=\"et_pb_column et_pb_column_4_4 et_pb_column_9 et_pb_css_mix_blend_mode_passthrough et-last-child\">\n<div class=\"et_pb_module et_pb_tabs et_pb_tabs_1 et_slide_transition_to_1\">\n<div class=\"et_pb_all_tabs\">\n<div class=\"et_pb_tab et_pb_tab_4 clearfix et-pb-active-slide\">\n<div class=\"et_pb_tab_content\">\n<p class=\"cvGsUA direction-ltr align-center para-style-body\"><span class=\"OYPEnA text-decoration-none text-strikethrough-none\">Application:<\/span><\/p>\n<p data-start=\"1203\" data-end=\"1310\"><span class=\"BZ_Pyq_fadeIn\">Atem-<\/span><span class=\"BZ_Pyq_fadeIn\">Gut <\/span><span class=\"BZ_Pyq_fadeIn\">wird <\/span><span class=\"BZ_Pyq_fadeIn\">regelm\u00e4\u00dfig <\/span><span class=\"BZ_Pyq_fadeIn\">im <\/span><span class=\"BZ_Pyq_fadeIn\">gesamten <\/span><span class=\"BZ_Pyq_fadeIn\">Stall <\/span><span class=\"BZ_Pyq_fadeIn\">verspr\u00fcht <\/span><span class=\"BZ_Pyq_fadeIn\">oder <\/span><span class=\"BZ_Pyq_fadeIn\">vernebelt. <\/span><span class=\"BZ_Pyq_fadeIn\">Das <\/span><span class=\"BZ_Pyq_fadeIn\">Futter <\/span><span class=\"BZ_Pyq_fadeIn\">kann <\/span><span class=\"BZ_Pyq_fadeIn\">dabei <\/span><span class=\"BZ_Pyq_fadeIn\">im <\/span><span class=\"BZ_Pyq_fadeIn\">Trog <\/span><span class=\"BZ_Pyq_fadeIn\">bleiben.<\/span><\/p>\n<ul data-start=\"1312\" data-end=\"1489\">\n<li data-section-id=\"1ntwe0n\" data-start=\"1312\" data-end=\"1419\">\n<p data-start=\"1314\" data-end=\"1419\"><span class=\"BZ_Pyq_fadeIn\">Bei <\/span><span class=\"BZ_Pyq_fadeIn\">Wetterumschwung (<\/span><span class=\"BZ_Pyq_fadeIn\">N\u00e4sse, <\/span><span class=\"BZ_Pyq_fadeIn\">K\u00e4lte, <\/span><span class=\"BZ_Pyq_fadeIn\">Nebel) <\/span><span class=\"BZ_Pyq_fadeIn\">im <\/span><span class=\"BZ_Pyq_fadeIn\">Herbst <\/span><span class=\"BZ_Pyq_fadeIn\">and <\/span><span class=\"BZ_Pyq_fadeIn\">Winter: <\/span><span class=\"BZ_Pyq_fadeIn\">2\u2013<\/span><span class=\"BZ_Pyq_fadeIn\">3-<\/span><span class=\"BZ_Pyq_fadeIn\">mal <\/span><span class=\"BZ_Pyq_fadeIn\">t\u00e4glich <\/span><span class=\"BZ_Pyq_fadeIn\">im <\/span><span class=\"BZ_Pyq_fadeIn\">Stall <\/span><span class=\"BZ_Pyq_fadeIn\">verspr\u00fchen<\/span><\/p>\n<\/li>\n<li data-section-id=\"19alm5w\" data-start=\"1420\" data-end=\"1489\">\n<p data-start=\"1422\" data-end=\"1489\"><span class=\"BZ_Pyq_fadeIn\">Zur <\/span><span class=\"BZ_Pyq_fadeIn\">vorbeugenden <\/span><span class=\"BZ_Pyq_fadeIn\">Application: <\/span><span class=\"BZ_Pyq_fadeIn\">t\u00e4glich <\/span><span class=\"BZ_Pyq_fadeIn\">etwa <\/span><span class=\"BZ_Pyq_fadeIn\">2 <\/span><span class=\"BZ_Pyq_fadeIn\">Spr\u00fchst\u00f6\u00dfe <\/span><span class=\"BZ_Pyq_fadeIn\">pro <\/span><span class=\"BZ_Pyq_fadeIn\">Pferd<\/span><\/p>\n<\/li>\n<\/ul>\n<p data-start=\"1491\" data-end=\"1510\"><span class=\"BZ_Pyq_fadeIn\">F\u00fcr <\/span><span class=\"BZ_Pyq_fadeIn\">Heu <\/span><span class=\"BZ_Pyq_fadeIn\">oder <\/span><span class=\"BZ_Pyq_fadeIn\">Stroh:<\/span><\/p>\n<ol data-start=\"1511\" data-end=\"1695\">\n<li data-section-id=\"zqe4s2\" data-start=\"1511\" data-end=\"1618\">\n<p data-start=\"1514\" data-end=\"1618\"><span class=\"BZ_Pyq_fadeIn\">Die <\/span><span class=\"BZ_Pyq_fadeIn\">Tagesmenge <\/span><span class=\"BZ_Pyq_fadeIn\">an <\/span><span class=\"BZ_Pyq_fadeIn\">Heu <\/span><span class=\"BZ_Pyq_fadeIn\">oder <\/span><span class=\"BZ_Pyq_fadeIn\">Stroh <\/span><span class=\"BZ_Pyq_fadeIn\">au\u00dferhalb <\/span><span class=\"BZ_Pyq_fadeIn\">der <\/span><span class=\"BZ_Pyq_fadeIn\">Pferdebox <\/span><span class=\"BZ_Pyq_fadeIn\">aufsch\u00fctteln<\/span><span class=\"BZ_Pyq_fadeIn\"> (<\/span><span class=\"BZ_Pyq_fadeIn\">Staubentwicklung <\/span><span class=\"BZ_Pyq_fadeIn\">beachten).<\/span><\/p>\n<\/li>\n<li data-section-id=\"15r8743\" data-start=\"1619\" data-end=\"1695\">\n<p data-start=\"1622\" data-end=\"1695\"><span class=\"BZ_Pyq_fadeIn\">Je <\/span><span class=\"BZ_Pyq_fadeIn\">nach <\/span><span class=\"BZ_Pyq_fadeIn\">Menge <\/span><span class=\"BZ_Pyq_fadeIn\">einige <\/span><span class=\"BZ_Pyq_fadeIn\">Spr\u00fchst\u00f6\u00dfe <\/span><span class=\"BZ_Pyq_fadeIn\">Atem-<\/span><span class=\"BZ_Pyq_fadeIn\">Gut <\/span><span class=\"BZ_Pyq_fadeIn\">\u00fcber <\/span><span class=\"BZ_Pyq_fadeIn\">das <\/span><span class=\"BZ_Pyq_fadeIn\">Material <\/span><span class=\"BZ_Pyq_fadeIn\">verteilen<\/span><span class=\"BZ_Pyq_fadeIn\">.<\/span><\/p>\n<\/li>\n<\/ol>\n<p data-start=\"1697\" data-end=\"1804\"><span class=\"BZ_Pyq_fadeIn\">So <\/span><span class=\"BZ_Pyq_fadeIn\">wird <\/span><span class=\"BZ_Pyq_fadeIn\">das <\/span><span class=\"BZ_Pyq_fadeIn\">Stallklima <\/span><span class=\"BZ_Pyq_fadeIn\">auf <\/span><span class=\"BZ_Pyq_fadeIn\">nat\u00fcrliche <\/span><span class=\"BZ_Pyq_fadeIn\">Weise <\/span><span class=\"BZ_Pyq_fadeIn\">unterst\u00fctzt <\/span><span class=\"BZ_Pyq_fadeIn\">and <\/span><span class=\"BZ_Pyq_fadeIn\">die <\/span><span class=\"BZ_Pyq_fadeIn\">Luft <\/span><span class=\"BZ_Pyq_fadeIn\">im <\/span><span class=\"BZ_Pyq_fadeIn\">Pferdestall <\/span><span class=\"BZ_Pyq_fadeIn\">bleibt <\/span><span class=\"BZ_Pyq_fadeIn\">angenehm <\/span><span class=\"BZ_Pyq_fadeIn\">frisch.<\/span><\/p>\n<p class=\"cvGsUA direction-ltr align-center para-style-body\"><span class=\"OYPEnA text-decoration-none text-strikethrough-none\">250 ml Atem-Gut reichen ca. 2,5 bis 3 Monate bei t\u00e4glicher Anwendung.<\/span><\/p>\n<\/div>\n<\/div>\n<\/div>\n<\/div>\n<\/div>\n<\/div>\n<\/div>\n<div class=\"et_pb_section et_pb_section_9 et_pb_with_background et_section_regular\">\n<div class=\"et_pb_row et_pb_row_8\">\n<div class=\"et_pb_column et_pb_column_4_4 et_pb_column_10 et_pb_css_mix_blend_mode_passthrough et-last-child\">\n<div class=\"et_pb_module et_pb_text et_pb_text_1 et_pb_text_align_center et_pb_bg_layout_dark\">\n<div class=\"et_pb_text_inner\"><\/div>\n<\/div>\n<\/div>\n<\/div>\n<\/div>\n<\/div>\n<div id=\"tab_inhalt\" class=\"panel entry-content\" role=\"tabpanel\" aria-labelledby=\"tab-inhalt\">\n<div class=\"et_pb_section et_pb_section_7 et_section_regular\">\n<div class=\"et_pb_row et_pb_row_7\">\n<div class=\"et_pb_column et_pb_column_4_4 et_pb_column_9 et_pb_css_mix_blend_mode_passthrough et-last-child\">\n<div class=\"et_pb_module et_pb_tabs et_pb_tabs_1 et_slide_transition_to_1 et_slide_transition_to_2\">\n<div class=\"et_pb_all_tabs\">\n<div class=\"et_pb_tab et_pb_tab_5 clearfix et-pb-active-slide\">\n<div class=\"et_pb_tab_content\">\n<p>Blend of essential oils with eucalyptus, mint, pine needle<\/p>\n<p><strong>Contents:<\/strong>\u00a01.000 ml<\/p>\n<\/div>\n<\/div>\n<\/div>\n<\/div>\n<\/div>\n<\/div>\n<\/div>\n<div class=\"et_pb_section et_pb_section_9 et_pb_with_background et_section_regular\">\n<div class=\"et_pb_row et_pb_row_8\">\n<div class=\"et_pb_column et_pb_column_4_4 et_pb_column_10 et_pb_css_mix_blend_mode_passthrough et-last-child\">\n<div class=\"et_pb_module et_pb_text et_pb_text_1 et_pb_text_align_center et_pb_bg_layout_dark\">\n<div class=\"et_pb_text_inner\"><\/div>\n<\/div>\n<\/div>\n<\/div>\n<\/div>\n<\/div><\/div><\/div>","protected":false},"excerpt":{"rendered":"<h3><span style=\"color: #bd6d8d;\"><strong><span class=\"BZ_Pyq_fadeIn\">Luftverbesserer <\/span><span class=\"BZ_Pyq_fadeIn\">f\u00fcr <\/span><span class=\"BZ_Pyq_fadeIn\">Pferdest\u00e4lle<\/span><\/strong><\/span><\/h3>","protected":false},"featured_media":1734,"comment_status":"open","ping_status":"closed","template":"","meta":[],"product_brand":[],"product_cat":[35],"product_tag":[],"class_list":{"0":"post-538","1":"product","2":"type-product","3":"status-publish","4":"has-post-thumbnail","6":"product_cat-atemwege","8":"first","9":"instock","10":"taxable","11":"shipping-taxable","12":"purchasable","13":"product-type-simple"},"yoast_head":"<!-- This site is optimized with the Yoast SEO plugin v27.4 - https:\/\/yoast.com\/product\/yoast-seo-wordpress\/ -->\n<title>Atem-Gut Stallspray - Doskar 4 Equi<\/title>\n<meta name=\"description\" content=\"Atem-Gut ist ein Stallspray\u00a0auf Basis spezieller \u00e4therischer \u00d6le, das f\u00fcr eine angenehm frische Stallluft sorgt.\" \/>\n<meta name=\"robots\" content=\"index, follow, max-snippet:-1, max-image-preview:large, max-video-preview:-1\" \/>\n<link rel=\"canonical\" href=\"https:\/\/www.doskar4equi.at\/en\/product\/atem-gut-1000-ml\/\" \/>\n<meta property=\"og:locale\" content=\"en_GB\" \/>\n<meta property=\"og:type\" content=\"article\" \/>\n<meta property=\"og:title\" content=\"Atem-Gut Stallspray - Doskar 4 Equi\" \/>\n<meta property=\"og:description\" content=\"Atem-Gut ist ein Stallspray\u00a0auf Basis spezieller \u00e4therischer \u00d6le, das f\u00fcr eine angenehm frische Stallluft sorgt.\" \/>\n<meta property=\"og:url\" content=\"https:\/\/www.doskar4equi.at\/en\/product\/atem-gut-1000-ml\/\" \/>\n<meta property=\"og:site_name\" content=\"Doskar 4 Equi\" \/>\n<meta property=\"article:modified_time\" content=\"2026-04-13T21:07:44+00:00\" \/>\n<meta property=\"og:image\" content=\"https:\/\/www.doskar4equi.at\/wp-content\/uploads\/2024\/06\/Atemgut.jpg\" \/>\n\t<meta property=\"og:image:width\" content=\"1500\" \/>\n\t<meta property=\"og:image:height\" content=\"1500\" \/>\n\t<meta property=\"og:image:type\" content=\"image\/jpeg\" \/>\n<meta name=\"twitter:card\" content=\"summary_large_image\" \/>\n<meta name=\"twitter:label1\" content=\"Estimated reading time\" \/>\n\t<meta name=\"twitter:data1\" content=\"2 minutes\" \/>\n<script type=\"application\/ld+json\" class=\"yoast-schema-graph\">{\"@context\":\"https:\\\/\\\/schema.org\",\"@graph\":[{\"@type\":\"WebPage\",\"@id\":\"https:\\\/\\\/www.doskar4equi.at\\\/produkt\\\/atem-gut-1000-ml\\\/\",\"url\":\"https:\\\/\\\/www.doskar4equi.at\\\/produkt\\\/atem-gut-1000-ml\\\/\",\"name\":\"Atem-Gut Stallspray - Doskar 4 Equi\",\"isPartOf\":{\"@id\":\"https:\\\/\\\/www.doskar4equi.at\\\/#website\"},\"primaryImageOfPage\":{\"@id\":\"https:\\\/\\\/www.doskar4equi.at\\\/produkt\\\/atem-gut-1000-ml\\\/#primaryimage\"},\"image\":{\"@id\":\"https:\\\/\\\/www.doskar4equi.at\\\/produkt\\\/atem-gut-1000-ml\\\/#primaryimage\"},\"thumbnailUrl\":\"https:\\\/\\\/www.doskar4equi.at\\\/wp-content\\\/uploads\\\/2024\\\/06\\\/Atemgut.jpg\",\"datePublished\":\"2023-07-31T19:07:25+00:00\",\"dateModified\":\"2026-04-13T21:07:44+00:00\",\"description\":\"Atem-Gut ist ein Stallspray\u00a0auf Basis spezieller \u00e4therischer \u00d6le, das f\u00fcr eine angenehm frische Stallluft sorgt.\",\"breadcrumb\":{\"@id\":\"https:\\\/\\\/www.doskar4equi.at\\\/produkt\\\/atem-gut-1000-ml\\\/#breadcrumb\"},\"inLanguage\":\"en-GB\",\"potentialAction\":[{\"@type\":\"ReadAction\",\"target\":[\"https:\\\/\\\/www.doskar4equi.at\\\/produkt\\\/atem-gut-1000-ml\\\/\"]}]},{\"@type\":\"ImageObject\",\"inLanguage\":\"en-GB\",\"@id\":\"https:\\\/\\\/www.doskar4equi.at\\\/produkt\\\/atem-gut-1000-ml\\\/#primaryimage\",\"url\":\"https:\\\/\\\/www.doskar4equi.at\\\/wp-content\\\/uploads\\\/2024\\\/06\\\/Atemgut.jpg\",\"contentUrl\":\"https:\\\/\\\/www.doskar4equi.at\\\/wp-content\\\/uploads\\\/2024\\\/06\\\/Atemgut.jpg\",\"width\":1500,\"height\":1500,\"caption\":\"Atem Gut 1000ml\"},{\"@type\":\"BreadcrumbList\",\"@id\":\"https:\\\/\\\/www.doskar4equi.at\\\/produkt\\\/atem-gut-1000-ml\\\/#breadcrumb\",\"itemListElement\":[{\"@type\":\"ListItem\",\"position\":1,\"name\":\"Startseite\",\"item\":\"https:\\\/\\\/www.doskar4equi.at\\\/\"},{\"@type\":\"ListItem\",\"position\":2,\"name\":\"Shop\",\"item\":\"https:\\\/\\\/www.doskar4equi.at\\\/shop\\\/\"},{\"@type\":\"ListItem\",\"position\":3,\"name\":\"Atem-Gut Stallspray\"}]},{\"@type\":\"WebSite\",\"@id\":\"https:\\\/\\\/www.doskar4equi.at\\\/#website\",\"url\":\"https:\\\/\\\/www.doskar4equi.at\\\/\",\"name\":\"Doskar 4 Equi\",\"description\":\"Pharmazeutisches Fachwissen\",\"potentialAction\":[{\"@type\":\"SearchAction\",\"target\":{\"@type\":\"EntryPoint\",\"urlTemplate\":\"https:\\\/\\\/www.doskar4equi.at\\\/?s={search_term_string}\"},\"query-input\":{\"@type\":\"PropertyValueSpecification\",\"valueRequired\":true,\"valueName\":\"search_term_string\"}}],\"inLanguage\":\"en-GB\"}]}<\/script>\n<!-- \/ Yoast SEO plugin. -->","yoast_head_json":{"title":"Atem-Gut Stallspray - Doskar 4 Equi","description":"Atem-Gut ist ein Stallspray\u00a0auf Basis spezieller \u00e4therischer \u00d6le, das f\u00fcr eine angenehm frische Stallluft sorgt.","robots":{"index":"index","follow":"follow","max-snippet":"max-snippet:-1","max-image-preview":"max-image-preview:large","max-video-preview":"max-video-preview:-1"},"canonical":"https:\/\/www.doskar4equi.at\/en\/product\/atem-gut-1000-ml\/","og_locale":"en_GB","og_type":"article","og_title":"Atem-Gut Stallspray - Doskar 4 Equi","og_description":"Atem-Gut ist ein Stallspray\u00a0auf Basis spezieller \u00e4therischer \u00d6le, das f\u00fcr eine angenehm frische Stallluft sorgt.","og_url":"https:\/\/www.doskar4equi.at\/en\/product\/atem-gut-1000-ml\/","og_site_name":"Doskar 4 Equi","article_modified_time":"2026-04-13T21:07:44+00:00","og_image":[{"width":1500,"height":1500,"url":"https:\/\/www.doskar4equi.at\/wp-content\/uploads\/2024\/06\/Atemgut.jpg","type":"image\/jpeg"}],"twitter_card":"summary_large_image","twitter_misc":{"Estimated reading time":"2 minutes"},"schema":{"@context":"https:\/\/schema.org","@graph":[{"@type":"WebPage","@id":"https:\/\/www.doskar4equi.at\/produkt\/atem-gut-1000-ml\/","url":"https:\/\/www.doskar4equi.at\/produkt\/atem-gut-1000-ml\/","name":"Atem-Gut Stallspray - Doskar 4 Equi","isPartOf":{"@id":"https:\/\/www.doskar4equi.at\/#website"},"primaryImageOfPage":{"@id":"https:\/\/www.doskar4equi.at\/produkt\/atem-gut-1000-ml\/#primaryimage"},"image":{"@id":"https:\/\/www.doskar4equi.at\/produkt\/atem-gut-1000-ml\/#primaryimage"},"thumbnailUrl":"https:\/\/www.doskar4equi.at\/wp-content\/uploads\/2024\/06\/Atemgut.jpg","datePublished":"2023-07-31T19:07:25+00:00","dateModified":"2026-04-13T21:07:44+00:00","description":"Atem-Gut ist ein Stallspray\u00a0auf Basis spezieller \u00e4therischer \u00d6le, das f\u00fcr eine angenehm frische Stallluft sorgt.","breadcrumb":{"@id":"https:\/\/www.doskar4equi.at\/produkt\/atem-gut-1000-ml\/#breadcrumb"},"inLanguage":"en-GB","potentialAction":[{"@type":"ReadAction","target":["https:\/\/www.doskar4equi.at\/produkt\/atem-gut-1000-ml\/"]}]},{"@type":"ImageObject","inLanguage":"en-GB","@id":"https:\/\/www.doskar4equi.at\/produkt\/atem-gut-1000-ml\/#primaryimage","url":"https:\/\/www.doskar4equi.at\/wp-content\/uploads\/2024\/06\/Atemgut.jpg","contentUrl":"https:\/\/www.doskar4equi.at\/wp-content\/uploads\/2024\/06\/Atemgut.jpg","width":1500,"height":1500,"caption":"Atem Gut 1000ml"},{"@type":"BreadcrumbList","@id":"https:\/\/www.doskar4equi.at\/produkt\/atem-gut-1000-ml\/#breadcrumb","itemListElement":[{"@type":"ListItem","position":1,"name":"Startseite","item":"https:\/\/www.doskar4equi.at\/"},{"@type":"ListItem","position":2,"name":"Shop","item":"https:\/\/www.doskar4equi.at\/shop\/"},{"@type":"ListItem","position":3,"name":"Atem-Gut Stallspray"}]},{"@type":"WebSite","@id":"https:\/\/www.doskar4equi.at\/#website","url":"https:\/\/www.doskar4equi.at\/","name":"Doskar 4 Equi","description":"Pharmazeutisches Fachwissen","potentialAction":[{"@type":"SearchAction","target":{"@type":"EntryPoint","urlTemplate":"https:\/\/www.doskar4equi.at\/?s={search_term_string}"},"query-input":{"@type":"PropertyValueSpecification","valueRequired":true,"valueName":"search_term_string"}}],"inLanguage":"en-GB"}]}},"_links":{"self":[{"href":"https:\/\/www.doskar4equi.at\/en\/wp-json\/wp\/v2\/product\/538","targetHints":{"allow":["GET"]}}],"collection":[{"href":"https:\/\/www.doskar4equi.at\/en\/wp-json\/wp\/v2\/product"}],"about":[{"href":"https:\/\/www.doskar4equi.at\/en\/wp-json\/wp\/v2\/types\/product"}],"replies":[{"embeddable":true,"href":"https:\/\/www.doskar4equi.at\/en\/wp-json\/wp\/v2\/comments?post=538"}],"wp:featuredmedia":[{"embeddable":true,"href":"https:\/\/www.doskar4equi.at\/en\/wp-json\/wp\/v2\/media\/1734"}],"wp:attachment":[{"href":"https:\/\/www.doskar4equi.at\/en\/wp-json\/wp\/v2\/media?parent=538"}],"wp:term":[{"taxonomy":"product_brand","embeddable":true,"href":"https:\/\/www.doskar4equi.at\/en\/wp-json\/wp\/v2\/product_brand?post=538"},{"taxonomy":"product_cat","embeddable":true,"href":"https:\/\/www.doskar4equi.at\/en\/wp-json\/wp\/v2\/product_cat?post=538"},{"taxonomy":"product_tag","embeddable":true,"href":"https:\/\/www.doskar4equi.at\/en\/wp-json\/wp\/v2\/product_tag?post=538"}],"curies":[{"name":"wp","href":"https:\/\/api.w.org\/{rel}","templated":true}]}}