{"id":824,"date":"2023-10-30T17:07:34","date_gmt":"2023-10-30T17:07:34","guid":{"rendered":"https:\/\/devversion1.doskar4equi.at\/produkt\/articulus-plus\/"},"modified":"2026-04-16T07:49:49","modified_gmt":"2026-04-16T07:49:49","slug":"arthro-vital","status":"publish","type":"product","link":"https:\/\/www.doskar4equi.at\/en\/product\/arthro-vital\/","title":{"rendered":"Arthro Vital 1.000 g"},"content":{"rendered":"<div class=\"tabbed-content\">\n\t\t\t\n\t\t\t<ul class=\"nav nav-tabs nav-uppercase nav-size-normal nav-left\" role=\"tablist\"><li id=\"tab-beschreibung\" class=\"tab active has-icon\" role=\"presentation\"><a href=\"#tab_beschreibung\" role=\"tab\" aria-selected=\"true\" aria-controls=\"tab_beschreibung\"><span>Product Description<\/span><\/a><\/li>\n<li id=\"tab-anwendung\" class=\"tab has-icon\" role=\"presentation\"><a href=\"#tab_anwendung\" tabindex=\"-1\" role=\"tab\" aria-selected=\"false\" aria-controls=\"tab_anwendung\"><span>Usage<\/span><\/a><\/li>\n<li id=\"tab-zusammensetzung\" class=\"tab has-icon\" role=\"presentation\"><a href=\"#tab_zusammensetzung\" tabindex=\"-1\" role=\"tab\" aria-selected=\"false\" aria-controls=\"tab_zusammensetzung\"><span>Zusammensetzung<\/span><\/a><\/li><\/ul><div class=\"tab-panels\"><div id=\"tab_beschreibung\" class=\"panel active entry-content\" role=\"tabpanel\" aria-labelledby=\"tab-beschreibung\">\n<p style=\"font-weight: 400;\">Arthro Vital wurde speziell entwickelt, um die Gelenkgesundheit und Beweglichkeit deines Pferdes zu f\u00f6rdern. Die effektive Wirkstoffkombination aus nat\u00fcrlichen und wissenschaftlich fundierten Inhaltsstoffen unterst\u00fctzt die Gelenke und tr\u00e4gt zur Regeneration des Knorpelgewebes bei.<\/p>\n<ul class=\"cst-bullet-points\">\n<li style=\"font-weight: 400;\">Hyaluron sorgt daf\u00fcr, dass die Gelenkknorpeloberfl\u00e4chen reibungsarm \u00fcbereinander gleiten und St\u00f6\u00dfe abged\u00e4mpft werden<\/li>\n<li>Kollagen unterst\u00fctzt die Elastizit\u00e4t und Festigkeit des Knorpelgewebes und tr\u00e4gt zur Regeneration der Gelenke bei<\/li>\n<li style=\"font-weight: 400;\">MSM (Methylsulfonylmethan) liefert Schwefel f\u00fcr die Bildung von Kollagen<\/li>\n<li style=\"font-weight: 400;\">Chondroitin unterst\u00fctzt die Elastizit\u00e4t und Struktur des Knorpels und hilft, degenerative Prozesse zu verlangsamen<\/li>\n<li style=\"font-weight: 400;\">Glucosamin ist ein essenzieller Baustein f\u00fcr die Regeneration und den Schutz von Knorpelgewebe<\/li>\n<li style=\"font-weight: 400;\">Curcuma und Weidenrinde geh\u00f6ren zu den bekanntesten und am intensivsten erforschten Pflanzen der Naturheilkunde<\/li>\n<\/ul>\n<h3><strong>Besonders geeinet f\u00fcr:\u00a0<\/strong><\/h3>\n<ul>\n<li data-start=\"286\" data-end=\"336\">Pferde mit eingeschr\u00e4nkter Beweglichkeit oder altersbedingter Gelenkbelastung<\/li>\n<li data-start=\"286\" data-end=\"336\">Pferde in Regenerationsphasen<\/li>\n<li>Sportpferde mit hoher Gelenkbelastung<\/li>\n<\/ul>\n<p><strong>Suggested withdrawal time prior to competition: 48 hours<\/strong><\/p>\n<p>F\u00fcr Pferde mit erh\u00f6htem Bedarf: Unser Gelenk Komplex erweitert diese Formel um 3 zus\u00e4tzliche Wirkstoffe.<\/p>\n<p>Bei akuten oder fortgeschrittenen Gelenkerkrankungen empfehlen wir die begleitende Betreuung durch einen Tierarzt.<\/p>\n<p><img loading=\"lazy\" decoding=\"async\" class=\"alignnone wp-image-4374\" src=\"https:\/\/www.doskar4equi.at\/wp-content\/uploads\/2025\/09\/3-2-300x95.png\" alt=\"\" width=\"150\" height=\"48\" srcset=\"https:\/\/www.doskar4equi.at\/wp-content\/uploads\/2025\/09\/3-2-300x95.png 300w, https:\/\/www.doskar4equi.at\/wp-content\/uploads\/2025\/09\/3-2-scaled-510x162.png 510w, https:\/\/www.doskar4equi.at\/wp-content\/uploads\/2025\/09\/3-2-1024x326.png 1024w, https:\/\/www.doskar4equi.at\/wp-content\/uploads\/2025\/09\/3-2-768x244.png 768w, https:\/\/www.doskar4equi.at\/wp-content\/uploads\/2025\/09\/3-2-1536x489.png 1536w, https:\/\/www.doskar4equi.at\/wp-content\/uploads\/2025\/09\/3-2-2048x652.png 2048w, https:\/\/www.doskar4equi.at\/wp-content\/uploads\/2025\/09\/3-2-18x6.png 18w\" sizes=\"auto, (max-width: 150px) 100vw, 150px\" \/> <img loading=\"lazy\" decoding=\"async\" class=\"alignnone wp-image-4373\" src=\"https:\/\/www.doskar4equi.at\/wp-content\/uploads\/2025\/09\/4-300x95.png\" alt=\"\" width=\"150\" height=\"48\" srcset=\"https:\/\/www.doskar4equi.at\/wp-content\/uploads\/2025\/09\/4-300x95.png 300w, https:\/\/www.doskar4equi.at\/wp-content\/uploads\/2025\/09\/4-510x162.png 510w, https:\/\/www.doskar4equi.at\/wp-content\/uploads\/2025\/09\/4-1024x326.png 1024w, https:\/\/www.doskar4equi.at\/wp-content\/uploads\/2025\/09\/4-768x244.png 768w, https:\/\/www.doskar4equi.at\/wp-content\/uploads\/2025\/09\/4-1536x489.png 1536w, https:\/\/www.doskar4equi.at\/wp-content\/uploads\/2025\/09\/4-2048x652.png 2048w, https:\/\/www.doskar4equi.at\/wp-content\/uploads\/2025\/09\/4-18x6.png 18w\" sizes=\"auto, (max-width: 150px) 100vw, 150px\" \/><\/p>\n<\/div>\n<div id=\"tab_anwendung\" class=\"panel entry-content\" role=\"tabpanel\" aria-labelledby=\"tab-anwendung\">\n<p><b>Recommended daily feeding amount per animal:<\/b><\/p>\n<p>Gro\u00dfpferde: 1 Messl\u00f6ffel<\/p>\n<p>Ponys und Kleinpferde: 1\/2 Messl\u00f6ffel<\/p>\n<\/div>\n<div id=\"tab_zusammensetzung\" class=\"panel entry-content\" role=\"tabpanel\" aria-labelledby=\"tab-zusammensetzung\">\n<p><span class=\"OYPEnA text-decoration-none text-strikethrough-none\"><strong>Composition:<\/strong><br \/>\nYeast (inactive Saccharomyces cerevisiae); glucosamine hydrochloride 20%; methylsulfonylmethane (MSM) 20%; ground willow bark 5%; collagen hydrolysate; ground turmeric root 5%; chondroitin sulphate 4%; hyaluronic acid<\/span><\/p>\n<p><strong>Analytical components and levels:<\/strong><br \/>\n<span class=\"OYPEnA text-decoration-none text-strikethrough-none\">Crude protein 34.2%; crude fiber 1.3%; crude fat 2.1%; crude ash 6.3%; sodium 0.28%<\/span><\/p>\n<p><strong>Additives per kg:<\/strong><br \/>\n<span class=\"OYPEnA text-decoration-none text-strikethrough-none\">Vitamin D3 (3a671) 50,000 IU; Vitamin E (3a700) 10,000 mg; Vitamin C (3a300) 10,000 mg; Manganese as glycine manganese chelate, hydrate (3b506) 3,150 mg; Copper as glycine copper chelate, hydrate (3b413) 1,200 mg; Zinc as glycine zinc chelate, hydrate (3b607) 3,900 mg; Selenium in organic form from Saccharomyces cerevisiae CNCM I-3060 (inactivated selenium yeast) (3b8.10) 11.50 mg<\/span><\/p>\n<p><strong>Contents:<\/strong> 1.000 g<\/p>\n<\/div><\/div><\/div>","protected":false},"excerpt":{"rendered":"<h3><span style=\"color: #a9657e;\"><strong><br \/>\nZur gezielten Unterst\u00fctzung des Gelenkstoffwechsels<\/strong><\/span><\/h3>\n<ul class=\"cst-bullet-points\">\n<li data-start=\"215\" data-end=\"267\">Unterst\u00fctzt die Gelenkgesundheit und Beweglichkeit<\/li>\n<li data-start=\"270\" data-end=\"314\">F\u00f6rdert die Regeneration von Knorpelgewebe<\/li>\n<li>Tr\u00e4gt zur Elastizit\u00e4t von Sehnen und B\u00e4ndern bei<\/li>\n<li>Mit Hyaluron, Kollagen, MSM &amp; Chondroitin, erg\u00e4nzt durch Weidenrinde und Kurkuma<\/li>\n<\/ul>\n<p>Suggested withdrawal time prior to competition: 48 hours<\/p>\n<p><img loading=\"lazy\" decoding=\"async\" class=\"alignnone wp-image-4329\" src=\"https:\/\/www.doskar4equi.at\/wp-content\/uploads\/2024\/12\/2-300x300.png\" alt=\"\" width=\"120\" height=\"120\" srcset=\"https:\/\/www.doskar4equi.at\/wp-content\/uploads\/2024\/12\/2-300x300.png 300w, https:\/\/www.doskar4equi.at\/wp-content\/uploads\/2024\/12\/2-500x500.png 500w, https:\/\/www.doskar4equi.at\/wp-content\/uploads\/2024\/12\/2-100x100.png 100w, https:\/\/www.doskar4equi.at\/wp-content\/uploads\/2024\/12\/2-510x510.png 510w, https:\/\/www.doskar4equi.at\/wp-content\/uploads\/2024\/12\/2-150x150.png 150w, https:\/\/www.doskar4equi.at\/wp-content\/uploads\/2024\/12\/2-12x12.png 12w, https:\/\/www.doskar4equi.at\/wp-content\/uploads\/2024\/12\/2.png 700w\" sizes=\"auto, (max-width: 120px) 100vw, 120px\" \/> <img loading=\"lazy\" decoding=\"async\" class=\"alignnone wp-image-4328\" src=\"https:\/\/www.doskar4equi.at\/wp-content\/uploads\/2024\/12\/1-300x300.png\" alt=\"\" width=\"120\" height=\"120\" srcset=\"https:\/\/www.doskar4equi.at\/wp-content\/uploads\/2024\/12\/1-300x300.png 300w, https:\/\/www.doskar4equi.at\/wp-content\/uploads\/2024\/12\/1-500x500.png 500w, https:\/\/www.doskar4equi.at\/wp-content\/uploads\/2024\/12\/1-100x100.png 100w, https:\/\/www.doskar4equi.at\/wp-content\/uploads\/2024\/12\/1-510x510.png 510w, https:\/\/www.doskar4equi.at\/wp-content\/uploads\/2024\/12\/1-150x150.png 150w, https:\/\/www.doskar4equi.at\/wp-content\/uploads\/2024\/12\/1-12x12.png 12w, https:\/\/www.doskar4equi.at\/wp-content\/uploads\/2024\/12\/1.png 700w\" sizes=\"auto, (max-width: 120px) 100vw, 120px\" \/> <img loading=\"lazy\" decoding=\"async\" class=\"alignnone wp-image-4342\" src=\"https:\/\/www.doskar4equi.at\/wp-content\/uploads\/2025\/06\/Icons-1080-x-300-px-700-x-900-px-700-x-700-px-2-300x300.png\" alt=\"\" width=\"120\" height=\"120\" srcset=\"https:\/\/www.doskar4equi.at\/wp-content\/uploads\/2025\/06\/Icons-1080-x-300-px-700-x-900-px-700-x-700-px-2-300x300.png 300w, https:\/\/www.doskar4equi.at\/wp-content\/uploads\/2025\/06\/Icons-1080-x-300-px-700-x-900-px-700-x-700-px-2-500x500.png 500w, https:\/\/www.doskar4equi.at\/wp-content\/uploads\/2025\/06\/Icons-1080-x-300-px-700-x-900-px-700-x-700-px-2-100x100.png 100w, https:\/\/www.doskar4equi.at\/wp-content\/uploads\/2025\/06\/Icons-1080-x-300-px-700-x-900-px-700-x-700-px-2-510x510.png 510w, https:\/\/www.doskar4equi.at\/wp-content\/uploads\/2025\/06\/Icons-1080-x-300-px-700-x-900-px-700-x-700-px-2-150x150.png 150w, https:\/\/www.doskar4equi.at\/wp-content\/uploads\/2025\/06\/Icons-1080-x-300-px-700-x-900-px-700-x-700-px-2-12x12.png 12w, https:\/\/www.doskar4equi.at\/wp-content\/uploads\/2025\/06\/Icons-1080-x-300-px-700-x-900-px-700-x-700-px-2.png 700w\" sizes=\"auto, (max-width: 120px) 100vw, 120px\" \/><\/p>","protected":false},"featured_media":4706,"comment_status":"open","ping_status":"closed","template":"","meta":[],"product_brand":[],"product_cat":[37],"product_tag":[188],"class_list":{"0":"post-824","1":"product","2":"type-product","3":"status-publish","4":"has-post-thumbnail","6":"product_cat-bewegungsapparat","7":"product_tag-gelenke","9":"first","10":"instock","11":"taxable","12":"shipping-taxable","13":"purchasable","14":"product-type-simple"},"yoast_head":"<!-- This site is optimized with the Yoast SEO plugin v27.4 - https:\/\/yoast.com\/product\/yoast-seo-wordpress\/ -->\n<title>Arthro Vital 1.000 g - Doskar 4 Equi<\/title>\n<meta name=\"description\" content=\"Erg\u00e4nzungsfutter zur Unterst\u00fctzung bei Arthrose beim Pferd mit Hyaluron, Kollagen, Chondroitin, Glucosamin, MSM, Weidenrinde und Kurkuma.\" \/>\n<meta name=\"robots\" content=\"index, follow, max-snippet:-1, max-image-preview:large, max-video-preview:-1\" \/>\n<link rel=\"canonical\" href=\"https:\/\/www.doskar4equi.at\/en\/product\/arthro-vital\/\" \/>\n<meta property=\"og:locale\" content=\"en_GB\" \/>\n<meta property=\"og:type\" content=\"article\" \/>\n<meta property=\"og:title\" content=\"Arthro Vital 1.000 g - Doskar 4 Equi\" \/>\n<meta property=\"og:description\" content=\"Erg\u00e4nzungsfutter zur Unterst\u00fctzung bei Arthrose beim Pferd mit Hyaluron, Kollagen, Chondroitin, Glucosamin, MSM, Weidenrinde und Kurkuma.\" \/>\n<meta property=\"og:url\" content=\"https:\/\/www.doskar4equi.at\/en\/product\/arthro-vital\/\" \/>\n<meta property=\"og:site_name\" content=\"Doskar 4 Equi\" \/>\n<meta property=\"article:modified_time\" content=\"2026-04-16T07:49:49+00:00\" \/>\n<meta property=\"og:image\" content=\"https:\/\/www.doskar4equi.at\/wp-content\/uploads\/2026\/03\/1-1.png\" \/>\n\t<meta property=\"og:image:width\" content=\"1000\" \/>\n\t<meta property=\"og:image:height\" content=\"1000\" \/>\n\t<meta property=\"og:image:type\" content=\"image\/png\" \/>\n<meta name=\"twitter:card\" content=\"summary_large_image\" \/>\n<meta name=\"twitter:label1\" content=\"Estimated reading time\" \/>\n\t<meta name=\"twitter:data1\" content=\"3 minutes\" \/>\n<script type=\"application\/ld+json\" class=\"yoast-schema-graph\">{\"@context\":\"https:\\\/\\\/schema.org\",\"@graph\":[{\"@type\":\"WebPage\",\"@id\":\"https:\\\/\\\/www.doskar4equi.at\\\/produkt\\\/arthro-vital\\\/\",\"url\":\"https:\\\/\\\/www.doskar4equi.at\\\/produkt\\\/arthro-vital\\\/\",\"name\":\"Arthro Vital 1.000 g - Doskar 4 Equi\",\"isPartOf\":{\"@id\":\"https:\\\/\\\/www.doskar4equi.at\\\/#website\"},\"primaryImageOfPage\":{\"@id\":\"https:\\\/\\\/www.doskar4equi.at\\\/produkt\\\/arthro-vital\\\/#primaryimage\"},\"image\":{\"@id\":\"https:\\\/\\\/www.doskar4equi.at\\\/produkt\\\/arthro-vital\\\/#primaryimage\"},\"thumbnailUrl\":\"https:\\\/\\\/www.doskar4equi.at\\\/wp-content\\\/uploads\\\/2026\\\/03\\\/1-1.png\",\"datePublished\":\"2023-10-30T17:07:34+00:00\",\"dateModified\":\"2026-04-16T07:49:49+00:00\",\"description\":\"Erg\u00e4nzungsfutter zur Unterst\u00fctzung bei Arthrose beim Pferd mit Hyaluron, Kollagen, Chondroitin, Glucosamin, MSM, Weidenrinde und Kurkuma.\",\"breadcrumb\":{\"@id\":\"https:\\\/\\\/www.doskar4equi.at\\\/produkt\\\/arthro-vital\\\/#breadcrumb\"},\"inLanguage\":\"en-GB\",\"potentialAction\":[{\"@type\":\"ReadAction\",\"target\":[\"https:\\\/\\\/www.doskar4equi.at\\\/produkt\\\/arthro-vital\\\/\"]}]},{\"@type\":\"ImageObject\",\"inLanguage\":\"en-GB\",\"@id\":\"https:\\\/\\\/www.doskar4equi.at\\\/produkt\\\/arthro-vital\\\/#primaryimage\",\"url\":\"https:\\\/\\\/www.doskar4equi.at\\\/wp-content\\\/uploads\\\/2026\\\/03\\\/1-1.png\",\"contentUrl\":\"https:\\\/\\\/www.doskar4equi.at\\\/wp-content\\\/uploads\\\/2026\\\/03\\\/1-1.png\",\"width\":1000,\"height\":1000,\"caption\":\"Arthro Vital\"},{\"@type\":\"BreadcrumbList\",\"@id\":\"https:\\\/\\\/www.doskar4equi.at\\\/produkt\\\/arthro-vital\\\/#breadcrumb\",\"itemListElement\":[{\"@type\":\"ListItem\",\"position\":1,\"name\":\"Startseite\",\"item\":\"https:\\\/\\\/www.doskar4equi.at\\\/\"},{\"@type\":\"ListItem\",\"position\":2,\"name\":\"Shop\",\"item\":\"https:\\\/\\\/www.doskar4equi.at\\\/shop\\\/\"},{\"@type\":\"ListItem\",\"position\":3,\"name\":\"Arthro Vital 1.000 g\"}]},{\"@type\":\"WebSite\",\"@id\":\"https:\\\/\\\/www.doskar4equi.at\\\/#website\",\"url\":\"https:\\\/\\\/www.doskar4equi.at\\\/\",\"name\":\"Doskar 4 Equi\",\"description\":\"Pharmazeutisches Fachwissen\",\"potentialAction\":[{\"@type\":\"SearchAction\",\"target\":{\"@type\":\"EntryPoint\",\"urlTemplate\":\"https:\\\/\\\/www.doskar4equi.at\\\/?s={search_term_string}\"},\"query-input\":{\"@type\":\"PropertyValueSpecification\",\"valueRequired\":true,\"valueName\":\"search_term_string\"}}],\"inLanguage\":\"en-GB\"}]}<\/script>\n<!-- \/ Yoast SEO plugin. -->","yoast_head_json":{"title":"Arthro Vital 1.000 g - Doskar 4 Equi","description":"Erg\u00e4nzungsfutter zur Unterst\u00fctzung bei Arthrose beim Pferd mit Hyaluron, Kollagen, Chondroitin, Glucosamin, MSM, Weidenrinde und Kurkuma.","robots":{"index":"index","follow":"follow","max-snippet":"max-snippet:-1","max-image-preview":"max-image-preview:large","max-video-preview":"max-video-preview:-1"},"canonical":"https:\/\/www.doskar4equi.at\/en\/product\/arthro-vital\/","og_locale":"en_GB","og_type":"article","og_title":"Arthro Vital 1.000 g - Doskar 4 Equi","og_description":"Erg\u00e4nzungsfutter zur Unterst\u00fctzung bei Arthrose beim Pferd mit Hyaluron, Kollagen, Chondroitin, Glucosamin, MSM, Weidenrinde und Kurkuma.","og_url":"https:\/\/www.doskar4equi.at\/en\/product\/arthro-vital\/","og_site_name":"Doskar 4 Equi","article_modified_time":"2026-04-16T07:49:49+00:00","og_image":[{"width":1000,"height":1000,"url":"https:\/\/www.doskar4equi.at\/wp-content\/uploads\/2026\/03\/1-1.png","type":"image\/png"}],"twitter_card":"summary_large_image","twitter_misc":{"Estimated reading time":"3 minutes"},"schema":{"@context":"https:\/\/schema.org","@graph":[{"@type":"WebPage","@id":"https:\/\/www.doskar4equi.at\/produkt\/arthro-vital\/","url":"https:\/\/www.doskar4equi.at\/produkt\/arthro-vital\/","name":"Arthro Vital 1.000 g - Doskar 4 Equi","isPartOf":{"@id":"https:\/\/www.doskar4equi.at\/#website"},"primaryImageOfPage":{"@id":"https:\/\/www.doskar4equi.at\/produkt\/arthro-vital\/#primaryimage"},"image":{"@id":"https:\/\/www.doskar4equi.at\/produkt\/arthro-vital\/#primaryimage"},"thumbnailUrl":"https:\/\/www.doskar4equi.at\/wp-content\/uploads\/2026\/03\/1-1.png","datePublished":"2023-10-30T17:07:34+00:00","dateModified":"2026-04-16T07:49:49+00:00","description":"Erg\u00e4nzungsfutter zur Unterst\u00fctzung bei Arthrose beim Pferd mit Hyaluron, Kollagen, Chondroitin, Glucosamin, MSM, Weidenrinde und Kurkuma.","breadcrumb":{"@id":"https:\/\/www.doskar4equi.at\/produkt\/arthro-vital\/#breadcrumb"},"inLanguage":"en-GB","potentialAction":[{"@type":"ReadAction","target":["https:\/\/www.doskar4equi.at\/produkt\/arthro-vital\/"]}]},{"@type":"ImageObject","inLanguage":"en-GB","@id":"https:\/\/www.doskar4equi.at\/produkt\/arthro-vital\/#primaryimage","url":"https:\/\/www.doskar4equi.at\/wp-content\/uploads\/2026\/03\/1-1.png","contentUrl":"https:\/\/www.doskar4equi.at\/wp-content\/uploads\/2026\/03\/1-1.png","width":1000,"height":1000,"caption":"Arthro Vital"},{"@type":"BreadcrumbList","@id":"https:\/\/www.doskar4equi.at\/produkt\/arthro-vital\/#breadcrumb","itemListElement":[{"@type":"ListItem","position":1,"name":"Startseite","item":"https:\/\/www.doskar4equi.at\/"},{"@type":"ListItem","position":2,"name":"Shop","item":"https:\/\/www.doskar4equi.at\/shop\/"},{"@type":"ListItem","position":3,"name":"Arthro Vital 1.000 g"}]},{"@type":"WebSite","@id":"https:\/\/www.doskar4equi.at\/#website","url":"https:\/\/www.doskar4equi.at\/","name":"Doskar 4 Equi","description":"Pharmazeutisches Fachwissen","potentialAction":[{"@type":"SearchAction","target":{"@type":"EntryPoint","urlTemplate":"https:\/\/www.doskar4equi.at\/?s={search_term_string}"},"query-input":{"@type":"PropertyValueSpecification","valueRequired":true,"valueName":"search_term_string"}}],"inLanguage":"en-GB"}]}},"_links":{"self":[{"href":"https:\/\/www.doskar4equi.at\/en\/wp-json\/wp\/v2\/product\/824","targetHints":{"allow":["GET"]}}],"collection":[{"href":"https:\/\/www.doskar4equi.at\/en\/wp-json\/wp\/v2\/product"}],"about":[{"href":"https:\/\/www.doskar4equi.at\/en\/wp-json\/wp\/v2\/types\/product"}],"replies":[{"embeddable":true,"href":"https:\/\/www.doskar4equi.at\/en\/wp-json\/wp\/v2\/comments?post=824"}],"wp:featuredmedia":[{"embeddable":true,"href":"https:\/\/www.doskar4equi.at\/en\/wp-json\/wp\/v2\/media\/4706"}],"wp:attachment":[{"href":"https:\/\/www.doskar4equi.at\/en\/wp-json\/wp\/v2\/media?parent=824"}],"wp:term":[{"taxonomy":"product_brand","embeddable":true,"href":"https:\/\/www.doskar4equi.at\/en\/wp-json\/wp\/v2\/product_brand?post=824"},{"taxonomy":"product_cat","embeddable":true,"href":"https:\/\/www.doskar4equi.at\/en\/wp-json\/wp\/v2\/product_cat?post=824"},{"taxonomy":"product_tag","embeddable":true,"href":"https:\/\/www.doskar4equi.at\/en\/wp-json\/wp\/v2\/product_tag?post=824"}],"curies":[{"name":"wp","href":"https:\/\/api.w.org\/{rel}","templated":true}]}}