{"id":949,"date":"2023-12-15T00:21:15","date_gmt":"2023-12-14T23:21:15","guid":{"rendered":"https:\/\/devversion1.doskar4equi.at\/?post_type=product&#038;p=949"},"modified":"2026-04-15T12:13:35","modified_gmt":"2026-04-15T12:13:35","slug":"sulfo-immun-forte-90-stk","status":"publish","type":"product","link":"https:\/\/www.doskar4equi.at\/en\/product\/sulfo-immun-forte-90-stk\/","title":{"rendered":"Sulfo Immun Forte &#8211; 90 Kautabletten"},"content":{"rendered":"<div class=\"tabbed-content\">\n\t\t\t\n\t\t\t<ul class=\"nav nav-tabs nav-uppercase nav-size-normal nav-left\" role=\"tablist\"><li id=\"tab-beschreibung\" class=\"tab active has-icon\" role=\"presentation\"><a href=\"#tab_beschreibung\" role=\"tab\" aria-selected=\"true\" aria-controls=\"tab_beschreibung\"><span>Product Description<\/span><\/a><\/li>\n<li id=\"tab-anwendung\" class=\"tab has-icon\" role=\"presentation\"><a href=\"#tab_anwendung\" tabindex=\"-1\" role=\"tab\" aria-selected=\"false\" aria-controls=\"tab_anwendung\"><span>Usage<\/span><\/a><\/li>\n<li id=\"tab-inhalt\" class=\"tab has-icon\" role=\"presentation\"><a href=\"#tab_inhalt\" tabindex=\"-1\" role=\"tab\" aria-selected=\"false\" aria-controls=\"tab_inhalt\"><span>Ingredients<\/span><\/a><\/li><\/ul><div class=\"tab-panels\"><div id=\"tab_beschreibung\" class=\"panel active entry-content\" role=\"tabpanel\" aria-labelledby=\"tab-beschreibung\">\n<h4><strong>Sulforaphan. Einer der vielversprechendsten Wirkstoffe &#8211; jetzt f\u00fcr dein Pferd.<\/strong><\/h4>\n<p>Entwickelt mit Tier\u00e4rzten. Pharmazeutisch fundiert. So einfach wie ein Leckerli.<\/p>\n<p class=\"font-claude-response-body break-words whitespace-normal leading-&#091;1.7&#093;\">Sulforaphan ist ein nat\u00fcrlicher Pflanzenstoff aus der Gruppe der Isothiocyanate, der vor allem in Kreuzbl\u00fctlern vorkommt &#8211; besonders in Brokkoli und noch st\u00e4rker in Brokkolisprossen. Sulforaphan liegt in der Pflanze nicht fertig vor &#8211; es entsteht erst wenn die Pflanzenzelle verletzt wird, zum Beispiel durch Kauen oder Zerkleinern. Dabei trifft die Vorstufe Glucoraphanin auf das Enzym Myrosinase und wird in das aktive Sulforaphan umgewandelt. Das Besondere: Die eigentliche Wirkung kommt von innen. Sulforaphan gibt dem K\u00f6rper den Impuls, seine eigenen Schutzprozesse anzusto\u00dfen und der K\u00f6rper beginnt, mehr von seinen eigenen Schutzenzymen herzustellen. Es geht also nicht nur darum, was gef\u00fcttert wird, sondern, was im K\u00f6rper daraus entsteht.<\/p>\n<h4><strong>Das kann Sulfo Immun Forte:<\/strong><\/h4>\n<div class=\"page\" title=\"Page 2\">\n<div class=\"layoutArea\">\n<div class=\"column\">\n<ul class=\"cst-bullet-points\">\n<li>to specifically support the body\u2019s natural immune function<\/li>\n<li>provides essential amino acids, minerals, and vitamins<\/li>\n<li>zur Unterst\u00fctzung der Atemwege &#8211; besonders in staubigen Stallumgebungen oder zur Pollensaison<\/li>\n<li>begleitet gezielt durch den Fellwechsel<\/li>\n<\/ul>\n<\/div>\n<\/div>\n<\/div>\n<h4 class=\"font-claude-response-body break-words whitespace-normal leading-&#091;1.7&#093;\"><strong>Durchdacht bis ins Detail.<\/strong><\/h4>\n<p class=\"font-claude-response-body break-words whitespace-normal leading-&#091;1.7&#093;\">Sulfo Immun Forte verwendet Sulforaphan Smart &#8211; eine speziell entwickelte Wirkstoffmatrix aus nat\u00fcrlichem Brokkoli-Konzentrat kombiniert mit speziellen Enzymen. So wird der Wirkstoff optimal vorbereitet und im Verdauungstrakt bestm\u00f6glich verf\u00fcgbar gemacht.<\/p>\n<p class=\"font-claude-response-body break-words whitespace-normal leading-&#091;1.7&#093;\">Kombiniert mit Spirulina und Mariendistel sowie einem nat\u00fcrlichen Apfelaroma.<\/p>\n<h4 class=\"font-claude-response-body break-words whitespace-normal leading-&#091;1.7&#093;\"><strong>So einfach war Erg\u00e4nzen noch nie.<\/strong><\/h4>\n<p class=\"font-claude-response-body break-words whitespace-normal leading-&#091;1.7&#093;\">Eine Kautablette t\u00e4glich &#8211; direkt aus der Hand verf\u00fcttern oder ins Futter mischen.<\/p>\n<h4><strong>Wissenswertes \u00fcber Sulforaphan:\u00a0<\/strong><\/h4>\n<p>Sulforaphan wurde 1992 von Paul Talalay und seinem Team an der Johns Hopkins University erstmals isoliert. Was damals als interessanter Pflanzenstoff aus Brokkoli begann, ist heute einer der meistuntersuchten sekund\u00e4ren Pflanzenstoffe weltweit.<\/p>\n<p>Sulforaphan ist kein klassisches Antioxidans, das freie Radikale direkt neutralisiert &#8211; wie zum Beispiel Vitamin C. Sulforaphan funktioniert anders: Es aktiviert einen k\u00f6rpereigenen Schalter, den sogenannten NRF2-Signalweg. NRF2 ist ein Transkriptionsfaktor &#8211; also ein Protein, das als zentraler Regulator der zellul\u00e4ren Stressabwehr gilt. Sulforaphan bringt den K\u00f6rper dazu, mehr von seinen eigenen Schutzenzymen herzustellen. Der K\u00f6rper arbeitet selbst. Sulforaphan gibt den Impuls.<\/p>\n<p><img loading=\"lazy\" decoding=\"async\" class=\"alignnone wp-image-4374\" src=\"https:\/\/www.doskar4equi.at\/wp-content\/uploads\/2025\/09\/3-2-300x95.png\" alt=\"\" width=\"150\" height=\"48\" srcset=\"https:\/\/www.doskar4equi.at\/wp-content\/uploads\/2025\/09\/3-2-300x95.png 300w, https:\/\/www.doskar4equi.at\/wp-content\/uploads\/2025\/09\/3-2-scaled-510x162.png 510w, https:\/\/www.doskar4equi.at\/wp-content\/uploads\/2025\/09\/3-2-1024x326.png 1024w, https:\/\/www.doskar4equi.at\/wp-content\/uploads\/2025\/09\/3-2-768x244.png 768w, https:\/\/www.doskar4equi.at\/wp-content\/uploads\/2025\/09\/3-2-1536x489.png 1536w, https:\/\/www.doskar4equi.at\/wp-content\/uploads\/2025\/09\/3-2-2048x652.png 2048w, https:\/\/www.doskar4equi.at\/wp-content\/uploads\/2025\/09\/3-2-18x6.png 18w\" sizes=\"auto, (max-width: 150px) 100vw, 150px\" \/> <img loading=\"lazy\" decoding=\"async\" class=\"alignnone wp-image-4373\" src=\"https:\/\/www.doskar4equi.at\/wp-content\/uploads\/2025\/09\/4-300x95.png\" alt=\"\" width=\"150\" height=\"48\" srcset=\"https:\/\/www.doskar4equi.at\/wp-content\/uploads\/2025\/09\/4-300x95.png 300w, https:\/\/www.doskar4equi.at\/wp-content\/uploads\/2025\/09\/4-510x162.png 510w, https:\/\/www.doskar4equi.at\/wp-content\/uploads\/2025\/09\/4-1024x326.png 1024w, https:\/\/www.doskar4equi.at\/wp-content\/uploads\/2025\/09\/4-768x244.png 768w, https:\/\/www.doskar4equi.at\/wp-content\/uploads\/2025\/09\/4-1536x489.png 1536w, https:\/\/www.doskar4equi.at\/wp-content\/uploads\/2025\/09\/4-2048x652.png 2048w, https:\/\/www.doskar4equi.at\/wp-content\/uploads\/2025\/09\/4-18x6.png 18w\" sizes=\"auto, (max-width: 150px) 100vw, 150px\" \/><\/p>\n<\/div>\n<div id=\"tab_anwendung\" class=\"panel entry-content\" role=\"tabpanel\" aria-labelledby=\"tab-anwendung\">\n<p><strong>Feeding recommendation:<\/strong><br \/>\n1 Kautablette t\u00e4glich verabreichen<br \/>\n(direkt verf\u00fcttern oder dem Futter beimengen)<\/p>\n<p><strong>Aufbewahrung:<\/strong><br \/>\nNach dem ersten \u00d6ffnen fest verschlossen und im Originalbeh\u00e4lter aufbewahren. An einem k\u00fchlen und trockenen Ort aufbewahren.<\/p>\n<\/div>\n<div id=\"tab_inhalt\" class=\"panel entry-content\" role=\"tabpanel\" aria-labelledby=\"tab-inhalt\">\n<p>Sulforaphan Smart aus nat\u00fcrlichem Brokkoli-Konzentrat, Spirulina, Mariendistel, nat\u00fcrliches Apfelaroma<\/p>\n<p>Zusammensetzung: Dicalciumphosphat, Sulforaphan Smart (modifizierte St\u00e4rke, nat\u00fcrliches Brokkolikonzentrat (Brassica olearacea car. Italica, St\u00e4ngel und Bl\u00fcten), nicht tierisches Chitosan, Stabilisator (E464), Enzyme (Beta-Glucanase, Xylanase, Cellulase und Hemicellulase), S\u00e4ure Zitrusfr\u00fcchte, Wasser), Distel- und Spirulina-Konzentrat, Magnesiumsalz der Stearins\u00e4ure. Zusatzstoffe: Mikrokristalline Cellulose, kolloidale Kiesels\u00e4ure, Apfelaroma.<\/p>\n<p>Inhalt: 90 Kautabletten mit Apfelgeschmack<\/p>\n<\/div><\/div><\/div>","protected":false},"excerpt":{"rendered":"<h3><span style=\"color: #a9657e;\"><strong><br \/>\nImmune booster with sulforaphane &amp; spirulina<\/strong><\/span><\/h3>\n<ul class=\"cst-bullet-points\">\n<li>to specifically support the body\u2019s natural immune function<\/li>\n<li>empfohlen bei Atemwegs- und Lungenbeschwerden<\/li>\n<li>einfache Darreichungsform &#8211; 1 Kautablette t\u00e4glich<\/li>\n<li>reicht f\u00fcr 90 Tage<\/li>\n<\/ul>\n<h4><strong>FEI Clean Sport: approved \/ ADMR: approved<\/strong><\/h4>\n<p><img loading=\"lazy\" decoding=\"async\" class=\"alignnone wp-image-4329\" src=\"https:\/\/www.doskar4equi.at\/wp-content\/uploads\/2024\/12\/2-300x300.png\" alt=\"\" width=\"120\" height=\"120\" srcset=\"https:\/\/www.doskar4equi.at\/wp-content\/uploads\/2024\/12\/2-300x300.png 300w, https:\/\/www.doskar4equi.at\/wp-content\/uploads\/2024\/12\/2-500x500.png 500w, https:\/\/www.doskar4equi.at\/wp-content\/uploads\/2024\/12\/2-100x100.png 100w, https:\/\/www.doskar4equi.at\/wp-content\/uploads\/2024\/12\/2-510x510.png 510w, https:\/\/www.doskar4equi.at\/wp-content\/uploads\/2024\/12\/2-150x150.png 150w, https:\/\/www.doskar4equi.at\/wp-content\/uploads\/2024\/12\/2-12x12.png 12w, https:\/\/www.doskar4equi.at\/wp-content\/uploads\/2024\/12\/2.png 700w\" sizes=\"auto, (max-width: 120px) 100vw, 120px\" \/> <img loading=\"lazy\" decoding=\"async\" class=\"alignnone wp-image-4328\" src=\"https:\/\/www.doskar4equi.at\/wp-content\/uploads\/2024\/12\/1-300x300.png\" alt=\"\" width=\"120\" height=\"120\" srcset=\"https:\/\/www.doskar4equi.at\/wp-content\/uploads\/2024\/12\/1-300x300.png 300w, https:\/\/www.doskar4equi.at\/wp-content\/uploads\/2024\/12\/1-500x500.png 500w, https:\/\/www.doskar4equi.at\/wp-content\/uploads\/2024\/12\/1-100x100.png 100w, https:\/\/www.doskar4equi.at\/wp-content\/uploads\/2024\/12\/1-510x510.png 510w, https:\/\/www.doskar4equi.at\/wp-content\/uploads\/2024\/12\/1-150x150.png 150w, https:\/\/www.doskar4equi.at\/wp-content\/uploads\/2024\/12\/1-12x12.png 12w, https:\/\/www.doskar4equi.at\/wp-content\/uploads\/2024\/12\/1.png 700w\" sizes=\"auto, (max-width: 120px) 100vw, 120px\" \/><\/p>","protected":false},"featured_media":4906,"comment_status":"open","ping_status":"closed","template":"","meta":[],"product_brand":[],"product_cat":[36,35],"product_tag":[],"class_list":{"0":"post-949","1":"product","2":"type-product","3":"status-publish","4":"has-post-thumbnail","6":"product_cat-immunsystem","7":"product_cat-atemwege","9":"first","10":"instock","11":"taxable","12":"shipping-taxable","13":"purchasable","14":"product-type-simple"},"yoast_head":"<!-- This site is optimized with the Yoast SEO plugin v27.4 - https:\/\/yoast.com\/product\/yoast-seo-wordpress\/ -->\n<title>Sulfo Immun Forte - 90 Kautabletten - Doskar 4 Equi<\/title>\n<meta name=\"description\" content=\"Zur Unterst\u00fctzung des Immunsystems deines Pferdes: eine Kautablette t\u00e4glich.\" \/>\n<meta name=\"robots\" content=\"index, follow, max-snippet:-1, max-image-preview:large, max-video-preview:-1\" \/>\n<link rel=\"canonical\" href=\"https:\/\/www.doskar4equi.at\/en\/product\/sulfo-immun-forte-90-stk\/\" \/>\n<meta property=\"og:locale\" content=\"en_GB\" \/>\n<meta property=\"og:type\" content=\"article\" \/>\n<meta property=\"og:title\" content=\"Sulfo Immun Forte - 90 Kautabletten - Doskar 4 Equi\" \/>\n<meta property=\"og:description\" content=\"Zur Unterst\u00fctzung des Immunsystems deines Pferdes: eine Kautablette t\u00e4glich.\" \/>\n<meta property=\"og:url\" content=\"https:\/\/www.doskar4equi.at\/en\/product\/sulfo-immun-forte-90-stk\/\" \/>\n<meta property=\"og:site_name\" content=\"Doskar 4 Equi\" \/>\n<meta property=\"article:modified_time\" content=\"2026-04-15T12:13:35+00:00\" \/>\n<meta property=\"og:image\" content=\"https:\/\/www.doskar4equi.at\/wp-content\/uploads\/2023\/10\/3.png\" \/>\n\t<meta property=\"og:image:width\" content=\"1000\" \/>\n\t<meta property=\"og:image:height\" content=\"1000\" \/>\n\t<meta property=\"og:image:type\" content=\"image\/png\" \/>\n<meta name=\"twitter:card\" content=\"summary_large_image\" \/>\n<meta name=\"twitter:label1\" content=\"Estimated reading time\" \/>\n\t<meta name=\"twitter:data1\" content=\"3 minutes\" \/>\n<script type=\"application\/ld+json\" class=\"yoast-schema-graph\">{\"@context\":\"https:\\\/\\\/schema.org\",\"@graph\":[{\"@type\":\"WebPage\",\"@id\":\"https:\\\/\\\/www.doskar4equi.at\\\/produkt\\\/sulfo-immun-forte-90-stk\\\/\",\"url\":\"https:\\\/\\\/www.doskar4equi.at\\\/produkt\\\/sulfo-immun-forte-90-stk\\\/\",\"name\":\"Sulfo Immun Forte - 90 Kautabletten - Doskar 4 Equi\",\"isPartOf\":{\"@id\":\"https:\\\/\\\/www.doskar4equi.at\\\/#website\"},\"primaryImageOfPage\":{\"@id\":\"https:\\\/\\\/www.doskar4equi.at\\\/produkt\\\/sulfo-immun-forte-90-stk\\\/#primaryimage\"},\"image\":{\"@id\":\"https:\\\/\\\/www.doskar4equi.at\\\/produkt\\\/sulfo-immun-forte-90-stk\\\/#primaryimage\"},\"thumbnailUrl\":\"https:\\\/\\\/www.doskar4equi.at\\\/wp-content\\\/uploads\\\/2023\\\/10\\\/3.png\",\"datePublished\":\"2023-12-14T23:21:15+00:00\",\"dateModified\":\"2026-04-15T12:13:35+00:00\",\"description\":\"Zur Unterst\u00fctzung des Immunsystems deines Pferdes: eine Kautablette t\u00e4glich.\",\"breadcrumb\":{\"@id\":\"https:\\\/\\\/www.doskar4equi.at\\\/produkt\\\/sulfo-immun-forte-90-stk\\\/#breadcrumb\"},\"inLanguage\":\"en-GB\",\"potentialAction\":[{\"@type\":\"ReadAction\",\"target\":[\"https:\\\/\\\/www.doskar4equi.at\\\/produkt\\\/sulfo-immun-forte-90-stk\\\/\"]}]},{\"@type\":\"ImageObject\",\"inLanguage\":\"en-GB\",\"@id\":\"https:\\\/\\\/www.doskar4equi.at\\\/produkt\\\/sulfo-immun-forte-90-stk\\\/#primaryimage\",\"url\":\"https:\\\/\\\/www.doskar4equi.at\\\/wp-content\\\/uploads\\\/2023\\\/10\\\/3.png\",\"contentUrl\":\"https:\\\/\\\/www.doskar4equi.at\\\/wp-content\\\/uploads\\\/2023\\\/10\\\/3.png\",\"width\":1000,\"height\":1000,\"caption\":\"Sulfo Immun\"},{\"@type\":\"BreadcrumbList\",\"@id\":\"https:\\\/\\\/www.doskar4equi.at\\\/produkt\\\/sulfo-immun-forte-90-stk\\\/#breadcrumb\",\"itemListElement\":[{\"@type\":\"ListItem\",\"position\":1,\"name\":\"Startseite\",\"item\":\"https:\\\/\\\/www.doskar4equi.at\\\/\"},{\"@type\":\"ListItem\",\"position\":2,\"name\":\"Shop\",\"item\":\"https:\\\/\\\/www.doskar4equi.at\\\/shop\\\/\"},{\"@type\":\"ListItem\",\"position\":3,\"name\":\"Sulfo Immun Forte &#8211; 90 Kautabletten\"}]},{\"@type\":\"WebSite\",\"@id\":\"https:\\\/\\\/www.doskar4equi.at\\\/#website\",\"url\":\"https:\\\/\\\/www.doskar4equi.at\\\/\",\"name\":\"Doskar 4 Equi\",\"description\":\"Pharmazeutisches Fachwissen\",\"potentialAction\":[{\"@type\":\"SearchAction\",\"target\":{\"@type\":\"EntryPoint\",\"urlTemplate\":\"https:\\\/\\\/www.doskar4equi.at\\\/?s={search_term_string}\"},\"query-input\":{\"@type\":\"PropertyValueSpecification\",\"valueRequired\":true,\"valueName\":\"search_term_string\"}}],\"inLanguage\":\"en-GB\"}]}<\/script>\n<!-- \/ Yoast SEO plugin. -->","yoast_head_json":{"title":"Sulfo Immun Forte - 90 Kautabletten - Doskar 4 Equi","description":"Zur Unterst\u00fctzung des Immunsystems deines Pferdes: eine Kautablette t\u00e4glich.","robots":{"index":"index","follow":"follow","max-snippet":"max-snippet:-1","max-image-preview":"max-image-preview:large","max-video-preview":"max-video-preview:-1"},"canonical":"https:\/\/www.doskar4equi.at\/en\/product\/sulfo-immun-forte-90-stk\/","og_locale":"en_GB","og_type":"article","og_title":"Sulfo Immun Forte - 90 Kautabletten - Doskar 4 Equi","og_description":"Zur Unterst\u00fctzung des Immunsystems deines Pferdes: eine Kautablette t\u00e4glich.","og_url":"https:\/\/www.doskar4equi.at\/en\/product\/sulfo-immun-forte-90-stk\/","og_site_name":"Doskar 4 Equi","article_modified_time":"2026-04-15T12:13:35+00:00","og_image":[{"width":1000,"height":1000,"url":"https:\/\/www.doskar4equi.at\/wp-content\/uploads\/2023\/10\/3.png","type":"image\/png"}],"twitter_card":"summary_large_image","twitter_misc":{"Estimated reading time":"3 minutes"},"schema":{"@context":"https:\/\/schema.org","@graph":[{"@type":"WebPage","@id":"https:\/\/www.doskar4equi.at\/produkt\/sulfo-immun-forte-90-stk\/","url":"https:\/\/www.doskar4equi.at\/produkt\/sulfo-immun-forte-90-stk\/","name":"Sulfo Immun Forte - 90 Kautabletten - Doskar 4 Equi","isPartOf":{"@id":"https:\/\/www.doskar4equi.at\/#website"},"primaryImageOfPage":{"@id":"https:\/\/www.doskar4equi.at\/produkt\/sulfo-immun-forte-90-stk\/#primaryimage"},"image":{"@id":"https:\/\/www.doskar4equi.at\/produkt\/sulfo-immun-forte-90-stk\/#primaryimage"},"thumbnailUrl":"https:\/\/www.doskar4equi.at\/wp-content\/uploads\/2023\/10\/3.png","datePublished":"2023-12-14T23:21:15+00:00","dateModified":"2026-04-15T12:13:35+00:00","description":"Zur Unterst\u00fctzung des Immunsystems deines Pferdes: eine Kautablette t\u00e4glich.","breadcrumb":{"@id":"https:\/\/www.doskar4equi.at\/produkt\/sulfo-immun-forte-90-stk\/#breadcrumb"},"inLanguage":"en-GB","potentialAction":[{"@type":"ReadAction","target":["https:\/\/www.doskar4equi.at\/produkt\/sulfo-immun-forte-90-stk\/"]}]},{"@type":"ImageObject","inLanguage":"en-GB","@id":"https:\/\/www.doskar4equi.at\/produkt\/sulfo-immun-forte-90-stk\/#primaryimage","url":"https:\/\/www.doskar4equi.at\/wp-content\/uploads\/2023\/10\/3.png","contentUrl":"https:\/\/www.doskar4equi.at\/wp-content\/uploads\/2023\/10\/3.png","width":1000,"height":1000,"caption":"Sulfo Immun"},{"@type":"BreadcrumbList","@id":"https:\/\/www.doskar4equi.at\/produkt\/sulfo-immun-forte-90-stk\/#breadcrumb","itemListElement":[{"@type":"ListItem","position":1,"name":"Startseite","item":"https:\/\/www.doskar4equi.at\/"},{"@type":"ListItem","position":2,"name":"Shop","item":"https:\/\/www.doskar4equi.at\/shop\/"},{"@type":"ListItem","position":3,"name":"Sulfo Immun Forte &#8211; 90 Kautabletten"}]},{"@type":"WebSite","@id":"https:\/\/www.doskar4equi.at\/#website","url":"https:\/\/www.doskar4equi.at\/","name":"Doskar 4 Equi","description":"Pharmazeutisches Fachwissen","potentialAction":[{"@type":"SearchAction","target":{"@type":"EntryPoint","urlTemplate":"https:\/\/www.doskar4equi.at\/?s={search_term_string}"},"query-input":{"@type":"PropertyValueSpecification","valueRequired":true,"valueName":"search_term_string"}}],"inLanguage":"en-GB"}]}},"_links":{"self":[{"href":"https:\/\/www.doskar4equi.at\/en\/wp-json\/wp\/v2\/product\/949","targetHints":{"allow":["GET"]}}],"collection":[{"href":"https:\/\/www.doskar4equi.at\/en\/wp-json\/wp\/v2\/product"}],"about":[{"href":"https:\/\/www.doskar4equi.at\/en\/wp-json\/wp\/v2\/types\/product"}],"replies":[{"embeddable":true,"href":"https:\/\/www.doskar4equi.at\/en\/wp-json\/wp\/v2\/comments?post=949"}],"wp:featuredmedia":[{"embeddable":true,"href":"https:\/\/www.doskar4equi.at\/en\/wp-json\/wp\/v2\/media\/4906"}],"wp:attachment":[{"href":"https:\/\/www.doskar4equi.at\/en\/wp-json\/wp\/v2\/media?parent=949"}],"wp:term":[{"taxonomy":"product_brand","embeddable":true,"href":"https:\/\/www.doskar4equi.at\/en\/wp-json\/wp\/v2\/product_brand?post=949"},{"taxonomy":"product_cat","embeddable":true,"href":"https:\/\/www.doskar4equi.at\/en\/wp-json\/wp\/v2\/product_cat?post=949"},{"taxonomy":"product_tag","embeddable":true,"href":"https:\/\/www.doskar4equi.at\/en\/wp-json\/wp\/v2\/product_tag?post=949"}],"curies":[{"name":"wp","href":"https:\/\/api.w.org\/{rel}","templated":true}]}}